{"id":4549,"date":"2025-10-22T13:32:48","date_gmt":"2025-10-22T16:32:48","guid":{"rendered":"https:\/\/portal.pi.gov.br\/adapi\/?page_id=4549"},"modified":"2025-11-26T08:46:15","modified_gmt":"2025-11-26T11:46:15","slug":"material-e-palestras-9","status":"publish","type":"page","link":"https:\/\/portal.pi.gov.br\/adapi\/material-e-palestras-9\/","title":{"rendered":"Material e Palestras"},"content":{"rendered":"<script type=\"text\/x-handlebars-template\"        id=\"wpfd-template-table-categories-485\">    <div class=\"wpfd-categories\">{{#if category}}{{#with category}}{{#if parent}}<a class=\"catlink backcategory\" href=\"#\" data-idcat=\"{{parent}}\">                        <i class=\"zmdi zmdi-chevron-left\"><\/i><span>Voltar<\/span><\/a>{{\/if}}{{\/with}}{{\/if}}<\/div><\/script><script type=\"text\/x-handlebars-template\" id=\"wpfd-template-table-485\">    {{#if files}}    {{#each files}}    <tr class=\"file\" data-id=\"{{ID}}\" data-catid=\"{{catid}}\">    <td class=\"file_title\"><a class=\"wpfd_downloadlink\" href=\"{{linkdownload}}\" title=\"{{post_title}}\"><span class=\"extcol\">{{#if file_custom_icon}}<span class=\"icon-custom\"><img src=\"{{file_custom_icon}}\"><\/span>{{else}}<span class=\"ext ext-{{ext}}\"><\/span>{{\/if}}<\/span>{{{crop_title}}}<\/a><\/td><td class=\"file_size\">{{bytesToSize size}}<\/td><td class=\"file_created\">{{created}}<\/td>                    <td class=\"col-download\">                <a class=\"downloadlink wpfd_downloadlink\"  href=\"{{linkdownload}}\" style=\"background-color:#033b85;color:#ffffff;\">Baixar<i class=\"zmdi zmdi-cloud-download wpfd-download\"><\/i><\/a>{{#if openpdflink}}<a class=\"openlink wpfdlightbox wpfd_previewlink\" href=\"{{openpdflink}}\" target=\"\">Visualizar                            <i class=\"zmdi zmdi-filter-center-focus wpfd-preview\"><\/i>                        <\/a>{{else}}{{#if viewerlink}}<a                            href=\"{{viewerlink}}\"                            class=\"openlink wpfdlightbox wpfd_previewlink\"                            target=\"\"                            data-id=\"{{ID}}\"                            data-catid=\"{{catid}}\"                            data-file-type=\"{{ext}}\">Visualizar<i class=\"zmdi zmdi-filter-center-focus wpfd-preview\"><\/i>                        <\/a>{{\/if}}{{\/if}}            <\/td>            <\/tr>    {{\/each}}    {{\/if}}<\/script><div class=\"wpfd-content wpfd-content-table wpfd-content-multi colstyle\" data-category=\"485\"><input type=\"hidden\" id=\"current_category_485\" value=\"485\" \/>                    <input type=\"hidden\" id=\"current_category_slug_485\" value=\"suideos-material-e-palestras\" \/>                    <input type=\"hidden\" id=\"current_ordering_485\" value=\"title\" \/>                    <input type=\"hidden\" id=\"current_ordering_direction_485\" value=\"desc\" \/><div class=\"wpfd-container\">        <div class=\"wpfd-open-tree\"><\/div>    <div class=\"wpfd-container-table \">        <div class=\"wpfd-categories\"><\/div>        <table class=\"wpfd-table wpfd-table-bordered wpfd-table-striped mediaTable\">            <thead>            <tr>                <th class=\"essential persist file_title\">T\u00edtulo<\/th><th class=\"optional file_size\">Tamanho<\/th><th class=\"optional file_created\">Data de Publica\u00e7\u00e3o<\/th><th class=\"essential file_download\">Baixar<\/th>            <\/tr>            <\/thead>            <tbody>                            <tr class=\"file\" data-id=\"5086\"                    data-catid=\"485\">                    <td class=\"file_title\"><a class=\"wpfd_downloadlink\" href=\"https:\/\/portal.pi.gov.br\/adapi\/download\/485\/suideos-material-e-palestras\/5086\/suideos___manual_de_gta.pdf\" title=\"Suideos___Manual_de_GTA\"><span class=\"extcol\">                                <span class=\"ext ext-pdf\"><\/span>                                Suideos___Manual_de_GTA                            <\/span><\/a><\/td><td class=\"file_size\">301.71 KB<\/td><td class=\"file_created\">13-02-2026<\/td>                                            <td class=\"col-download\">                            <a class=\"downloadlink wpfd_downloadlink\"  href=\"https:\/\/portal.pi.gov.br\/adapi\/download\/485\/suideos-material-e-palestras\/5086\/suideos___manual_de_gta.pdf\" style=\"background-color:#033b85;color:#ffffff;\">Baixar<i class=\"zmdi zmdi-cloud-download wpfd-download\"><\/i><\/a><a                            href=\"https:\/\/docs.google.com\/viewer?url=https%3A%2F%2Fportal.pi.gov.br%2Fadapi%2Fwp-admin%2Fadmin-ajax.php%3Fjuwpfisadmin%3Dfalse%26action%3Dwpfd%26task%3Dfile.download%26wpfd_category_id%3D485%26wpfd_file_id%3D5086%26token%3D%26preview%3D1&#038;embedded=true\"                            class=\"openlink wpfdlightbox wpfd_previewlink\"                            target=\"\"                            data-id=\"5086\"                            data-catid=\"485\"                            data-file-type=\"pdf\">Visualizar<i class=\"zmdi zmdi-filter-center-focus wpfd-preview\"><\/i>                        <\/a>                        <\/td>                                    <\/tr>                            <tr class=\"file\" data-id=\"5084\"                    data-catid=\"485\">                    <td class=\"file_title\"><a class=\"wpfd_downloadlink\" href=\"https:\/\/portal.pi.gov.br\/adapi\/download\/485\/suideos-material-e-palestras\/5084\/plano_de_contingencia_para_peste_suina_africana.pdf\" title=\"Plano_de_contingencia_para_Peste_Suina_Africana\"><span class=\"extcol\">                                <span class=\"ext ext-pdf\"><\/span>                                Plano_de_contingencia_para_Peste_Suina_Africana                            <\/span><\/a><\/td><td class=\"file_size\">2.78 MB<\/td><td class=\"file_created\">13-02-2026<\/td>                                            <td class=\"col-download\">                            <a class=\"downloadlink wpfd_downloadlink\"  href=\"https:\/\/portal.pi.gov.br\/adapi\/download\/485\/suideos-material-e-palestras\/5084\/plano_de_contingencia_para_peste_suina_africana.pdf\" style=\"background-color:#033b85;color:#ffffff;\">Baixar<i class=\"zmdi zmdi-cloud-download wpfd-download\"><\/i><\/a><a                            href=\"https:\/\/docs.google.com\/viewer?url=https%3A%2F%2Fportal.pi.gov.br%2Fadapi%2Fwp-admin%2Fadmin-ajax.php%3Fjuwpfisadmin%3Dfalse%26action%3Dwpfd%26task%3Dfile.download%26wpfd_category_id%3D485%26wpfd_file_id%3D5084%26token%3D%26preview%3D1&#038;embedded=true\"                            class=\"openlink wpfdlightbox wpfd_previewlink\"                            target=\"\"                            data-id=\"5084\"                            data-catid=\"485\"                            data-file-type=\"pdf\">Visualizar<i class=\"zmdi zmdi-filter-center-focus wpfd-preview\"><\/i>                        <\/a>                        <\/td>                                    <\/tr>                            <tr class=\"file\" data-id=\"5085\"                    data-catid=\"485\">                    <td class=\"file_title\"><a class=\"wpfd_downloadlink\" href=\"https:\/\/portal.pi.gov.br\/adapi\/download\/485\/suideos-material-e-palestras\/5085\/plano_integrado_de_vigilancia_de_doencas_dos_suinos.pdf\" title=\"Plano_Integrado_de_Vigilancia_de_Doencas_dos_Suinos\"><span class=\"extcol\">                                <span class=\"ext ext-pdf\"><\/span>                                Plano_Integrado_de_Vigilancia_de_Doencas_dos_Suinos                            <\/span><\/a><\/td><td class=\"file_size\">2.58 MB<\/td><td class=\"file_created\">13-02-2026<\/td>                                            <td class=\"col-download\">                            <a class=\"downloadlink wpfd_downloadlink\"  href=\"https:\/\/portal.pi.gov.br\/adapi\/download\/485\/suideos-material-e-palestras\/5085\/plano_integrado_de_vigilancia_de_doencas_dos_suinos.pdf\" style=\"background-color:#033b85;color:#ffffff;\">Baixar<i class=\"zmdi zmdi-cloud-download wpfd-download\"><\/i><\/a><a                            href=\"https:\/\/docs.google.com\/viewer?url=https%3A%2F%2Fportal.pi.gov.br%2Fadapi%2Fwp-admin%2Fadmin-ajax.php%3Fjuwpfisadmin%3Dfalse%26action%3Dwpfd%26task%3Dfile.download%26wpfd_category_id%3D485%26wpfd_file_id%3D5085%26token%3D%26preview%3D1&#038;embedded=true\"                            class=\"openlink wpfdlightbox wpfd_previewlink\"                            target=\"\"                            data-id=\"5085\"                            data-catid=\"485\"                            data-file-type=\"pdf\">Visualizar<i class=\"zmdi zmdi-filter-center-focus wpfd-preview\"><\/i>                        <\/a>                        <\/td>                                    <\/tr>                            <tr class=\"file\" data-id=\"5083\"                    data-catid=\"485\">                    <td class=\"file_title\"><a class=\"wpfd_downloadlink\" href=\"https:\/\/portal.pi.gov.br\/adapi\/download\/485\/suideos-material-e-palestras\/5083\/manual_de_uso_controle_de_javalis.pdf\" title=\"MANUAL_DE_USO_CONTROLE_DE_JAVALIS\"><span class=\"extcol\">                                <span class=\"ext ext-pdf\"><\/span>                                MANUAL_DE_USO_CONTROLE_DE_JAVALIS                            <\/span><\/a><\/td><td class=\"file_size\">1.11 MB<\/td><td class=\"file_created\">13-02-2026<\/td>                                            <td class=\"col-download\">                            <a class=\"downloadlink wpfd_downloadlink\"  href=\"https:\/\/portal.pi.gov.br\/adapi\/download\/485\/suideos-material-e-palestras\/5083\/manual_de_uso_controle_de_javalis.pdf\" style=\"background-color:#033b85;color:#ffffff;\">Baixar<i class=\"zmdi zmdi-cloud-download wpfd-download\"><\/i><\/a><a                            href=\"https:\/\/docs.google.com\/viewer?url=https%3A%2F%2Fportal.pi.gov.br%2Fadapi%2Fwp-admin%2Fadmin-ajax.php%3Fjuwpfisadmin%3Dfalse%26action%3Dwpfd%26task%3Dfile.download%26wpfd_category_id%3D485%26wpfd_file_id%3D5083%26token%3D%26preview%3D1&#038;embedded=true\"                            class=\"openlink wpfdlightbox wpfd_previewlink\"                            target=\"\"                            data-id=\"5083\"                            data-catid=\"485\"                            data-file-type=\"pdf\">Visualizar<i class=\"zmdi zmdi-filter-center-focus wpfd-preview\"><\/i>                        <\/a>                        <\/td>                                    <\/tr>                            <tr class=\"file\" data-id=\"5081\"                    data-catid=\"485\">                    <td class=\"file_title\"><a class=\"wpfd_downloadlink\" href=\"https:\/\/portal.pi.gov.br\/adapi\/download\/485\/suideos-material-e-palestras\/5081\/ficha_tecnica_sindrome_reprodutiva_e_respiratoria_dos_suinos__prrs_.pdf\" title=\"FICHA_TECNICA_SINDROME_REPRODUTIVA_E_RESPIRATORIA_DOS_SUINOS__PRRS_\"><span class=\"extcol\">                                <span class=\"ext ext-pdf\"><\/span>                                FICHA_TECNICA_SINDROME_REPRODUTIVA_E_RESPIRATORIA_DOS_SUINOS__PRRS_                            <\/span><\/a><\/td><td class=\"file_size\">784.29 KB<\/td><td class=\"file_created\">13-02-2026<\/td>                                            <td class=\"col-download\">                            <a class=\"downloadlink wpfd_downloadlink\"  href=\"https:\/\/portal.pi.gov.br\/adapi\/download\/485\/suideos-material-e-palestras\/5081\/ficha_tecnica_sindrome_reprodutiva_e_respiratoria_dos_suinos__prrs_.pdf\" style=\"background-color:#033b85;color:#ffffff;\">Baixar<i class=\"zmdi zmdi-cloud-download wpfd-download\"><\/i><\/a><a                            href=\"https:\/\/docs.google.com\/viewer?url=https%3A%2F%2Fportal.pi.gov.br%2Fadapi%2Fwp-admin%2Fadmin-ajax.php%3Fjuwpfisadmin%3Dfalse%26action%3Dwpfd%26task%3Dfile.download%26wpfd_category_id%3D485%26wpfd_file_id%3D5081%26token%3D%26preview%3D1&#038;embedded=true\"                            class=\"openlink wpfdlightbox wpfd_previewlink\"                            target=\"\"                            data-id=\"5081\"                            data-catid=\"485\"                            data-file-type=\"pdf\">Visualizar<i class=\"zmdi zmdi-filter-center-focus wpfd-preview\"><\/i>                        <\/a>                        <\/td>                                    <\/tr>                            <tr class=\"file\" data-id=\"5082\"                    data-catid=\"485\">                    <td class=\"file_title\"><a class=\"wpfd_downloadlink\" href=\"https:\/\/portal.pi.gov.br\/adapi\/download\/485\/suideos-material-e-palestras\/5082\/ficha_tecnica_psc.pdf\" title=\"FICHA_TECNICA_PSC\"><span class=\"extcol\">                                <span class=\"ext ext-pdf\"><\/span>                                FICHA_TECNICA_PSC                            <\/span><\/a><\/td><td class=\"file_size\">810.29 KB<\/td><td class=\"file_created\">13-02-2026<\/td>                                            <td class=\"col-download\">                            <a class=\"downloadlink wpfd_downloadlink\"  href=\"https:\/\/portal.pi.gov.br\/adapi\/download\/485\/suideos-material-e-palestras\/5082\/ficha_tecnica_psc.pdf\" style=\"background-color:#033b85;color:#ffffff;\">Baixar<i class=\"zmdi zmdi-cloud-download wpfd-download\"><\/i><\/a><a                            href=\"https:\/\/docs.google.com\/viewer?url=https%3A%2F%2Fportal.pi.gov.br%2Fadapi%2Fwp-admin%2Fadmin-ajax.php%3Fjuwpfisadmin%3Dfalse%26action%3Dwpfd%26task%3Dfile.download%26wpfd_category_id%3D485%26wpfd_file_id%3D5082%26token%3D%26preview%3D1&#038;embedded=true\"                            class=\"openlink wpfdlightbox wpfd_previewlink\"                            target=\"\"                            data-id=\"5082\"                            data-catid=\"485\"                            data-file-type=\"pdf\">Visualizar<i class=\"zmdi zmdi-filter-center-focus wpfd-preview\"><\/i>                        <\/a>                        <\/td>                                    <\/tr>                            <tr class=\"file\" data-id=\"5080\"                    data-catid=\"485\">                    <td class=\"file_title\"><a class=\"wpfd_downloadlink\" href=\"https:\/\/portal.pi.gov.br\/adapi\/download\/485\/suideos-material-e-palestras\/5080\/ficha_tecnica_psa.pdf\" title=\"FICHA_TECNICA_PSA\"><span class=\"extcol\">                                <span class=\"ext ext-pdf\"><\/span>                                FICHA_TECNICA_PSA                            <\/span><\/a><\/td><td class=\"file_size\">794.25 KB<\/td><td class=\"file_created\">13-02-2026<\/td>                                            <td class=\"col-download\">                            <a class=\"downloadlink wpfd_downloadlink\"  href=\"https:\/\/portal.pi.gov.br\/adapi\/download\/485\/suideos-material-e-palestras\/5080\/ficha_tecnica_psa.pdf\" style=\"background-color:#033b85;color:#ffffff;\">Baixar<i class=\"zmdi zmdi-cloud-download wpfd-download\"><\/i><\/a><a                            href=\"https:\/\/docs.google.com\/viewer?url=https%3A%2F%2Fportal.pi.gov.br%2Fadapi%2Fwp-admin%2Fadmin-ajax.php%3Fjuwpfisadmin%3Dfalse%26action%3Dwpfd%26task%3Dfile.download%26wpfd_category_id%3D485%26wpfd_file_id%3D5080%26token%3D%26preview%3D1&#038;embedded=true\"                            class=\"openlink wpfdlightbox wpfd_previewlink\"                            target=\"\"                            data-id=\"5080\"                            data-catid=\"485\"                            data-file-type=\"pdf\">Visualizar<i class=\"zmdi zmdi-filter-center-focus wpfd-preview\"><\/i>                        <\/a>                        <\/td>                                    <\/tr>                            <tr class=\"file\" data-id=\"5079\"                    data-catid=\"485\">                    <td class=\"file_title\"><a class=\"wpfd_downloadlink\" href=\"https:\/\/portal.pi.gov.br\/adapi\/download\/485\/suideos-material-e-palestras\/5079\/ficha_tecnica_da.pdf\" title=\"FICHA_TECNICA_DA\"><span class=\"extcol\">                                <span class=\"ext ext-pdf\"><\/span>                                FICHA_TECNICA_DA                            <\/span><\/a><\/td><td class=\"file_size\">89.19 KB<\/td><td class=\"file_created\">13-02-2026<\/td>                                            <td class=\"col-download\">                            <a class=\"downloadlink wpfd_downloadlink\"  href=\"https:\/\/portal.pi.gov.br\/adapi\/download\/485\/suideos-material-e-palestras\/5079\/ficha_tecnica_da.pdf\" style=\"background-color:#033b85;color:#ffffff;\">Baixar<i class=\"zmdi zmdi-cloud-download wpfd-download\"><\/i><\/a><a                            href=\"https:\/\/docs.google.com\/viewer?url=https%3A%2F%2Fportal.pi.gov.br%2Fadapi%2Fwp-admin%2Fadmin-ajax.php%3Fjuwpfisadmin%3Dfalse%26action%3Dwpfd%26task%3Dfile.download%26wpfd_category_id%3D485%26wpfd_file_id%3D5079%26token%3D%26preview%3D1&#038;embedded=true\"                            class=\"openlink wpfdlightbox wpfd_previewlink\"                            target=\"\"                            data-id=\"5079\"                            data-catid=\"485\"                            data-file-type=\"pdf\">Visualizar<i class=\"zmdi zmdi-filter-center-focus wpfd-preview\"><\/i>                        <\/a>                        <\/td>                                    <\/tr>                        <\/tbody>        <\/table>            <\/div><\/div><\/div>\n","protected":false},"excerpt":{"rendered":"","protected":false},"author":1832,"featured_media":0,"parent":0,"menu_order":0,"comment_status":"closed","ping_status":"closed","template":"template-fullwidth.php","meta":[],"featured_image_urls":{"full":"","thumbnail":"","medium":"","medium_large":"","large":"","sgg-420":"","sgg-540":"","sgg-780":"","1536x1536":"","2048x2048":"","homepage-slider":"","homepage-slider-small":"","page-top":"","page-small":"","loop-main":"","thumb-gallery-widget":""},"post_excerpt_stackable":"<p>T\u00edtuloTamanhoData de Publica\u00e7\u00e3oBaixar Suideos___Manual_de_GTA 301.71 KB13-02-2026 BaixarVisualizar Plano_de_contingencia_para_Peste_Suina_Africana 2.78 MB13-02-2026 BaixarVisualizar Plano_Integrado_de_Vigilancia_de_Doencas_dos_Suinos 2.58 MB13-02-2026 BaixarVisualizar MANUAL_DE_USO_CONTROLE_DE_JAVALIS 1.11 MB13-02-2026 BaixarVisualizar FICHA_TECNICA_SINDROME_REPRODUTIVA_E_RESPIRATORIA_DOS_SUINOS__PRRS_ 784.29 KB13-02-2026 BaixarVisualizar FICHA_TECNICA_PSC 810.29 KB13-02-2026 BaixarVisualizar FICHA_TECNICA_PSA 794.25 KB13-02-2026 BaixarVisualizar FICHA_TECNICA_DA 89.19 KB13-02-2026 BaixarVisualizar<\/p>\n","category_list":"","author_info":{"name":"ETIPI","url":"https:\/\/portal.pi.gov.br\/adapi\/author\/pallomagualter\/"},"comments_num":"0 coment\u00e1rio","featured_image_urls_v2":{"full":"","thumbnail":"","medium":"","medium_large":"","large":"","sgg-420":"","sgg-540":"","sgg-780":"","1536x1536":"","2048x2048":"","homepage-slider":"","homepage-slider-small":"","page-top":"","page-small":"","loop-main":"","thumb-gallery-widget":""},"post_excerpt_stackable_v2":"<p>T\u00edtuloTamanhoData de Publica\u00e7\u00e3oBaixar Suideos___Manual_de_GTA 301.71 KB13-02-2026 BaixarVisualizar Plano_de_contingencia_para_Peste_Suina_Africana 2.78 MB13-02-2026 BaixarVisualizar Plano_Integrado_de_Vigilancia_de_Doencas_dos_Suinos 2.58 MB13-02-2026 BaixarVisualizar MANUAL_DE_USO_CONTROLE_DE_JAVALIS 1.11 MB13-02-2026 BaixarVisualizar FICHA_TECNICA_SINDROME_REPRODUTIVA_E_RESPIRATORIA_DOS_SUINOS__PRRS_ 784.29 KB13-02-2026 BaixarVisualizar FICHA_TECNICA_PSC 810.29 KB13-02-2026 BaixarVisualizar FICHA_TECNICA_PSA 794.25 KB13-02-2026 BaixarVisualizar FICHA_TECNICA_DA 89.19 KB13-02-2026 BaixarVisualizar<\/p>\n","category_list_v2":"","author_info_v2":{"name":"ETIPI","url":"https:\/\/portal.pi.gov.br\/adapi\/author\/pallomagualter\/"},"comments_num_v2":"0 coment\u00e1rio","_links":{"self":[{"href":"https:\/\/portal.pi.gov.br\/adapi\/wp-json\/wp\/v2\/pages\/4549"}],"collection":[{"href":"https:\/\/portal.pi.gov.br\/adapi\/wp-json\/wp\/v2\/pages"}],"about":[{"href":"https:\/\/portal.pi.gov.br\/adapi\/wp-json\/wp\/v2\/types\/page"}],"author":[{"embeddable":true,"href":"https:\/\/portal.pi.gov.br\/adapi\/wp-json\/wp\/v2\/users\/1832"}],"replies":[{"embeddable":true,"href":"https:\/\/portal.pi.gov.br\/adapi\/wp-json\/wp\/v2\/comments?post=4549"}],"version-history":[{"count":2,"href":"https:\/\/portal.pi.gov.br\/adapi\/wp-json\/wp\/v2\/pages\/4549\/revisions"}],"predecessor-version":[{"id":4831,"href":"https:\/\/portal.pi.gov.br\/adapi\/wp-json\/wp\/v2\/pages\/4549\/revisions\/4831"}],"wp:attachment":[{"href":"https:\/\/portal.pi.gov.br\/adapi\/wp-json\/wp\/v2\/media?parent=4549"}],"curies":[{"name":"wp","href":"https:\/\/api.w.org\/{rel}","templated":true}]}}