{"id":5171,"date":"2026-02-27T13:13:31","date_gmt":"2026-02-27T16:13:31","guid":{"rendered":"https:\/\/portal.pi.gov.br\/adapi\/?page_id=5171"},"modified":"2026-03-02T19:50:25","modified_gmt":"2026-03-02T22:50:25","slug":"coordenadores-de-programas","status":"publish","type":"page","link":"https:\/\/portal.pi.gov.br\/adapi\/coordenadores-de-programas\/","title":{"rendered":"Coordenadores de Programas"},"content":{"rendered":"\n<p><br><strong>Defesa Animal<br><\/strong><br>Simone Pereira Barbosa Lima<br>Coordenadora do PEEFA (Programa Estadual de Erradica\u00e7\u00e3o da Febre Aftosa)<br>E-mail: peefa@adapi.pi.gov.br<br><br>Janilson de Sousa Lima<br>Coordenador do PECEBT (Programa Estadual de Controle e Erradica\u00e7\u00e3o da brucelose e Tuberculose)<br>E-mail: pecebt@adapi.pi.gov.br<br><br>Karoliny Mendon\u00e7a Cunha Nunes<br>Coordendora do PESS (Programa Estadual de Sanidade Su\u00eddea)<br>E-mail: pess@adapi.pi.gov.br<br><br>Elyne Cristhine de Oliveira Dantas<br>Coordenadora de Educa\u00e7\u00e3o Sanit\u00e1ria PEES (Programa Estadual de Educa\u00e7\u00e3o Sanit\u00e1ria)<br>E-mail: educacaosanitaria@adapi.pi.gov.br<br><br>Cl\u00e9ber Braga de Neiva<br>Coordenador do PESE (Programa Estadual de Sanidade dos Equ\u00eddeos)<br>E-mail: pese@adapi.pi.gov.br<br><br>Cec\u00edlia Melo Mac\u00eado Guimar\u00e3es<br>Coordenadora do PEVE (Programa Estadual de Vigil\u00e2ncia Epidemiol\u00f3gica)<br>E-mail: epidemiologia@adapi.pi.gov.br<br><br>F\u00e1bia Rocha de Meneses<br>Coordenadora do PESA (Programa Estadual de Sanidade Av\u00edcola)<br>E-mail: pesa@adapi.pi.gov.br<br><br>Jos\u00e9 Assen\u00e7\u00e3o das Neves Sobrinho<br>Coordenador do PESCO (Programa Estadual de Sanidade dos Caprinos e Ovinos)<br>E-mail: pesco@adapi.pi.gov.br<br><br>D\u00e1rio Magalh\u00e3es Batista Filho<br>Coordenador do PECRH (Programa Estadual de Controle da Raiva dos Herb\u00edvoros)<br>E-mail: pecrh@adapi.pi.gov.br<br><br>Ludmila de Mores Moura<br>Coordenadora do PEEET (Programa Estadual de Encefalopatias Espongiformes Transmiss\u00edveis)<br>E-mail: geda@adapi.pi.gov.br<br><br>Janilson de Sousa Lima<br>Coordenador do PESAAq (Programa Estadual de Sanidade dos Animais Aqu\u00e1ticos)<br>E-mail: pesaac.adapi@gmail.com<br><br>Cl\u00e9ber Braga de Neiva<br>Coordenador do PESAp (Programa Estadual de Sanidade Ap\u00edcola)<br>E-mail: pesap@adapi.pi.gov.br<br><br><br><strong>Inspe\u00e7\u00e3o animal<\/strong><br><br>Melania Meneses Lima<br>Coordenadora do CIPOA (Inspe\u00e7\u00e3o de Produtos de Origem Animal)<br>E-mail: gesie@adapi.pi.gov.br<br><br>Gerlan Vieira de Sousa<br>Gerente do Servico de Inspe\u00e7\u00e3o Estadual de POA e Coordenador do CFPC (Fiscaliza\u00e7\u00e3o de Produtos Clandestinos)<br>E-mail: gesie@adapi.pi.gov.br<br><br>Siluana Benvindo Ferreira<br>Coordenadora do CICD (Inspe\u00e7\u00e3o de Carne e Derivados)<br>E-mail: gesie.carne@adapi.pi.gov.br<br><br>Marinalva Alencar Duarte Franco<br>Coordenadora do CILD (Inspe\u00e7\u00e3o de Leite e Derivados)<br>E-mail: gesie.leite@adapi.pi.gov.br<br><br>Raimunda Ananinas de Concei\u00e7\u00e3o de Ara\u00fajo<br>Coordenadora do CIOD (Inspe\u00e7\u00e3o de Ovos e Derivados)<br>E-mail: gesie.ovos@adapi.pi.gov.br<br><br>Melania Meneses Lima<br>Coordenadora do CIPD (Inspe\u00e7\u00e3o de Pescado e Derivados)<br>E-mail: gesie.pescado@adapi.pi.gov.br<br><br>Isabel Jandira Gomes de Sales<br>Coordenadora do CIMD( Inspe\u00e7\u00e3o de mel e produtos de abelhas)<br>E-mail: gesie.mel@adapi.pi.gov.br<br><br>Siluana Benvindo Ferreira<br>Coordenadora SISBI-POA (Sistema Brasileiro de Inspe\u00e7\u00e3o de Produtos de Origem Animal)<br>E-mail: gesie@adapi.pi.gov.br<br><br><br><strong>Inspe\u00e7\u00e3o e Classifica\u00e7\u00e3o Vegetal<\/strong><br><br>Joabe Neves Cavalcante<br>Coordenador do CCQSM (Programa de Controle da Qualidade de Sementes e Mudas)<br>E-mail: geclav@adapi.pi.gov.br<br><br>Isa\u00edas Claudius do Nascimento Marques<br>Coordenador de Inspe\u00e7\u00e3o Vegetal<br>E-mail: geclav@adapi.pi.gov.br<br><br>Olivon Mendes Leal<br>Coordenador do Programa de Classifica\u00e7\u00e3o Vegetal<br>E-mail: geclav@adapi.pi.gov.br<br><br>Alvanise Braz da Silva<br>Coordenadora de Produtos de Origem Vegetal Artesanais<br>E-mail: geclav@adapi.pi.gov.br<br><br><br><strong>Defesa Vegetal<\/strong><br><br>Ruy Alves de Lob\u00e3o Veras J\u00fanior<br>Coordenador do PCF (Programa de Certifica\u00e7\u00e3o Fitossanit\u00e1ria)<br>E-mail: gdv@adapi.pi.gov.br<br><br>Jabes da Costa Silva<br>Coordenador do PMPQ (Programa de Monitoramento de Pragas Quarenten\u00e1rias)<br>E-mail: gdv@adapi.pi.gov.br<br><br>Luciene de Oliveira Lopes Monteiro<br>Coordenadora de Preven\u00e7\u00e3o, Vigil\u00e2ncia e Controle de Pragas<br>E-mail: gdv@adapi.pi.gov.br<br><br>Demerval Martins dos Santos<br>Coordneaodr do PCR (Programa de Cadastros e Registros)<br>E-mail: gdv@adapi.pi.gov.br<br><br>Karlyson Sousa Carvalho<br>Coordenador do PFAA (Programa de Fiscaliza\u00e7\u00e3o de Agrot\u00f3xicos e Afins)<br>E-mail: gdv@adapi.pi.gov.br<br><br>Wilson Macedo de Ara\u00fajo<br>Coordenador do PCRA (Programa de Controle do Receitu\u00e1rio Agron\u00f4mico)<br>E-mail: gdv@adapi.pi.gov.br<\/p>\n","protected":false},"excerpt":{"rendered":"<p>Defesa AnimalSimone Pereira Barbosa LimaCoordenadora do PEEFA (Programa Estadual de Erradica\u00e7\u00e3o da Febre Aftosa)E-mail: peefa@adapi.pi.gov.br Janilson de Sousa LimaCoordenador do PECEBT (Programa Estadual de Controle e Erradica\u00e7\u00e3o da brucelose e [&hellip;]<\/p>\n","protected":false},"author":1832,"featured_media":0,"parent":0,"menu_order":0,"comment_status":"closed","ping_status":"closed","template":"template-fullwidth.php","meta":[],"featured_image_urls":{"full":"","thumbnail":"","medium":"","medium_large":"","large":"","sgg-420":"","sgg-540":"","sgg-780":"","1536x1536":"","2048x2048":"","homepage-slider":"","homepage-slider-small":"","page-top":"","page-small":"","loop-main":"","thumb-gallery-widget":""},"post_excerpt_stackable":"<p>Defesa AnimalSimone Pereira Barbosa LimaCoordenadora do PEEFA (Programa Estadual de Erradica\u00e7\u00e3o da Febre Aftosa)E-mail: peefa@adapi.pi.gov.brJanilson de Sousa LimaCoordenador do PECEBT (Programa Estadual de Controle e Erradica\u00e7\u00e3o da brucelose e Tuberculose)E-mail: pecebt@adapi.pi.gov.brKaroliny Mendon\u00e7a Cunha NunesCoordendora do PESS (Programa Estadual de Sanidade Su\u00eddea)E-mail: pess@adapi.pi.gov.brElyne Cristhine de Oliveira DantasCoordenadora de Educa\u00e7\u00e3o Sanit\u00e1ria PEES (Programa Estadual de Educa\u00e7\u00e3o Sanit\u00e1ria)E-mail: educacaosanitaria@adapi.pi.gov.brCl\u00e9ber Braga de NeivaCoordenador do PESE (Programa Estadual de Sanidade dos Equ\u00eddeos)E-mail: pese@adapi.pi.gov.brCec\u00edlia Melo Mac\u00eado Guimar\u00e3esCoordenadora do PEVE (Programa Estadual de Vigil\u00e2ncia Epidemiol\u00f3gica)E-mail: epidemiologia@adapi.pi.gov.brF\u00e1bia Rocha de MenesesCoordenadora do PESA (Programa Estadual de Sanidade Av\u00edcola)E-mail: pesa@adapi.pi.gov.brJos\u00e9 Assen\u00e7\u00e3o das Neves SobrinhoCoordenador do PESCO (Programa Estadual de Sanidade&hellip;<\/p>\n","category_list":"","author_info":{"name":"ETIPI","url":"https:\/\/portal.pi.gov.br\/adapi\/author\/pallomagualter\/"},"comments_num":"0 coment\u00e1rio","featured_image_urls_v2":{"full":"","thumbnail":"","medium":"","medium_large":"","large":"","sgg-420":"","sgg-540":"","sgg-780":"","1536x1536":"","2048x2048":"","homepage-slider":"","homepage-slider-small":"","page-top":"","page-small":"","loop-main":"","thumb-gallery-widget":""},"post_excerpt_stackable_v2":"<p>Defesa AnimalSimone Pereira Barbosa LimaCoordenadora do PEEFA (Programa Estadual de Erradica\u00e7\u00e3o da Febre Aftosa)E-mail: peefa@adapi.pi.gov.brJanilson de Sousa LimaCoordenador do PECEBT (Programa Estadual de Controle e Erradica\u00e7\u00e3o da brucelose e Tuberculose)E-mail: pecebt@adapi.pi.gov.brKaroliny Mendon\u00e7a Cunha NunesCoordendora do PESS (Programa Estadual de Sanidade Su\u00eddea)E-mail: pess@adapi.pi.gov.brElyne Cristhine de Oliveira DantasCoordenadora de Educa\u00e7\u00e3o Sanit\u00e1ria PEES (Programa Estadual de Educa\u00e7\u00e3o Sanit\u00e1ria)E-mail: educacaosanitaria@adapi.pi.gov.brCl\u00e9ber Braga de NeivaCoordenador do PESE (Programa Estadual de Sanidade dos Equ\u00eddeos)E-mail: pese@adapi.pi.gov.brCec\u00edlia Melo Mac\u00eado Guimar\u00e3esCoordenadora do PEVE (Programa Estadual de Vigil\u00e2ncia Epidemiol\u00f3gica)E-mail: epidemiologia@adapi.pi.gov.brF\u00e1bia Rocha de MenesesCoordenadora do PESA (Programa Estadual de Sanidade Av\u00edcola)E-mail: pesa@adapi.pi.gov.brJos\u00e9 Assen\u00e7\u00e3o das Neves SobrinhoCoordenador do PESCO (Programa Estadual de Sanidade&hellip;<\/p>\n","category_list_v2":"","author_info_v2":{"name":"ETIPI","url":"https:\/\/portal.pi.gov.br\/adapi\/author\/pallomagualter\/"},"comments_num_v2":"0 coment\u00e1rio","_links":{"self":[{"href":"https:\/\/portal.pi.gov.br\/adapi\/wp-json\/wp\/v2\/pages\/5171"}],"collection":[{"href":"https:\/\/portal.pi.gov.br\/adapi\/wp-json\/wp\/v2\/pages"}],"about":[{"href":"https:\/\/portal.pi.gov.br\/adapi\/wp-json\/wp\/v2\/types\/page"}],"author":[{"embeddable":true,"href":"https:\/\/portal.pi.gov.br\/adapi\/wp-json\/wp\/v2\/users\/1832"}],"replies":[{"embeddable":true,"href":"https:\/\/portal.pi.gov.br\/adapi\/wp-json\/wp\/v2\/comments?post=5171"}],"version-history":[{"count":3,"href":"https:\/\/portal.pi.gov.br\/adapi\/wp-json\/wp\/v2\/pages\/5171\/revisions"}],"predecessor-version":[{"id":5177,"href":"https:\/\/portal.pi.gov.br\/adapi\/wp-json\/wp\/v2\/pages\/5171\/revisions\/5177"}],"wp:attachment":[{"href":"https:\/\/portal.pi.gov.br\/adapi\/wp-json\/wp\/v2\/media?parent=5171"}],"curies":[{"name":"wp","href":"https:\/\/api.w.org\/{rel}","templated":true}]}}