{"id":1135,"date":"2023-08-30T09:57:05","date_gmt":"2023-08-30T12:57:05","guid":{"rendered":"https:\/\/portal.pi.gov.br\/adh\/?page_id=1135"},"modified":"2023-08-30T10:28:49","modified_gmt":"2023-08-30T13:28:49","slug":"perguntas-frequentes","status":"publish","type":"page","link":"https:\/\/portal.pi.gov.br\/adh\/perguntas-frequentes\/","title":{"rendered":"Perguntas Frequentes"},"content":{"rendered":"\n<p><strong>1.Como me cadastrar no Minha Casa Minha Vida?<\/strong><\/p>\n\n\n\n<p>Na Faixa 1, o cadastro do cidad\u00e3o ocorre por interm\u00e9dio da Prefeitura, a quem compete fazer sua inscri\u00e7\u00e3o no Cadastro \u00danico. Ap\u00f3s o cadastro do cidad\u00e3o, o ente local realizar\u00e1 a sele\u00e7\u00e3o de acordo com os crit\u00e9rios estabelecidos pelo Minist\u00e9rio das Cidades.<\/p>\n\n\n\n<p>Importante destacar que \u00e9 PROIBIDA a cobran\u00e7a de qualquer taxa de cadastramento, tanto no \u00e2mbito urbano quanto rural. Ressalta-se que n\u00e3o existe previs\u00e3o de taxas para prioriza\u00e7\u00e3o de benefici\u00e1rios. Todos os cadastros s\u00e3o analisados de forma imparcial, de acordo com os crit\u00e9rios de sele\u00e7\u00e3o estabelecidos por normativo publicado pelo Minist\u00e9rio.<\/p>\n\n\n\n<p><strong>2. Como receber uma casa pelo programa Minha Casa Minha Vida?<\/strong><\/p>\n\n\n\n<p>O programa \u00e9 direcionado \u00e0s fam\u00edlias residentes em \u00e1reas urbanas com renda bruta familiar mensal de at\u00e9 R$ 8 mil e renda bruta familiar anual de at\u00e9 R$ 96 mil que vivem em \u00e1reas rurais. Algumas fam\u00edlias t\u00eam prioridade no programa. S\u00e3o aquelas que:<\/p>\n\n\n\n<p>&#8211; Est\u00e3o em situa\u00e7\u00e3o de rua;<\/p>\n\n\n\n<p>&#8211; Tenham a mulher como respons\u00e1vel;<\/p>\n\n\n\n<p>&#8211; Tenham pessoas com defici\u00eancia, idosos, crian\u00e7as e adolescentes;<\/p>\n\n\n\n<p>&#8211; Est\u00e3o em situa\u00e7\u00e3o de risco e vulnerabilidade;<\/p>\n\n\n\n<p>&#8211; Est\u00e3o em situa\u00e7\u00e3o de emerg\u00eancia ou calamidade;<\/p>\n\n\n\n<p>&#8211; Em deslocamento involunt\u00e1rio causado por obras p\u00fablicas federais. Neste caso, \u00e9 preciso preencher outros crit\u00e9rios e prioridades que podem ser definidos pelos estados, Distrito Federal, munic\u00edpios e entidades.<\/p>\n\n\n\n<p><strong>3. Como participar do programa Moradia para Todos?<\/strong><\/p>\n\n\n\n<p>Podem participar do programa fam\u00edlias com renda familiar per capita mensal comprovada entre R$ 89,00 a R$ 178. Para ter acesso ao programa, o morador deve se enquadrar em outros crit\u00e9rios de acordo com a modalidade pretendida: melhoria ou constru\u00e7\u00e3o do im\u00f3vel. Toda a documenta\u00e7\u00e3o e perfil da fam\u00edlia que busca pelo benef\u00edcio s\u00e3o cuidadosamente observados pela equipe social da ADH.<\/p>\n\n\n\n<p><strong>4. Tenho um d\u00e9bito como regularizo?<\/strong><\/p>\n\n\n\n<p>A ADH-PI negocia d\u00e9bitos de moradores que s\u00e3o titulares de contrato de financiamento de conjuntos e Empreendimentos habitacionais constru\u00eddos pelo Governo do Estado atrav\u00e9s das extintas COHAB, IAPEP e BEP. Os interessados devem procurar a sede da ADH em Teresina, na Avenida Jos\u00e9 dos Santos e Silva, 1155, Centro ou os escrit\u00f3rios regionais em Parna\u00edba, Campo Maior, Picos e Floriano. O atendimento presencial, ocorre de segunda a quinta-feira, das 7h30 \u00e0s 13h30.<\/p>\n\n\n\n<p><strong>5. Onde posso tirar meus boletos atualizados?<\/strong><\/p>\n\n\n\n<p>Os boletos da Carteira Imobili\u00e1ria da ADH\/PI podem ser consultados atrav\u00e9s do site, no link&nbsp; <a href=\"http:\/\/boleto.adh.pi.gov.br\/MinhaADH\/WebForms\/frmAbre.aspx\">http:\/\/boleto.adh.pi.gov.br\/MinhaADH\/WebForms\/frmAbre.aspx<\/a> ou ainda no atendimento presencial, que ocorre de segunda a quinta-feira, das 7h30 \u00e0s 13h30. J\u00e1 os boletos das Carteiras Imobili\u00e1rias da Cohab\/Emgerpi,Iapep\/Funda\u00e7\u00e3o Piau\u00ed Previd\u00eancia e BEP\/Sefaz, somente s\u00e3o emitidos no atendimento presencial.<\/p>\n\n\n\n<p><strong>6. Quitei minha casa e agora? Como receber minha documenta\u00e7\u00e3o?<\/strong><\/p>\n\n\n\n<p>O titular do contrato de financiamento deve comparecer ao setor de regulariza\u00e7\u00e3o da ADH\/PI para solicitar. Vale ressaltar que, a solicita\u00e7\u00e3o tem que ser feita pelo titular ou procurador p\u00fablico, munido de procura\u00e7\u00e3o p\u00fablica e documentos pessoais dos titulares. O setor analisar\u00e1 o requerimento, e dar\u00e1 um prazo para entrega da documenta\u00e7\u00e3o.<\/p>\n","protected":false},"excerpt":{"rendered":"<p>1.Como me cadastrar no Minha Casa Minha Vida? Na Faixa 1, o cadastro do cidad\u00e3o ocorre por interm\u00e9dio da Prefeitura, a quem compete fazer sua inscri\u00e7\u00e3o no Cadastro \u00danico. Ap\u00f3s [&hellip;]<\/p>\n","protected":false},"author":1,"featured_media":0,"parent":0,"menu_order":0,"comment_status":"closed","ping_status":"closed","template":"template-fullwidth.php","meta":[],"featured_image_urls":{"full":"","thumbnail":"","medium":"","medium_large":"","large":"","sgg-420":"","sgg-540":"","sgg-780":"","1536x1536":"","2048x2048":"","homepage-slider":"","homepage-slider-small":"","page-top":"","page-small":"","loop-main":"","thumb-gallery-widget":""},"post_excerpt_stackable":"<p>1.Como me cadastrar no Minha Casa Minha Vida? Na Faixa 1, o cadastro do cidad\u00e3o ocorre por interm\u00e9dio da Prefeitura, a quem compete fazer sua inscri\u00e7\u00e3o no Cadastro \u00danico. Ap\u00f3s o cadastro do cidad\u00e3o, o ente local realizar\u00e1 a sele\u00e7\u00e3o de acordo com os crit\u00e9rios estabelecidos pelo Minist\u00e9rio das Cidades. Importante destacar que \u00e9 PROIBIDA a cobran\u00e7a de qualquer taxa de cadastramento, tanto no \u00e2mbito urbano quanto rural. Ressalta-se que n\u00e3o existe previs\u00e3o de taxas para prioriza\u00e7\u00e3o de benefici\u00e1rios. Todos os cadastros s\u00e3o analisados de forma imparcial, de acordo com os crit\u00e9rios de sele\u00e7\u00e3o estabelecidos por normativo publicado pelo Minist\u00e9rio.&hellip;<\/p>\n","category_list":"","author_info":{"name":"admin","url":"https:\/\/portal.pi.gov.br\/adh\/author\/admin\/"},"comments_num":"0 coment\u00e1rio","featured_image_urls_v2":{"full":"","thumbnail":"","medium":"","medium_large":"","large":"","sgg-420":"","sgg-540":"","sgg-780":"","1536x1536":"","2048x2048":"","homepage-slider":"","homepage-slider-small":"","page-top":"","page-small":"","loop-main":"","thumb-gallery-widget":""},"post_excerpt_stackable_v2":"<p>1.Como me cadastrar no Minha Casa Minha Vida? Na Faixa 1, o cadastro do cidad\u00e3o ocorre por interm\u00e9dio da Prefeitura, a quem compete fazer sua inscri\u00e7\u00e3o no Cadastro \u00danico. Ap\u00f3s o cadastro do cidad\u00e3o, o ente local realizar\u00e1 a sele\u00e7\u00e3o de acordo com os crit\u00e9rios estabelecidos pelo Minist\u00e9rio das Cidades. Importante destacar que \u00e9 PROIBIDA a cobran\u00e7a de qualquer taxa de cadastramento, tanto no \u00e2mbito urbano quanto rural. Ressalta-se que n\u00e3o existe previs\u00e3o de taxas para prioriza\u00e7\u00e3o de benefici\u00e1rios. Todos os cadastros s\u00e3o analisados de forma imparcial, de acordo com os crit\u00e9rios de sele\u00e7\u00e3o estabelecidos por normativo publicado pelo Minist\u00e9rio.&hellip;<\/p>\n","category_list_v2":"","author_info_v2":{"name":"admin","url":"https:\/\/portal.pi.gov.br\/adh\/author\/admin\/"},"comments_num_v2":"0 coment\u00e1rio","_links":{"self":[{"href":"https:\/\/portal.pi.gov.br\/adh\/wp-json\/wp\/v2\/pages\/1135"}],"collection":[{"href":"https:\/\/portal.pi.gov.br\/adh\/wp-json\/wp\/v2\/pages"}],"about":[{"href":"https:\/\/portal.pi.gov.br\/adh\/wp-json\/wp\/v2\/types\/page"}],"author":[{"embeddable":true,"href":"https:\/\/portal.pi.gov.br\/adh\/wp-json\/wp\/v2\/users\/1"}],"replies":[{"embeddable":true,"href":"https:\/\/portal.pi.gov.br\/adh\/wp-json\/wp\/v2\/comments?post=1135"}],"version-history":[{"count":2,"href":"https:\/\/portal.pi.gov.br\/adh\/wp-json\/wp\/v2\/pages\/1135\/revisions"}],"predecessor-version":[{"id":1143,"href":"https:\/\/portal.pi.gov.br\/adh\/wp-json\/wp\/v2\/pages\/1135\/revisions\/1143"}],"wp:attachment":[{"href":"https:\/\/portal.pi.gov.br\/adh\/wp-json\/wp\/v2\/media?parent=1135"}],"curies":[{"name":"wp","href":"https:\/\/api.w.org\/{rel}","templated":true}]}}