{"id":1231,"date":"2023-11-08T11:55:52","date_gmt":"2023-11-08T14:55:52","guid":{"rendered":"https:\/\/portal.pi.gov.br\/adh\/?page_id=1231"},"modified":"2025-09-30T11:29:36","modified_gmt":"2025-09-30T14:29:36","slug":"o-programa","status":"publish","type":"page","link":"https:\/\/portal.pi.gov.br\/adh\/o-programa\/","title":{"rendered":"O programa"},"content":{"rendered":"<div class=\"wp-block-image\">\n<figure class=\"aligncenter size-large is-resized\"><img decoding=\"async\" loading=\"lazy\" src=\"https:\/\/portal.pi.gov.br\/adh\/wp-content\/uploads\/sites\/79\/2023\/11\/Morar-Bem-Piaui-1-1024x724.png\" alt=\"\" class=\"wp-image-1258\" width=\"768\" height=\"543\" srcset=\"https:\/\/portal.pi.gov.br\/adh\/wp-content\/uploads\/sites\/79\/2023\/11\/Morar-Bem-Piaui-1-1024x724.png 1024w, https:\/\/portal.pi.gov.br\/adh\/wp-content\/uploads\/sites\/79\/2023\/11\/Morar-Bem-Piaui-1-300x212.png 300w, https:\/\/portal.pi.gov.br\/adh\/wp-content\/uploads\/sites\/79\/2023\/11\/Morar-Bem-Piaui-1-768x543.png 768w, https:\/\/portal.pi.gov.br\/adh\/wp-content\/uploads\/sites\/79\/2023\/11\/Morar-Bem-Piaui-1-420x297.png 420w, https:\/\/portal.pi.gov.br\/adh\/wp-content\/uploads\/sites\/79\/2023\/11\/Morar-Bem-Piaui-1-540x382.png 540w, https:\/\/portal.pi.gov.br\/adh\/wp-content\/uploads\/sites\/79\/2023\/11\/Morar-Bem-Piaui-1-780x552.png 780w, https:\/\/portal.pi.gov.br\/adh\/wp-content\/uploads\/sites\/79\/2023\/11\/Morar-Bem-Piaui-1-1536x1086.png 1536w, https:\/\/portal.pi.gov.br\/adh\/wp-content\/uploads\/sites\/79\/2023\/11\/Morar-Bem-Piaui-1-2048x1448.png 2048w, https:\/\/portal.pi.gov.br\/adh\/wp-content\/uploads\/sites\/79\/2023\/11\/Morar-Bem-Piaui-1-947x670.png 947w, https:\/\/portal.pi.gov.br\/adh\/wp-content\/uploads\/sites\/79\/2023\/11\/Morar-Bem-Piaui-1-624x441.png 624w\" sizes=\"(max-width: 768px) 100vw, 768px\" \/><\/figure><\/div>\n\n\n<p>O programa <strong>Morar Bem Piau\u00ed <\/strong>foi institu\u00eddo pela <strong>Lei N\u00ba 8.185, de 17 de Outubro de 2023 <\/strong>e tem como finalidade subsidiar a entrada para compra do primeiro im\u00f3vel. Ele tem como alvo fam\u00edlias com renda familiar mensal at\u00e9 R$ 8.600, faixa de renda que geralmente enfrenta dificuldades para adquirir uma moradia pr\u00f3pria, porque muitas vezes n\u00e3o possuem recursos suficientes para o valor exigido na entrada dos financiamentos.<br><\/p>\n\n\n\n<ul>\n<li><strong>Faixa A<\/strong>: renda bruta mensal de at\u00e9 R$ 4.700 (Subs\u00eddio de R$ 10 mil);<\/li>\n\n\n\n<li><strong>Faixa B:<\/strong> renda bruta mensal de R$ 4.700,01 a R$ 8.600 (Subs\u00eddio de R$ 7 mil).<\/li>\n<\/ul>\n\n\n\n<p>Os incentivos do programa s\u00e3o: Cheque-moradia no valor de at\u00e9 R$ 10 mil para ser utilizado na entrada do im\u00f3vel e aporte de im\u00f3veis do estado, ou seja, empreendimento habitacionais em terreno do Estado atrav\u00e9s de PPP com benef\u00edcios adicionais para as pessoas que v\u00e3o adquirir sua casa pr\u00f3pria.<\/p>\n\n\n\n<p>O programa abrange todo o estado do Piau\u00ed, possibilitando que fam\u00edlias em diferentes regi\u00f5es tenham acesso.<\/p>\n\n\n\n<p>Com o <strong>Morar Bem Piau\u00ed<\/strong>, o governo, al\u00e9m de facilitar o acesso \u00e0 moradia, tamb\u00e9m ir\u00e1 estimular o desenvolvimento econ\u00f4mico e a gera\u00e7\u00e3o de emprego e renda.<\/p>\n","protected":false},"excerpt":{"rendered":"<p>O programa Morar Bem Piau\u00ed foi institu\u00eddo pela Lei N\u00ba 8.185, de 17 de Outubro de 2023 e tem como finalidade subsidiar a entrada para compra do primeiro im\u00f3vel. Ele [&hellip;]<\/p>\n","protected":false},"author":1,"featured_media":0,"parent":0,"menu_order":0,"comment_status":"closed","ping_status":"closed","template":"template-fullwidth.php","meta":[],"featured_image_urls":{"full":"","thumbnail":"","medium":"","medium_large":"","large":"","sgg-420":"","sgg-540":"","sgg-780":"","1536x1536":"","2048x2048":"","homepage-slider":"","homepage-slider-small":"","page-top":"","page-small":"","loop-main":"","thumb-gallery-widget":""},"post_excerpt_stackable":"<p>O programa Morar Bem Piau\u00ed foi institu\u00eddo pela Lei N\u00ba 8.185, de 17 de Outubro de 2023 e tem como finalidade subsidiar a entrada para compra do primeiro im\u00f3vel. Ele tem como alvo fam\u00edlias com renda familiar mensal at\u00e9 R$ 8.600, faixa de renda que geralmente enfrenta dificuldades para adquirir uma moradia pr\u00f3pria, porque muitas vezes n\u00e3o possuem recursos suficientes para o valor exigido na entrada dos financiamentos. Faixa A: renda bruta mensal de at\u00e9 R$ 4.700 (Subs\u00eddio de R$ 10 mil); Faixa B: renda bruta mensal de R$ 4.700,01 a R$ 8.600 (Subs\u00eddio de R$ 7 mil). Os incentivos&hellip;<\/p>\n","category_list":"","author_info":{"name":"admin","url":"https:\/\/portal.pi.gov.br\/adh\/author\/admin\/"},"comments_num":"0 coment\u00e1rio","featured_image_urls_v2":{"full":"","thumbnail":"","medium":"","medium_large":"","large":"","sgg-420":"","sgg-540":"","sgg-780":"","1536x1536":"","2048x2048":"","homepage-slider":"","homepage-slider-small":"","page-top":"","page-small":"","loop-main":"","thumb-gallery-widget":""},"post_excerpt_stackable_v2":"<p>O programa Morar Bem Piau\u00ed foi institu\u00eddo pela Lei N\u00ba 8.185, de 17 de Outubro de 2023 e tem como finalidade subsidiar a entrada para compra do primeiro im\u00f3vel. Ele tem como alvo fam\u00edlias com renda familiar mensal at\u00e9 R$ 8.600, faixa de renda que geralmente enfrenta dificuldades para adquirir uma moradia pr\u00f3pria, porque muitas vezes n\u00e3o possuem recursos suficientes para o valor exigido na entrada dos financiamentos. Faixa A: renda bruta mensal de at\u00e9 R$ 4.700 (Subs\u00eddio de R$ 10 mil); Faixa B: renda bruta mensal de R$ 4.700,01 a R$ 8.600 (Subs\u00eddio de R$ 7 mil). Os incentivos&hellip;<\/p>\n","category_list_v2":"","author_info_v2":{"name":"admin","url":"https:\/\/portal.pi.gov.br\/adh\/author\/admin\/"},"comments_num_v2":"0 coment\u00e1rio","_links":{"self":[{"href":"https:\/\/portal.pi.gov.br\/adh\/wp-json\/wp\/v2\/pages\/1231"}],"collection":[{"href":"https:\/\/portal.pi.gov.br\/adh\/wp-json\/wp\/v2\/pages"}],"about":[{"href":"https:\/\/portal.pi.gov.br\/adh\/wp-json\/wp\/v2\/types\/page"}],"author":[{"embeddable":true,"href":"https:\/\/portal.pi.gov.br\/adh\/wp-json\/wp\/v2\/users\/1"}],"replies":[{"embeddable":true,"href":"https:\/\/portal.pi.gov.br\/adh\/wp-json\/wp\/v2\/comments?post=1231"}],"version-history":[{"count":8,"href":"https:\/\/portal.pi.gov.br\/adh\/wp-json\/wp\/v2\/pages\/1231\/revisions"}],"predecessor-version":[{"id":2362,"href":"https:\/\/portal.pi.gov.br\/adh\/wp-json\/wp\/v2\/pages\/1231\/revisions\/2362"}],"wp:attachment":[{"href":"https:\/\/portal.pi.gov.br\/adh\/wp-json\/wp\/v2\/media?parent=1231"}],"curies":[{"name":"wp","href":"https:\/\/api.w.org\/{rel}","templated":true}]}}