{"id":1233,"date":"2023-11-08T11:56:14","date_gmt":"2023-11-08T14:56:14","guid":{"rendered":"https:\/\/portal.pi.gov.br\/adh\/?page_id=1233"},"modified":"2023-11-08T12:26:49","modified_gmt":"2023-11-08T15:26:49","slug":"incentivos","status":"publish","type":"page","link":"https:\/\/portal.pi.gov.br\/adh\/incentivos\/","title":{"rendered":"Incentivos"},"content":{"rendered":"\n<p><strong>Cheque-moradia <\/strong><\/p>\n\n\n\n<p>Subs\u00eddio no valor de at\u00e9 R$ 10 mil para ser utilizado na entrada do im\u00f3vel. <\/p>\n\n\n\n<p><strong>Aporte de im\u00f3veis do estado<\/strong><\/p>\n\n\n\n<p>Possibilidade de constru\u00e7\u00e3o de empreendimento habitacionais em terreno do Estado atrav\u00e9s de Parceria P\u00fablico-Privada (PPP) com benef\u00edcios adicionais para as pessoas que v\u00e3o adquirir sua casa pr\u00f3pria.<\/p>\n","protected":false},"excerpt":{"rendered":"<p>Cheque-moradia Subs\u00eddio no valor de at\u00e9 R$ 10 mil para ser utilizado na entrada do im\u00f3vel. Aporte de im\u00f3veis do estado Possibilidade de constru\u00e7\u00e3o de empreendimento habitacionais em terreno do [&hellip;]<\/p>\n","protected":false},"author":1,"featured_media":0,"parent":0,"menu_order":0,"comment_status":"closed","ping_status":"closed","template":"template-fullwidth.php","meta":[],"featured_image_urls":{"full":"","thumbnail":"","medium":"","medium_large":"","large":"","sgg-420":"","sgg-540":"","sgg-780":"","1536x1536":"","2048x2048":"","homepage-slider":"","homepage-slider-small":"","page-top":"","page-small":"","loop-main":"","thumb-gallery-widget":""},"post_excerpt_stackable":"<p>Cheque-moradia Subs\u00eddio no valor de at\u00e9 R$ 10 mil para ser utilizado na entrada do im\u00f3vel. Aporte de im\u00f3veis do estado Possibilidade de constru\u00e7\u00e3o de empreendimento habitacionais em terreno do Estado atrav\u00e9s de Parceria P\u00fablico-Privada (PPP) com benef\u00edcios adicionais para as pessoas que v\u00e3o adquirir sua casa pr\u00f3pria.<\/p>\n","category_list":"","author_info":{"name":"admin","url":"https:\/\/portal.pi.gov.br\/adh\/author\/admin\/"},"comments_num":"0 coment\u00e1rio","featured_image_urls_v2":{"full":"","thumbnail":"","medium":"","medium_large":"","large":"","sgg-420":"","sgg-540":"","sgg-780":"","1536x1536":"","2048x2048":"","homepage-slider":"","homepage-slider-small":"","page-top":"","page-small":"","loop-main":"","thumb-gallery-widget":""},"post_excerpt_stackable_v2":"<p>Cheque-moradia Subs\u00eddio no valor de at\u00e9 R$ 10 mil para ser utilizado na entrada do im\u00f3vel. Aporte de im\u00f3veis do estado Possibilidade de constru\u00e7\u00e3o de empreendimento habitacionais em terreno do Estado atrav\u00e9s de Parceria P\u00fablico-Privada (PPP) com benef\u00edcios adicionais para as pessoas que v\u00e3o adquirir sua casa pr\u00f3pria.<\/p>\n","category_list_v2":"","author_info_v2":{"name":"admin","url":"https:\/\/portal.pi.gov.br\/adh\/author\/admin\/"},"comments_num_v2":"0 coment\u00e1rio","_links":{"self":[{"href":"https:\/\/portal.pi.gov.br\/adh\/wp-json\/wp\/v2\/pages\/1233"}],"collection":[{"href":"https:\/\/portal.pi.gov.br\/adh\/wp-json\/wp\/v2\/pages"}],"about":[{"href":"https:\/\/portal.pi.gov.br\/adh\/wp-json\/wp\/v2\/types\/page"}],"author":[{"embeddable":true,"href":"https:\/\/portal.pi.gov.br\/adh\/wp-json\/wp\/v2\/users\/1"}],"replies":[{"embeddable":true,"href":"https:\/\/portal.pi.gov.br\/adh\/wp-json\/wp\/v2\/comments?post=1233"}],"version-history":[{"count":3,"href":"https:\/\/portal.pi.gov.br\/adh\/wp-json\/wp\/v2\/pages\/1233\/revisions"}],"predecessor-version":[{"id":1253,"href":"https:\/\/portal.pi.gov.br\/adh\/wp-json\/wp\/v2\/pages\/1233\/revisions\/1253"}],"wp:attachment":[{"href":"https:\/\/portal.pi.gov.br\/adh\/wp-json\/wp\/v2\/media?parent=1233"}],"curies":[{"name":"wp","href":"https:\/\/api.w.org\/{rel}","templated":true}]}}