{"id":925,"date":"2023-06-21T10:13:50","date_gmt":"2023-06-21T13:13:50","guid":{"rendered":"https:\/\/portal.pi.gov.br\/adh\/?page_id=925"},"modified":"2023-07-03T10:49:37","modified_gmt":"2023-07-03T13:49:37","slug":"historico","status":"publish","type":"page","link":"https:\/\/portal.pi.gov.br\/adh\/historico\/","title":{"rendered":"Hist\u00f3rico"},"content":{"rendered":"\n<p>A Ag\u00eancia de Desenvolvimento Habitacional do Piau\u00ed (ADH-PI), \u00e9 uma autarquia criada atrav\u00e9s da Lei Ordin\u00e1ria n\u00ba 5.644, de 12.04.07, integrante da Administra\u00e7\u00e3o Indireta do Poder Executivo, vinculada \u00e0 Secretaria das Cidades.<\/p>\n","protected":false},"excerpt":{"rendered":"<p>A Ag\u00eancia de Desenvolvimento Habitacional do Piau\u00ed (ADH-PI), \u00e9 uma autarquia criada atrav\u00e9s da Lei Ordin\u00e1ria n\u00ba 5.644, de 12.04.07, integrante da Administra\u00e7\u00e3o Indireta do Poder Executivo, vinculada \u00e0 Secretaria [&hellip;]<\/p>\n","protected":false},"author":1,"featured_media":0,"parent":0,"menu_order":0,"comment_status":"closed","ping_status":"closed","template":"template-fullwidth.php","meta":[],"featured_image_urls":{"full":"","thumbnail":"","medium":"","medium_large":"","large":"","sgg-420":"","sgg-540":"","sgg-780":"","1536x1536":"","2048x2048":"","homepage-slider":"","homepage-slider-small":"","page-top":"","page-small":"","loop-main":"","thumb-gallery-widget":""},"post_excerpt_stackable":"<p>A Ag\u00eancia de Desenvolvimento Habitacional do Piau\u00ed (ADH-PI), \u00e9 uma autarquia criada atrav\u00e9s da Lei Ordin\u00e1ria n\u00ba 5.644, de 12.04.07, integrante da Administra\u00e7\u00e3o Indireta do Poder Executivo, vinculada \u00e0 Secretaria das Cidades.<\/p>\n","category_list":"","author_info":{"name":"admin","url":"https:\/\/portal.pi.gov.br\/adh\/author\/admin\/"},"comments_num":"0 coment\u00e1rio","featured_image_urls_v2":{"full":"","thumbnail":"","medium":"","medium_large":"","large":"","sgg-420":"","sgg-540":"","sgg-780":"","1536x1536":"","2048x2048":"","homepage-slider":"","homepage-slider-small":"","page-top":"","page-small":"","loop-main":"","thumb-gallery-widget":""},"post_excerpt_stackable_v2":"<p>A Ag\u00eancia de Desenvolvimento Habitacional do Piau\u00ed (ADH-PI), \u00e9 uma autarquia criada atrav\u00e9s da Lei Ordin\u00e1ria n\u00ba 5.644, de 12.04.07, integrante da Administra\u00e7\u00e3o Indireta do Poder Executivo, vinculada \u00e0 Secretaria das Cidades.<\/p>\n","category_list_v2":"","author_info_v2":{"name":"admin","url":"https:\/\/portal.pi.gov.br\/adh\/author\/admin\/"},"comments_num_v2":"0 coment\u00e1rio","_links":{"self":[{"href":"https:\/\/portal.pi.gov.br\/adh\/wp-json\/wp\/v2\/pages\/925"}],"collection":[{"href":"https:\/\/portal.pi.gov.br\/adh\/wp-json\/wp\/v2\/pages"}],"about":[{"href":"https:\/\/portal.pi.gov.br\/adh\/wp-json\/wp\/v2\/types\/page"}],"author":[{"embeddable":true,"href":"https:\/\/portal.pi.gov.br\/adh\/wp-json\/wp\/v2\/users\/1"}],"replies":[{"embeddable":true,"href":"https:\/\/portal.pi.gov.br\/adh\/wp-json\/wp\/v2\/comments?post=925"}],"version-history":[{"count":3,"href":"https:\/\/portal.pi.gov.br\/adh\/wp-json\/wp\/v2\/pages\/925\/revisions"}],"predecessor-version":[{"id":1001,"href":"https:\/\/portal.pi.gov.br\/adh\/wp-json\/wp\/v2\/pages\/925\/revisions\/1001"}],"wp:attachment":[{"href":"https:\/\/portal.pi.gov.br\/adh\/wp-json\/wp\/v2\/media?parent=925"}],"curies":[{"name":"wp","href":"https:\/\/api.w.org\/{rel}","templated":true}]}}