{"id":927,"date":"2023-06-21T10:14:21","date_gmt":"2023-06-21T13:14:21","guid":{"rendered":"https:\/\/portal.pi.gov.br\/adh\/?page_id=927"},"modified":"2023-07-03T10:58:20","modified_gmt":"2023-07-03T13:58:20","slug":"objetivos","status":"publish","type":"page","link":"https:\/\/portal.pi.gov.br\/adh\/objetivos\/","title":{"rendered":"Objetivos"},"content":{"rendered":"\n<p><strong>Miss\u00e3o<\/strong> &#8211; Promover o acesso \u00e0 habita\u00e7\u00e3o digna e sustent\u00e1vel para os piauienses, por meio da execu\u00e7\u00e3o de programas habitacionais, parcerias estrat\u00e9gicas e a\u00e7\u00f5es de desenvolvimento urbano, visando melhorar a qualidade de vida e promover a inclus\u00e3o social.<\/p>\n\n\n\n<p><strong>Vis\u00e3o<\/strong> &#8211; Ser reconhecida como uma ag\u00eancia p\u00fablica de habita\u00e7\u00e3o modelo, com pr\u00e1ticas transparentes, eficientes e participativas, que inspiram confian\u00e7a e engajamento da comunidade, dos parceiros e dos demais \u00f3rg\u00e3os p\u00fablicos.<\/p>\n\n\n\n<p><strong>Valores <\/strong>&#8211; Equidade, Transpar\u00eancia, Responsabilidade social, Sustentabilidade e Colabora\u00e7\u00e3o.<a href=\"https:\/\/docs.google.com\/spreadsheets\/d\/1DUF2isFWsqVSYhbaACYtbgcLi_YjDqpE3GLQIVgkKQg\/edit\"><\/a><\/p>\n","protected":false},"excerpt":{"rendered":"<p>Miss\u00e3o &#8211; Promover o acesso \u00e0 habita\u00e7\u00e3o digna e sustent\u00e1vel para os piauienses, por meio da execu\u00e7\u00e3o de programas habitacionais, parcerias estrat\u00e9gicas e a\u00e7\u00f5es de desenvolvimento urbano, visando melhorar a [&hellip;]<\/p>\n","protected":false},"author":1,"featured_media":0,"parent":0,"menu_order":0,"comment_status":"closed","ping_status":"closed","template":"template-fullwidth.php","meta":[],"featured_image_urls":{"full":"","thumbnail":"","medium":"","medium_large":"","large":"","sgg-420":"","sgg-540":"","sgg-780":"","1536x1536":"","2048x2048":"","homepage-slider":"","homepage-slider-small":"","page-top":"","page-small":"","loop-main":"","thumb-gallery-widget":""},"post_excerpt_stackable":"<p>Miss\u00e3o &#8211; Promover o acesso \u00e0 habita\u00e7\u00e3o digna e sustent\u00e1vel para os piauienses, por meio da execu\u00e7\u00e3o de programas habitacionais, parcerias estrat\u00e9gicas e a\u00e7\u00f5es de desenvolvimento urbano, visando melhorar a qualidade de vida e promover a inclus\u00e3o social. Vis\u00e3o &#8211; Ser reconhecida como uma ag\u00eancia p\u00fablica de habita\u00e7\u00e3o modelo, com pr\u00e1ticas transparentes, eficientes e participativas, que inspiram confian\u00e7a e engajamento da comunidade, dos parceiros e dos demais \u00f3rg\u00e3os p\u00fablicos. Valores &#8211; Equidade, Transpar\u00eancia, Responsabilidade social, Sustentabilidade e Colabora\u00e7\u00e3o.<\/p>\n","category_list":"","author_info":{"name":"admin","url":"https:\/\/portal.pi.gov.br\/adh\/author\/admin\/"},"comments_num":"0 coment\u00e1rio","featured_image_urls_v2":{"full":"","thumbnail":"","medium":"","medium_large":"","large":"","sgg-420":"","sgg-540":"","sgg-780":"","1536x1536":"","2048x2048":"","homepage-slider":"","homepage-slider-small":"","page-top":"","page-small":"","loop-main":"","thumb-gallery-widget":""},"post_excerpt_stackable_v2":"<p>Miss\u00e3o &#8211; Promover o acesso \u00e0 habita\u00e7\u00e3o digna e sustent\u00e1vel para os piauienses, por meio da execu\u00e7\u00e3o de programas habitacionais, parcerias estrat\u00e9gicas e a\u00e7\u00f5es de desenvolvimento urbano, visando melhorar a qualidade de vida e promover a inclus\u00e3o social. Vis\u00e3o &#8211; Ser reconhecida como uma ag\u00eancia p\u00fablica de habita\u00e7\u00e3o modelo, com pr\u00e1ticas transparentes, eficientes e participativas, que inspiram confian\u00e7a e engajamento da comunidade, dos parceiros e dos demais \u00f3rg\u00e3os p\u00fablicos. Valores &#8211; Equidade, Transpar\u00eancia, Responsabilidade social, Sustentabilidade e Colabora\u00e7\u00e3o.<\/p>\n","category_list_v2":"","author_info_v2":{"name":"admin","url":"https:\/\/portal.pi.gov.br\/adh\/author\/admin\/"},"comments_num_v2":"0 coment\u00e1rio","_links":{"self":[{"href":"https:\/\/portal.pi.gov.br\/adh\/wp-json\/wp\/v2\/pages\/927"}],"collection":[{"href":"https:\/\/portal.pi.gov.br\/adh\/wp-json\/wp\/v2\/pages"}],"about":[{"href":"https:\/\/portal.pi.gov.br\/adh\/wp-json\/wp\/v2\/types\/page"}],"author":[{"embeddable":true,"href":"https:\/\/portal.pi.gov.br\/adh\/wp-json\/wp\/v2\/users\/1"}],"replies":[{"embeddable":true,"href":"https:\/\/portal.pi.gov.br\/adh\/wp-json\/wp\/v2\/comments?post=927"}],"version-history":[{"count":3,"href":"https:\/\/portal.pi.gov.br\/adh\/wp-json\/wp\/v2\/pages\/927\/revisions"}],"predecessor-version":[{"id":1005,"href":"https:\/\/portal.pi.gov.br\/adh\/wp-json\/wp\/v2\/pages\/927\/revisions\/1005"}],"wp:attachment":[{"href":"https:\/\/portal.pi.gov.br\/adh\/wp-json\/wp\/v2\/media?parent=927"}],"curies":[{"name":"wp","href":"https:\/\/api.w.org\/{rel}","templated":true}]}}