{"id":929,"date":"2023-06-21T10:14:52","date_gmt":"2023-06-21T13:14:52","guid":{"rendered":"https:\/\/portal.pi.gov.br\/adh\/?page_id=929"},"modified":"2025-03-18T11:39:52","modified_gmt":"2025-03-18T14:39:52","slug":"organograma","status":"publish","type":"page","link":"https:\/\/portal.pi.gov.br\/adh\/organograma\/","title":{"rendered":"Organograma"},"content":{"rendered":"\n<p><strong>Diretor-Geral da Ag\u00eancia de Desenvolvimento Habitacional do Piau\u00ed \u2013 ADH-PI<\/strong><\/p>\n\n\n\n<p><strong>Igor Leonam Pinheiro Neri<\/strong><\/p>\n\n\n\n<p><\/p>\n\n\n\n<p>Administrador e empres\u00e1rio. Foi diretor-geral da Assembleia Legislativa do Piau\u00ed de 2023 a 2025. Na Secretaria de Desenvolvimento Econ\u00f4mico do Estado do Piau\u00ed (SEDET) exerceu o cargo de secret\u00e1rio, pasta na qual anteriormente havia atuado como superintendente de Ci\u00eancia e Tecnologia. Participou da cria\u00e7\u00e3o do PRO Piau\u00ed e foi presidente da Companhia de Terminais Alfandegados do Piau\u00ed (Porto PI).<strong>.&nbsp;<\/strong><\/p>\n\n\n\n<p><strong>Diretoria de Unidade Administrativo-Financeira\u00a0\u2013 ADH-PI<\/strong><\/p>\n\n\n\n<p><strong>Diretoria de Unidade T\u00e9cnica e de Engenharia\u00a0\u2013 ADH-PI<\/strong><\/p>\n\n\n\n<p><strong>Diretoria de Unidade de Habita\u00e7\u00e3o\u00a0\u2013 ADH-PI<\/strong><\/p>\n\n\n\n<p><strong>Diretoria de Regulariza\u00e7\u00e3o Fundi\u00e1ria Urbana\u00a0\u2013 ADH-PI<\/strong><\/p>\n","protected":false},"excerpt":{"rendered":"<p>Diretor-Geral da Ag\u00eancia de Desenvolvimento Habitacional do Piau\u00ed \u2013 ADH-PI Igor Leonam Pinheiro Neri Administrador e empres\u00e1rio. Foi diretor-geral da Assembleia Legislativa do Piau\u00ed de 2023 a 2025. Na Secretaria [&hellip;]<\/p>\n","protected":false},"author":1,"featured_media":0,"parent":0,"menu_order":0,"comment_status":"closed","ping_status":"closed","template":"template-fullwidth.php","meta":[],"featured_image_urls":{"full":"","thumbnail":"","medium":"","medium_large":"","large":"","sgg-420":"","sgg-540":"","sgg-780":"","1536x1536":"","2048x2048":"","homepage-slider":"","homepage-slider-small":"","page-top":"","page-small":"","loop-main":"","thumb-gallery-widget":""},"post_excerpt_stackable":"<p>Diretor-Geral da Ag\u00eancia de Desenvolvimento Habitacional do Piau\u00ed \u2013 ADH-PI Igor Leonam Pinheiro Neri Administrador e empres\u00e1rio. Foi diretor-geral da Assembleia Legislativa do Piau\u00ed de 2023 a 2025. Na Secretaria de Desenvolvimento Econ\u00f4mico do Estado do Piau\u00ed (SEDET) exerceu o cargo de secret\u00e1rio, pasta na qual anteriormente havia atuado como superintendente de Ci\u00eancia e Tecnologia. Participou da cria\u00e7\u00e3o do PRO Piau\u00ed e foi presidente da Companhia de Terminais Alfandegados do Piau\u00ed (Porto PI)..&nbsp; Diretoria de Unidade Administrativo-Financeira\u00a0\u2013 ADH-PI Diretoria de Unidade T\u00e9cnica e de Engenharia\u00a0\u2013 ADH-PI Diretoria de Unidade de Habita\u00e7\u00e3o\u00a0\u2013 ADH-PI Diretoria de Regulariza\u00e7\u00e3o Fundi\u00e1ria Urbana\u00a0\u2013 ADH-PI<\/p>\n","category_list":"","author_info":{"name":"admin","url":"https:\/\/portal.pi.gov.br\/adh\/author\/admin\/"},"comments_num":"0 coment\u00e1rio","featured_image_urls_v2":{"full":"","thumbnail":"","medium":"","medium_large":"","large":"","sgg-420":"","sgg-540":"","sgg-780":"","1536x1536":"","2048x2048":"","homepage-slider":"","homepage-slider-small":"","page-top":"","page-small":"","loop-main":"","thumb-gallery-widget":""},"post_excerpt_stackable_v2":"<p>Diretor-Geral da Ag\u00eancia de Desenvolvimento Habitacional do Piau\u00ed \u2013 ADH-PI Igor Leonam Pinheiro Neri Administrador e empres\u00e1rio. Foi diretor-geral da Assembleia Legislativa do Piau\u00ed de 2023 a 2025. Na Secretaria de Desenvolvimento Econ\u00f4mico do Estado do Piau\u00ed (SEDET) exerceu o cargo de secret\u00e1rio, pasta na qual anteriormente havia atuado como superintendente de Ci\u00eancia e Tecnologia. Participou da cria\u00e7\u00e3o do PRO Piau\u00ed e foi presidente da Companhia de Terminais Alfandegados do Piau\u00ed (Porto PI)..&nbsp; Diretoria de Unidade Administrativo-Financeira\u00a0\u2013 ADH-PI Diretoria de Unidade T\u00e9cnica e de Engenharia\u00a0\u2013 ADH-PI Diretoria de Unidade de Habita\u00e7\u00e3o\u00a0\u2013 ADH-PI Diretoria de Regulariza\u00e7\u00e3o Fundi\u00e1ria Urbana\u00a0\u2013 ADH-PI<\/p>\n","category_list_v2":"","author_info_v2":{"name":"admin","url":"https:\/\/portal.pi.gov.br\/adh\/author\/admin\/"},"comments_num_v2":"0 coment\u00e1rio","_links":{"self":[{"href":"https:\/\/portal.pi.gov.br\/adh\/wp-json\/wp\/v2\/pages\/929"}],"collection":[{"href":"https:\/\/portal.pi.gov.br\/adh\/wp-json\/wp\/v2\/pages"}],"about":[{"href":"https:\/\/portal.pi.gov.br\/adh\/wp-json\/wp\/v2\/types\/page"}],"author":[{"embeddable":true,"href":"https:\/\/portal.pi.gov.br\/adh\/wp-json\/wp\/v2\/users\/1"}],"replies":[{"embeddable":true,"href":"https:\/\/portal.pi.gov.br\/adh\/wp-json\/wp\/v2\/comments?post=929"}],"version-history":[{"count":8,"href":"https:\/\/portal.pi.gov.br\/adh\/wp-json\/wp\/v2\/pages\/929\/revisions"}],"predecessor-version":[{"id":2205,"href":"https:\/\/portal.pi.gov.br\/adh\/wp-json\/wp\/v2\/pages\/929\/revisions\/2205"}],"wp:attachment":[{"href":"https:\/\/portal.pi.gov.br\/adh\/wp-json\/wp\/v2\/media?parent=929"}],"curies":[{"name":"wp","href":"https:\/\/api.w.org\/{rel}","templated":true}]}}