{"id":933,"date":"2023-06-21T10:15:43","date_gmt":"2023-06-21T13:15:43","guid":{"rendered":"https:\/\/portal.pi.gov.br\/adh\/?page_id=933"},"modified":"2023-11-22T13:20:05","modified_gmt":"2023-11-22T16:20:05","slug":"licitacoes","status":"publish","type":"page","link":"https:\/\/portal.pi.gov.br\/adh\/licitacoes\/","title":{"rendered":"Licita\u00e7\u00f5es"},"content":{"rendered":"<script type=\"text\/x-handlebars-template\"        id=\"wpfd-template-table-categories-29\">    <div class=\"wpfd-categories\">{{#if category}}{{#with category}}{{#if parent}}<a class=\"catlink backcategory\" href=\"#\" data-idcat=\"{{parent}}\">                        <i class=\"zmdi zmdi-chevron-left\"><\/i><span>Voltar<\/span><\/a>{{\/if}}{{\/with}}{{\/if}}<\/div><\/script><script type=\"text\/x-handlebars-template\" id=\"wpfd-template-table-29\">    {{#if files}}    {{#each files}}    <tr class=\"file\" data-id=\"{{ID}}\" data-catid=\"{{catid}}\">    <td class=\"file_title\"><a class=\"wpfd_downloadlink\" href=\"{{linkdownload}}\" title=\"{{post_title}}\"><span class=\"extcol\">{{#if file_custom_icon}}<span class=\"icon-custom\"><img src=\"{{file_custom_icon}}\"><\/span>{{else}}<span class=\"ext ext-{{ext}}\"><\/span>{{\/if}}<\/span>{{{crop_title}}}<\/a><\/td><td class=\"file_size\">{{bytesToSize size}}<\/td><td class=\"file_created\">{{created}}<\/td>                    <td class=\"col-download\">                <a class=\"downloadlink wpfd_downloadlink\"  href=\"{{linkdownload}}\" style=\"background-color:#033b85;color:#ffffff;\">Baixar<i class=\"zmdi zmdi-cloud-download wpfd-download\"><\/i><\/a>{{#if openpdflink}}<a class=\"openlink wpfdlightbox wpfd_previewlink\" href=\"{{openpdflink}}\" target=\"\">Visualizar                            <i class=\"zmdi zmdi-filter-center-focus wpfd-preview\"><\/i>                        <\/a>{{else}}{{#if viewerlink}}<a                            href=\"{{viewerlink}}\"                            class=\"openlink wpfdlightbox wpfd_previewlink\"                            target=\"\"                            data-id=\"{{ID}}\"                            data-catid=\"{{catid}}\"                            data-file-type=\"{{ext}}\">Visualizar<i class=\"zmdi zmdi-filter-center-focus wpfd-preview\"><\/i>                        <\/a>{{\/if}}{{\/if}}            <\/td>            <\/tr>    {{\/each}}    {{\/if}}<\/script><div class=\"wpfd-content wpfd-content-table wpfd-content-multi colstyle\" data-category=\"29\"><input type=\"hidden\" id=\"current_category_29\" value=\"29\" \/>                    <input type=\"hidden\" id=\"current_category_slug_29\" value=\"licitacoes\" \/>                    <input type=\"hidden\" id=\"current_ordering_29\" value=\"created_time\" \/>                    <input type=\"hidden\" id=\"current_ordering_direction_29\" value=\"desc\" \/><div class=\"wpfd-container\">        <div class=\"wpfd-open-tree\"><\/div>    <div class=\"wpfd-container-table \">        <div class=\"wpfd-categories\"><\/div>        <table class=\"wpfd-table wpfd-table-bordered wpfd-table-striped mediaTable\">            <thead>            <tr>                <th class=\"essential persist file_title\">T\u00edtulo<\/th><th class=\"optional file_size\">Tamanho<\/th><th class=\"optional file_created\">Data de Publica\u00e7\u00e3o<\/th><th class=\"essential file_download\">Baixar<\/th>            <\/tr>            <\/thead>            <tbody>                            <tr class=\"file\" data-id=\"1387\"                    data-catid=\"29\">                    <td class=\"file_title\"><a class=\"wpfd_downloadlink\" href=\"https:\/\/portal.pi.gov.br\/adh\/download\/29\/licitacoes\/1387\/sei_gov-pi-010315173-projeto-basico-1-2.pdf\" title=\"SEI_GOV-PI - 010315173 - Projeto B\u00e1sico (1)\"><span class=\"extcol\">                                <span class=\"ext ext-pdf\"><\/span>                                SEI_GOV-PI - 010315173 - Projeto B\u00e1sico (1)                            <\/span><\/a><\/td><td class=\"file_size\">1.00 MB<\/td><td class=\"file_created\">29-12-2023<\/td>                                            <td class=\"col-download\">                            <a class=\"downloadlink wpfd_downloadlink\"  href=\"https:\/\/portal.pi.gov.br\/adh\/download\/29\/licitacoes\/1387\/sei_gov-pi-010315173-projeto-basico-1-2.pdf\" style=\"background-color:#033b85;color:#ffffff;\">Baixar<i class=\"zmdi zmdi-cloud-download wpfd-download\"><\/i><\/a><a                            href=\"https:\/\/docs.google.com\/viewer?url=https%3A%2F%2Fportal.pi.gov.br%2Fadh%2Fwp-admin%2Fadmin-ajax.php%3Fjuwpfisadmin%3Dfalse%26action%3Dwpfd%26task%3Dfile.download%26wpfd_category_id%3D29%26wpfd_file_id%3D1387%26token%3D%26preview%3D1&#038;embedded=true\"                            class=\"openlink wpfdlightbox wpfd_previewlink\"                            target=\"\"                            data-id=\"1387\"                            data-catid=\"29\"                            data-file-type=\"pdf\">Visualizar<i class=\"zmdi zmdi-filter-center-focus wpfd-preview\"><\/i>                        <\/a>                        <\/td>                                    <\/tr>                            <tr class=\"file\" data-id=\"1388\"                    data-catid=\"29\">                    <td class=\"file_title\"><a class=\"wpfd_downloadlink\" href=\"https:\/\/portal.pi.gov.br\/adh\/download\/29\/licitacoes\/1388\/sei_gov-pi-010601308-edital-publicado-1-2.pdf\" title=\"SEI_GOV-PI - 010601308 - Edital Publicado (1)\"><span class=\"extcol\">                                <span class=\"ext ext-pdf\"><\/span>                                SEI_GOV-PI - 010601308 - Edital Publicado (1)                            <\/span><\/a><\/td><td class=\"file_size\">1.38 MB<\/td><td class=\"file_created\">29-12-2023<\/td>                                            <td class=\"col-download\">                            <a class=\"downloadlink wpfd_downloadlink\"  href=\"https:\/\/portal.pi.gov.br\/adh\/download\/29\/licitacoes\/1388\/sei_gov-pi-010601308-edital-publicado-1-2.pdf\" style=\"background-color:#033b85;color:#ffffff;\">Baixar<i class=\"zmdi zmdi-cloud-download wpfd-download\"><\/i><\/a><a                            href=\"https:\/\/docs.google.com\/viewer?url=https%3A%2F%2Fportal.pi.gov.br%2Fadh%2Fwp-admin%2Fadmin-ajax.php%3Fjuwpfisadmin%3Dfalse%26action%3Dwpfd%26task%3Dfile.download%26wpfd_category_id%3D29%26wpfd_file_id%3D1388%26token%3D%26preview%3D1&#038;embedded=true\"                            class=\"openlink wpfdlightbox wpfd_previewlink\"                            target=\"\"                            data-id=\"1388\"                            data-catid=\"29\"                            data-file-type=\"pdf\">Visualizar<i class=\"zmdi zmdi-filter-center-focus wpfd-preview\"><\/i>                        <\/a>                        <\/td>                                    <\/tr>                            <tr class=\"file\" data-id=\"1386\"                    data-catid=\"29\">                    <td class=\"file_title\"><a class=\"wpfd_downloadlink\" href=\"https:\/\/portal.pi.gov.br\/adh\/download\/29\/licitacoes\/1386\/planilha-orcamentaria-pavimentacao-pedro-ii-atualizada-xlsx-1-2.pdf\" title=\"PLANILHA OR\u00c7AMENTARIA PAVIMENTA\u00c7\u00c3O PEDRO II (ATUALIZADA).xlsx (1)\"><span class=\"extcol\">                                <span class=\"ext ext-pdf\"><\/span>                                PLANILHA OR\u00c7AMENTARIA PAVIMENTA\u00c7\u00c3O PEDRO II (ATUALIZADA).xlsx (1)                            <\/span><\/a><\/td><td class=\"file_size\">517.03 KB<\/td><td class=\"file_created\">29-12-2023<\/td>                                            <td class=\"col-download\">                            <a class=\"downloadlink wpfd_downloadlink\"  href=\"https:\/\/portal.pi.gov.br\/adh\/download\/29\/licitacoes\/1386\/planilha-orcamentaria-pavimentacao-pedro-ii-atualizada-xlsx-1-2.pdf\" style=\"background-color:#033b85;color:#ffffff;\">Baixar<i class=\"zmdi zmdi-cloud-download wpfd-download\"><\/i><\/a><a                            href=\"https:\/\/docs.google.com\/viewer?url=https%3A%2F%2Fportal.pi.gov.br%2Fadh%2Fwp-admin%2Fadmin-ajax.php%3Fjuwpfisadmin%3Dfalse%26action%3Dwpfd%26task%3Dfile.download%26wpfd_category_id%3D29%26wpfd_file_id%3D1386%26token%3D%26preview%3D1&#038;embedded=true\"                            class=\"openlink wpfdlightbox wpfd_previewlink\"                            target=\"\"                            data-id=\"1386\"                            data-catid=\"29\"                            data-file-type=\"pdf\">Visualizar<i class=\"zmdi zmdi-filter-center-focus wpfd-preview\"><\/i>                        <\/a>                        <\/td>                                    <\/tr>                            <tr class=\"file\" data-id=\"1334\"                    data-catid=\"29\">                    <td class=\"file_title\"><a class=\"wpfd_downloadlink\" href=\"https:\/\/portal.pi.gov.br\/adh\/download\/29\/licitacoes\/1334\/sei_gov-pi-010356878-edital.pdf\" title=\"SEI_GOV-PI - 010356878 - Edital\"><span class=\"extcol\">                                <span class=\"ext ext-pdf\"><\/span>                                SEI_GOV-PI - 010356878 - Edital                            <\/span><\/a><\/td><td class=\"file_size\">1.50 MB<\/td><td class=\"file_created\">12-12-2023<\/td>                                            <td class=\"col-download\">                            <a class=\"downloadlink wpfd_downloadlink\"  href=\"https:\/\/portal.pi.gov.br\/adh\/download\/29\/licitacoes\/1334\/sei_gov-pi-010356878-edital.pdf\" style=\"background-color:#033b85;color:#ffffff;\">Baixar<i class=\"zmdi zmdi-cloud-download wpfd-download\"><\/i><\/a><a                            href=\"https:\/\/docs.google.com\/viewer?url=https%3A%2F%2Fportal.pi.gov.br%2Fadh%2Fwp-admin%2Fadmin-ajax.php%3Fjuwpfisadmin%3Dfalse%26action%3Dwpfd%26task%3Dfile.download%26wpfd_category_id%3D29%26wpfd_file_id%3D1334%26token%3D%26preview%3D1&#038;embedded=true\"                            class=\"openlink wpfdlightbox wpfd_previewlink\"                            target=\"\"                            data-id=\"1334\"                            data-catid=\"29\"                            data-file-type=\"pdf\">Visualizar<i class=\"zmdi zmdi-filter-center-focus wpfd-preview\"><\/i>                        <\/a>                        <\/td>                                    <\/tr>                            <tr class=\"file\" data-id=\"1333\"                    data-catid=\"29\">                    <td class=\"file_title\"><a class=\"wpfd_downloadlink\" href=\"https:\/\/portal.pi.gov.br\/adh\/download\/29\/licitacoes\/1333\/planilha-orcamentaria-2.pdf\" title=\"Planilha Or\u00e7ament\u00e1ria\"><span class=\"extcol\">                                <span class=\"ext ext-pdf\"><\/span>                                Planilha Or\u00e7ament\u00e1ria                            <\/span><\/a><\/td><td class=\"file_size\">1.14 MB<\/td><td class=\"file_created\">12-12-2023<\/td>                                            <td class=\"col-download\">                            <a class=\"downloadlink wpfd_downloadlink\"  href=\"https:\/\/portal.pi.gov.br\/adh\/download\/29\/licitacoes\/1333\/planilha-orcamentaria-2.pdf\" style=\"background-color:#033b85;color:#ffffff;\">Baixar<i class=\"zmdi zmdi-cloud-download wpfd-download\"><\/i><\/a><a                            href=\"https:\/\/docs.google.com\/viewer?url=https%3A%2F%2Fportal.pi.gov.br%2Fadh%2Fwp-admin%2Fadmin-ajax.php%3Fjuwpfisadmin%3Dfalse%26action%3Dwpfd%26task%3Dfile.download%26wpfd_category_id%3D29%26wpfd_file_id%3D1333%26token%3D%26preview%3D1&#038;embedded=true\"                            class=\"openlink wpfdlightbox wpfd_previewlink\"                            target=\"\"                            data-id=\"1333\"                            data-catid=\"29\"                            data-file-type=\"pdf\">Visualizar<i class=\"zmdi zmdi-filter-center-focus wpfd-preview\"><\/i>                        <\/a>                        <\/td>                                    <\/tr>                            <tr class=\"file\" data-id=\"1332\"                    data-catid=\"29\">                    <td class=\"file_title\"><a class=\"wpfd_downloadlink\" href=\"https:\/\/portal.pi.gov.br\/adh\/download\/29\/licitacoes\/1332\/cronograma-fisico-e-financeiro.pdf\" title=\"Cronograma F\u00edsico e Financeiro\"><span class=\"extcol\">                                <span class=\"ext ext-pdf\"><\/span>                                Cronograma F\u00edsico e Financeiro                            <\/span><\/a><\/td><td class=\"file_size\">606.30 KB<\/td><td class=\"file_created\">12-12-2023<\/td>                                            <td class=\"col-download\">                            <a class=\"downloadlink wpfd_downloadlink\"  href=\"https:\/\/portal.pi.gov.br\/adh\/download\/29\/licitacoes\/1332\/cronograma-fisico-e-financeiro.pdf\" style=\"background-color:#033b85;color:#ffffff;\">Baixar<i class=\"zmdi zmdi-cloud-download wpfd-download\"><\/i><\/a><a                            href=\"https:\/\/docs.google.com\/viewer?url=https%3A%2F%2Fportal.pi.gov.br%2Fadh%2Fwp-admin%2Fadmin-ajax.php%3Fjuwpfisadmin%3Dfalse%26action%3Dwpfd%26task%3Dfile.download%26wpfd_category_id%3D29%26wpfd_file_id%3D1332%26token%3D%26preview%3D1&#038;embedded=true\"                            class=\"openlink wpfdlightbox wpfd_previewlink\"                            target=\"\"                            data-id=\"1332\"                            data-catid=\"29\"                            data-file-type=\"pdf\">Visualizar<i class=\"zmdi zmdi-filter-center-focus wpfd-preview\"><\/i>                        <\/a>                        <\/td>                                    <\/tr>                            <tr class=\"file\" data-id=\"1335\"                    data-catid=\"29\">                    <td class=\"file_title\"><a class=\"wpfd_downloadlink\" href=\"https:\/\/portal.pi.gov.br\/adh\/download\/29\/licitacoes\/1335\/sei_gov-pi-010386654-projeto-basico.pdf\" title=\"SEI_GOV-PI - 010386654 - Projeto B\u00e1sico\"><span class=\"extcol\">                                <span class=\"ext ext-pdf\"><\/span>                                SEI_GOV-PI - 010386654 - Projeto B\u00e1sico                            <\/span><\/a><\/td><td class=\"file_size\">905.78 KB<\/td><td class=\"file_created\">12-12-2023<\/td>                                            <td class=\"col-download\">                            <a class=\"downloadlink wpfd_downloadlink\"  href=\"https:\/\/portal.pi.gov.br\/adh\/download\/29\/licitacoes\/1335\/sei_gov-pi-010386654-projeto-basico.pdf\" style=\"background-color:#033b85;color:#ffffff;\">Baixar<i class=\"zmdi zmdi-cloud-download wpfd-download\"><\/i><\/a><a                            href=\"https:\/\/docs.google.com\/viewer?url=https%3A%2F%2Fportal.pi.gov.br%2Fadh%2Fwp-admin%2Fadmin-ajax.php%3Fjuwpfisadmin%3Dfalse%26action%3Dwpfd%26task%3Dfile.download%26wpfd_category_id%3D29%26wpfd_file_id%3D1335%26token%3D%26preview%3D1&#038;embedded=true\"                            class=\"openlink wpfdlightbox wpfd_previewlink\"                            target=\"\"                            data-id=\"1335\"                            data-catid=\"29\"                            data-file-type=\"pdf\">Visualizar<i class=\"zmdi zmdi-filter-center-focus wpfd-preview\"><\/i>                        <\/a>                        <\/td>                                    <\/tr>                            <tr class=\"file\" data-id=\"1331\"                    data-catid=\"29\">                    <td class=\"file_title\"><a class=\"wpfd_downloadlink\" href=\"https:\/\/portal.pi.gov.br\/adh\/download\/29\/licitacoes\/1331\/sei_gov-pi-010336686-edital-publicado.pdf\" title=\"SEI_GOV-PI - 010336686 - Edital publicado\"><span class=\"extcol\">                                <span class=\"ext ext-pdf\"><\/span>                                SEI_GOV-PI - 010336686 - Edital publicado                            <\/span><\/a><\/td><td class=\"file_size\">1.53 MB<\/td><td class=\"file_created\">11-12-2023<\/td>                                            <td class=\"col-download\">                            <a class=\"downloadlink wpfd_downloadlink\"  href=\"https:\/\/portal.pi.gov.br\/adh\/download\/29\/licitacoes\/1331\/sei_gov-pi-010336686-edital-publicado.pdf\" style=\"background-color:#033b85;color:#ffffff;\">Baixar<i class=\"zmdi zmdi-cloud-download wpfd-download\"><\/i><\/a><a                            href=\"https:\/\/docs.google.com\/viewer?url=https%3A%2F%2Fportal.pi.gov.br%2Fadh%2Fwp-admin%2Fadmin-ajax.php%3Fjuwpfisadmin%3Dfalse%26action%3Dwpfd%26task%3Dfile.download%26wpfd_category_id%3D29%26wpfd_file_id%3D1331%26token%3D%26preview%3D1&#038;embedded=true\"                            class=\"openlink wpfdlightbox wpfd_previewlink\"                            target=\"\"                            data-id=\"1331\"                            data-catid=\"29\"                            data-file-type=\"pdf\">Visualizar<i class=\"zmdi zmdi-filter-center-focus wpfd-preview\"><\/i>                        <\/a>                        <\/td>                                    <\/tr>                            <tr class=\"file\" data-id=\"1330\"                    data-catid=\"29\">                    <td class=\"file_title\"><a class=\"wpfd_downloadlink\" href=\"https:\/\/portal.pi.gov.br\/adh\/download\/29\/licitacoes\/1330\/sei_gov-pi-010295912-projeto-basico.pdf\" title=\"SEI_GOV-PI - 010295912 - Projeto B\u00e1sico\"><span class=\"extcol\">                                <span class=\"ext ext-pdf\"><\/span>                                SEI_GOV-PI - 010295912 - Projeto B\u00e1sico                            <\/span><\/a><\/td><td class=\"file_size\">1.18 MB<\/td><td class=\"file_created\">11-12-2023<\/td>                                            <td class=\"col-download\">                            <a class=\"downloadlink wpfd_downloadlink\"  href=\"https:\/\/portal.pi.gov.br\/adh\/download\/29\/licitacoes\/1330\/sei_gov-pi-010295912-projeto-basico.pdf\" style=\"background-color:#033b85;color:#ffffff;\">Baixar<i class=\"zmdi zmdi-cloud-download wpfd-download\"><\/i><\/a><a                            href=\"https:\/\/docs.google.com\/viewer?url=https%3A%2F%2Fportal.pi.gov.br%2Fadh%2Fwp-admin%2Fadmin-ajax.php%3Fjuwpfisadmin%3Dfalse%26action%3Dwpfd%26task%3Dfile.download%26wpfd_category_id%3D29%26wpfd_file_id%3D1330%26token%3D%26preview%3D1&#038;embedded=true\"                            class=\"openlink wpfdlightbox wpfd_previewlink\"                            target=\"\"                            data-id=\"1330\"                            data-catid=\"29\"                            data-file-type=\"pdf\">Visualizar<i class=\"zmdi zmdi-filter-center-focus wpfd-preview\"><\/i>                        <\/a>                        <\/td>                                    <\/tr>                            <tr class=\"file\" data-id=\"1329\"                    data-catid=\"29\">                    <td class=\"file_title\"><a class=\"wpfd_downloadlink\" href=\"https:\/\/portal.pi.gov.br\/adh\/download\/29\/licitacoes\/1329\/planilha-orcamentaria.pdf\" title=\"Planilha Or\u00e7ament\u00e1ria\"><span class=\"extcol\">                                <span class=\"ext ext-pdf\"><\/span>                                Planilha Or\u00e7ament\u00e1ria                            <\/span><\/a><\/td><td class=\"file_size\">369.95 KB<\/td><td class=\"file_created\">11-12-2023<\/td>                                            <td class=\"col-download\">                            <a class=\"downloadlink wpfd_downloadlink\"  href=\"https:\/\/portal.pi.gov.br\/adh\/download\/29\/licitacoes\/1329\/planilha-orcamentaria.pdf\" style=\"background-color:#033b85;color:#ffffff;\">Baixar<i class=\"zmdi zmdi-cloud-download wpfd-download\"><\/i><\/a><a                            href=\"https:\/\/docs.google.com\/viewer?url=https%3A%2F%2Fportal.pi.gov.br%2Fadh%2Fwp-admin%2Fadmin-ajax.php%3Fjuwpfisadmin%3Dfalse%26action%3Dwpfd%26task%3Dfile.download%26wpfd_category_id%3D29%26wpfd_file_id%3D1329%26token%3D%26preview%3D1&#038;embedded=true\"                            class=\"openlink wpfdlightbox wpfd_previewlink\"                            target=\"\"                            data-id=\"1329\"                            data-catid=\"29\"                            data-file-type=\"pdf\">Visualizar<i class=\"zmdi zmdi-filter-center-focus wpfd-preview\"><\/i>                        <\/a>                        <\/td>                                    <\/tr>                        <\/tbody>        <\/table>            <\/div><\/div><\/div><div class='wpfd-pagination'>\n\t<span class='page-numbers current'>1<\/span>\n<a class='page-numbers' data-page='2' data-sourcecat='29'>2<\/a>\n<a class='next page-numbers' data-page='2' data-sourcecat='29'>Pr\u00f3ximo &raquo;<\/a>\n<\/div>\n\n\n\n\n<div class=\"wp-block-columns is-layout-flex wp-container-2\">\n<div class=\"wp-block-column is-layout-flow\" style=\"flex-basis:100%\"><\/div>\n<\/div>\n\n\n\n<div class=\"wp-block-columns is-layout-flex wp-container-4\">\n<div class=\"wp-block-column is-layout-flow\" style=\"flex-basis:100%\"><\/div>\n<\/div>\n","protected":false},"excerpt":{"rendered":"","protected":false},"author":1,"featured_media":0,"parent":0,"menu_order":0,"comment_status":"closed","ping_status":"closed","template":"template-fullwidth.php","meta":[],"featured_image_urls":{"full":"","thumbnail":"","medium":"","medium_large":"","large":"","sgg-420":"","sgg-540":"","sgg-780":"","1536x1536":"","2048x2048":"","homepage-slider":"","homepage-slider-small":"","page-top":"","page-small":"","loop-main":"","thumb-gallery-widget":""},"post_excerpt_stackable":"<p>T\u00edtuloTamanhoData de Publica\u00e7\u00e3oBaixar SEI_GOV-PI &#8211; 010315173 &#8211; Projeto B\u00e1sico (1) 1.00 MB29-12-2023 BaixarVisualizar SEI_GOV-PI &#8211; 010601308 &#8211; Edital Publicado (1) 1.38 MB29-12-2023 BaixarVisualizar PLANILHA OR\u00c7AMENTARIA PAVIMENTA\u00c7\u00c3O PEDRO II (ATUALIZADA).xlsx (1) 517.03 KB29-12-2023 BaixarVisualizar SEI_GOV-PI &#8211; 010356878 &#8211; Edital 1.50 MB12-12-2023 BaixarVisualizar Planilha Or\u00e7ament\u00e1ria 1.14 MB12-12-2023 BaixarVisualizar Cronograma F\u00edsico e Financeiro 606.30 KB12-12-2023 BaixarVisualizar SEI_GOV-PI &#8211; 010386654 &#8211; Projeto B\u00e1sico 905.78 KB12-12-2023 BaixarVisualizar SEI_GOV-PI &#8211; 010336686 &#8211; Edital publicado 1.53 MB11-12-2023 BaixarVisualizar SEI_GOV-PI &#8211; 010295912 &#8211; Projeto B\u00e1sico 1.18 MB11-12-2023 BaixarVisualizar Planilha Or\u00e7ament\u00e1ria 369.95 KB11-12-2023 BaixarVisualizar 1 2 Pr\u00f3ximo &raquo;<\/p>\n","category_list":"","author_info":{"name":"admin","url":"https:\/\/portal.pi.gov.br\/adh\/author\/admin\/"},"comments_num":"0 coment\u00e1rio","featured_image_urls_v2":{"full":"","thumbnail":"","medium":"","medium_large":"","large":"","sgg-420":"","sgg-540":"","sgg-780":"","1536x1536":"","2048x2048":"","homepage-slider":"","homepage-slider-small":"","page-top":"","page-small":"","loop-main":"","thumb-gallery-widget":""},"post_excerpt_stackable_v2":"<p>T\u00edtuloTamanhoData de Publica\u00e7\u00e3oBaixar SEI_GOV-PI &#8211; 010315173 &#8211; Projeto B\u00e1sico (1) 1.00 MB29-12-2023 BaixarVisualizar SEI_GOV-PI &#8211; 010601308 &#8211; Edital Publicado (1) 1.38 MB29-12-2023 BaixarVisualizar PLANILHA OR\u00c7AMENTARIA PAVIMENTA\u00c7\u00c3O PEDRO II (ATUALIZADA).xlsx (1) 517.03 KB29-12-2023 BaixarVisualizar SEI_GOV-PI &#8211; 010356878 &#8211; Edital 1.50 MB12-12-2023 BaixarVisualizar Planilha Or\u00e7ament\u00e1ria 1.14 MB12-12-2023 BaixarVisualizar Cronograma F\u00edsico e Financeiro 606.30 KB12-12-2023 BaixarVisualizar SEI_GOV-PI &#8211; 010386654 &#8211; Projeto B\u00e1sico 905.78 KB12-12-2023 BaixarVisualizar SEI_GOV-PI &#8211; 010336686 &#8211; Edital publicado 1.53 MB11-12-2023 BaixarVisualizar SEI_GOV-PI &#8211; 010295912 &#8211; Projeto B\u00e1sico 1.18 MB11-12-2023 BaixarVisualizar Planilha Or\u00e7ament\u00e1ria 369.95 KB11-12-2023 BaixarVisualizar 1 2 Pr\u00f3ximo &raquo;<\/p>\n","category_list_v2":"","author_info_v2":{"name":"admin","url":"https:\/\/portal.pi.gov.br\/adh\/author\/admin\/"},"comments_num_v2":"0 coment\u00e1rio","_links":{"self":[{"href":"https:\/\/portal.pi.gov.br\/adh\/wp-json\/wp\/v2\/pages\/933"}],"collection":[{"href":"https:\/\/portal.pi.gov.br\/adh\/wp-json\/wp\/v2\/pages"}],"about":[{"href":"https:\/\/portal.pi.gov.br\/adh\/wp-json\/wp\/v2\/types\/page"}],"author":[{"embeddable":true,"href":"https:\/\/portal.pi.gov.br\/adh\/wp-json\/wp\/v2\/users\/1"}],"replies":[{"embeddable":true,"href":"https:\/\/portal.pi.gov.br\/adh\/wp-json\/wp\/v2\/comments?post=933"}],"version-history":[{"count":7,"href":"https:\/\/portal.pi.gov.br\/adh\/wp-json\/wp\/v2\/pages\/933\/revisions"}],"predecessor-version":[{"id":1294,"href":"https:\/\/portal.pi.gov.br\/adh\/wp-json\/wp\/v2\/pages\/933\/revisions\/1294"}],"wp:attachment":[{"href":"https:\/\/portal.pi.gov.br\/adh\/wp-json\/wp\/v2\/media?parent=933"}],"curies":[{"name":"wp","href":"https:\/\/api.w.org\/{rel}","templated":true}]}}