{"id":939,"date":"2023-06-21T10:17:19","date_gmt":"2023-06-21T13:17:19","guid":{"rendered":"https:\/\/portal.pi.gov.br\/adh\/?page_id=939"},"modified":"2023-07-25T09:25:21","modified_gmt":"2023-07-25T12:25:21","slug":"localizacao","status":"publish","type":"page","link":"https:\/\/portal.pi.gov.br\/adh\/localizacao\/","title":{"rendered":"Onde Estamos"},"content":{"rendered":"\n<div class=\"wp-block-stackable-map stk-block-map stk-block stk-a687f6a\" data-block-id=\"a687f6a\"><\/div>\n\n\n\n<p><strong>Ag\u00eancia de Desenvolvimento Habitacional do Estado do Piau\u00ed<\/strong> &#8211; <strong>Sede<\/strong><br>Av. Jos\u00e9 dos Santos e Silva, n\u00ba 1155 <br>Centro <br>CEP 64.001-300 Teresina, Piau\u00ed<br><\/p>\n\n\n\n<p><strong><u>Escrit\u00f3rio Regional de Parna\u00edba<\/u><\/strong><\/p>\n\n\n\n<p>Quadra 08 Casa 26<\/p>\n\n\n\n<p>Conjunto Igara\u00e7u, bairro Rodovi\u00e1ria<\/p>\n\n\n\n<p>CEP: 64.215-710 Parna\u00edba, Piau\u00ed<\/p>\n\n\n\n<p><\/p>\n\n\n\n<p><strong><u>Escrit\u00f3rio Regional de Campo Maior<\/u><\/strong><\/p>\n\n\n\n<p>Espa\u00e7o Cidad\u00e3o<\/p>\n\n\n\n<p>Pra\u00e7a Antonio Andrade, S\/N<\/p>\n\n\n\n<p>CEP: 64.280-000 \u2013 Campo Maior, Piau\u00ed<\/p>\n\n\n\n<p><\/p>\n\n\n\n<p><strong><u>Escrit\u00f3rio Regional de Picos<\/u><\/strong><\/p>\n\n\n\n<p>Avenida Francisco Ferreira Pimentel, S\/N<\/p>\n\n\n\n<p>Conjunto Petr\u00f4nio Portela, bairro Paraibinha<\/p>\n\n\n\n<p>CEP: 64.606-275 \u2013 Picos, Piau\u00ed<\/p>\n\n\n\n<p><\/p>\n\n\n\n<p><strong><u>Escrit\u00f3rio Regional de Floriano<\/u><\/strong><\/p>\n\n\n\n<p>Quadra A Casa 27<\/p>\n\n\n\n<p>Conjunto Para\u00edso, Bairro Campo Velho<\/p>\n\n\n\n<p>CEP: 64808-095 \u2013 Floriano, Piau\u00ed<\/p>\n\n\n\n<p><\/p>\n","protected":false},"excerpt":{"rendered":"<p>Ag\u00eancia de Desenvolvimento Habitacional do Estado do Piau\u00ed &#8211; SedeAv. Jos\u00e9 dos Santos e Silva, n\u00ba 1155 Centro CEP 64.001-300 Teresina, Piau\u00ed Escrit\u00f3rio Regional de Parna\u00edba Quadra 08 Casa 26 [&hellip;]<\/p>\n","protected":false},"author":1,"featured_media":0,"parent":0,"menu_order":0,"comment_status":"closed","ping_status":"closed","template":"template-fullwidth.php","meta":[],"featured_image_urls":{"full":"","thumbnail":"","medium":"","medium_large":"","large":"","sgg-420":"","sgg-540":"","sgg-780":"","1536x1536":"","2048x2048":"","homepage-slider":"","homepage-slider-small":"","page-top":"","page-small":"","loop-main":"","thumb-gallery-widget":""},"post_excerpt_stackable":"<p>Ag\u00eancia de Desenvolvimento Habitacional do Estado do Piau\u00ed &#8211; SedeAv. Jos\u00e9 dos Santos e Silva, n\u00ba 1155 Centro CEP 64.001-300 Teresina, Piau\u00ed Escrit\u00f3rio Regional de Parna\u00edba Quadra 08 Casa 26 Conjunto Igara\u00e7u, bairro Rodovi\u00e1ria CEP: 64.215-710 Parna\u00edba, Piau\u00ed Escrit\u00f3rio Regional de Campo Maior Espa\u00e7o Cidad\u00e3o Pra\u00e7a Antonio Andrade, S\/N CEP: 64.280-000 \u2013 Campo Maior, Piau\u00ed Escrit\u00f3rio Regional de Picos Avenida Francisco Ferreira Pimentel, S\/N Conjunto Petr\u00f4nio Portela, bairro Paraibinha CEP: 64.606-275 \u2013 Picos, Piau\u00ed Escrit\u00f3rio Regional de Floriano Quadra A Casa 27 Conjunto Para\u00edso, Bairro Campo Velho CEP: 64808-095 \u2013 Floriano, Piau\u00ed<\/p>\n","category_list":"","author_info":{"name":"admin","url":"https:\/\/portal.pi.gov.br\/adh\/author\/admin\/"},"comments_num":"0 coment\u00e1rio","featured_image_urls_v2":{"full":"","thumbnail":"","medium":"","medium_large":"","large":"","sgg-420":"","sgg-540":"","sgg-780":"","1536x1536":"","2048x2048":"","homepage-slider":"","homepage-slider-small":"","page-top":"","page-small":"","loop-main":"","thumb-gallery-widget":""},"post_excerpt_stackable_v2":"<p>Ag\u00eancia de Desenvolvimento Habitacional do Estado do Piau\u00ed &#8211; SedeAv. Jos\u00e9 dos Santos e Silva, n\u00ba 1155 Centro CEP 64.001-300 Teresina, Piau\u00ed Escrit\u00f3rio Regional de Parna\u00edba Quadra 08 Casa 26 Conjunto Igara\u00e7u, bairro Rodovi\u00e1ria CEP: 64.215-710 Parna\u00edba, Piau\u00ed Escrit\u00f3rio Regional de Campo Maior Espa\u00e7o Cidad\u00e3o Pra\u00e7a Antonio Andrade, S\/N CEP: 64.280-000 \u2013 Campo Maior, Piau\u00ed Escrit\u00f3rio Regional de Picos Avenida Francisco Ferreira Pimentel, S\/N Conjunto Petr\u00f4nio Portela, bairro Paraibinha CEP: 64.606-275 \u2013 Picos, Piau\u00ed Escrit\u00f3rio Regional de Floriano Quadra A Casa 27 Conjunto Para\u00edso, Bairro Campo Velho CEP: 64808-095 \u2013 Floriano, Piau\u00ed<\/p>\n","category_list_v2":"","author_info_v2":{"name":"admin","url":"https:\/\/portal.pi.gov.br\/adh\/author\/admin\/"},"comments_num_v2":"0 coment\u00e1rio","_links":{"self":[{"href":"https:\/\/portal.pi.gov.br\/adh\/wp-json\/wp\/v2\/pages\/939"}],"collection":[{"href":"https:\/\/portal.pi.gov.br\/adh\/wp-json\/wp\/v2\/pages"}],"about":[{"href":"https:\/\/portal.pi.gov.br\/adh\/wp-json\/wp\/v2\/types\/page"}],"author":[{"embeddable":true,"href":"https:\/\/portal.pi.gov.br\/adh\/wp-json\/wp\/v2\/users\/1"}],"replies":[{"embeddable":true,"href":"https:\/\/portal.pi.gov.br\/adh\/wp-json\/wp\/v2\/comments?post=939"}],"version-history":[{"count":7,"href":"https:\/\/portal.pi.gov.br\/adh\/wp-json\/wp\/v2\/pages\/939\/revisions"}],"predecessor-version":[{"id":1031,"href":"https:\/\/portal.pi.gov.br\/adh\/wp-json\/wp\/v2\/pages\/939\/revisions\/1031"}],"wp:attachment":[{"href":"https:\/\/portal.pi.gov.br\/adh\/wp-json\/wp\/v2\/media?parent=939"}],"curies":[{"name":"wp","href":"https:\/\/api.w.org\/{rel}","templated":true}]}}