{"id":2271,"date":"2024-12-18T10:21:31","date_gmt":"2024-12-18T13:21:31","guid":{"rendered":"https:\/\/portal.pi.gov.br\/agrespi\/?page_id=2271"},"modified":"2025-03-28T17:26:36","modified_gmt":"2025-03-28T20:26:36","slug":"petroleo-e-gas-natural","status":"publish","type":"page","link":"https:\/\/portal.pi.gov.br\/agrespi\/petroleo-e-gas-natural\/","title":{"rendered":"\ud83c\udfd7  Petr\u00f3leo e G\u00e1s Natural"},"content":{"rendered":"\n<p>\ud83c\udfd7  <strong>G\u00e1s Natural<\/strong><\/p>\n\n\n\n<p>Compet\u00eancia para Regular<\/p>\n\n\n\n<p>A explora\u00e7\u00e3o, produ\u00e7\u00e3o, comercializa\u00e7\u00e3o e transporte de G\u00e1s Natural s\u00e3o atividades reguladas pela Ag\u00eancia Nacional de Petr\u00f3leo, G\u00e1s Natural e Biocombust\u00edveis \u2013 ANP por for\u00e7a da Constitui\u00e7\u00e3o Federal de 1988 e da Lei 9478\/97, a chamada Lei do Petr\u00f3leo.<\/p>\n\n\n\n<p>J\u00e1 a distribui\u00e7\u00e3o de g\u00e1s canalizado \u00e9 de compet\u00eancia dos Estados, e no caso do Estado do Piau\u00ed, \u00e0 AGRESPI, que tem entre suas principais responsabilidades, a de zelar pela qualidade e efici\u00eancia dos servi\u00e7os de distribui\u00e7\u00e3o de G\u00e1s Natural canalizado prestados pela concession\u00e1ria.<\/p>\n\n\n\n<p>Suas atividades compreendem, observada a compet\u00eancia pr\u00f3pria dos outros entes federados, controlar e fiscalizar, normatizar, padronizar, conceder, se for o caso,&nbsp;e fixar tarifas dos servi\u00e7os delegados, em decorr\u00eancia de norma legal ou regulamentar, disposi\u00e7\u00e3o convenial ou contratual, ou por ato administrativo do Estado do Piau\u00ed.<\/p>\n","protected":false},"excerpt":{"rendered":"<p>\ud83c\udfd7 G\u00e1s Natural Compet\u00eancia para Regular A explora\u00e7\u00e3o, produ\u00e7\u00e3o, comercializa\u00e7\u00e3o e transporte de G\u00e1s Natural s\u00e3o atividades reguladas pela Ag\u00eancia Nacional de Petr\u00f3leo, G\u00e1s Natural e Biocombust\u00edveis \u2013 ANP por [&hellip;]<\/p>\n","protected":false},"author":28,"featured_media":0,"parent":0,"menu_order":0,"comment_status":"closed","ping_status":"closed","template":"template-fullwidth.php","meta":[],"featured_image_urls":{"full":"","thumbnail":"","medium":"","medium_large":"","large":"","sgg-420":"","sgg-540":"","sgg-780":"","1536x1536":"","2048x2048":"","homepage-slider":"","homepage-slider-small":"","page-top":"","page-small":"","loop-main":"","thumb-gallery-widget":""},"post_excerpt_stackable":"<p>\ud83c\udfd7 G\u00e1s Natural Compet\u00eancia para Regular A explora\u00e7\u00e3o, produ\u00e7\u00e3o, comercializa\u00e7\u00e3o e transporte de G\u00e1s Natural s\u00e3o atividades reguladas pela Ag\u00eancia Nacional de Petr\u00f3leo, G\u00e1s Natural e Biocombust\u00edveis \u2013 ANP por for\u00e7a da Constitui\u00e7\u00e3o Federal de 1988 e da Lei 9478\/97, a chamada Lei do Petr\u00f3leo. J\u00e1 a distribui\u00e7\u00e3o de g\u00e1s canalizado \u00e9 de compet\u00eancia dos Estados, e no caso do Estado do Piau\u00ed, \u00e0 AGRESPI, que tem entre suas principais responsabilidades, a de zelar pela qualidade e efici\u00eancia dos servi\u00e7os de distribui\u00e7\u00e3o de G\u00e1s Natural canalizado prestados pela concession\u00e1ria. Suas atividades compreendem, observada a compet\u00eancia pr\u00f3pria dos outros entes federados,&hellip;<\/p>\n","category_list":"","author_info":{"name":"tassodenis","url":"https:\/\/portal.pi.gov.br\/agrespi\/author\/tassodenis\/"},"comments_num":"0 coment\u00e1rio","featured_image_urls_v2":{"full":"","thumbnail":"","medium":"","medium_large":"","large":"","sgg-420":"","sgg-540":"","sgg-780":"","1536x1536":"","2048x2048":"","homepage-slider":"","homepage-slider-small":"","page-top":"","page-small":"","loop-main":"","thumb-gallery-widget":""},"post_excerpt_stackable_v2":"<p>\ud83c\udfd7 G\u00e1s Natural Compet\u00eancia para Regular A explora\u00e7\u00e3o, produ\u00e7\u00e3o, comercializa\u00e7\u00e3o e transporte de G\u00e1s Natural s\u00e3o atividades reguladas pela Ag\u00eancia Nacional de Petr\u00f3leo, G\u00e1s Natural e Biocombust\u00edveis \u2013 ANP por for\u00e7a da Constitui\u00e7\u00e3o Federal de 1988 e da Lei 9478\/97, a chamada Lei do Petr\u00f3leo. J\u00e1 a distribui\u00e7\u00e3o de g\u00e1s canalizado \u00e9 de compet\u00eancia dos Estados, e no caso do Estado do Piau\u00ed, \u00e0 AGRESPI, que tem entre suas principais responsabilidades, a de zelar pela qualidade e efici\u00eancia dos servi\u00e7os de distribui\u00e7\u00e3o de G\u00e1s Natural canalizado prestados pela concession\u00e1ria. Suas atividades compreendem, observada a compet\u00eancia pr\u00f3pria dos outros entes federados,&hellip;<\/p>\n","category_list_v2":"","author_info_v2":{"name":"tassodenis","url":"https:\/\/portal.pi.gov.br\/agrespi\/author\/tassodenis\/"},"comments_num_v2":"0 coment\u00e1rio","_links":{"self":[{"href":"https:\/\/portal.pi.gov.br\/agrespi\/wp-json\/wp\/v2\/pages\/2271"}],"collection":[{"href":"https:\/\/portal.pi.gov.br\/agrespi\/wp-json\/wp\/v2\/pages"}],"about":[{"href":"https:\/\/portal.pi.gov.br\/agrespi\/wp-json\/wp\/v2\/types\/page"}],"author":[{"embeddable":true,"href":"https:\/\/portal.pi.gov.br\/agrespi\/wp-json\/wp\/v2\/users\/28"}],"replies":[{"embeddable":true,"href":"https:\/\/portal.pi.gov.br\/agrespi\/wp-json\/wp\/v2\/comments?post=2271"}],"version-history":[{"count":3,"href":"https:\/\/portal.pi.gov.br\/agrespi\/wp-json\/wp\/v2\/pages\/2271\/revisions"}],"predecessor-version":[{"id":2412,"href":"https:\/\/portal.pi.gov.br\/agrespi\/wp-json\/wp\/v2\/pages\/2271\/revisions\/2412"}],"wp:attachment":[{"href":"https:\/\/portal.pi.gov.br\/agrespi\/wp-json\/wp\/v2\/media?parent=2271"}],"curies":[{"name":"wp","href":"https:\/\/api.w.org\/{rel}","templated":true}]}}