{"id":2275,"date":"2024-12-18T10:22:19","date_gmt":"2024-12-18T13:22:19","guid":{"rendered":"https:\/\/portal.pi.gov.br\/agrespi\/?page_id=2275"},"modified":"2025-03-28T17:21:17","modified_gmt":"2025-03-28T20:21:17","slug":"transporte","status":"publish","type":"page","link":"https:\/\/portal.pi.gov.br\/agrespi\/transporte\/","title":{"rendered":"\ud83d\ude8c  Transporte"},"content":{"rendered":"\n<p><strong>Servi\u00e7os de Transporte P\u00fablico Intermunicipal<\/strong><\/p>\n\n\n\n<p>Segundo a Constitui\u00e7\u00e3o Federal de 1988, o servi\u00e7o de transporte intermunicipal de passageiros \u00e9 de compet\u00eancia dos Estados.<\/p>\n\n\n\n<p><strong>Compet\u00eancia da AGRESPI<\/strong><\/p>\n\n\n\n<p><\/p>\n\n\n\n<p>a) fiscalizar os servi\u00e7os p\u00fablicos delegados de transporte intermunicipal de passageiros concedidos pela Secretaria de Transportes do Estado, nas rodovias federais, estaduais ou municipais, zelando pela sua boa qualidade e visando a satisfa\u00e7\u00e3o dos usu\u00e1rios;<br>b) coibir o transporte irregular, n\u00e3o concedido ou n\u00e3o autorizado, intervir na execu\u00e7\u00e3o e presta\u00e7\u00e3o de servi\u00e7o, nos casos e condi\u00e7\u00f5es previstas em lei e no contrato;<br>c)&nbsp;realizar a inspe\u00e7\u00e3o veicular segundo os padr\u00f5es t\u00e9cnicos definidos pela lei e outros regulamentos;<br>d)&nbsp;exercer as atribui\u00e7\u00f5es de planejamento, organiza\u00e7\u00e3o, coordena\u00e7\u00e3o e controle do sistema de transporte coletivo rodovi\u00e1rio intermunicipal de passageiros;<br>e)&nbsp;proceder \u00e0 avalia\u00e7\u00e3o e ao acompanhamento do Plano Estadual de Transportes;<br>f)&nbsp;aplicar as penalidades regulamentares e contratuais quando do n\u00e3o cumprimento da regula\u00e7\u00e3o e do contrato;<br>g)&nbsp;fiscalizar a concess\u00e3o de rodovias estaduais, bem como, atrav\u00e9s de conv\u00eanios, as federais e municipais.<br>h)&nbsp;a fiscaliza\u00e7\u00e3o dos portos, hidrovias e transporte hidrovi\u00e1rio, aeroportos e transporte a\u00e9reo, como tamb\u00e9m das ferrovias, esta\u00e7\u00f5es ferrovi\u00e1rias e transporte ferrovi\u00e1rio;<\/p>\n\n\n\n<p><strong>Objetivos da AGRESPI junto ao Setor de Transportes<\/strong><\/p>\n\n\n\n<p>A AGRESPI exercer\u00e1 suas atribui\u00e7\u00f5es sempre visando atender os interesses&nbsp;e queixas dos usu\u00e1rios, zelando pela qualidade, continuidade, pontualidade e seguran\u00e7a dos servi\u00e7os delegados de transportes p\u00fablicos intermunicipais, atentos quanto \u00e0 preserva\u00e7\u00e3o ambiental, a conserva\u00e7\u00e3o dos bens e equipamentos utilizados no servi\u00e7o, estimular a concorr\u00eancia e incentivar a competitividade.<\/p>\n\n\n\n<p>Objetiva tamb\u00e9m estimular a forma\u00e7\u00e3o de associa\u00e7\u00e3o de usu\u00e1rios para defesa de interesses relativos aos servi\u00e7os, assegurar o princ\u00edpio da op\u00e7\u00e3o do usu\u00e1rio mediante o est\u00edmulo \u00e0 livre concorr\u00eancia e \u00e0 variedade de combina\u00e7\u00e3o de pre\u00e7o, qualidade e quantidade dos servi\u00e7os, normatizar sobre os ve\u00edculos a serem utilizados nos servi\u00e7os de transporte, inclusive, idade m\u00e1xima da frota, promover o procedimento de autoriza\u00e7\u00f5es prec\u00e1rias e de fretamento, zelando sempre pelo fiel cumprimento da legisla\u00e7\u00e3o vigente.<br><br><\/p>\n","protected":false},"excerpt":{"rendered":"<p>Servi\u00e7os de Transporte P\u00fablico Intermunicipal Segundo a Constitui\u00e7\u00e3o Federal de 1988, o servi\u00e7o de transporte intermunicipal de passageiros \u00e9 de compet\u00eancia dos Estados. Compet\u00eancia da AGRESPI a) fiscalizar os servi\u00e7os [&hellip;]<\/p>\n","protected":false},"author":28,"featured_media":0,"parent":0,"menu_order":0,"comment_status":"closed","ping_status":"closed","template":"template-fullwidth.php","meta":[],"featured_image_urls":{"full":"","thumbnail":"","medium":"","medium_large":"","large":"","sgg-420":"","sgg-540":"","sgg-780":"","1536x1536":"","2048x2048":"","homepage-slider":"","homepage-slider-small":"","page-top":"","page-small":"","loop-main":"","thumb-gallery-widget":""},"post_excerpt_stackable":"<p>Servi\u00e7os de Transporte P\u00fablico Intermunicipal Segundo a Constitui\u00e7\u00e3o Federal de 1988, o servi\u00e7o de transporte intermunicipal de passageiros \u00e9 de compet\u00eancia dos Estados. Compet\u00eancia da AGRESPI a) fiscalizar os servi\u00e7os p\u00fablicos delegados de transporte intermunicipal de passageiros concedidos pela Secretaria de Transportes do Estado, nas rodovias federais, estaduais ou municipais, zelando pela sua boa qualidade e visando a satisfa\u00e7\u00e3o dos usu\u00e1rios;b) coibir o transporte irregular, n\u00e3o concedido ou n\u00e3o autorizado, intervir na execu\u00e7\u00e3o e presta\u00e7\u00e3o de servi\u00e7o, nos casos e condi\u00e7\u00f5es previstas em lei e no contrato;c)&nbsp;realizar a inspe\u00e7\u00e3o veicular segundo os padr\u00f5es t\u00e9cnicos definidos pela lei e outros regulamentos;d)&nbsp;exercer&hellip;<\/p>\n","category_list":"","author_info":{"name":"tassodenis","url":"https:\/\/portal.pi.gov.br\/agrespi\/author\/tassodenis\/"},"comments_num":"0 coment\u00e1rio","featured_image_urls_v2":{"full":"","thumbnail":"","medium":"","medium_large":"","large":"","sgg-420":"","sgg-540":"","sgg-780":"","1536x1536":"","2048x2048":"","homepage-slider":"","homepage-slider-small":"","page-top":"","page-small":"","loop-main":"","thumb-gallery-widget":""},"post_excerpt_stackable_v2":"<p>Servi\u00e7os de Transporte P\u00fablico Intermunicipal Segundo a Constitui\u00e7\u00e3o Federal de 1988, o servi\u00e7o de transporte intermunicipal de passageiros \u00e9 de compet\u00eancia dos Estados. Compet\u00eancia da AGRESPI a) fiscalizar os servi\u00e7os p\u00fablicos delegados de transporte intermunicipal de passageiros concedidos pela Secretaria de Transportes do Estado, nas rodovias federais, estaduais ou municipais, zelando pela sua boa qualidade e visando a satisfa\u00e7\u00e3o dos usu\u00e1rios;b) coibir o transporte irregular, n\u00e3o concedido ou n\u00e3o autorizado, intervir na execu\u00e7\u00e3o e presta\u00e7\u00e3o de servi\u00e7o, nos casos e condi\u00e7\u00f5es previstas em lei e no contrato;c)&nbsp;realizar a inspe\u00e7\u00e3o veicular segundo os padr\u00f5es t\u00e9cnicos definidos pela lei e outros regulamentos;d)&nbsp;exercer&hellip;<\/p>\n","category_list_v2":"","author_info_v2":{"name":"tassodenis","url":"https:\/\/portal.pi.gov.br\/agrespi\/author\/tassodenis\/"},"comments_num_v2":"0 coment\u00e1rio","_links":{"self":[{"href":"https:\/\/portal.pi.gov.br\/agrespi\/wp-json\/wp\/v2\/pages\/2275"}],"collection":[{"href":"https:\/\/portal.pi.gov.br\/agrespi\/wp-json\/wp\/v2\/pages"}],"about":[{"href":"https:\/\/portal.pi.gov.br\/agrespi\/wp-json\/wp\/v2\/types\/page"}],"author":[{"embeddable":true,"href":"https:\/\/portal.pi.gov.br\/agrespi\/wp-json\/wp\/v2\/users\/28"}],"replies":[{"embeddable":true,"href":"https:\/\/portal.pi.gov.br\/agrespi\/wp-json\/wp\/v2\/comments?post=2275"}],"version-history":[{"count":3,"href":"https:\/\/portal.pi.gov.br\/agrespi\/wp-json\/wp\/v2\/pages\/2275\/revisions"}],"predecessor-version":[{"id":2410,"href":"https:\/\/portal.pi.gov.br\/agrespi\/wp-json\/wp\/v2\/pages\/2275\/revisions\/2410"}],"wp:attachment":[{"href":"https:\/\/portal.pi.gov.br\/agrespi\/wp-json\/wp\/v2\/media?parent=2275"}],"curies":[{"name":"wp","href":"https:\/\/api.w.org\/{rel}","templated":true}]}}