{"id":2287,"date":"2024-12-18T10:25:11","date_gmt":"2024-12-18T13:25:11","guid":{"rendered":"https:\/\/portal.pi.gov.br\/agrespi\/?page_id=2287"},"modified":"2025-03-28T16:22:32","modified_gmt":"2025-03-28T19:22:32","slug":"contato-2","status":"publish","type":"page","link":"https:\/\/portal.pi.gov.br\/agrespi\/contato-2\/","title":{"rendered":"\ud83d\udcf2  Contato"},"content":{"rendered":"\n<p><strong>Para d\u00favidas, sugest\u00f5es, den\u00fancias e reclama\u00e7\u00f5es sobre:<\/strong><\/p>\n\n\n\n<ul>\n<li>Servi\u00e7os de abastecimento de \u00e1gua e saneamento da zona rural de Teresina e restante do Piau\u00ed<\/li>\n\n\n\n<li>Servi\u00e7os de atendimento dos terminais rodovi\u00e1rios de Teresina, Picos e Floriano.<\/li>\n\n\n\n<li>Email:&nbsp;ouvidoria@agrespi.pi.gov.br<\/li>\n\n\n\n<li>Endere\u00e7o:&nbsp;Rua Jaic\u00f3s, 1435 &#8211; Ilhotas, Teresina &#8211; PI, 64049-010<\/li>\n\n\n\n<li>Telefone\/WhatsApp:&nbsp;(86) 9 9520 &#8211; 4096<\/li>\n<\/ul>\n\n\n\n<p class=\"has-text-align-center\">&nbsp;&nbsp;&nbsp;&nbsp;&nbsp;&nbsp;&nbsp;&nbsp;&nbsp;&nbsp;&nbsp;&nbsp; <strong>Aponte a sua c\u00e2mera para o QR Code abaixo e fale com a nossa ouvidoria.<\/strong><\/p>\n\n\n<div class=\"wp-block-image\">\n<figure class=\"aligncenter size-full\"><img decoding=\"async\" loading=\"lazy\" width=\"85\" height=\"83\" src=\"https:\/\/portal.pi.gov.br\/agrespi\/wp-content\/uploads\/sites\/66\/2024\/12\/image.png\" alt=\"\" class=\"wp-image-2319\" \/><\/figure><\/div>\n\n\n<div class=\"wp-block-contact-form-7-contact-form-selector\">\n<div class=\"wpcf7 no-js\" id=\"wpcf7-f482-o1\" lang=\"pt-BR\" dir=\"ltr\">\n<div class=\"screen-reader-response\"><p role=\"status\" aria-live=\"polite\" aria-atomic=\"true\"><\/p> <ul><\/ul><\/div>\n<form action=\"\/agrespi\/wp-json\/wp\/v2\/pages\/2287#wpcf7-f482-o1\" method=\"post\" class=\"wpcf7-form init\" aria-label=\"Formul\u00e1rios de contato\" novalidate=\"novalidate\" data-status=\"init\">\n<div style=\"display: none;\">\n<input type=\"hidden\" name=\"_wpcf7\" value=\"482\" \/>\n<input type=\"hidden\" name=\"_wpcf7_version\" value=\"5.7.7\" \/>\n<input type=\"hidden\" name=\"_wpcf7_locale\" value=\"pt_BR\" \/>\n<input type=\"hidden\" name=\"_wpcf7_unit_tag\" value=\"wpcf7-f482-o1\" \/>\n<input type=\"hidden\" name=\"_wpcf7_container_post\" value=\"0\" \/>\n<input type=\"hidden\" name=\"_wpcf7_posted_data_hash\" value=\"\" \/>\n<input type=\"hidden\" name=\"_wpcf7_recaptcha_response\" value=\"\" \/>\n<\/div>\n<p><label> Seu nome (obrigat\u00f3rio)<br \/>\n<span class=\"wpcf7-form-control-wrap\" data-name=\"your-name\"><input size=\"40\" class=\"wpcf7-form-control wpcf7-text wpcf7-validates-as-required\" aria-required=\"true\" aria-invalid=\"false\" value=\"\" type=\"text\" name=\"your-name\" \/><\/span> <\/label>\n<\/p>\n<p><label> Seu e-mail (obrigat\u00f3rio)<br \/>\n<span class=\"wpcf7-form-control-wrap\" data-name=\"your-email\"><input size=\"40\" class=\"wpcf7-form-control wpcf7-text wpcf7-email wpcf7-validates-as-required wpcf7-validates-as-email\" aria-required=\"true\" aria-invalid=\"false\" value=\"\" type=\"email\" name=\"your-email\" \/><\/span> <\/label>\n<\/p>\n<p><label> Assunto<br \/>\n<span class=\"wpcf7-form-control-wrap\" data-name=\"your-subject\"><input size=\"40\" class=\"wpcf7-form-control wpcf7-text\" aria-invalid=\"false\" value=\"\" type=\"text\" name=\"your-subject\" \/><\/span> <\/label>\n<\/p>\n<p><label> Sua mensagem<br \/>\n<span class=\"wpcf7-form-control-wrap\" data-name=\"your-message\"><textarea cols=\"40\" rows=\"10\" class=\"wpcf7-form-control wpcf7-textarea\" aria-invalid=\"false\" name=\"your-message\"><\/textarea><\/span> <\/label>\n<\/p>\n<p><input class=\"wpcf7-form-control has-spinner wpcf7-submit\" type=\"submit\" value=\"Enviar\" \/>\n<\/p><div class=\"wpcf7-response-output\" aria-hidden=\"true\"><\/div>\n<\/form>\n<\/div>\n<\/div>\n","protected":false},"excerpt":{"rendered":"<p>Para d\u00favidas, sugest\u00f5es, den\u00fancias e reclama\u00e7\u00f5es sobre: &nbsp;&nbsp;&nbsp;&nbsp;&nbsp;&nbsp;&nbsp;&nbsp;&nbsp;&nbsp;&nbsp;&nbsp; Aponte a sua c\u00e2mera para o QR Code abaixo e fale com a nossa ouvidoria.<\/p>\n","protected":false},"author":28,"featured_media":0,"parent":0,"menu_order":0,"comment_status":"closed","ping_status":"closed","template":"template-fullwidth.php","meta":[],"featured_image_urls":{"full":"","thumbnail":"","medium":"","medium_large":"","large":"","sgg-420":"","sgg-540":"","sgg-780":"","1536x1536":"","2048x2048":"","homepage-slider":"","homepage-slider-small":"","page-top":"","page-small":"","loop-main":"","thumb-gallery-widget":""},"post_excerpt_stackable":"<p>Para d\u00favidas, sugest\u00f5es, den\u00fancias e reclama\u00e7\u00f5es sobre: Servi\u00e7os de abastecimento de \u00e1gua e saneamento da zona rural de Teresina e restante do Piau\u00ed Servi\u00e7os de atendimento dos terminais rodovi\u00e1rios de Teresina, Picos e Floriano. Email:&nbsp;ouvidoria@agrespi.pi.gov.br Endere\u00e7o:&nbsp;Rua Jaic\u00f3s, 1435 &#8211; Ilhotas, Teresina &#8211; PI, 64049-010 Telefone\/WhatsApp:&nbsp;(86) 9 9520 &#8211; 4096 &nbsp;&nbsp;&nbsp;&nbsp;&nbsp;&nbsp;&nbsp;&nbsp;&nbsp;&nbsp;&nbsp;&nbsp; Aponte a sua c\u00e2mera para o QR Code abaixo e fale com a nossa ouvidoria. Seu nome (obrigat\u00f3rio) Seu e-mail (obrigat\u00f3rio) Assunto Sua mensagem<\/p>\n","category_list":"","author_info":{"name":"tassodenis","url":"https:\/\/portal.pi.gov.br\/agrespi\/author\/tassodenis\/"},"comments_num":"0 coment\u00e1rio","featured_image_urls_v2":{"full":"","thumbnail":"","medium":"","medium_large":"","large":"","sgg-420":"","sgg-540":"","sgg-780":"","1536x1536":"","2048x2048":"","homepage-slider":"","homepage-slider-small":"","page-top":"","page-small":"","loop-main":"","thumb-gallery-widget":""},"post_excerpt_stackable_v2":"<p>Para d\u00favidas, sugest\u00f5es, den\u00fancias e reclama\u00e7\u00f5es sobre: Servi\u00e7os de abastecimento de \u00e1gua e saneamento da zona rural de Teresina e restante do Piau\u00ed Servi\u00e7os de atendimento dos terminais rodovi\u00e1rios de Teresina, Picos e Floriano. Email:&nbsp;ouvidoria@agrespi.pi.gov.br Endere\u00e7o:&nbsp;Rua Jaic\u00f3s, 1435 &#8211; Ilhotas, Teresina &#8211; PI, 64049-010 Telefone\/WhatsApp:&nbsp;(86) 9 9520 &#8211; 4096 &nbsp;&nbsp;&nbsp;&nbsp;&nbsp;&nbsp;&nbsp;&nbsp;&nbsp;&nbsp;&nbsp;&nbsp; Aponte a sua c\u00e2mera para o QR Code abaixo e fale com a nossa ouvidoria. Seu nome (obrigat\u00f3rio) Seu e-mail (obrigat\u00f3rio) Assunto Sua mensagem<\/p>\n","category_list_v2":"","author_info_v2":{"name":"tassodenis","url":"https:\/\/portal.pi.gov.br\/agrespi\/author\/tassodenis\/"},"comments_num_v2":"0 coment\u00e1rio","_links":{"self":[{"href":"https:\/\/portal.pi.gov.br\/agrespi\/wp-json\/wp\/v2\/pages\/2287"}],"collection":[{"href":"https:\/\/portal.pi.gov.br\/agrespi\/wp-json\/wp\/v2\/pages"}],"about":[{"href":"https:\/\/portal.pi.gov.br\/agrespi\/wp-json\/wp\/v2\/types\/page"}],"author":[{"embeddable":true,"href":"https:\/\/portal.pi.gov.br\/agrespi\/wp-json\/wp\/v2\/users\/28"}],"replies":[{"embeddable":true,"href":"https:\/\/portal.pi.gov.br\/agrespi\/wp-json\/wp\/v2\/comments?post=2287"}],"version-history":[{"count":4,"href":"https:\/\/portal.pi.gov.br\/agrespi\/wp-json\/wp\/v2\/pages\/2287\/revisions"}],"predecessor-version":[{"id":2402,"href":"https:\/\/portal.pi.gov.br\/agrespi\/wp-json\/wp\/v2\/pages\/2287\/revisions\/2402"}],"wp:attachment":[{"href":"https:\/\/portal.pi.gov.br\/agrespi\/wp-json\/wp\/v2\/media?parent=2287"}],"curies":[{"name":"wp","href":"https:\/\/api.w.org\/{rel}","templated":true}]}}