{"id":2291,"date":"2024-12-18T10:26:29","date_gmt":"2024-12-18T13:26:29","guid":{"rendered":"https:\/\/portal.pi.gov.br\/agrespi\/?page_id=2291"},"modified":"2026-02-10T11:25:45","modified_gmt":"2026-02-10T14:25:45","slug":"relatorio-de-gerenciamento","status":"publish","type":"page","link":"https:\/\/portal.pi.gov.br\/agrespi\/relatorio-de-gerenciamento\/","title":{"rendered":"Relat\u00f3rio de Gerenciamento"},"content":{"rendered":"\n<p>\ud83d\udcd1  06.02.2026 &#8211;<\/p>\n\n\n\n<p><strong><a href=\"https:\/\/portal.pi.gov.br\/agrespi\/wp-content\/uploads\/sites\/66\/2026\/02\/RELATORIO-ANUAL-2025-AGRESPI-SITE.pdf\" target=\"_blank\" rel=\"noreferrer noopener\">Relat\u00f3rio Anual de Gest\u00e3o &#8211; 2025<\/a><\/strong> <\/p>\n\n\n\n<p>O Relat\u00f3rio de Gest\u00e3o Anual 2025 apresenta os principais resultados e avan\u00e7os institucionais da Ag\u00eancia de Regula\u00e7\u00e3o dos Servi\u00e7os P\u00fablicos Delegados do Estado do Piau\u00ed \u2013 AGRESPI, em um exerc\u00edcio marcado pelo in\u00edcio de uma nova gest\u00e3o e pelo<br>fortalecimento da regula\u00e7\u00e3o como instrumento estrat\u00e9gico de desenvolvimento estadual.<\/p>\n\n\n\n<p>\ud83d\udcd1  06.02.2026 &#8211;<\/p>\n\n\n\n<p><strong><a href=\"https:\/\/portal.pi.gov.br\/agrespi\/wp-content\/uploads\/sites\/66\/2026\/02\/Relatorio-Anual-de-Fiscalizacao-2025-.pdf\" target=\"_blank\" rel=\"noreferrer noopener\">Relat\u00f3rio de Fiscaliza\u00e7\u00e3o em Saneamento &#8211; 2025<\/a><\/strong><\/p>\n\n\n\n<p>O Relat\u00f3rio Anual de Fiscaliza\u00e7\u00e3o (RAF) 2025 reete as atividades scalizat\u00f3rias desenvolvidas pela AGRESPI ao longo do exerc\u00edcio, especialmente no contexto da fase inicial de opera\u00e7\u00e3o da concess\u00e3o, constituindo instrumento essencial de presta\u00e7\u00e3o de contas, transpar\u00eancia regulat\u00f3ria e avalia\u00e7\u00e3o da conformidade contratual, com vistas \u00e0 melhoria cont\u00ednua da qualidade dos servi\u00e7os e \u00e0 prote\u00e7\u00e3o dos interesses dos usu\u00e1rios.<\/p>\n\n\n\n<p>\ud83d\udcd1  06.02.2026 &#8211;<\/p>\n\n\n\n<p><strong><a href=\"https:\/\/portal.pi.gov.br\/agrespi\/wp-content\/uploads\/sites\/66\/2026\/02\/Relatorio-Anual-Ouvidoria-2025-.pdf\" target=\"_blank\" rel=\"noreferrer noopener\">Relat\u00f3rio Ouvidoria &#8211; 2025<\/a><\/strong><\/p>\n\n\n\n<p>O relat\u00f3rio em exame tem como objetivo geral apresentar diagn\u00f3stico detalhado das demandas dos usu\u00e1rios dos servi\u00e7os p\u00fablicos delegados no Estado do Piau\u00ed, servindo como ferramenta estrat\u00e9gica de aprimoramento da atua\u00e7\u00e3o e melhoria dos servi\u00e7os p\u00fablicos prestados e regulados pela AGRESPI.<\/p>\n\n\n\n<p>\ud83d\udcd1  23.07.2025 &#8211;<\/p>\n\n\n\n<p><strong><a href=\"https:\/\/portal.pi.gov.br\/agrespi\/wp-content\/uploads\/sites\/66\/2025\/07\/RELATORIO-DE-ACOES-100-DIAS-AGRESPI.pdf\" target=\"_blank\" rel=\"noreferrer noopener\">Relat\u00f3rio de A\u00e7\u00f5es &#8211; 100 dias de gest\u00e3o<\/a><\/strong> <\/p>\n\n\n\n<p>Re\u00fane as a\u00e7\u00f5es desenvolvidas ao longo dos primeiros 100 dias da nova gest\u00e3o da AGRESPI, sob a lideran\u00e7a da Diretora-Geral, Tha\u00eds Araripe Dias.<\/p>\n\n\n\n<p>\ud83d\udcd1  12.05.2025 &#8211;<\/p>\n\n\n\n<p><strong><a href=\"https:\/\/portal.pi.gov.br\/agrespi\/wp-content\/uploads\/sites\/66\/2025\/05\/RELATORIO-AGRESPI-30-DIAS.pdf\" target=\"_blank\" rel=\"noreferrer noopener\">Relat\u00f3rio de A\u00e7\u00f5es &#8211; 30 dias de gest\u00e3o<\/a><\/strong> <\/p>\n\n\n\n<p><em>Apresenta um \u200c panorama das principais atividades e delibera\u00e7\u00f5es realizadas no primeiro m\u00eas\u200c da \u200c nova gest\u00e3o\u200c da Ag\u00eancia Reguladora dos Servi\u00e7os P\u00fablicos Delegados do Estado do Piau\u00ed &#8211; AGRESPI<\/em><\/p>\n\n\n\n<p><\/p>\n","protected":false},"excerpt":{"rendered":"<p>\ud83d\udcd1 06.02.2026 &#8211; Relat\u00f3rio Anual de Gest\u00e3o &#8211; 2025 O Relat\u00f3rio de Gest\u00e3o Anual 2025 apresenta os principais resultados e avan\u00e7os institucionais da Ag\u00eancia de Regula\u00e7\u00e3o dos Servi\u00e7os P\u00fablicos Delegados [&hellip;]<\/p>\n","protected":false},"author":28,"featured_media":0,"parent":0,"menu_order":0,"comment_status":"closed","ping_status":"closed","template":"template-fullwidth.php","meta":[],"featured_image_urls":{"full":"","thumbnail":"","medium":"","medium_large":"","large":"","sgg-420":"","sgg-540":"","sgg-780":"","1536x1536":"","2048x2048":"","homepage-slider":"","homepage-slider-small":"","page-top":"","page-small":"","loop-main":"","thumb-gallery-widget":""},"post_excerpt_stackable":"<p>\ud83d\udcd1 06.02.2026 &#8211; Relat\u00f3rio Anual de Gest\u00e3o &#8211; 2025 O Relat\u00f3rio de Gest\u00e3o Anual 2025 apresenta os principais resultados e avan\u00e7os institucionais da Ag\u00eancia de Regula\u00e7\u00e3o dos Servi\u00e7os P\u00fablicos Delegados do Estado do Piau\u00ed \u2013 AGRESPI, em um exerc\u00edcio marcado pelo in\u00edcio de uma nova gest\u00e3o e pelofortalecimento da regula\u00e7\u00e3o como instrumento estrat\u00e9gico de desenvolvimento estadual. \ud83d\udcd1 06.02.2026 &#8211; Relat\u00f3rio de Fiscaliza\u00e7\u00e3o em Saneamento &#8211; 2025 O Relat\u00f3rio Anual de Fiscaliza\u00e7\u00e3o (RAF) 2025 reete as atividades scalizat\u00f3rias desenvolvidas pela AGRESPI ao longo do exerc\u00edcio, especialmente no contexto da fase inicial de opera\u00e7\u00e3o da concess\u00e3o, constituindo instrumento essencial de presta\u00e7\u00e3o de&hellip;<\/p>\n","category_list":"","author_info":{"name":"tassodenis","url":"https:\/\/portal.pi.gov.br\/agrespi\/author\/tassodenis\/"},"comments_num":"0 coment\u00e1rio","featured_image_urls_v2":{"full":"","thumbnail":"","medium":"","medium_large":"","large":"","sgg-420":"","sgg-540":"","sgg-780":"","1536x1536":"","2048x2048":"","homepage-slider":"","homepage-slider-small":"","page-top":"","page-small":"","loop-main":"","thumb-gallery-widget":""},"post_excerpt_stackable_v2":"<p>\ud83d\udcd1 06.02.2026 &#8211; Relat\u00f3rio Anual de Gest\u00e3o &#8211; 2025 O Relat\u00f3rio de Gest\u00e3o Anual 2025 apresenta os principais resultados e avan\u00e7os institucionais da Ag\u00eancia de Regula\u00e7\u00e3o dos Servi\u00e7os P\u00fablicos Delegados do Estado do Piau\u00ed \u2013 AGRESPI, em um exerc\u00edcio marcado pelo in\u00edcio de uma nova gest\u00e3o e pelofortalecimento da regula\u00e7\u00e3o como instrumento estrat\u00e9gico de desenvolvimento estadual. \ud83d\udcd1 06.02.2026 &#8211; Relat\u00f3rio de Fiscaliza\u00e7\u00e3o em Saneamento &#8211; 2025 O Relat\u00f3rio Anual de Fiscaliza\u00e7\u00e3o (RAF) 2025 reete as atividades scalizat\u00f3rias desenvolvidas pela AGRESPI ao longo do exerc\u00edcio, especialmente no contexto da fase inicial de opera\u00e7\u00e3o da concess\u00e3o, constituindo instrumento essencial de presta\u00e7\u00e3o de&hellip;<\/p>\n","category_list_v2":"","author_info_v2":{"name":"tassodenis","url":"https:\/\/portal.pi.gov.br\/agrespi\/author\/tassodenis\/"},"comments_num_v2":"0 coment\u00e1rio","_links":{"self":[{"href":"https:\/\/portal.pi.gov.br\/agrespi\/wp-json\/wp\/v2\/pages\/2291"}],"collection":[{"href":"https:\/\/portal.pi.gov.br\/agrespi\/wp-json\/wp\/v2\/pages"}],"about":[{"href":"https:\/\/portal.pi.gov.br\/agrespi\/wp-json\/wp\/v2\/types\/page"}],"author":[{"embeddable":true,"href":"https:\/\/portal.pi.gov.br\/agrespi\/wp-json\/wp\/v2\/users\/28"}],"replies":[{"embeddable":true,"href":"https:\/\/portal.pi.gov.br\/agrespi\/wp-json\/wp\/v2\/comments?post=2291"}],"version-history":[{"count":17,"href":"https:\/\/portal.pi.gov.br\/agrespi\/wp-json\/wp\/v2\/pages\/2291\/revisions"}],"predecessor-version":[{"id":3827,"href":"https:\/\/portal.pi.gov.br\/agrespi\/wp-json\/wp\/v2\/pages\/2291\/revisions\/3827"}],"wp:attachment":[{"href":"https:\/\/portal.pi.gov.br\/agrespi\/wp-json\/wp\/v2\/media?parent=2291"}],"curies":[{"name":"wp","href":"https:\/\/api.w.org\/{rel}","templated":true}]}}