{"id":2607,"date":"2025-06-02T12:56:02","date_gmt":"2025-06-02T15:56:02","guid":{"rendered":"https:\/\/portal.pi.gov.br\/agrespi\/?page_id=2607"},"modified":"2025-12-16T10:49:16","modified_gmt":"2025-12-16T13:49:16","slug":"consultas-publicas-realizadas","status":"publish","type":"page","link":"https:\/\/portal.pi.gov.br\/agrespi\/consulta-publica\/consultas-publicas-realizadas\/","title":{"rendered":"Consultas P\u00fablicas Realizadas"},"content":{"rendered":"\n\n\n\n<p><strong>Manual da Ouvidoria e procedimentos de atendimento ao usu\u00e1rio<\/strong><\/p>\n\n\n\n<p>A&nbsp; DIRETORA &#8211; GERAL DA AG\u00caNCIA REGULADORA DOS SERVI\u00c7OS P\u00daBLICOS DELEGADOS DO ESTADO DO PIAU\u00cd, em atendimento ao disposto no artigo 14, da Lei Estadual n\u00b0 7.049, de 16 de outubro de 2017, e o artigo 32, do Decreto Estadual n\u00b0 17.681, de 21 de mar\u03ado de 2018, COMUNICA a abertura da CONSULTA P\u00daBLICA N\u00b0 005\/2025, com o objetivo de colher sugest\u00f5es e contribui\u03ad\u00f5es para o aprimoramento da RESOLU\u00c7\u00c3O QUE APROVA MANUAL QUE DISCIPLINA OS PROCEDIMENTOS GERAIS A SEREM ADOTADOS PELA OUVIDORIA DA AG\u00caNCIA REGULADORA DE SERVI\u00c7OS P\u00daBLICOS DELEGADOS DO ESTADO DO PIAU\u00cd &#8211; AGRESPI, NAS RECLAMA\u00c7\u00d5ES DOS USU\u00c1RIOS DOS SERVI\u00c7OS REGULADOS, E D\u00c1 OUTRAS PROVID\u00caNCIAS. A consulta p\u00fablica n\u00ba 05\/2025 se inicia no dia 25\/11\/2025 e finaliza em 05\/12\/202<\/p>\n\n\n\n<p>Confira a minuta de resolu\u00e7\u00e3o clicando <strong><a href=\"https:\/\/portal.pi.gov.br\/agrespi\/wp-content\/uploads\/sites\/66\/2025\/11\/RESOLUCAO-OUVIDORIA.pdf\" target=\"_blank\" rel=\"noreferrer noopener\">aqui<\/a><\/strong>. <\/p>\n\n\n\n<p><strong><a href=\"https:\/\/portal.pi.gov.br\/agrespi\/wp-content\/uploads\/sites\/66\/2025\/11\/DOEPI_225_2025.pdf\" target=\"_blank\" rel=\"noreferrer noopener\">AVISO DE ABERTURA DE CONSULTA P\u00daBLICA<\/a><\/strong><\/p>\n\n\n\n<p>________________________________________________________________________________________<\/p>\n\n\n\n<p><strong>ISEN\u00c7\u00c3O DA COBRAN\u00c7A DE PED\u00c1GIO SOBRE OS EIXOS SUSPENSOS DE VE\u00cdCULOS DE TRANSPORTE DE CARGA QUE CIRCULAM VAZIOS NAS RODOVIAS ESTADUAIS CONCEDIDAS<\/strong><\/p>\n\n\n\n<p>A DIRETORA \u2013 GERAL DA AG\u00caNCIA REGULADORA DOS SERVI\u00c7OS P\u00daBLICOS DELEGADOS DO ESTADO DO PIAU\u00cd, em atendimento ao disposto no artigo 14, da Lei Estadual n\u00b0 7.049, de 16 de outubro de 2017, e o artigo 32, do Decreto Estadual n\u00b0 17.681, de 21 de mar\u00e7o de 2018, COMUNICA a abertura da CONSULTA P\u00daBLICA N\u00b0 004\/2025, com o objetivo de colher sugest\u00f5es e contribui\u00e7\u00f5es para o aprimoramento da RESOLU\u00c7\u00c3O QUE DISP\u00d5E SOBRE AS MEDIDAS T\u00c9CNICAS E OPERACIONAIS PARA VIABILIZAR A ISEN\u00c7\u00c3O DA COBRAN\u00c7A DE PED\u00c1GIO SOBRE OS EIXOS SUSPENSOS DE VE\u00cdCULOS DE TRANSPORTE DE CARGA QUE CIRCULAM VAZIOS NAS RODOVIAS ESTADUAIS CONCEDIDAS NO ESTADO DO PIAU\u00cd. A consulta p\u00fablica n\u00ba 04\/2025 se inicia no dia 17\/11\/2025 e finaliza em 28\/11\/2025.<\/p>\n\n\n\n<p>Confira a minuta da resolu\u00e7\u00e3o clicando <strong><a href=\"https:\/\/portal.pi.gov.br\/agrespi\/wp-content\/uploads\/sites\/66\/2025\/11\/RESOLUCAO_AGRESPI_N__XX__Transcerrados__1_-2.pdf\" target=\"_blank\" rel=\"noreferrer noopener\">aqui<\/a><\/strong>. <\/p>\n\n\n\n<p><strong><a rel=\"noreferrer noopener\" href=\"https:\/\/portal.pi.gov.br\/agrespi\/wp-content\/uploads\/sites\/66\/2025\/11\/AVISO-004.2025.pdf\" target=\"_blank\">AVISO DE ABERTURA DE CONSULTA P\u00daBLICA<\/a><\/strong><\/p>\n\n\n\n<p><strong><a href=\"https:\/\/portal.pi.gov.br\/agrespi\/wp-content\/uploads\/sites\/66\/2025\/12\/SEI_0021504757_Parecer_8.pdf\" target=\"_blank\" rel=\"noreferrer noopener\">RESULTADO<\/a><\/strong><\/p>\n\n\n\n<p>_________________________________________________________________<\/p>\n\n\n\n<h3 class=\"wp-block-heading\"><strong>REAJUSTE DAS TARIFAS DE EMBARQUE DOS TERMINAIS RODOVI\u00c1RIOS DE TERESINA, PICOS E FLORIANO<\/strong><\/h3>\n\n\n\n<p>A Diretora-Geral da Ag\u00eancia Reguladora dos Servi\u00e7os P\u00fablicos Delegados do Estado do Piau\u00ed, em atendimento ao disposto no artigo 14, da Lei Estadual n\u00b0 7.049, de 16 de outubro de 2017, e o artigo 32, do Decreto Estadual n\u00b0 17.681, de 21 de mar\u00e7o de<br>2018, comunica a abertura da Consulta P\u00fablica N\u00b0 003\/2025, com o objetivo de colher sugest\u00f5es e contribui\u00e7\u00f5es para o aprimoramento da Resolu\u00e7\u00e3o que disp\u00f5es sobre a homologa\u00e7\u00e3o do reajusta das tarifas de embarque dos Terminais Rodovi\u00e1rios de Teresina, Picos e Floriano, da Sociedade Nacional de Apoio Rodovi\u00e1rio e Tur\u00edstico Ltda-SINART, referente aos contratos de concess\u00e3o n\u00ba 001, 002 e 003\/2015- SUPARC\/SEGOV\/PI e d\u00e1 outras provid\u00eancias. A consulta p\u00fablica n\u00ba 03\/2025 se inicia no dia 05\/11\/2025 e finaliza em 15\/11\/2025. <\/p>\n\n\n\n<p>Confira a minuta da resolu\u00e7\u00e3o clicando <strong><a href=\"https:\/\/portal.pi.gov.br\/agrespi\/wp-content\/uploads\/sites\/66\/2025\/11\/MINUTA-RESOLUCAO-HOMOLOGACAO-DO-REAJUSTE-DAS-TARIFAS-DE-EMBARQUE-DOS-TERMINAIS-RODOVIARIOS-DE-TERESINA-1.pdf\" target=\"_blank\" rel=\"noreferrer noopener\">aqui<\/a><\/strong>. <\/p>\n\n\n\n<p><strong><a rel=\"noreferrer noopener\" href=\"https:\/\/portal.pi.gov.br\/agrespi\/wp-content\/uploads\/sites\/66\/2025\/11\/Aviso-003_2025.pdf\" target=\"_blank\">AVISO DE ABERTURA DE CONSULTA P\u00daBLICA<\/a>.<\/strong> <\/p>\n\n\n\n<p><strong><a href=\"https:\/\/portal.pi.gov.br\/agrespi\/wp-content\/uploads\/sites\/66\/2025\/12\/SEI_0021238154_Parecer_3.pdf\" target=\"_blank\" rel=\"noreferrer noopener\">RESULTADO<\/a><\/strong><\/p>\n\n\n\n<p>_________________________________________________________________<\/p>\n\n\n\n<h2 class=\"wp-block-heading\">Uso de faixas de dom\u00ednio de rodovia concedida pela concession\u00e1ria<\/h2>\n\n\n\n<p>A Diretoria Colegiada da Ag\u00eancia Reguladora de Servi\u00e7os Delegados do Estado do Piau\u00ed &#8211; AGRESPI, no uso de suas atribui\u00e7\u00f5es legais e regimentais conferidas pela Lei Estadual n\u00ba 7.049\/2017, tendo em vista a necessidade de regulamentar o uso das faixas de dom\u00ednio de rodovias concedidas. A consulta p\u00fablica n\u00ba 01\/2025 se inicia no dia 18\/06\/2025 e finaliza em 02\/07\/2025. <\/p>\n\n\n\n<p>Confira a minuta da resolu\u00e7\u00e3o clicando <a rel=\"noreferrer noopener\" href=\"https:\/\/portal.pi.gov.br\/agrespi\/wp-content\/uploads\/sites\/66\/2025\/06\/Minuta-de-Resolucao-Uso-de-faixas-de-dominio.pdf\" target=\"_blank\"><strong>aqui<\/strong><\/a>. <\/p>\n\n\n\n<p><strong><a href=\"https:\/\/portal.pi.gov.br\/agrespi\/wp-content\/uploads\/sites\/66\/2025\/06\/Aviso-001_2025.pdf\">AVISO DE ABERTURA DE CONSULTA P\u00daBLICA<\/a><\/strong><\/p>\n\n\n\n<p><strong><a rel=\"noreferrer noopener\" href=\"https:\/\/portal.pi.gov.br\/agrespi\/wp-content\/uploads\/sites\/66\/2025\/07\/Respostas_Consulta_Publica_assinado_assinado.pdf\" target=\"_blank\">RESULTADO<\/a><\/strong> <\/p>\n\n\n\n<p><strong><a href=\"https:\/\/portal.pi.gov.br\/agrespi\/wp-content\/uploads\/sites\/66\/2025\/08\/Errata_Respostas_Consulta_Publica_assinado_assinado.pdf\" target=\"_blank\" rel=\"noreferrer noopener\">ERRATA &#8211; RESULTADO<\/a><\/strong><\/p>\n\n\n\n<p>__________________________________________________________________<\/p>\n\n\n\n<h2 class=\"wp-block-heading\"><strong>Crit\u00e9rios de prioriza\u00e7\u00e3o para o atendimento das demandas de saneamento da popula\u00e7\u00e3o do Rural Disperso<\/strong><\/h2>\n\n\n\n<p>A Diretoria Colegiada da Ag\u00eancia Reguladora de Servi\u00e7os Delegados do Estado do Piau\u00ed &#8211; AGRESPI, no uso de suas atribui\u00e7\u00f5es legais e regimentais conferidas pela Lei Estadual n\u00ba 7.049\/2017, abre consulta p\u00fablica, tendo em vista a necessidade de estabelecer os crit\u00e9rios de prioriza\u00e7\u00e3o para a an\u00e1lise e delibera\u00e7\u00e3o das demandas de atendimento da Popula\u00e7\u00e3o do Rural Disperso e a documenta\u00e7\u00e3o m\u00ednima necess\u00e1ria a ser apresentada pelos requerentes junto \u00e0 Concession\u00e1ria. A consulta p\u00fablica se inicia em 26\/06\/2025 e finaliza em 11\/07\/2025. <\/p>\n\n\n\n<p>Confira a minuta da resolu\u00e7\u00e3o clicando <strong><a rel=\"noreferrer noopener\" href=\"https:\/\/portal.pi.gov.br\/agrespi\/wp-content\/uploads\/sites\/66\/2025\/06\/MINUTA_RESOLUCAO_AGRESPI_RURAL-DISPERSO.pdf\" target=\"_blank\">aqui<\/a><\/strong>.<\/p>\n\n\n\n<p><a rel=\"noreferrer noopener\" href=\"https:\/\/portal.pi.gov.br\/agrespi\/wp-content\/uploads\/sites\/66\/2025\/06\/Aviso-002.2025.pdf\" target=\"_blank\"><strong>AVISO DE ABERTURA DE CONSULTA P\u00daBLICA<\/strong><\/a><\/p>\n\n\n\n<p><strong><a href=\"https:\/\/portal.pi.gov.br\/agrespi\/wp-content\/uploads\/sites\/66\/2025\/07\/Respostas_Consulta_Publica_RD_assinado_28129_assinado.pdf\" target=\"_blank\" rel=\"noreferrer noopener\">RESULTADO<\/a><\/strong><\/p>\n","protected":false},"excerpt":{"rendered":"<p>Manual da Ouvidoria e procedimentos de atendimento ao usu\u00e1rio A&nbsp; DIRETORA &#8211; GERAL DA AG\u00caNCIA REGULADORA DOS SERVI\u00c7OS P\u00daBLICOS DELEGADOS DO ESTADO DO PIAU\u00cd, em atendimento ao disposto no artigo [&hellip;]<\/p>\n","protected":false},"author":1832,"featured_media":0,"parent":2599,"menu_order":0,"comment_status":"closed","ping_status":"closed","template":"","meta":[],"featured_image_urls":{"full":"","thumbnail":"","medium":"","medium_large":"","large":"","sgg-420":"","sgg-540":"","sgg-780":"","1536x1536":"","2048x2048":"","homepage-slider":"","homepage-slider-small":"","page-top":"","page-small":"","loop-main":"","thumb-gallery-widget":""},"post_excerpt_stackable":"<p>Manual da Ouvidoria e procedimentos de atendimento ao usu\u00e1rio A&nbsp; DIRETORA &#8211; GERAL DA AG\u00caNCIA REGULADORA DOS SERVI\u00c7OS P\u00daBLICOS DELEGADOS DO ESTADO DO PIAU\u00cd, em atendimento ao disposto no artigo 14, da Lei Estadual n\u00b0 7.049, de 16 de outubro de 2017, e o artigo 32, do Decreto Estadual n\u00b0 17.681, de 21 de mar\u03ado de 2018, COMUNICA a abertura da CONSULTA P\u00daBLICA N\u00b0 005\/2025, com o objetivo de colher sugest\u00f5es e contribui\u03ad\u00f5es para o aprimoramento da RESOLU\u00c7\u00c3O QUE APROVA MANUAL QUE DISCIPLINA OS PROCEDIMENTOS GERAIS A SEREM ADOTADOS PELA OUVIDORIA DA AG\u00caNCIA REGULADORA DE SERVI\u00c7OS P\u00daBLICOS DELEGADOS DO ESTADO&hellip;<\/p>\n","category_list":"","author_info":{"name":"ETIPI","url":"https:\/\/portal.pi.gov.br\/agrespi\/author\/pallomagualter\/"},"comments_num":"0 coment\u00e1rio","featured_image_urls_v2":{"full":"","thumbnail":"","medium":"","medium_large":"","large":"","sgg-420":"","sgg-540":"","sgg-780":"","1536x1536":"","2048x2048":"","homepage-slider":"","homepage-slider-small":"","page-top":"","page-small":"","loop-main":"","thumb-gallery-widget":""},"post_excerpt_stackable_v2":"<p>Manual da Ouvidoria e procedimentos de atendimento ao usu\u00e1rio A&nbsp; DIRETORA &#8211; GERAL DA AG\u00caNCIA REGULADORA DOS SERVI\u00c7OS P\u00daBLICOS DELEGADOS DO ESTADO DO PIAU\u00cd, em atendimento ao disposto no artigo 14, da Lei Estadual n\u00b0 7.049, de 16 de outubro de 2017, e o artigo 32, do Decreto Estadual n\u00b0 17.681, de 21 de mar\u03ado de 2018, COMUNICA a abertura da CONSULTA P\u00daBLICA N\u00b0 005\/2025, com o objetivo de colher sugest\u00f5es e contribui\u03ad\u00f5es para o aprimoramento da RESOLU\u00c7\u00c3O QUE APROVA MANUAL QUE DISCIPLINA OS PROCEDIMENTOS GERAIS A SEREM ADOTADOS PELA OUVIDORIA DA AG\u00caNCIA REGULADORA DE SERVI\u00c7OS P\u00daBLICOS DELEGADOS DO ESTADO&hellip;<\/p>\n","category_list_v2":"","author_info_v2":{"name":"ETIPI","url":"https:\/\/portal.pi.gov.br\/agrespi\/author\/pallomagualter\/"},"comments_num_v2":"0 coment\u00e1rio","_links":{"self":[{"href":"https:\/\/portal.pi.gov.br\/agrespi\/wp-json\/wp\/v2\/pages\/2607"}],"collection":[{"href":"https:\/\/portal.pi.gov.br\/agrespi\/wp-json\/wp\/v2\/pages"}],"about":[{"href":"https:\/\/portal.pi.gov.br\/agrespi\/wp-json\/wp\/v2\/types\/page"}],"author":[{"embeddable":true,"href":"https:\/\/portal.pi.gov.br\/agrespi\/wp-json\/wp\/v2\/users\/1832"}],"replies":[{"embeddable":true,"href":"https:\/\/portal.pi.gov.br\/agrespi\/wp-json\/wp\/v2\/comments?post=2607"}],"version-history":[{"count":12,"href":"https:\/\/portal.pi.gov.br\/agrespi\/wp-json\/wp\/v2\/pages\/2607\/revisions"}],"predecessor-version":[{"id":3614,"href":"https:\/\/portal.pi.gov.br\/agrespi\/wp-json\/wp\/v2\/pages\/2607\/revisions\/3614"}],"up":[{"embeddable":true,"href":"https:\/\/portal.pi.gov.br\/agrespi\/wp-json\/wp\/v2\/pages\/2599"}],"wp:attachment":[{"href":"https:\/\/portal.pi.gov.br\/agrespi\/wp-json\/wp\/v2\/media?parent=2607"}],"curies":[{"name":"wp","href":"https:\/\/api.w.org\/{rel}","templated":true}]}}