{"id":2708,"date":"2025-06-13T09:53:18","date_gmt":"2025-06-13T12:53:18","guid":{"rendered":"https:\/\/portal.pi.gov.br\/agrespi\/?page_id=2708"},"modified":"2025-06-13T11:19:09","modified_gmt":"2025-06-13T14:19:09","slug":"formulario-de-contribuicao","status":"publish","type":"page","link":"https:\/\/portal.pi.gov.br\/agrespi\/consulta-publica\/formulario-de-contribuicao\/","title":{"rendered":"Formul\u00e1rio de Contribui\u00e7\u00e3o"},"content":{"rendered":"<div id=\"quform-d5b5c3\" class=\"quform quform-8 quform-support-page-caching\"><form id=\"quform-form-d5b5c3\" class=\"quform-form quform-form-8\" action=\"\/agrespi\/wp-json\/wp\/v2\/pages\/2708#quform-d5b5c3\" method=\"post\" enctype=\"multipart\/form-data\" novalidate=\"novalidate\" data-options=\"{&quot;id&quot;:8,&quot;uniqueId&quot;:&quot;d5b5c3&quot;,&quot;theme&quot;:&quot;&quot;,&quot;ajax&quot;:true,&quot;logic&quot;:{&quot;logic&quot;:[],&quot;dependents&quot;:[],&quot;elementIds&quot;:[],&quot;dependentElementIds&quot;:[],&quot;animate&quot;:true},&quot;currentPageId&quot;:1,&quot;errorsIcon&quot;:&quot;&quot;,&quot;updateFancybox&quot;:true,&quot;hasPages&quot;:false,&quot;pages&quot;:[1],&quot;pageProgressType&quot;:&quot;numbers&quot;,&quot;tooltipsEnabled&quot;:true,&quot;tooltipClasses&quot;:&quot;qtip-quform-dark qtip-shadow&quot;,&quot;tooltipMy&quot;:&quot;left center&quot;,&quot;tooltipAt&quot;:&quot;right center&quot;,&quot;isRtl&quot;:false,&quot;scrollOffset&quot;:-50,&quot;scrollSpeed&quot;:800}\"><button class=\"quform-default-submit\" name=\"quform_submit\" type=\"submit\" value=\"submit\" aria-hidden=\"true\" tabindex=\"-1\"><\/button><div class=\"quform-form-inner quform-form-inner-8\"><input type=\"hidden\" name=\"quform_form_id\" value=\"8\" \/><input type=\"hidden\" name=\"quform_form_uid\" value=\"d5b5c3\" \/><input type=\"hidden\" name=\"quform_count\" value=\"1\" \/><input type=\"hidden\" name=\"form_url\" value=\"https:\/\/portal.pi.gov.br\/agrespi\/wp-json\/wp\/v2\/pages\/2708\" \/><input type=\"hidden\" name=\"referring_url\" value=\"\" \/><input type=\"hidden\" name=\"post_id\" value=\"\" \/><input type=\"hidden\" name=\"post_title\" value=\"\" \/><input type=\"hidden\" name=\"quform_current_page_id\" value=\"1\" \/><input type=\"hidden\" name=\"quform_csrf_token\" value=\"ZLaOwciB8KtSi0OyqtlDYbCzdcuyIDYvpbrl3CUV\" \/><div class=\"quform-elements quform-elements-8 quform-cf quform-responsive-elements-phone-landscape\"><div class=\"quform-element quform-element-page quform-page-1 quform-page-8_1 quform-cf quform-group-style-plain quform-first-page quform-last-page quform-current-page\"><div class=\"quform-child-elements\"><div class=\"quform-element quform-element-text quform-element-8_4 quform-cf quform-element-required\"><div class=\"quform-spacer\"><div class=\"quform-label quform-label-8_4\"><label class=\"quform-label-text\" for=\"quform_8_4_d5b5c3\">Nome Completo<span class=\"quform-required\">*<\/span><\/label><\/div><div class=\"quform-inner quform-inner-text quform-inner-8_4\"><div class=\"quform-input quform-input-text quform-input-8_4 quform-cf\"><input type=\"text\" id=\"quform_8_4_d5b5c3\" name=\"quform_8_4\" class=\"quform-field quform-field-text quform-field-8_4\" \/><\/div><\/div><\/div><\/div><div class=\"quform-element quform-element-email quform-element-8_11 quform-cf quform-element-required\"><div class=\"quform-spacer\"><div class=\"quform-label quform-label-8_11\"><label class=\"quform-label-text\" for=\"quform_8_11_d5b5c3\">Endere\u00e7o de e-mail<span class=\"quform-required\">*<\/span><\/label><\/div><div class=\"quform-inner quform-inner-email quform-inner-8_11\"><div class=\"quform-input quform-input-email quform-input-8_11 quform-cf\"><input type=\"email\" id=\"quform_8_11_d5b5c3\" name=\"quform_8_11\" class=\"quform-field quform-field-email quform-field-8_11\" \/><\/div><\/div><\/div><\/div><div class=\"quform-element quform-element-text quform-element-8_6 quform-cf quform-element-required\"><div class=\"quform-spacer\"><div class=\"quform-label quform-label-8_6\"><label class=\"quform-label-text\" for=\"quform_8_6_d5b5c3\">Institui\u00e7\u00e3o<span class=\"quform-required\">*<\/span><\/label><\/div><div class=\"quform-inner quform-inner-text quform-inner-8_6\"><div class=\"quform-input quform-input-text quform-input-8_6 quform-cf\"><input type=\"text\" id=\"quform_8_6_d5b5c3\" name=\"quform_8_6\" class=\"quform-field quform-field-text quform-field-8_6\" \/><\/div><\/div><\/div><\/div><div class=\"quform-element quform-element-textarea quform-element-8_10 quform-cf quform-element-required\"><div class=\"quform-spacer\"><div class=\"quform-label quform-label-8_10\"><label class=\"quform-label-text\" for=\"quform_8_10_d5b5c3\">Contribui\u00e7\u00e3o<span class=\"quform-required\">*<\/span><\/label><\/div><div class=\"quform-inner quform-inner-textarea quform-inner-8_10\"><p class=\"quform-description quform-description-above\">(Escrever de forma clara o pedido de esclarecimento desejado em forma de pergunta)<\/p><div class=\"quform-input quform-input-textarea quform-input-8_10 quform-cf\"><textarea id=\"quform_8_10_d5b5c3\" name=\"quform_8_10\" class=\"quform-field quform-field-textarea quform-field-8_10\"><\/textarea><\/div><\/div><\/div><\/div><div class=\"quform-element quform-element-submit quform-element-8_2 quform-cf quform-button-style-theme quform-button-width-medium\"><div class=\"quform-button-submit quform-button-submit-default quform-button-submit-8_2\"><button name=\"quform_submit\" type=\"submit\" class=\"quform-submit\" value=\"submit\"><span class=\"quform-button-text quform-button-submit-text\">Enviar<\/span><\/button><\/div><div class=\"quform-loading quform-loading-position-left quform-loading-type-spinner-1\"><div class=\"quform-loading-inner\"><div class=\"quform-loading-spinner\"><div class=\"quform-loading-spinner-inner\"><\/div><\/div><\/div><\/div><\/div><div class=\"quform-element-tree\"><label for=\"quform_8_0_d5b5c3\">Este campo deve ser deixado em branco<\/label><input type=\"text\" id=\"quform_8_0_d5b5c3\" name=\"quform_8_0\" class=\"quform-field quform-field-tree quform-field-8_0\" tabindex=\"-1\" autocomplete=\"off\" \/><\/div><\/div><\/div><\/div><\/div><\/form><\/div>\n","protected":false},"excerpt":{"rendered":"","protected":false},"author":1832,"featured_media":0,"parent":2599,"menu_order":0,"comment_status":"closed","ping_status":"closed","template":"","meta":[],"featured_image_urls":{"full":"","thumbnail":"","medium":"","medium_large":"","large":"","sgg-420":"","sgg-540":"","sgg-780":"","1536x1536":"","2048x2048":"","homepage-slider":"","homepage-slider-small":"","page-top":"","page-small":"","loop-main":"","thumb-gallery-widget":""},"post_excerpt_stackable":"<p>Nome Completo*Endere\u00e7o de e-mail*Institui\u00e7\u00e3o*Contribui\u00e7\u00e3o*(Escrever de forma clara o pedido de esclarecimento desejado em forma de pergunta)EnviarEste campo deve ser deixado em branco<\/p>\n","category_list":"","author_info":{"name":"ETIPI","url":"https:\/\/portal.pi.gov.br\/agrespi\/author\/pallomagualter\/"},"comments_num":"0 coment\u00e1rio","featured_image_urls_v2":{"full":"","thumbnail":"","medium":"","medium_large":"","large":"","sgg-420":"","sgg-540":"","sgg-780":"","1536x1536":"","2048x2048":"","homepage-slider":"","homepage-slider-small":"","page-top":"","page-small":"","loop-main":"","thumb-gallery-widget":""},"post_excerpt_stackable_v2":"<p>Nome Completo*Endere\u00e7o de e-mail*Institui\u00e7\u00e3o*Contribui\u00e7\u00e3o*(Escrever de forma clara o pedido de esclarecimento desejado em forma de pergunta)EnviarEste campo deve ser deixado em branco<\/p>\n","category_list_v2":"","author_info_v2":{"name":"ETIPI","url":"https:\/\/portal.pi.gov.br\/agrespi\/author\/pallomagualter\/"},"comments_num_v2":"0 coment\u00e1rio","_links":{"self":[{"href":"https:\/\/portal.pi.gov.br\/agrespi\/wp-json\/wp\/v2\/pages\/2708"}],"collection":[{"href":"https:\/\/portal.pi.gov.br\/agrespi\/wp-json\/wp\/v2\/pages"}],"about":[{"href":"https:\/\/portal.pi.gov.br\/agrespi\/wp-json\/wp\/v2\/types\/page"}],"author":[{"embeddable":true,"href":"https:\/\/portal.pi.gov.br\/agrespi\/wp-json\/wp\/v2\/users\/1832"}],"replies":[{"embeddable":true,"href":"https:\/\/portal.pi.gov.br\/agrespi\/wp-json\/wp\/v2\/comments?post=2708"}],"version-history":[{"count":2,"href":"https:\/\/portal.pi.gov.br\/agrespi\/wp-json\/wp\/v2\/pages\/2708\/revisions"}],"predecessor-version":[{"id":2713,"href":"https:\/\/portal.pi.gov.br\/agrespi\/wp-json\/wp\/v2\/pages\/2708\/revisions\/2713"}],"up":[{"embeddable":true,"href":"https:\/\/portal.pi.gov.br\/agrespi\/wp-json\/wp\/v2\/pages\/2599"}],"wp:attachment":[{"href":"https:\/\/portal.pi.gov.br\/agrespi\/wp-json\/wp\/v2\/media?parent=2708"}],"curies":[{"name":"wp","href":"https:\/\/api.w.org\/{rel}","templated":true}]}}