{"id":2811,"date":"2025-07-01T12:43:55","date_gmt":"2025-07-01T15:43:55","guid":{"rendered":"https:\/\/portal.pi.gov.br\/agrespi\/?page_id=2811"},"modified":"2026-02-10T11:31:29","modified_gmt":"2026-02-10T14:31:29","slug":"planejamento","status":"publish","type":"page","link":"https:\/\/portal.pi.gov.br\/agrespi\/planejamento\/","title":{"rendered":"Planejamento"},"content":{"rendered":"\n<p>\ud83d\udcd1 06.02.2026 \u2013<\/p>\n\n\n\n<p><strong><a href=\"https:\/\/portal.pi.gov.br\/agrespi\/wp-content\/uploads\/sites\/66\/2026\/02\/Plano-Estrategico-de-Comunicacao-Institucional-Educativa-e-Digital-2026.pdf\" target=\"_blank\" rel=\"noreferrer noopener\">Plano Estrat\u00e9gico de Comunica\u00e7\u00e3o Institucional, Educativa e Digital<\/a><\/strong><\/p>\n\n\n\n<p>O presente plano tem por objetivo geral fortalecer a comunica\u00e7\u00e3o p\u00fablica institucional como instrumento estrat\u00e9gico de transpar\u00eancia regulat\u00f3ria, educa\u00e7\u00e3o cidad\u00e3 e presta\u00e7\u00e3o de contas, consolidando a AGRESPI como refer\u00eancia t\u00e9cnica con\u00e1vel e acess\u00edvel, com atua\u00e7\u00e3o integrada em meios digitais e imprensa tradicional.<\/p>\n\n\n\n<p>\ud83d\udcd1 06.02.2026 \u2013<\/p>\n\n\n\n<p><strong><a href=\"https:\/\/portal.pi.gov.br\/agrespi\/wp-content\/uploads\/sites\/66\/2026\/02\/PAF-DETRAN-2026.pdf\" target=\"_blank\" rel=\"noreferrer noopener\">Plano Anual de Fiscaliza\u00e7\u00e3o (PAF) &#8211; Remo\u00e7\u00e3o, Guarda e Realiza\u00e7\u00e3o de Leil\u00e3o (Hasta P\u00fablica) de Ve\u00edculos Automotores<\/a><\/strong><\/p>\n\n\n\n<p>O presente Plano Anual de Fiscaliza\u00e7\u00e3o \u2013 PAF 2026 estabelece as diretrizes, metodologias e a\u00e7\u00f5es scalizat\u00f3rias a serem executadas pela Ag\u00eancia, no exerc\u00edcio de 2026, no \u00e2mbito do Contrato de Concess\u00e3o n\u00ba 29\/2025, celebrado entre o Departamento Estadual de Tr\u00e2nsito do Piau\u00ed \u2013 DETRAN\/PI e a Concession\u00e1ria VIA PIAU\u00cd SEGURA SPE S.A.<\/p>\n\n\n\n<p>\ud83d\udcd1 19.12.2025 \u2013<\/p>\n\n\n\n<p><strong><a href=\"https:\/\/portal.pi.gov.br\/agrespi\/wp-content\/uploads\/sites\/66\/2025\/12\/PLANO-DE-GESTAO-ANUAL-2026-1.pdf\" target=\"_blank\" rel=\"noreferrer noopener\">Plano de Gest\u00e3o Anual (PGA)<\/a><\/strong><\/p>\n\n\n\n<p>O PGA deve estabelecer metas de desempenho administrativo, operacional e fiscalizat\u00f3rio, integrar a Agenda Regulat\u00f3ria vigente, ser aprovado pelo Conselho Diretor e ter seu conte\u00fado amplamente divulgado, garantindo transpar\u00eancia, controle social e alinhamento \u00e0s diretrizes governamentais.\u200c<\/p>\n\n\n\n<p>\ud83d\udcd1 19.12.2025 \u2013<\/p>\n\n\n\n<p><strong><a href=\"https:\/\/portal.pi.gov.br\/agrespi\/wp-content\/uploads\/sites\/66\/2025\/12\/PAC-2026-2.pdf\" target=\"_blank\" rel=\"noreferrer noopener\">Plano Anual de Contrata\u00e7\u00e3o (PAC)<\/a><\/strong><\/p>\n\n\n\n<p>O PAC 2026 consoli\u200cda todas as necessidades de contrata\u00e7\u00f5es de bens, servi\u00e7os, obras, consultorias e\u200c solu\u00e7\u00f5es tecnol\u00f3gicas essenciais para suportar as atividades de regula\u00e7\u00e3o, fiscaliza\u00e7\u00e3o, governan\u00e7a, in\u200c ova\u00e7\u00e3o e infraestrutura administrativa da AGRESPI.\u200c<\/p>\n\n\n\n<p>\ud83d\udcd1 19.12.2025 \u2013<\/p>\n\n\n\n<p><strong><a href=\"https:\/\/portal.pi.gov.br\/agrespi\/wp-content\/uploads\/sites\/66\/2025\/12\/PAF-RODOVIA-TRANSCERRADOS-1.pdf\" target=\"_blank\" rel=\"noreferrer noopener\">Plano Anual de Fiscaliza\u00e7\u00e3o (PAF) &#8211; Rodovia Transcerrados<\/a><\/strong> <\/p>\n\n\n\n<p>O presente Plano Anual de Fiscaliza\u00e7\u00e3o \u2013 PAF 2026 tem por objetivo disciplinar, organizar e orientar as a\u00e7\u00f5es fiscalizat\u00f3rias da Ag\u00eancia Reguladora dos Servi\u00e7os P\u00fablicos Delegados do Estado do Piau\u00ed \u2013 AGRESPI no \u00e2mbito do Contrato de Parceria P\u00fablico-Privada n\u00ba 003\/2021 \u2013 Concess\u00e3o Patrocinada das Rodovias Transcerrados e Estrada Palestina.\u200c<\/p>\n\n\n\n<p>\ud83d\udcd1 19.12.2025 \u2013<\/p>\n\n\n\n<p><strong><a href=\"https:\/\/portal.pi.gov.br\/agrespi\/wp-content\/uploads\/sites\/66\/2025\/12\/PAF-TERMINAIS-RODOVIARIOS-1.pdf\" target=\"_blank\" rel=\"noreferrer noopener\">Plano Anual de Fiscaliza\u00e7\u00e3o (PAF) &#8211; Terminais Rodovi\u00e1rios<\/a><\/strong><\/p>\n\n\n\n<p>Considerando que a atua\u00e7\u00e3o fiscalizat\u00f3ria direta da AGRESPI sobre os contr\u200catos de concess\u00e3o dos terminais de Teresina, Picos e Floriano teve in\u00edcio efetivo em novembro de 2025, o PAF 2026 assume um car\u00e1ter estrat\u00e9gico de marco zero regulat\u00f3rio. O exerc\u00edcio de 2026 ser\u00e1 dedicado n\u00e3o apenas \u00e0 fiscaliza\u00e7\u00e3o de rotina, mas fundamentalmente \u00e0 realiza\u00e7\u00e3o de uma Fiscaliza\u00e7\u00e3o de Conformidade Inicial.\u200c<\/p>\n\n\n\n<p>\ud83d\udcd1 19.12.2025 \u2013<\/p>\n\n\n\n<p><strong><a href=\"https:\/\/portal.pi.gov.br\/agrespi\/wp-content\/uploads\/sites\/66\/2025\/12\/PAF-STRIP.pdf\" target=\"_blank\" rel=\"noreferrer noopener\">Plano Anual de Fiscaliza\u00e7\u00e3o (PAF) &#8211; STRIP\/PI<\/a><\/strong><\/p>\n\n\n\n<p>O presente Plano Anual de Fiscaliza\u00e7\u00e3o (PAF) estabelece as a\u00e7\u00f5es para o ano de 2026, com foco nas condi\u00e7\u00f5es de opera\u00e7\u00e3o, na verifica\u00e7\u00e3o do cumprimento de requisitos b\u00e1sicos de seguran\u00e7a e direitos dos usu\u00e1rios e no monitoramento da qualidade do\u200cs servi\u00e7os nos principais terminais rodovi\u00e1rios do estado.\u200c \u200c<\/p>\n\n\n\n<p>\ud83d\udcd1 19.12.2025 \u2013<\/p>\n\n\n\n<p><strong><a href=\"https:\/\/portal.pi.gov.br\/agrespi\/wp-content\/uploads\/sites\/66\/2025\/12\/PAF-ENERGIA-ELETRICA-1.pdf\" target=\"_blank\" rel=\"noreferrer noopener\">Plano Anual de Fiscaliza\u00e7\u00e3o (PAF) &#8211; Energia El\u00e9trica<\/a><\/strong><\/p>\n\n\n\n<p>Este PAF observa integralmente as diretrizes nacionais definidas pela ANEEL, assegurando uniformidade regulat\u00f3ria, seguran\u00e7a jur\u00eddica e ader\u00eancia \u00e0s melhores pr\u00e1ticas de fiscaliza\u00e7\u00e3o do setor el\u00e9trico brasileiro.\u200c<\/p>\n\n\n\n<p>\ud83d\udcd1 19.12.2025 \u2013<\/p>\n\n\n\n<p><strong><a href=\"https:\/\/portal.pi.gov.br\/agrespi\/wp-content\/uploads\/sites\/66\/2025\/12\/PAF-SANEAMENTO-2026.pdf\" target=\"_blank\" rel=\"noreferrer noopener\">Plano Anual de Fiscaliza\u00e7\u00e3o (PAF) &#8211; Saneamento B\u00e1sico<\/a><\/strong><\/p>\n\n\n\n<p>Este PAF 2026 estabelece um cronograma robusto de fiscaliza\u00e7\u00f5es diretas (in loco) e indiretas, com o objetivo de visitar aproximadamente 50% dos munic\u00edpios da \u00e1rea de concess\u00e3o que n\u00e3o foram vistoriados no ano anterior, visando atingir a cobertura total do estado no ciclo bienal, al\u00e9m de reservar capacidade operacional para atendimento c\u00e9lere \u00e0s demandas da Ouvidoria e do Minist\u00e9rio P\u00fablico.\u200c<\/p>\n\n\n\n<p>\ud83d\udcd1 19.12.2025 \u2013<\/p>\n\n\n\n<p><strong><a href=\"https:\/\/portal.pi.gov.br\/agrespi\/wp-content\/uploads\/sites\/66\/2025\/12\/AGENDA-REGULATORIA-2026-AGRESPI.pdf\" target=\"_blank\" rel=\"noreferrer noopener\">Agenda Regulat\u00f3ria 2026<\/a><\/strong><\/p>\n\n\n\n<p>A Agenda Regulat\u00f3ria 2026 consolida um conjunto estruturado de a\u00e7\u00f5es regulat\u00f3rias priorit\u00e1rias, organizadas por eixos tem\u00e1ticos, abrangendo Saneamento B\u00e1sico, Transporte Rodovi\u00e1rio Intermunicipal, Energia El\u00e9trica, G\u00e1s Canalizado, Telecomunica\u00e7\u00f5es, Minera\u00e7\u00e3o, Infraestrutura, Governan\u00e7a Institucional, Integridade, Gest\u00e3o de Riscos e Capacita\u00e7\u00e3o, estabelecendo objetivos, foco de atua\u00e7\u00e3o, respons\u00e1veis e previs\u00e3o de execu\u00e7\u00e3o ao longo do exerc\u00edcio.\u200c<\/p>\n\n\n\n<p>\ud83d\udcd1 01.12.2025 \u2013<\/p>\n\n\n\n<p><strong><a href=\"https:\/\/portal.pi.gov.br\/agrespi\/wp-content\/uploads\/sites\/66\/2025\/12\/PLANEJAMENTO_ESTRATEGICO_2025_2027__1_.pdf\" target=\"_blank\" rel=\"noreferrer noopener\">Planejamento Estrat\u00e9gico 2025-2027<\/a><\/strong><\/p>\n\n\n\n<p>O Planejamento Estrat\u00e9gico 2025\u20132027 marca uma nova etapa na consolida\u00e7\u00e3o da governan\u00e7a regulat\u00f3ria estadual. Elaborado com base t\u00e9cnica e metodol\u00f3gica no relat\u00f3rio desenvolvido pela consultoria FALCONI, o plano estabelece eixos estrat\u00e9gicos, objetivos, indicadores e metas que orientar\u00e3o as a\u00e7\u00f5es da AGRESPI no per\u00edodo.<\/p>\n\n\n\n<p>\ud83d\udcd1 15.10.2025 \u2013<\/p>\n\n\n\n<p><strong><a href=\"https:\/\/portal.pi.gov.br\/agrespi\/wp-content\/uploads\/sites\/66\/2025\/10\/AGENDA-REGULATORIA-2025-AGRESPI-1.pdf\" target=\"_blank\" rel=\"noreferrer noopener\">Agenda Regulat\u00f3ria <\/a><\/strong><\/p>\n\n\n\n<p>A Agenda Regulat\u00f3ria integra o processo de planejamento da atividade normativa da AGRESPI, com o objetivo de identicar e priorizar os temas a serem regulamentados no respectivo exerc\u00edcio, assegurando previsibilidade, transpar\u00eancia e eci\u00eancia \u00e0 atua\u00e7\u00e3o regulat\u00f3ria.<\/p>\n\n\n\n<p>\ud83d\udcd1 15.08.2025 \u2013<\/p>\n\n\n\n<p><strong><a href=\"https:\/\/portal.pi.gov.br\/agrespi\/wp-content\/uploads\/sites\/66\/2025\/08\/PLANO-DE-COMUNICACAO-2025-FINAL.pdf\" target=\"_blank\" rel=\"noreferrer noopener\">Plano Estrat\u00e9gico de Comunica\u00e7\u00e3o Institucional, Educativa e Digital<\/a><\/strong><\/p>\n\n\n\n<p>Instrumento normativo e operacional para a condu\u00e7\u00e3o das a\u00e7\u00f5es de comunica\u00e7\u00e3o da AGRESPI no exerc\u00edcio do ano de 2025.<\/p>\n\n\n\n<p>\ud83d\udcd1 07.05.2025 \u2013<\/p>\n\n\n\n<p><strong><a href=\"https:\/\/portal.pi.gov.br\/agrespi\/wp-content\/uploads\/sites\/66\/2025\/05\/PAF_MRAE_DISAN_AGRESPI.pdf\" target=\"_blank\" rel=\"noreferrer noopener\">Plano Anual de Fiscaliza\u00e7\u00e3o<\/a><\/strong><\/p>\n\n\n\n<p>Estabelece as a\u00e7\u00f5es de fiscaliza\u00e7\u00e3o t\u00e9cnico-operacional planejadas pela AGRESPI para o per\u00edodo de maio a dezembro de 2025, com foco inicial no acompanhamento da transi\u00e7\u00e3o e, posteriormente, na verifica\u00e7\u00e3o do cumprimento das obriga\u00e7\u00f5es contratuais iniciais, do Caderno de Encargos (Anexo IV) e no in\u00edcio do monitoramento dos Indicadores de Desempenho (Anexo III) pela nova Concession\u00e1ria.<\/p>\n\n\n\n<p><\/p>\n","protected":false},"excerpt":{"rendered":"<p>\ud83d\udcd1 06.02.2026 \u2013 Plano Estrat\u00e9gico de Comunica\u00e7\u00e3o Institucional, Educativa e Digital O presente plano tem por objetivo geral fortalecer a comunica\u00e7\u00e3o p\u00fablica institucional como instrumento estrat\u00e9gico de transpar\u00eancia regulat\u00f3ria, educa\u00e7\u00e3o [&hellip;]<\/p>\n","protected":false},"author":1832,"featured_media":0,"parent":0,"menu_order":0,"comment_status":"closed","ping_status":"closed","template":"","meta":[],"featured_image_urls":{"full":"","thumbnail":"","medium":"","medium_large":"","large":"","sgg-420":"","sgg-540":"","sgg-780":"","1536x1536":"","2048x2048":"","homepage-slider":"","homepage-slider-small":"","page-top":"","page-small":"","loop-main":"","thumb-gallery-widget":""},"post_excerpt_stackable":"<p>\ud83d\udcd1 06.02.2026 \u2013 Plano Estrat\u00e9gico de Comunica\u00e7\u00e3o Institucional, Educativa e Digital O presente plano tem por objetivo geral fortalecer a comunica\u00e7\u00e3o p\u00fablica institucional como instrumento estrat\u00e9gico de transpar\u00eancia regulat\u00f3ria, educa\u00e7\u00e3o cidad\u00e3 e presta\u00e7\u00e3o de contas, consolidando a AGRESPI como refer\u00eancia t\u00e9cnica con\u00e1vel e acess\u00edvel, com atua\u00e7\u00e3o integrada em meios digitais e imprensa tradicional. \ud83d\udcd1 06.02.2026 \u2013 Plano Anual de Fiscaliza\u00e7\u00e3o (PAF) &#8211; Remo\u00e7\u00e3o, Guarda e Realiza\u00e7\u00e3o de Leil\u00e3o (Hasta P\u00fablica) de Ve\u00edculos Automotores O presente Plano Anual de Fiscaliza\u00e7\u00e3o \u2013 PAF 2026 estabelece as diretrizes, metodologias e a\u00e7\u00f5es scalizat\u00f3rias a serem executadas pela Ag\u00eancia, no exerc\u00edcio de 2026, no \u00e2mbito&hellip;<\/p>\n","category_list":"","author_info":{"name":"ETIPI","url":"https:\/\/portal.pi.gov.br\/agrespi\/author\/pallomagualter\/"},"comments_num":"0 coment\u00e1rio","featured_image_urls_v2":{"full":"","thumbnail":"","medium":"","medium_large":"","large":"","sgg-420":"","sgg-540":"","sgg-780":"","1536x1536":"","2048x2048":"","homepage-slider":"","homepage-slider-small":"","page-top":"","page-small":"","loop-main":"","thumb-gallery-widget":""},"post_excerpt_stackable_v2":"<p>\ud83d\udcd1 06.02.2026 \u2013 Plano Estrat\u00e9gico de Comunica\u00e7\u00e3o Institucional, Educativa e Digital O presente plano tem por objetivo geral fortalecer a comunica\u00e7\u00e3o p\u00fablica institucional como instrumento estrat\u00e9gico de transpar\u00eancia regulat\u00f3ria, educa\u00e7\u00e3o cidad\u00e3 e presta\u00e7\u00e3o de contas, consolidando a AGRESPI como refer\u00eancia t\u00e9cnica con\u00e1vel e acess\u00edvel, com atua\u00e7\u00e3o integrada em meios digitais e imprensa tradicional. \ud83d\udcd1 06.02.2026 \u2013 Plano Anual de Fiscaliza\u00e7\u00e3o (PAF) &#8211; Remo\u00e7\u00e3o, Guarda e Realiza\u00e7\u00e3o de Leil\u00e3o (Hasta P\u00fablica) de Ve\u00edculos Automotores O presente Plano Anual de Fiscaliza\u00e7\u00e3o \u2013 PAF 2026 estabelece as diretrizes, metodologias e a\u00e7\u00f5es scalizat\u00f3rias a serem executadas pela Ag\u00eancia, no exerc\u00edcio de 2026, no \u00e2mbito&hellip;<\/p>\n","category_list_v2":"","author_info_v2":{"name":"ETIPI","url":"https:\/\/portal.pi.gov.br\/agrespi\/author\/pallomagualter\/"},"comments_num_v2":"0 coment\u00e1rio","_links":{"self":[{"href":"https:\/\/portal.pi.gov.br\/agrespi\/wp-json\/wp\/v2\/pages\/2811"}],"collection":[{"href":"https:\/\/portal.pi.gov.br\/agrespi\/wp-json\/wp\/v2\/pages"}],"about":[{"href":"https:\/\/portal.pi.gov.br\/agrespi\/wp-json\/wp\/v2\/types\/page"}],"author":[{"embeddable":true,"href":"https:\/\/portal.pi.gov.br\/agrespi\/wp-json\/wp\/v2\/users\/1832"}],"replies":[{"embeddable":true,"href":"https:\/\/portal.pi.gov.br\/agrespi\/wp-json\/wp\/v2\/comments?post=2811"}],"version-history":[{"count":14,"href":"https:\/\/portal.pi.gov.br\/agrespi\/wp-json\/wp\/v2\/pages\/2811\/revisions"}],"predecessor-version":[{"id":3830,"href":"https:\/\/portal.pi.gov.br\/agrespi\/wp-json\/wp\/v2\/pages\/2811\/revisions\/3830"}],"wp:attachment":[{"href":"https:\/\/portal.pi.gov.br\/agrespi\/wp-json\/wp\/v2\/media?parent=2811"}],"curies":[{"name":"wp","href":"https:\/\/api.w.org\/{rel}","templated":true}]}}