{"id":2823,"date":"2025-07-02T10:24:23","date_gmt":"2025-07-02T13:24:23","guid":{"rendered":"https:\/\/portal.pi.gov.br\/agrespi\/?page_id=2823"},"modified":"2026-03-30T08:37:45","modified_gmt":"2026-03-30T11:37:45","slug":"editais-de-convocacao","status":"publish","type":"page","link":"https:\/\/portal.pi.gov.br\/agrespi\/editais-de-convocacao\/","title":{"rendered":"Editais de Convoca\u00e7\u00e3o"},"content":{"rendered":"\n<p><strong><a href=\"https:\/\/portal.pi.gov.br\/agrespi\/wp-content\/uploads\/sites\/66\/2026\/03\/DOEPI_59_2026.pdf\" target=\"_blank\" rel=\"noreferrer noopener\">Edital n\u00ba 002\/2026<\/a><\/strong><\/p>\n\n\n\n<p>A Ag\u00eancia Reguladora dos Servi\u00e7os P\u00fablicos Delegados do Estado do Piau\u00ed \u2013 AGRESPI, por meio de sua Diretora-Geral, convoca todos os Conselheiros da AGRESPI, com fulcro no art. 12 da Lei n\u00ba 7.049, de 2017, e no art. 11, inciso II, da Resolu\u00e7\u00e3o AGRESPI n\u00ba 01, de 2018, para reuni\u00e3o a ser realizada no dia 31 de mar\u00e7o de 2026, ter\u00e7a-feira \u00e0s 12:00 horas, na sede da Ag\u00eancia, situada na Rua Jaic\u00f3s, n\u00ba 1435, Bairro Ilhotas, Teresina\/PI.<\/p>\n\n\n\n<p><strong><a rel=\"noreferrer noopener\" href=\"https:\/\/portal.pi.gov.br\/agrespi\/wp-content\/uploads\/sites\/66\/2026\/02\/EDITAL-DE-CONVOCACAO-001.2026-CONSELHO-DIRETOR.pdf\" target=\"_blank\">Edital n\u00ba 001\/2026<\/a><\/strong><\/p>\n\n\n\n<p>A Ag\u00eancia Reguladora dos Servi\u00e7os P\u00fablicos Delegados do Estado do Piau\u00ed \u2013 AGRESPI, por meio de sua Diretora-Geral, convoca todos os Conselheiros da AGRESPI, com fulcro no art. 12 da Lei n\u00ba 7.049, de 2017, e no art. 11, inciso II, da Resolu\u00e7\u00e3o AGRESPI n\u00ba 01, de 2018, para reuni\u00e3o a ser realizada no dia 06 de fevereiro de 2026, sexta-feira \u00e0s 11:00 horas, na sede da Ag\u00eancia, situada na Rua Jaic\u00f3s, n\u00ba 1435, Bairro Ilhotas, Teresina\/PI.<\/p>\n\n\n\n<p><strong><a rel=\"noreferrer noopener\" href=\"https:\/\/portal.pi.gov.br\/agrespi\/wp-content\/uploads\/sites\/66\/2025\/12\/Edital-de-Convovacao.pdf\" target=\"_blank\">Edital n\u00ba 014\/2025<\/a><\/strong> <\/p>\n\n\n\n<p>A Ag\u00eancia Reguladora dos Servi\u00e7os P\u00fablicos Delegados do Estado do Piau\u00ed \u2013 AGRESPI, por meio de sua Diretora-Geral, convoca todos os Conselheiros da AGRESPI, com fulcro no art. 12 da Lei 7.049\/17 e art. 11, II, da Resolu\u00e7\u00e3o no 01\/2018, para reuni\u00e3o a ser realizada no dia 19 de dezembro de 2025, sexta-feira \u00e0s 09:00 horas, na nossa sede, localizada na Rua Jaic\u00f3s, n\u00ba 1435, Bairro Ilhotas, Teresina \u2013 PI.<\/p>\n\n\n\n<p><strong><a rel=\"noreferrer noopener\" href=\"https:\/\/portal.pi.gov.br\/agrespi\/wp-content\/uploads\/sites\/66\/2025\/12\/Aviso-de-cancelamento-DOE.pdf\" target=\"_blank\">AVISO DE CANCELAMENTO REUNI\u00c3O ORDIN\u00c1RIA<\/a><\/strong><\/p>\n\n\n\n<p>A Ag\u00eancia Reguladora dos Servi\u00e7os P\u00fablicos Delegados do Estado do Piau\u00ed \u2013 AGRESPI informa o cancelamento da Reuni\u00e3o do Conselho Diretor, convocada pelo Edital de Convoca\u00e7\u00e3o n\u00ba 013\/2025, publicado em 04 de dezembro de 2025, e prevista para ocorrer em 05 de dezembro de 2025, \u00e0s 11h, na sede da Ag\u00eancia, situada na Rua Jaic\u00f3s, n\u00ba 1435, Bairro Ilhotas, Teresina \u2013 PI.<\/p>\n\n\n\n<p><strong><a rel=\"noreferrer noopener\" href=\"https:\/\/portal.pi.gov.br\/agrespi\/wp-content\/uploads\/sites\/66\/2025\/12\/DOEPI_234_2025.pdf\" target=\"_blank\">Edital n\u00ba 013\/2025<\/a><\/strong><\/p>\n\n\n\n<p>A Ag\u00eancia Reguladora dos Servi\u00e7os P\u00fablicos Delegados do Estado do Piau\u00ed \u2013 AGRESPI, por meio de sua Diretora-Geral, convoca todos os Conselheiros da AGRESPI, com fulcro no art. 12 da Lei 7.049\/17 e art. 11, II, da Resolu\u00e7\u00e3o no 01\/2018, para reuni\u00e3o a ser realizada no dia 05 de dezembro de 2025, sexta-feira \u00e0s 11:00 horas, na nossa sede, localizada na Rua Jaic\u00f3s, n\u00ba 1435, Bairro Ilhotas, Teresina \u2013 PI.<\/p>\n\n\n\n<p><strong><a rel=\"noreferrer noopener\" href=\"https:\/\/portal.pi.gov.br\/agrespi\/wp-content\/uploads\/sites\/66\/2025\/11\/EDITAL-DE-CONVOCACAO-012.2025.pdf\" target=\"_blank\">Edital n\u00ba 012\/2025<\/a><\/strong><\/p>\n\n\n\n<p>A Ag\u00eancia Reguladora dos Servi\u00e7os P\u00fablicos Delegados do Estado do Piau\u00ed \u2013 AGRESPI, por meio de sua Diretora-Geral, convoca todos os Conselheiros da AGRESPI, com fulcro no art. 12 da Lei 7.049\/17 e art. 11, II, da Resolu\u00e7\u00e3o no 01\/2018, para reuni\u00e3o a ser realizada no dia 19 de novembro de 2025, quarta-feira \u00e0s 09:00 horas, na nossa sede, localizada na Rua Jaic\u00f3s, n\u00ba 1435, Bairro Ilhotas, Teresina \u2013 PI.<\/p>\n\n\n\n<p><strong><a rel=\"noreferrer noopener\" href=\"https:\/\/portal.pi.gov.br\/agrespi\/wp-content\/uploads\/sites\/66\/2025\/11\/EDITAL-DE-CONVOCACAO-011.2025-CONSELHO-DIRETOR.pdf\" target=\"_blank\">Edital n\u00ba 011\/2025<\/a><\/strong><\/p>\n\n\n\n<p>A Ag\u00eancia Reguladora dos Servi\u00e7os P\u00fablicos Delegados do Estado do Piau\u00ed \u2013 AGRESPI, por meio de sua Diretora-Geral, convoca todos os Conselheiros da AGRESPI, com fulcro no art. 12 da Lei 7.049\/17 e art. 11, II, da Resolu\u00e7\u00e3o no 01\/2018, para reuni\u00e3o a ser realizada no dia 13 de novembro de 2025, quinta-feira \u00e0s 12:00 horas, na nossa sede, localizada na Rua Jaic\u00f3s, no 1435, Bairro Ilhotas, Teresina \u2013 PI.<\/p>\n\n\n\n<p><strong><a rel=\"noreferrer noopener\" href=\"https:\/\/portal.pi.gov.br\/agrespi\/wp-content\/uploads\/sites\/66\/2025\/11\/SEI_0021080883_Aviso_9-1.pdf\" target=\"_blank\">AVISO DE CANCELAMENTO REUNI\u00c3O EXTRAORDIN\u00c1RIA<\/a><\/strong><\/p>\n\n\n\n<p>A Ag\u00eancia Reguladora dos Servi\u00e7os P\u00fablicos Delegados do Estado do Piau\u00ed \u2013 AGRESPI informa o cancelamento da Reuni\u00e3o do Conselho Diretor, convocada pelo Edital de Convoca\u00e7\u00e3o n\u00ba 010\/2025, publicado em 05 de novembro de 2025, e prevista para ocorrer em 07 de novembro de 2025, \u00e0s 12h, na sede da Ag\u00eancia, situada na Rua Jaic\u00f3s, n\u00ba 1435, Bairro Ilhotas, Teresina \u2013 PI.<\/p>\n\n\n\n<p><strong><a rel=\"noreferrer noopener\" href=\"https:\/\/portal.pi.gov.br\/agrespi\/wp-content\/uploads\/sites\/66\/2025\/11\/EDITAL-DE-CONVOCACAO.pdf\" target=\"_blank\">Edital n\u00ba 010\/2025<\/a><\/strong><\/p>\n\n\n\n<p>A Ag\u00eancia Reguladora dos Servi\u00e7os P\u00fablicos Delegados do Estado do Piau\u00ed \u2013 AGRESPI, por meio de sua Diretora-Geral, convoca todos os Conselheiros da AGRESPI, com fulcro no art. 12 da Lei 7.049\/17 e art. 11, II, da Resolu\u00e7\u00e3o no 01\/2018, para reuni\u00e3o a ser realizada no dia 07 de novembro de 2025, segunda-feira \u00e0s 12:00 horas, na nossa sede, localizada na Rua Jaic\u00f3s, n\u00ba 1435, Bairro Ilhotas, Teresina \u2013 PI. <\/p>\n\n\n\n<p><strong><a rel=\"noreferrer noopener\" href=\"https:\/\/portal.pi.gov.br\/agrespi\/wp-content\/uploads\/sites\/66\/2025\/10\/DOEPI_210_2025.pdf\" target=\"_blank\">Edital n\u00ba 009\/2025 <\/a><\/strong><\/p>\n\n\n\n<p>A Ag\u00eancia Reguladora dos Servi\u00e7os P\u00fablicos Delegados do Estado do Piau\u00ed \u2013 AGRESPI, por meio de sua Diretora-Geral, convoca todos os Conselheiros da AGRESPI, com fulcro no art. 12 da Lei 7.049\/17 e art. 11, II, da Resolu\u00e7\u00e3o no 01\/2018, para reuni\u00e3o a ser realizada no dia 03 de novembro de 2025, segunda-feira \u00e0s 12:00 horas, na nossa sede, localizada na Rua Jaic\u00f3s, n\u00ba 1435, Bairro Ilhotas, Teresina \u2013 PI.<\/p>\n\n\n\n<p><strong><a rel=\"noreferrer noopener\" href=\"https:\/\/portal.pi.gov.br\/agrespi\/wp-content\/uploads\/sites\/66\/2025\/10\/DOEPI_202_2025.pdf\" target=\"_blank\">Edital n\u00ba 008\/2025<\/a><\/strong><\/p>\n\n\n\n<p>A Ag\u00eancia Reguladora dos Servi\u00e7os P\u00fablicos Delegados do Estado do Piau\u00ed \u2013 AGRESPI, por meio de sua Diretora-Geral, convoca todos os Conselheiros da AGRESPI, com fulcro no art. 12 da Lei 7.049\/17 e art. 11, II, da Resolu\u00e7\u00e3o no 01\/2018, para reuni\u00e3o a ser realizada no dia 20 de outubro de 2025, segunda-feira \u00e0s 12:00 horas, na nossa sede, localizada na Rua Jaic\u00f3s, n\u00ba 1435, Bairro Ilhotas, Teresina \u2013 PI.<br><br><strong><a rel=\"noreferrer noopener\" href=\"https:\/\/portal.pi.gov.br\/agrespi\/wp-content\/uploads\/sites\/66\/2025\/10\/EDITAL-DE-CONVOCACAO-007.2025-CONSELHO-DIRETOR.pdf\" target=\"_blank\">Edital n\u00ba 007\/2025<\/a><\/strong><\/p>\n\n\n\n<p>A Ag\u00eancia Reguladora dos Servi\u00e7os P\u00fablicos Delegados do Estado do Piau\u00ed \u2013 AGRESPI, por meio de sua Diretora-Geral, convoca todos os Conselheiros da AGRESPI, com fulcro no art. 12 da Lei 7.049\/17 e art. 11, II, da Resolu\u00e7\u00e3o no 01\/2018, para reuni\u00e3o a ser realizada no dia 09 de outubro de 2025, quinta-feira \u00e0s 12:00 horas, na nossa sede, localizada na Rua Jaic\u00f3s, no 1435, Bairro Ilhotas, Teresina \u2013 PI.<\/p>\n\n\n\n<p><strong><a rel=\"noreferrer noopener\" href=\"https:\/\/portal.pi.gov.br\/agrespi\/wp-content\/uploads\/sites\/66\/2025\/09\/EDITAL-DE-CONVOCACAO-006.2025-CONSELHO-DIRETOR.pdf\" target=\"_blank\">Edital n\u00ba 006\/2025<\/a><\/strong><\/p>\n\n\n\n<p>A Ag\u00eancia Reguladora dos Servi\u00e7os P\u00fablicos Delegados do Estado do Piau\u00ed \u2013 AGRESPI, por meio de sua Diretora-Geral, convoca todos os Conselheiros da AGRESPI, com fulcro no art. 12 da Lei 7.049\/17 e art. 11, II, da Resolu\u00e7\u00e3o no 01\/2018, para reuni\u00e3o a ser realizada no dia 11 de setembro de 2025, quinta-feira \u00e0s 08:00 horas, na nossa sede, localizada na Rua Jaic\u00f3s, no 1435, Bairro Ilhotas, Teresina \u2013 PI.<\/p>\n\n\n\n<p><strong><a rel=\"noreferrer noopener\" href=\"https:\/\/portal.pi.gov.br\/agrespi\/wp-content\/uploads\/sites\/66\/2025\/08\/EDITAL-DE-CONVOCACAO.pdf\" target=\"_blank\">Edital n\u00ba 005\/2025<\/a><\/strong><\/p>\n\n\n\n<p>A Ag\u00eancia Reguladora dos Servi\u00e7os P\u00fablicos Delegados do Estado do Piau\u00ed \u2013 AGRESPI, por meio de sua Diretora-Geral, convoca todos os Conselheiros da AGRESPI, com fulcro no art. 12 da Lei 7.049\/17 e art. 11, II, da Resolu\u00e7\u00e3o no 01\/2018, para reuni\u00e3o a ser realizada no dia 14 de agosto de 2025, quinta-feira \u00e0s 11:00 horas, na nossa sede, localizada na Rua Jaic\u00f3s, n\u00ba 1435, Bairro Ilhotas, Teresina \u2013 PI.<\/p>\n\n\n\n<p><strong><a href=\"https:\/\/portal.pi.gov.br\/agrespi\/wp-content\/uploads\/sites\/66\/2025\/09\/EDITAL-DE-CONVOCACAO-004.2025-CONSELHO-DIRETOR.pdf\" target=\"_blank\" rel=\"noreferrer noopener\">Edital n\u00ba 004\/2025<\/a><\/strong><\/p>\n\n\n\n<p>A Ag\u00eancia Reguladora dos Servi\u00e7os P\u00fablicos Delegados do Estado do Piau\u00ed \u2013 AGRESPI, por meio de sua Diretora-Geral, convoca todos os Conselheiros da AGRESPI, com fulcro no art. 12 da Lei 7.049\/17 e art. 11, II, da Resolu\u00e7\u00e3o no 01\/2018, para reuni\u00e3o a ser realizada no dia 24 de junho de 2025, ter\u00e7a-feira \u00e0s 09:00 horas, na nossa sede, localizada na Rua Jaic\u00f3s, no 1435, Bairro Ilhotas, Teresina \u2013 PI.<\/p>\n\n\n\n<p><strong><a href=\"https:\/\/portal.pi.gov.br\/agrespi\/wp-content\/uploads\/sites\/66\/2025\/09\/EDITAL-DE-CONVOCACAO-003.2025-CONSELHO-DIRETOR.pdf\" target=\"_blank\" rel=\"noreferrer noopener\">Edital n\u00ba 003\/2025<\/a><\/strong><\/p>\n\n\n\n<p>A Ag\u00eancia Reguladora dos Servi\u00e7os P\u00fablicos Delegados do Estado do Piau\u00ed \u2013 AGRESPI, por meio de sua Diretora-Geral, convoca todos os Conselheiros da AGRESPI, com fulcro no art. 12 da Lei 7.049\/17 e art. 11, II, da Resolu\u00e7\u00e3o no 01\/2018, para reuni\u00e3o a ser realizada no dia 06 de junho de 2025, sexta-feira \u00e0s 09:00 horas, na nossa sede, localizada na Rua Jaic\u00f3s, no 1435, Bairro Ilhotas, Teresina \u2013 PI.<\/p>\n\n\n\n<p><strong><a href=\"https:\/\/portal.pi.gov.br\/agrespi\/wp-content\/uploads\/sites\/66\/2025\/09\/EDITAL-DE-CONVOCACAO-002.2025-CONSELHO-DIRETOR.pdf\" target=\"_blank\" rel=\"noreferrer noopener\">Edital n\u00ba 002\/2025<\/a><\/strong><\/p>\n\n\n\n<p>A Ag\u00eancia Reguladora dos Servi\u00e7os P\u00fablicos Delegados do Estado do Piau\u00ed \u2013 AGRESPI, por meio de sua Diretora-Geral, convoca todos os Conselheiros da AGRESPI, com fulcro no art. 12 da Lei 7.049\/17 e art. 11, II, da Resolu\u00e7\u00e3o no 01\/2018, para reuni\u00e3o a  ser realizada no dia 30 de abril de 2025, quarta-feira \u00e0s 09:30 horas, na nossa sede, localizada na Rua Jaic\u00f3s, no 1435, Bairro Ilhotas, Teresina \u2013 PI.<\/p>\n\n\n\n<p><strong><a href=\"https:\/\/portal.pi.gov.br\/agrespi\/wp-content\/uploads\/sites\/66\/2025\/09\/EDITAL-DE-CONVOCACAO-001.2025-CONSELHO-DIRETOR.pdf\" target=\"_blank\" rel=\"noreferrer noopener\">Edital n\u00ba 001\/2025<\/a><\/strong><\/p>\n\n\n\n<p>A Ag\u00eancia Reguladora dos Servi\u00e7os P\u00fablicos Delegados do Estado do Piau\u00ed \u2013 AGRESPI, por meio de sua Diretora-Geral, convoca todos os Conselheiros da AGRESPI, com fulcro no art. 12 da Lei 7.049\/17 e art. 11, II, da Resolu\u00e7\u00e3o no 01\/2018, para reuni\u00e3o a ser realizada no dia 22 de abril de 2025, ter\u00e7a-feira, \u00e0s 10:30 horas, online e, na nossa sede, localizada na Rua Jaic\u00f3s, no 1435, Bairro Ilhotas, Teresina \u2013 PI.<\/p>\n","protected":false},"excerpt":{"rendered":"<p>Edital n\u00ba 002\/2026 A Ag\u00eancia Reguladora dos Servi\u00e7os P\u00fablicos Delegados do Estado do Piau\u00ed \u2013 AGRESPI, por meio de sua Diretora-Geral, convoca todos os Conselheiros da AGRESPI, com fulcro no [&hellip;]<\/p>\n","protected":false},"author":1832,"featured_media":0,"parent":0,"menu_order":0,"comment_status":"closed","ping_status":"closed","template":"template-fullwidth.php","meta":[],"featured_image_urls":{"full":"","thumbnail":"","medium":"","medium_large":"","large":"","sgg-420":"","sgg-540":"","sgg-780":"","1536x1536":"","2048x2048":"","homepage-slider":"","homepage-slider-small":"","page-top":"","page-small":"","loop-main":"","thumb-gallery-widget":""},"post_excerpt_stackable":"<p>Edital n\u00ba 002\/2026 A Ag\u00eancia Reguladora dos Servi\u00e7os P\u00fablicos Delegados do Estado do Piau\u00ed \u2013 AGRESPI, por meio de sua Diretora-Geral, convoca todos os Conselheiros da AGRESPI, com fulcro no art. 12 da Lei n\u00ba 7.049, de 2017, e no art. 11, inciso II, da Resolu\u00e7\u00e3o AGRESPI n\u00ba 01, de 2018, para reuni\u00e3o a ser realizada no dia 31 de mar\u00e7o de 2026, ter\u00e7a-feira \u00e0s 12:00 horas, na sede da Ag\u00eancia, situada na Rua Jaic\u00f3s, n\u00ba 1435, Bairro Ilhotas, Teresina\/PI. Edital n\u00ba 001\/2026 A Ag\u00eancia Reguladora dos Servi\u00e7os P\u00fablicos Delegados do Estado do Piau\u00ed \u2013 AGRESPI, por meio de sua&hellip;<\/p>\n","category_list":"","author_info":{"name":"ETIPI","url":"https:\/\/portal.pi.gov.br\/agrespi\/author\/pallomagualter\/"},"comments_num":"0 coment\u00e1rio","featured_image_urls_v2":{"full":"","thumbnail":"","medium":"","medium_large":"","large":"","sgg-420":"","sgg-540":"","sgg-780":"","1536x1536":"","2048x2048":"","homepage-slider":"","homepage-slider-small":"","page-top":"","page-small":"","loop-main":"","thumb-gallery-widget":""},"post_excerpt_stackable_v2":"<p>Edital n\u00ba 002\/2026 A Ag\u00eancia Reguladora dos Servi\u00e7os P\u00fablicos Delegados do Estado do Piau\u00ed \u2013 AGRESPI, por meio de sua Diretora-Geral, convoca todos os Conselheiros da AGRESPI, com fulcro no art. 12 da Lei n\u00ba 7.049, de 2017, e no art. 11, inciso II, da Resolu\u00e7\u00e3o AGRESPI n\u00ba 01, de 2018, para reuni\u00e3o a ser realizada no dia 31 de mar\u00e7o de 2026, ter\u00e7a-feira \u00e0s 12:00 horas, na sede da Ag\u00eancia, situada na Rua Jaic\u00f3s, n\u00ba 1435, Bairro Ilhotas, Teresina\/PI. Edital n\u00ba 001\/2026 A Ag\u00eancia Reguladora dos Servi\u00e7os P\u00fablicos Delegados do Estado do Piau\u00ed \u2013 AGRESPI, por meio de sua&hellip;<\/p>\n","category_list_v2":"","author_info_v2":{"name":"ETIPI","url":"https:\/\/portal.pi.gov.br\/agrespi\/author\/pallomagualter\/"},"comments_num_v2":"0 coment\u00e1rio","_links":{"self":[{"href":"https:\/\/portal.pi.gov.br\/agrespi\/wp-json\/wp\/v2\/pages\/2823"}],"collection":[{"href":"https:\/\/portal.pi.gov.br\/agrespi\/wp-json\/wp\/v2\/pages"}],"about":[{"href":"https:\/\/portal.pi.gov.br\/agrespi\/wp-json\/wp\/v2\/types\/page"}],"author":[{"embeddable":true,"href":"https:\/\/portal.pi.gov.br\/agrespi\/wp-json\/wp\/v2\/users\/1832"}],"replies":[{"embeddable":true,"href":"https:\/\/portal.pi.gov.br\/agrespi\/wp-json\/wp\/v2\/comments?post=2823"}],"version-history":[{"count":22,"href":"https:\/\/portal.pi.gov.br\/agrespi\/wp-json\/wp\/v2\/pages\/2823\/revisions"}],"predecessor-version":[{"id":3923,"href":"https:\/\/portal.pi.gov.br\/agrespi\/wp-json\/wp\/v2\/pages\/2823\/revisions\/3923"}],"wp:attachment":[{"href":"https:\/\/portal.pi.gov.br\/agrespi\/wp-json\/wp\/v2\/media?parent=2823"}],"curies":[{"name":"wp","href":"https:\/\/api.w.org\/{rel}","templated":true}]}}