{"id":2982,"date":"2025-07-09T11:45:07","date_gmt":"2025-07-09T14:45:07","guid":{"rendered":"https:\/\/portal.pi.gov.br\/agrespi\/?page_id=2982"},"modified":"2025-07-09T11:45:09","modified_gmt":"2025-07-09T14:45:09","slug":"iluminacao-publica","status":"publish","type":"page","link":"https:\/\/portal.pi.gov.br\/agrespi\/iluminacao-publica\/","title":{"rendered":"Ilumina\u00e7\u00e3o P\u00fablica"},"content":{"rendered":"","protected":false},"excerpt":{"rendered":"","protected":false},"author":1832,"featured_media":0,"parent":0,"menu_order":0,"comment_status":"closed","ping_status":"closed","template":"template-fullwidth.php","meta":[],"featured_image_urls":{"full":"","thumbnail":"","medium":"","medium_large":"","large":"","sgg-420":"","sgg-540":"","sgg-780":"","1536x1536":"","2048x2048":"","homepage-slider":"","homepage-slider-small":"","page-top":"","page-small":"","loop-main":"","thumb-gallery-widget":""},"post_excerpt_stackable":"","category_list":"","author_info":{"name":"ETIPI","url":"https:\/\/portal.pi.gov.br\/agrespi\/author\/pallomagualter\/"},"comments_num":"0 coment\u00e1rio","featured_image_urls_v2":{"full":"","thumbnail":"","medium":"","medium_large":"","large":"","sgg-420":"","sgg-540":"","sgg-780":"","1536x1536":"","2048x2048":"","homepage-slider":"","homepage-slider-small":"","page-top":"","page-small":"","loop-main":"","thumb-gallery-widget":""},"post_excerpt_stackable_v2":"","category_list_v2":"","author_info_v2":{"name":"ETIPI","url":"https:\/\/portal.pi.gov.br\/agrespi\/author\/pallomagualter\/"},"comments_num_v2":"0 coment\u00e1rio","_links":{"self":[{"href":"https:\/\/portal.pi.gov.br\/agrespi\/wp-json\/wp\/v2\/pages\/2982"}],"collection":[{"href":"https:\/\/portal.pi.gov.br\/agrespi\/wp-json\/wp\/v2\/pages"}],"about":[{"href":"https:\/\/portal.pi.gov.br\/agrespi\/wp-json\/wp\/v2\/types\/page"}],"author":[{"embeddable":true,"href":"https:\/\/portal.pi.gov.br\/agrespi\/wp-json\/wp\/v2\/users\/1832"}],"replies":[{"embeddable":true,"href":"https:\/\/portal.pi.gov.br\/agrespi\/wp-json\/wp\/v2\/comments?post=2982"}],"version-history":[{"count":1,"href":"https:\/\/portal.pi.gov.br\/agrespi\/wp-json\/wp\/v2\/pages\/2982\/revisions"}],"predecessor-version":[{"id":2983,"href":"https:\/\/portal.pi.gov.br\/agrespi\/wp-json\/wp\/v2\/pages\/2982\/revisions\/2983"}],"wp:attachment":[{"href":"https:\/\/portal.pi.gov.br\/agrespi\/wp-json\/wp\/v2\/media?parent=2982"}],"curies":[{"name":"wp","href":"https:\/\/api.w.org\/{rel}","templated":true}]}}