{"id":898,"date":"2022-02-23T08:13:22","date_gmt":"2022-02-23T11:13:22","guid":{"rendered":"https:\/\/portal.pi.gov.br\/agrespi\/?page_id=898"},"modified":"2025-10-17T10:41:45","modified_gmt":"2025-10-17T13:41:45","slug":"historico","status":"publish","type":"page","link":"https:\/\/portal.pi.gov.br\/agrespi\/historico\/","title":{"rendered":"Conhe\u00e7a a Agrespi"},"content":{"rendered":"\n<p>A Ag\u00eancia de Regula\u00e7\u00e3o dos Servi\u00e7os P\u00fablicos Delegados do Estado do Piau\u00ed \u2013 AGRESPI \u00e9 uma autarquia sob regime especial, vinculada diretamente ao chefe do Poder Executivo Estadual, dotada de autonomia administrativa, or\u00e7ament\u00e1ria e financeira.<\/p>\n\n\n\n<p>Criada pela Lei Estadual n\u00ba 7.049\/2017, em 16 de Outubro de 2017 e tem por finalidade regular e fiscalizar os servi\u00e7os, o saneamento b\u00e1sico, transportes, g\u00e1s canalizado e infraestrutura geral e demais servi\u00e7os p\u00fablicos delegados do Estado do Piaui. Tamb\u00e9m poder\u00e1 exercer a regula\u00e7\u00e3o de servi\u00e7os de compet\u00eancias de outras esferas de Governo, desde que lhe sejam delegados mediante conv\u00eanio, acordo, contrato ou outros instrumentos cong\u00eaneres.&nbsp;<\/p>\n\n\n\n<p><strong>MEMBROS DA AGRESPI<\/strong><\/p>\n\n\n\n<p><strong>Diretora-Geral&nbsp;<\/strong><\/p>\n\n\n\n<p>Tha\u00eds Araripe Dias.<\/p>\n\n\n\n<p><strong>Diretores T\u00e9cnicos<\/strong><\/p>\n\n\n\n<p>Dionatas Rayron da Silva Alves &#8211; diretoria de Energia, Comunica\u00e7\u00e3o e G\u00e1s Canalizado<\/p>\n\n\n\n<p>Estela Miridan Rosas- diretoria de Saneamento, Transporte e Infraestrutura<\/p>\n\n\n\n<p><\/p>\n\n\n\n<p><strong>Diretor Administrativo-Financeiro<\/strong><\/p>\n\n\n\n<p>Darcy Siqueira Albuquerque J\u00fanior<\/p>\n\n\n\n<p><strong>Ouvidoria<\/strong><\/p>\n\n\n\n<p>Alice Viana <\/p>\n\n\n\n<p>E-mail de contato:&nbsp;<a href=\"http:\/\/ouvidoria@agrespi.pi.gov.br\/\">ouvidoria@agrespi.pi.gov.br<\/a><\/p>\n\n\n\n<p><strong>Assessores T\u00e9cnicos<\/strong><\/p>\n\n\n\n<p><\/p>\n\n\n\n<p><\/p>\n\n\n\n<details class=\"wp-block-stackable-accordion stk-block-accordion stk-inner-blocks stk-block-content stk-block stk-4c6625d is-style-default\" data-block-id=\"4c6625d\">\n<summary class=\"wp-block-stackable-column stk-block-column stk-column stk-block stk-7ae6b4d stk--container-small stk-block-accordion__heading\" data-v=\"4\" data-block-id=\"7ae6b4d\"><div class=\"stk-column-wrapper stk-block-column__content stk-container stk-7ae6b4d-container stk-hover-parent\"><div class=\"stk-block-content stk-inner-blocks stk-7ae6b4d-inner-blocks\">\n<div class=\"wp-block-stackable-icon-label stk-block-icon-label stk-block stk-7020eab\" data-block-id=\"7020eab\"><div class=\"stk-row stk-inner-blocks stk-block-content\">\n<div class=\"wp-block-stackable-heading stk-block-heading stk-block-heading--v2 stk-block stk-b9f9941\" id=\"objetivos-da-agrespi\" data-block-id=\"b9f9941\"><h4 class=\"stk-block-heading__text stk-block-heading--use-theme-margins\">OBJETIVOS DA AGRESPI<\/h4><\/div>\n\n\n\n<div class=\"wp-block-stackable-icon stk-block-icon stk-block stk-80c0755\" data-block-id=\"80c0755\"><span class=\"stk--svg-wrapper\"><div class=\"stk--inner-svg\"><svg style=\"height:0;width:0\"><defs><linearGradient id=\"linear-gradient-80c0755\" x1=\"0\" x2=\"100%\" y1=\"0\" y2=\"0\"><stop offset=\"0%\" style=\"stop-opacity:1;stop-color:var(--linear-gradient-80-c-0755-color-1)\"><\/stop><stop offset=\"100%\" style=\"stop-opacity:1;stop-color:var(--linear-gradient-80-c-0755-color-2)\"><\/stop><\/linearGradient><\/defs><\/svg><svg data-prefix=\"fas\" data-icon=\"chevron-down\" class=\"svg-inline--fa fa-chevron-down fa-w-14\" xmlns=\"http:\/\/www.w3.org\/2000\/svg\" viewBox=\"0 0 448 512\" aria-hidden=\"true\" width=\"32\" height=\"32\"><path fill=\"currentColor\" d=\"M207.029 381.476L12.686 187.132c-9.373-9.373-9.373-24.569 0-33.941l22.667-22.667c9.357-9.357 24.522-9.375 33.901-.04L224 284.505l154.745-154.021c9.379-9.335 24.544-9.317 33.901.04l22.667 22.667c9.373 9.373 9.373 24.569 0 33.941L240.971 381.476c-9.373 9.372-24.569 9.372-33.942 0z\"><\/path><\/svg><\/div><\/span><\/div>\n<\/div><\/div>\n<\/div><\/div><\/summary>\n\n\n\n<div class=\"wp-block-stackable-column stk-block-column stk-column stk-block stk-fd791b9 stk-block-accordion__content\" data-v=\"4\" data-block-id=\"fd791b9\"><div class=\"stk-column-wrapper stk-block-column__content stk-container stk-fd791b9-container stk--no-background stk--no-padding\"><div class=\"stk-block-content stk-inner-blocks stk-fd791b9-inner-blocks\">\n<p>a) cumprir e fazer cumprir a legisla\u00e7\u00e3o espec\u00edfica referente aos servi\u00e7os p\u00fablicos, bem como a regula\u00e7\u00e3o t\u00e9cnica e controle dos padr\u00f5es de qualidade, de forma a garantir a sua continuidade, seguran\u00e7a, presta\u00e7\u00e3o adequada e confiabilidade, podendo para tanto determinar dilig\u00eancias junto ao poder concedente e entidades reguladas, com garantia de amplo direito a todas as informa\u00e7\u00f5es necess\u00e1rias;&nbsp;<\/p>\n\n\n\n<p>b) regular e supervisionar, em suas respectivas esferas e atribui\u00e7\u00f5es, as atividades de presta\u00e7\u00e3o de servi\u00e7os p\u00fablicos no Estado;&nbsp;<\/p>\n\n\n\n<p>c) acompanhar, controlar, e fiscalizar os servi\u00e7os p\u00fablicos no Estado de acordo com os padr\u00f5es e normas estabelecidas nos regulamentos e contratos de concess\u00e3o ou permiss\u00e3o, aplicando as san\u00e7\u00f5es cab\u00edveis e orienta\u00e7\u00f5es necess\u00e1rias aos ajustes na presta\u00e7\u00e3o dos servi\u00e7os;&nbsp;<\/p>\n\n\n\n<p>d) moderar e dirimir conflitos de interesse relativos ao objeto das concess\u00f5es, permiss\u00f5es e autoriza\u00e7\u00f5es, entre poder concedente, entidades reguladas e usu\u00e1rios;&nbsp;<\/p>\n\n\n\n<p>e) atender ao usu\u00e1rio, compreendendo o recebimento, processamento e provimentos de reclama\u00e7\u00f5es relacionadas com a presta\u00e7\u00e3o de servi\u00e7os p\u00fablicos delegados, conforme a regulamenta\u00e7\u00e3o desta Lei Complementar;&nbsp;<\/p>\n\n\n\n<p>f) manter informa\u00e7\u00f5es atualizadas sobre os servi\u00e7os regulados, visando apoiar e subsidiar estudos e decis\u00f5es sobre o setor;&nbsp;<\/p>\n\n\n\n<p>g) regula\u00e7\u00e3o econ\u00f4mica dos servi\u00e7os p\u00fablicos delegados, mediante o estabelecimento de tarifas ou par\u00e2metros tarif\u00e1rios que reflitam o mercado e os custos reais de produ\u00e7\u00e3o, de modo a, concomitantemente, incentivar os investimentos privados e propiciar a razoabilidade e modicidade das tarifas aos usu\u00e1rios;&nbsp;<\/p>\n\n\n\n<p>h) zelar pelo fiel cumprimento da legisla\u00e7\u00e3o, dos contratos de concess\u00e3o e termos de permiss\u00e3o e autoriza\u00e7\u00e3o de servi\u00e7os p\u00fablicos sob a sua compet\u00eancia regulat\u00f3ria, podendo, para tanto, determinar dilig\u00eancias junto ao poder concedente e entidades reguladas, e ter amplo acesso a dados e informa\u00e7\u00f5es;&nbsp;<\/p>\n\n\n\n<p>i) implementar as diretrizes estabelecidas pelo poder concedente em rela\u00e7\u00e3o \u00e0 concess\u00e3o e permiss\u00e3o de servi\u00e7os sujeitos \u00e0 compet\u00eancia da AGRESPI, assim como fiscalizar a presta\u00e7\u00e3o do servi\u00e7o e aplicar san\u00e7\u00f5es;&nbsp;<\/p>\n\n\n\n<p>j) outorgar concess\u00f5es e permiss\u00f5es, quando o poder concedente delegar \u00e0 AGRESPI tal atribui\u00e7\u00e3o por meio de instrumento espec\u00edfico, e sempre em obedi\u00eancia \u00e0 legisla\u00e7\u00e3o vigente;&nbsp;<\/p>\n\n\n\n<p>l) fiscalizar, diretamente ou mediante contrata\u00e7\u00e3o de terceiros, os aspectos t\u00e9cnico, econ\u00f4mico, cont\u00e1bil, financeiro, operacional e jur\u00eddico dos contratos de concess\u00e3o e termos de permiss\u00e3o de servi\u00e7os p\u00fablicos, aplicando, se for o caso, diretamente as san\u00e7\u00f5es cab\u00edveis, entre as quais, suspens\u00e3o tempor\u00e1ria de participa\u00e7\u00e3o em licita\u00e7\u00f5es, interven\u00e7\u00e3o administrativa e extin\u00e7\u00e3o da concess\u00e3o ou permiss\u00e3o, em conformidade com a regulamenta\u00e7\u00e3o desta Lei, e demais normas legais e pactuadas;&nbsp;<\/p>\n\n\n\n<p>m) incentivar a competitividade nos diversos setores sujeitos \u00e0 sua regula\u00e7\u00e3o;&nbsp;<\/p>\n\n\n\n<p>n) prestar consultoria t\u00e9cnica relativamente aos contratos de concess\u00f5es e termos de permiss\u00f5es, mediante solicita\u00e7\u00e3o do poder concedente;&nbsp;<\/p>\n\n\n\n<p>o) contratar com entidades p\u00fablicas ou privadas servi\u00e7os t\u00e9cnicos, vistorias, estudos e auditorias necess\u00e1rios ao exerc\u00edcio das atividades de sua compet\u00eancia, respeitada a legisla\u00e7\u00e3o pertinente;&nbsp;<\/p>\n\n\n\n<p>p) praticar todos os atos necess\u00e1rios ao pleno e justo cumprimento dos seus objetivos.&nbsp;<\/p>\n\n\n\n<p>q) outorgar, por meio de autoriza\u00e7\u00e3o, o direito de uso dos recursos h\u00eddricos em cursos de \u00e1gua de dom\u00ednio do Estado do Piau\u00ed.<\/p>\n<\/div><\/div><\/div>\n<\/details>\n\n\n\n<details class=\"wp-block-stackable-accordion stk-block-accordion stk-inner-blocks stk-block-content stk-block stk-24dd1c7 is-style-default\" data-block-id=\"24dd1c7\">\n<summary class=\"wp-block-stackable-column stk-block-column stk-column stk-block stk-8fa5ee2 stk--container-small stk-block-accordion__heading\" data-v=\"4\" data-block-id=\"8fa5ee2\"><div class=\"stk-column-wrapper stk-block-column__content stk-container stk-8fa5ee2-container stk-hover-parent\"><div class=\"stk-block-content stk-inner-blocks stk-8fa5ee2-inner-blocks\">\n<div class=\"wp-block-stackable-icon-label stk-block-icon-label stk-block stk-18a671f\" data-block-id=\"18a671f\"><div class=\"stk-row stk-inner-blocks stk-block-content\">\n<div class=\"wp-block-stackable-heading stk-block-heading stk-block-heading--v2 stk-block stk-e77e1f4\" id=\"competencias\" data-block-id=\"e77e1f4\"><h4 class=\"stk-block-heading__text stk-block-heading--use-theme-margins\">COMPET\u00caNCIAS<\/h4><\/div>\n\n\n\n<div class=\"wp-block-stackable-icon stk-block-icon stk-block stk-f7b9ed1\" data-block-id=\"f7b9ed1\"><span class=\"stk--svg-wrapper\"><div class=\"stk--inner-svg\"><svg style=\"height:0;width:0\"><defs><linearGradient id=\"linear-gradient-f7b9ed1\" x1=\"0\" x2=\"100%\" y1=\"0\" y2=\"0\"><stop offset=\"0%\" style=\"stop-opacity:1;stop-color:var(--linear-gradient-f-7-b-9-ed-1-color-1)\"><\/stop><stop offset=\"100%\" style=\"stop-opacity:1;stop-color:var(--linear-gradient-f-7-b-9-ed-1-color-2)\"><\/stop><\/linearGradient><\/defs><\/svg><svg data-prefix=\"fas\" data-icon=\"chevron-down\" class=\"svg-inline--fa fa-chevron-down fa-w-14\" xmlns=\"http:\/\/www.w3.org\/2000\/svg\" viewBox=\"0 0 448 512\" aria-hidden=\"true\" width=\"32\" height=\"32\"><path fill=\"currentColor\" d=\"M207.029 381.476L12.686 187.132c-9.373-9.373-9.373-24.569 0-33.941l22.667-22.667c9.357-9.357 24.522-9.375 33.901-.04L224 284.505l154.745-154.021c9.379-9.335 24.544-9.317 33.901.04l22.667 22.667c9.373 9.373 9.373 24.569 0 33.941L240.971 381.476c-9.373 9.372-24.569 9.372-33.942 0z\"><\/path><\/svg><\/div><\/span><\/div>\n<\/div><\/div>\n<\/div><\/div><\/summary>\n\n\n\n<div class=\"wp-block-stackable-column stk-block-column stk-column stk-block stk-7c16425 stk-block-accordion__content\" data-v=\"4\" data-block-id=\"7c16425\"><div class=\"stk-column-wrapper stk-block-column__content stk-container stk-7c16425-container stk--no-background stk--no-padding\"><div class=\"stk-block-content stk-inner-blocks stk-7c16425-inner-blocks\">\n<div class=\"wp-block-stackable-text stk-block-text stk-block stk-0225848\" data-block-id=\"0225848\"><p class=\"stk-block-text__text\">S\u00e3o de compet\u00eancia da AGRESPI regular, fiscalizar e aplicar san\u00e7\u00f5es \u00e0s concession\u00e1rias, permission\u00e1rias e autorizadas a prestar servi\u00e7os p\u00fablicos no Estado do Piau\u00ed, em especial nas seguintes \u00e1reas&#8221;<\/p><\/div>\n\n\n\n<div class=\"wp-block-stackable-text stk-block-text stk-block stk-351f366\" data-block-id=\"351f366\"><p class=\"stk-block-text__text\">I &#8211; capta\u00e7\u00e3o, tratamento e distribui\u00e7\u00e3o de \u00e1gua pot\u00e1vel; <\/p><\/div>\n\n\n\n<div class=\"wp-block-stackable-text stk-block-text stk-block stk-b2e6c67\" data-block-id=\"b2e6c67\"><p class=\"stk-block-text__text\">II &#8211; saneamento b\u00e1sico; <\/p><\/div>\n\n\n\n<div class=\"wp-block-stackable-text stk-block-text stk-block stk-459792c\" data-block-id=\"459792c\"><p class=\"stk-block-text__text\">III &#8211; gera\u00e7\u00e3o, transmiss\u00e3o, distribui\u00e7\u00e3o e comercializa\u00e7\u00e3o de energia el\u00e9trica; <\/p><\/div>\n\n\n\n<div class=\"wp-block-stackable-text stk-block-text stk-block stk-aa23483\" data-block-id=\"aa23483\"><p class=\"stk-block-text__text\">IV &#8211; fontes alternativas de energia; <\/p><\/div>\n\n\n\n<div class=\"wp-block-stackable-text stk-block-text stk-block stk-2ff1640\" data-block-id=\"2ff1640\"><p class=\"stk-block-text__text\">V &#8211; transporte interurbano; <\/p><\/div>\n\n\n\n<div class=\"wp-block-stackable-text stk-block-text stk-block stk-9bdd02e\" data-block-id=\"9bdd02e\"><p class=\"stk-block-text__text\">VI &#8211; portos, hidrovias e transporte hidrovi\u00e1rio; <\/p><\/div>\n\n\n\n<div class=\"wp-block-stackable-text stk-block-text stk-block stk-4e61737\" data-block-id=\"4e61737\"><p class=\"stk-block-text__text\">VII &#8211; aeroportos e transporte a\u00e9reo; <\/p><\/div>\n\n\n\n<div class=\"wp-block-stackable-text stk-block-text stk-block stk-2eead19\" data-block-id=\"2eead19\"><p class=\"stk-block-text__text\">VIII &#8211; ferrovias, esta\u00e7\u00f5es ferrovi\u00e1rias e transporte ferrovi\u00e1rio; <\/p><\/div>\n\n\n\n<div class=\"wp-block-stackable-text stk-block-text stk-block stk-8c2d68a\" data-block-id=\"8c2d68a\"><p class=\"stk-block-text__text\">IX &#8211; telefonia; <\/p><\/div>\n\n\n\n<div class=\"wp-block-stackable-text stk-block-text stk-block stk-e8e639b\" data-block-id=\"e8e639b\"><p class=\"stk-block-text__text\">X &#8211; gera\u00e7\u00e3o, transmiss\u00e3o e difus\u00e3o de sinais radiof\u00f4nicos; <\/p><\/div>\n\n\n\n<div class=\"wp-block-stackable-text stk-block-text stk-block stk-74ab00f\" data-block-id=\"74ab00f\"><p class=\"stk-block-text__text\">XI &#8211; gera\u00e7\u00e3o, transmiss\u00e3o e difus\u00e3o de sinais de televis\u00e3o; <\/p><\/div>\n\n\n\n<div class=\"wp-block-stackable-text stk-block-text stk-block stk-817912a\" data-block-id=\"817912a\"><p class=\"stk-block-text__text\">XII &#8211; distribui\u00e7\u00e3o de g\u00e1s canalizado; <\/p><\/div>\n\n\n\n<div class=\"wp-block-stackable-text stk-block-text stk-block stk-c92aa8e\" data-block-id=\"c92aa8e\"><p class=\"stk-block-text__text\">XIII &#8211; inspe\u00e7\u00e3o de seguran\u00e7a veicular; <\/p><\/div>\n\n\n\n<div class=\"wp-block-stackable-text stk-block-text stk-block stk-ad9cfb7\" data-block-id=\"ad9cfb7\"><p class=\"stk-block-text__text\">XIV &#8211; atividade l\u00fadicas. or this block. You can use this space for describing your block.<\/p><\/div>\n<\/div><\/div><\/div>\n<\/details>\n\n\n\n<p><\/p>\n","protected":false},"excerpt":{"rendered":"<p>A Ag\u00eancia de Regula\u00e7\u00e3o dos Servi\u00e7os P\u00fablicos Delegados do Estado do Piau\u00ed \u2013 AGRESPI \u00e9 uma autarquia sob regime especial, vinculada diretamente ao chefe do Poder Executivo Estadual, dotada de [&hellip;]<\/p>\n","protected":false},"author":1,"featured_media":0,"parent":0,"menu_order":0,"comment_status":"closed","ping_status":"closed","template":"template-fullwidth.php","meta":[],"featured_image_urls":{"full":"","thumbnail":"","medium":"","medium_large":"","large":"","sgg-420":"","sgg-540":"","sgg-780":"","1536x1536":"","2048x2048":"","homepage-slider":"","homepage-slider-small":"","page-top":"","page-small":"","loop-main":"","thumb-gallery-widget":""},"post_excerpt_stackable":"<p>A Ag\u00eancia de Regula\u00e7\u00e3o dos Servi\u00e7os P\u00fablicos Delegados do Estado do Piau\u00ed \u2013 AGRESPI \u00e9 uma autarquia sob regime especial, vinculada diretamente ao chefe do Poder Executivo Estadual, dotada de autonomia administrativa, or\u00e7ament\u00e1ria e financeira. Criada pela Lei Estadual n\u00ba 7.049\/2017, em 16 de Outubro de 2017 e tem por finalidade regular e fiscalizar os servi\u00e7os, o saneamento b\u00e1sico, transportes, g\u00e1s canalizado e infraestrutura geral e demais servi\u00e7os p\u00fablicos delegados do Estado do Piaui. Tamb\u00e9m poder\u00e1 exercer a regula\u00e7\u00e3o de servi\u00e7os de compet\u00eancias de outras esferas de Governo, desde que lhe sejam delegados mediante conv\u00eanio, acordo, contrato ou outros instrumentos&hellip;<\/p>\n","category_list":"","author_info":{"name":"admin","url":"https:\/\/portal.pi.gov.br\/agrespi\/author\/admin\/"},"comments_num":"0 coment\u00e1rio","featured_image_urls_v2":{"full":"","thumbnail":"","medium":"","medium_large":"","large":"","sgg-420":"","sgg-540":"","sgg-780":"","1536x1536":"","2048x2048":"","homepage-slider":"","homepage-slider-small":"","page-top":"","page-small":"","loop-main":"","thumb-gallery-widget":""},"post_excerpt_stackable_v2":"<p>A Ag\u00eancia de Regula\u00e7\u00e3o dos Servi\u00e7os P\u00fablicos Delegados do Estado do Piau\u00ed \u2013 AGRESPI \u00e9 uma autarquia sob regime especial, vinculada diretamente ao chefe do Poder Executivo Estadual, dotada de autonomia administrativa, or\u00e7ament\u00e1ria e financeira. Criada pela Lei Estadual n\u00ba 7.049\/2017, em 16 de Outubro de 2017 e tem por finalidade regular e fiscalizar os servi\u00e7os, o saneamento b\u00e1sico, transportes, g\u00e1s canalizado e infraestrutura geral e demais servi\u00e7os p\u00fablicos delegados do Estado do Piaui. Tamb\u00e9m poder\u00e1 exercer a regula\u00e7\u00e3o de servi\u00e7os de compet\u00eancias de outras esferas de Governo, desde que lhe sejam delegados mediante conv\u00eanio, acordo, contrato ou outros instrumentos&hellip;<\/p>\n","category_list_v2":"","author_info_v2":{"name":"admin","url":"https:\/\/portal.pi.gov.br\/agrespi\/author\/admin\/"},"comments_num_v2":"0 coment\u00e1rio","_links":{"self":[{"href":"https:\/\/portal.pi.gov.br\/agrespi\/wp-json\/wp\/v2\/pages\/898"}],"collection":[{"href":"https:\/\/portal.pi.gov.br\/agrespi\/wp-json\/wp\/v2\/pages"}],"about":[{"href":"https:\/\/portal.pi.gov.br\/agrespi\/wp-json\/wp\/v2\/types\/page"}],"author":[{"embeddable":true,"href":"https:\/\/portal.pi.gov.br\/agrespi\/wp-json\/wp\/v2\/users\/1"}],"replies":[{"embeddable":true,"href":"https:\/\/portal.pi.gov.br\/agrespi\/wp-json\/wp\/v2\/comments?post=898"}],"version-history":[{"count":17,"href":"https:\/\/portal.pi.gov.br\/agrespi\/wp-json\/wp\/v2\/pages\/898\/revisions"}],"predecessor-version":[{"id":3324,"href":"https:\/\/portal.pi.gov.br\/agrespi\/wp-json\/wp\/v2\/pages\/898\/revisions\/3324"}],"wp:attachment":[{"href":"https:\/\/portal.pi.gov.br\/agrespi\/wp-json\/wp\/v2\/media?parent=898"}],"curies":[{"name":"wp","href":"https:\/\/api.w.org\/{rel}","templated":true}]}}