{"id":1231,"date":"2021-11-08T18:31:52","date_gmt":"2021-11-08T21:31:52","guid":{"rendered":"http:\/\/portal.pi.gov.br\/ati\/?page_id=1231"},"modified":"2022-05-18T12:25:48","modified_gmt":"2022-05-18T15:25:48","slug":"portarias","status":"publish","type":"page","link":"https:\/\/portal.pi.gov.br\/ati\/portarias\/","title":{"rendered":"Portarias"},"content":{"rendered":"\n<div class=\"wp-block-image\"><figure class=\"aligncenter size-large is-resized\"><img decoding=\"async\" loading=\"lazy\" src=\"http:\/\/portal.pi.gov.br\/ati\/wp-content\/uploads\/sites\/2\/2021\/11\/Portaria-1024x394.png\" alt=\"\" class=\"wp-image-1232\" width=\"262\" height=\"101\" srcset=\"https:\/\/portal.pi.gov.br\/ati\/wp-content\/uploads\/sites\/2\/2021\/11\/Portaria-1024x394.png 1024w, https:\/\/portal.pi.gov.br\/ati\/wp-content\/uploads\/sites\/2\/2021\/11\/Portaria-300x115.png 300w, https:\/\/portal.pi.gov.br\/ati\/wp-content\/uploads\/sites\/2\/2021\/11\/Portaria-768x295.png 768w, https:\/\/portal.pi.gov.br\/ati\/wp-content\/uploads\/sites\/2\/2021\/11\/Portaria-947x364.png 947w, https:\/\/portal.pi.gov.br\/ati\/wp-content\/uploads\/sites\/2\/2021\/11\/Portaria-624x240.png 624w, https:\/\/portal.pi.gov.br\/ati\/wp-content\/uploads\/sites\/2\/2021\/11\/Portaria.png 1426w\" sizes=\"(max-width: 262px) 100vw, 262px\" \/><\/figure><\/div>\n\n\n\n<hr class=\"wp-block-separator\" \/>\n\n\n\n<div class=\"wp-block-columns is-layout-flex wp-container-4\">\n<div class=\"wp-block-column is-vertically-aligned-center is-layout-flow\" style=\"flex-basis:66.66%\">\n<p>Portaria n\u00ba 060\/2021 &#8211;  Designa\u00e7\u00e3o de Servidor como Encarregado de Prote\u00e7\u00e3o de Dados.<\/p>\n<\/div>\n\n\n\n<div class=\"wp-block-column is-vertically-aligned-center is-layout-flow\" style=\"flex-basis:33.33%\">\n<div class=\"wp-block-buttons is-content-justification-center is-layout-flex\">\n<div class=\"wp-block-button\"><a class=\"wp-block-button__link\" href=\"http:\/\/portal.pi.gov.br\/ati\/wp-content\/uploads\/sites\/2\/2021\/11\/Portaria-DPO.pdf\" target=\"_blank\" rel=\"noreferrer noopener\">Download<\/a><\/div>\n<\/div>\n<\/div>\n<\/div>\n\n\n\n<hr class=\"wp-block-separator\" \/>\n\n\n\n<div class=\"wp-block-columns is-layout-flex wp-container-8\">\n<div class=\"wp-block-column is-vertically-aligned-center is-layout-flow\" style=\"flex-basis:66.66%\">\n<p>Portaria n\u00ba 063\/2021 &#8211;  Disp\u00f5e sobre a implanta\u00e7\u00e3o e normatiza\u00e7\u00e3o do processo de solicita\u00e7\u00f5es eletr\u00f4nicas, no que tange a tecnologia da informa\u00e7\u00e3o e comunica\u00e7\u00e3o de dados,&nbsp;<strong>Central de Suporte e Servi\u00e7os (<em>Service Desk<\/em>)<\/strong>, no \u00e2mbito da Ag\u00eancia de tecnologia da Informa\u00e7\u00e3o &#8211; ATI-PI para atendimento aos usu\u00e1rios do Governo do Estado do Piau\u00ed.<\/p>\n<\/div>\n\n\n\n<div class=\"wp-block-column is-vertically-aligned-center is-layout-flow\" style=\"flex-basis:33.33%\">\n<div class=\"wp-block-buttons is-content-justification-center is-layout-flex\">\n<div class=\"wp-block-button\"><a class=\"wp-block-button__link\" href=\"http:\/\/portal.pi.gov.br\/ati\/wp-content\/uploads\/sites\/2\/2021\/11\/Portaria-Help-Desk.pdf\" target=\"_blank\" rel=\"noreferrer noopener\">Download<\/a><\/div>\n<\/div>\n<\/div>\n<\/div>\n\n\n\n<hr class=\"wp-block-separator\" \/>\n\n\n\n<div class=\"wp-block-columns is-layout-flex wp-container-12\">\n<div class=\"wp-block-column is-layout-flow\" style=\"flex-basis:66.66%\">\n<p>Portaria n\u00ba 263\/2021 &#8211; Institui o Comit\u00ea de Prote\u00e7\u00e3o de Dados Pessoais.<\/p>\n<\/div>\n\n\n\n<div class=\"wp-block-column is-vertically-aligned-center is-layout-flow\" style=\"flex-basis:33.33%\">\n<div class=\"wp-block-buttons is-content-justification-center is-layout-flex\">\n<div class=\"wp-block-button\"><a class=\"wp-block-button__link has-white-color has-text-color\" href=\"https:\/\/portal.pi.gov.br\/ati\/wp-content\/uploads\/sites\/2\/2022\/05\/Portaria-Comite\u0302-Gestor.pdf\" target=\"_blank\" rel=\"noreferrer noopener\">Download<\/a><\/div>\n<\/div>\n\n\n\n<p><\/p>\n<\/div>\n<\/div>\n","protected":false},"excerpt":{"rendered":"<p>Portaria n\u00ba 060\/2021 &#8211; Designa\u00e7\u00e3o de Servidor como Encarregado de Prote\u00e7\u00e3o de Dados. Portaria n\u00ba 063\/2021 &#8211; Disp\u00f5e sobre a implanta\u00e7\u00e3o e normatiza\u00e7\u00e3o do processo de solicita\u00e7\u00f5es eletr\u00f4nicas, no que [&hellip;]<\/p>\n","protected":false},"author":1,"featured_media":0,"parent":0,"menu_order":0,"comment_status":"closed","ping_status":"closed","template":"template-fullwidth.php","meta":[],"featured_image_urls":{"full":"","thumbnail":"","medium":"","medium_large":"","large":"","sgg-420":"","sgg-540":"","sgg-780":"","1536x1536":"","2048x2048":"","homepage-slider":"","homepage-slider-small":"","page-top":"","page-small":"","loop-main":"","thumb-gallery-widget":""},"post_excerpt_stackable":"<p>Portaria n\u00ba 060\/2021 &#8211; Designa\u00e7\u00e3o de Servidor como Encarregado de Prote\u00e7\u00e3o de Dados. Download Portaria n\u00ba 063\/2021 &#8211; Disp\u00f5e sobre a implanta\u00e7\u00e3o e normatiza\u00e7\u00e3o do processo de solicita\u00e7\u00f5es eletr\u00f4nicas, no que tange a tecnologia da informa\u00e7\u00e3o e comunica\u00e7\u00e3o de dados,&nbsp;Central de Suporte e Servi\u00e7os (Service Desk), no \u00e2mbito da Ag\u00eancia de tecnologia da Informa\u00e7\u00e3o &#8211; ATI-PI para atendimento aos usu\u00e1rios do Governo do Estado do Piau\u00ed. Download Portaria n\u00ba 263\/2021 &#8211; Institui o Comit\u00ea de Prote\u00e7\u00e3o de Dados Pessoais. Download<\/p>\n","category_list":"","author_info":{"name":"admin","url":"https:\/\/portal.pi.gov.br\/ati\/author\/admin\/"},"comments_num":"0 coment\u00e1rio","featured_image_urls_v2":{"full":"","thumbnail":"","medium":"","medium_large":"","large":"","sgg-420":"","sgg-540":"","sgg-780":"","1536x1536":"","2048x2048":"","homepage-slider":"","homepage-slider-small":"","page-top":"","page-small":"","loop-main":"","thumb-gallery-widget":""},"post_excerpt_stackable_v2":"<p>Portaria n\u00ba 060\/2021 &#8211; Designa\u00e7\u00e3o de Servidor como Encarregado de Prote\u00e7\u00e3o de Dados. Download Portaria n\u00ba 063\/2021 &#8211; Disp\u00f5e sobre a implanta\u00e7\u00e3o e normatiza\u00e7\u00e3o do processo de solicita\u00e7\u00f5es eletr\u00f4nicas, no que tange a tecnologia da informa\u00e7\u00e3o e comunica\u00e7\u00e3o de dados,&nbsp;Central de Suporte e Servi\u00e7os (Service Desk), no \u00e2mbito da Ag\u00eancia de tecnologia da Informa\u00e7\u00e3o &#8211; ATI-PI para atendimento aos usu\u00e1rios do Governo do Estado do Piau\u00ed. Download Portaria n\u00ba 263\/2021 &#8211; Institui o Comit\u00ea de Prote\u00e7\u00e3o de Dados Pessoais. Download<\/p>\n","category_list_v2":"","author_info_v2":{"name":"admin","url":"https:\/\/portal.pi.gov.br\/ati\/author\/admin\/"},"comments_num_v2":"0 coment\u00e1rio","jetpack_sharing_enabled":true,"_links":{"self":[{"href":"https:\/\/portal.pi.gov.br\/ati\/wp-json\/wp\/v2\/pages\/1231"}],"collection":[{"href":"https:\/\/portal.pi.gov.br\/ati\/wp-json\/wp\/v2\/pages"}],"about":[{"href":"https:\/\/portal.pi.gov.br\/ati\/wp-json\/wp\/v2\/types\/page"}],"author":[{"embeddable":true,"href":"https:\/\/portal.pi.gov.br\/ati\/wp-json\/wp\/v2\/users\/1"}],"replies":[{"embeddable":true,"href":"https:\/\/portal.pi.gov.br\/ati\/wp-json\/wp\/v2\/comments?post=1231"}],"version-history":[{"count":11,"href":"https:\/\/portal.pi.gov.br\/ati\/wp-json\/wp\/v2\/pages\/1231\/revisions"}],"predecessor-version":[{"id":1929,"href":"https:\/\/portal.pi.gov.br\/ati\/wp-json\/wp\/v2\/pages\/1231\/revisions\/1929"}],"wp:attachment":[{"href":"https:\/\/portal.pi.gov.br\/ati\/wp-json\/wp\/v2\/media?parent=1231"}],"curies":[{"name":"wp","href":"https:\/\/api.w.org\/{rel}","templated":true}]}}