{"id":1408,"date":"2021-12-02T17:39:14","date_gmt":"2021-12-02T20:39:14","guid":{"rendered":"https:\/\/portal.pi.gov.br\/ati\/?page_id=1408"},"modified":"2022-05-05T08:21:12","modified_gmt":"2022-05-05T11:21:12","slug":"solicitacao-de-senha-de-contra-cheque","status":"publish","type":"page","link":"https:\/\/portal.pi.gov.br\/ati\/solicitacao-de-senha-de-contra-cheque\/","title":{"rendered":"Solicita\u00e7\u00e3o de Senha de Contra Cheque"},"content":{"rendered":"\n<div class=\"aligncenter wp-block-ugb-notification ugb-notification ugb-af9dbbc ugb-notification--v2 ugb-notification--design-basic ugb-notification--type-info ugb-main-block ugb--has-custom-content-width\"><style>.ugb-af9dbbc .ugb-notification__item{border-radius:0px !important;background-color:rgba(255,255,255,1) !important}.ugb-af9dbbc .ugb-notification__item:before{background-color:#ffffff !important}.ugb-af9dbbc .ugb-notification__icon svg:not(.ugb-custom-icon){color:#313131 !important}.ugb-af9dbbc .ugb-notification__icon{margin-left:auto !important;margin-right:auto !important;height:50px !important;width:50px !important;opacity:1 !important}.ugb-af9dbbc .ugb-notification__icon .ugb-icon-inner-svg,.ugb-af9dbbc .ugb-notification__icon .ugb-icon-inner-svg svg{width:50px !important;height:50px !important}.ugb-af9dbbc .ugb-notification__icon .ugb-icon-inner-svg{color:#313131 !important}.ugb-af9dbbc .ugb-notification__description{color:var(--stk-global-color-88711,#313131) !important}.ugb-af9dbbc .ugb-inner-block{text-align:center}.ugb-af9dbbc.ugb-notification > .ugb-inner-block{max-width:1137px !important}@media screen and (min-width:768px){.ugb-af9dbbc.ugb-notification{margin-top:0px !important}}.ugb-af9dbbc .ugb-notification__icon .ugb-icon-inner-svg,.ugb-af9dbbc .ugb-notification__icon .ugb-icon-inner-svg svg *{color:#313131 !important;fill:#313131 !important}<\/style><div class=\"ugb-inner-block\"><div class=\"ugb-block-content\"><div class=\"ugb-notification__item ugb-notification--new-icon ugb--shadow-6\"><div class=\"ugb-notification__icon\"><div class=\"ugb-icon-inner-svg\"><svg data-prefix=\"fas\" data-icon=\"exclamation-triangle\" class=\"svg-inline--fa fa-exclamation-triangle fa-w-18\" role=\"img\" xmlns=\"http:\/\/www.w3.org\/2000\/svg\" viewBox=\"0 0 576 512\"><path fill=\"currentColor\" d=\"M569.517 440.013C587.975 472.007 564.806 512 527.94 512H48.054c-36.937 0-59.999-40.055-41.577-71.987L246.423 23.985c18.467-32.009 64.72-31.951 83.154 0l239.94 416.028zM288 354c-25.405 0-46 20.595-46 46s20.595 46 46 46 46-20.595 46-46-20.595-46-46-46zm-43.673-165.346l7.418 136c.347 6.364 5.609 11.346 11.982 11.346h48.546c6.373 0 11.635-4.982 11.982-11.346l7.418-136c.375-6.874-5.098-12.654-11.982-12.654h-63.383c-6.884 0-12.356 5.78-11.981 12.654z\"><\/path><\/svg><\/div><\/div><p class=\"ugb-notification__description\">Aten\u00e7\u00e3o, o preenchimento deste formul\u00e1rio n\u00e3o gerar\u00e1 automaticamente uma senha, os dados preenchidos ser\u00e3o validados, e um servidor da ATI entrar\u00e1 em contato em caso de diverg\u00eancias.<br><br><br>Favor n\u00e3o utilizar e-mail <strong>outlook<\/strong> e <strong>hotmail<\/strong> no formul\u00e1rio de contato.<\/p><\/div><\/div><\/div><\/div>\n\n\n<div id=\"quform-bf4463\" class=\"quform quform-1 quform-support-page-caching\"><form id=\"quform-form-bf4463\" class=\"quform-form quform-form-1\" action=\"\/ati\/wp-json\/wp\/v2\/pages\/1408#quform-bf4463\" method=\"post\" enctype=\"multipart\/form-data\" novalidate=\"novalidate\" data-options=\"{&quot;id&quot;:1,&quot;uniqueId&quot;:&quot;bf4463&quot;,&quot;theme&quot;:&quot;&quot;,&quot;ajax&quot;:true,&quot;logic&quot;:{&quot;logic&quot;:{&quot;6&quot;:{&quot;action&quot;:true,&quot;match&quot;:&quot;all&quot;,&quot;rules&quot;:[{&quot;elementId&quot;:&quot;18&quot;,&quot;operator&quot;:&quot;eq&quot;,&quot;optionId&quot;:&quot;1&quot;,&quot;value&quot;:&quot;Sim&quot;}]}},&quot;dependents&quot;:{&quot;18&quot;:[6]},&quot;elementIds&quot;:[6],&quot;dependentElementIds&quot;:[&quot;18&quot;],&quot;animate&quot;:true},&quot;currentPageId&quot;:1,&quot;errorsIcon&quot;:&quot;&quot;,&quot;updateFancybox&quot;:true,&quot;hasPages&quot;:false,&quot;pages&quot;:[1],&quot;pageProgressType&quot;:&quot;numbers&quot;,&quot;tooltipsEnabled&quot;:true,&quot;tooltipClasses&quot;:&quot;qtip-quform-dark qtip-shadow&quot;,&quot;tooltipMy&quot;:&quot;left center&quot;,&quot;tooltipAt&quot;:&quot;right center&quot;,&quot;isRtl&quot;:false,&quot;scrollOffset&quot;:-50,&quot;scrollSpeed&quot;:800}\"><button class=\"quform-default-submit\" name=\"quform_submit\" type=\"submit\" value=\"submit\" aria-hidden=\"true\" tabindex=\"-1\"><\/button><div class=\"quform-form-inner quform-form-inner-1\"><input type=\"hidden\" name=\"quform_form_id\" value=\"1\" \/><input type=\"hidden\" name=\"quform_form_uid\" value=\"bf4463\" \/><input type=\"hidden\" name=\"quform_count\" value=\"1\" \/><input type=\"hidden\" name=\"form_url\" value=\"https:\/\/portal.pi.gov.br\/ati\/wp-json\/wp\/v2\/pages\/1408\" \/><input type=\"hidden\" name=\"referring_url\" value=\"\" \/><input type=\"hidden\" name=\"post_id\" value=\"\" \/><input type=\"hidden\" name=\"post_title\" value=\"\" \/><input type=\"hidden\" name=\"quform_current_page_id\" value=\"1\" \/><input type=\"hidden\" name=\"quform_csrf_token\" value=\"M5LTmR7xTikwXcJYGbMqixENcEJJXxy9CrhTtNUl\" \/><div class=\"quform-elements quform-elements-1 quform-cf quform-responsive-elements-phone-landscape\"><div class=\"quform-element quform-element-page quform-page-1 quform-page-1_1 quform-cf quform-group-style-plain quform-first-page quform-last-page quform-current-page\"><div class=\"quform-child-elements\"><div class=\"quform-element quform-element-name quform-element-1_4 quform-cf quform-element-optional\"><div class=\"quform-spacer\"><div class=\"quform-label quform-label-1_4\"><label class=\"quform-label-text\" id=\"quform_1_4_bf4463_label\">Nome<\/label><\/div><div class=\"quform-inner quform-inner-name quform-inner-1_4\"><div class=\"quform-input quform-input-name quform-input-1_4 quform-cf\"><div class=\"quform-element-row quform-2-columns quform-element-row-size-fixed quform-responsive-columns-phone-landscape\"><div class=\"quform-element-column\"><div class=\"quform-element quform-element-text quform-element-1_4_2 quform-cf quform-element-optional\"><div class=\"quform-spacer\"><div class=\"quform-inner quform-inner-text quform-inner-1_4_2\"><div class=\"quform-input quform-input-text quform-input-1_4_2 quform-cf\"><input type=\"text\" id=\"quform_1_4_2_bf4463\" name=\"quform_1_4[2]\" class=\"quform-field quform-field-text quform-field-1_4_2\" aria-labelledby=\"quform_1_4_bf4463_label quform_1_4_2_bf4463_sub_label_below\" \/><\/div><label id=\"quform_1_4_2_bf4463_sub_label_below\" class=\"quform-sub-label quform-sub-label-below\">Nome<\/label><\/div><\/div><\/div><\/div><div class=\"quform-element-column\"><div class=\"quform-element quform-element-text quform-element-1_4_4 quform-cf quform-element-optional\"><div class=\"quform-spacer\"><div class=\"quform-inner quform-inner-text quform-inner-1_4_4\"><div class=\"quform-input quform-input-text quform-input-1_4_4 quform-cf\"><input type=\"text\" id=\"quform_1_4_4_bf4463\" name=\"quform_1_4[4]\" class=\"quform-field quform-field-text quform-field-1_4_4\" aria-labelledby=\"quform_1_4_bf4463_label quform_1_4_4_bf4463_sub_label_below\" \/><\/div><label id=\"quform_1_4_4_bf4463_sub_label_below\" class=\"quform-sub-label quform-sub-label-below\">Sobrenome<\/label><\/div><\/div><\/div><\/div><\/div><\/div><\/div><\/div><\/div><div class=\"quform-element quform-element-row quform-element-row-1_35 quform-2-columns quform-element-row-size-fixed quform-responsive-columns-phone-landscape\"><div class=\"quform-element quform-element-column quform-element-1_36\"><div class=\"quform-element quform-element-email quform-element-1_28 quform-cf quform-element-required\"><div class=\"quform-spacer\"><div class=\"quform-label quform-label-1_28\"><label class=\"quform-label-text\" for=\"quform_1_28_bf4463\">Endere\u00e7o de E-mail<span class=\"quform-required\">*<\/span><\/label><\/div><div class=\"quform-inner quform-inner-email quform-inner-1_28\"><div class=\"quform-input quform-input-email quform-input-1_28 quform-cf\"><input type=\"email\" id=\"quform_1_28_bf4463\" name=\"quform_1_28\" class=\"quform-field quform-field-email quform-field-1_28\" \/><\/div><label id=\"quform_1_28_bf4463_sub_label_below\" class=\"quform-sub-label quform-sub-label-below\">* Favor n\u00e3o utilizar e-mail Outlook e Hotmail<\/label><\/div><\/div><\/div><\/div><div class=\"quform-element quform-element-column quform-element-1_37\"><div class=\"quform-element quform-element-email quform-element-1_34 quform-cf quform-element-required\"><div class=\"quform-spacer\"><div class=\"quform-label quform-label-1_34\"><label class=\"quform-label-text\" for=\"quform_1_34_bf4463\">Confirme seu E-mail<span class=\"quform-required\">*<\/span><\/label><\/div><div class=\"quform-inner quform-inner-email quform-inner-1_34\"><div class=\"quform-input quform-input-email quform-input-1_34 quform-cf\"><input type=\"email\" id=\"quform_1_34_bf4463\" name=\"quform_1_34\" class=\"quform-field quform-field-email quform-field-1_34\" \/><\/div><\/div><\/div><\/div><\/div><\/div><div class=\"quform-element quform-element-text quform-element-1_26 quform-cf quform-element-required\"><div class=\"quform-spacer\"><div class=\"quform-label quform-label-1_26\"><label class=\"quform-label-text\" for=\"quform_1_26_bf4463\">Telefone de Contato<span class=\"quform-required\">*<\/span><\/label><\/div><div class=\"quform-inner quform-inner-text quform-inner-1_26\"><div class=\"quform-input quform-input-text quform-input-1_26 quform-cf\"><input type=\"text\" id=\"quform_1_26_bf4463\" name=\"quform_1_26\" class=\"quform-field quform-field-text quform-field-1_26\" \/><\/div><\/div><\/div><\/div><div class=\"quform-element quform-element-text quform-element-1_81 quform-cf quform-element-required\"><div class=\"quform-spacer\"><div class=\"quform-label quform-label-1_81\"><label class=\"quform-label-text\" for=\"quform_1_81_bf4463\">CPF<span class=\"quform-required\">*<\/span><\/label><div class=\"quform-tooltip-icon quform-tooltip-icon-hover\"><i class=\"qicon-question-circle\"><\/i><div class=\"quform-tooltip-icon-content\">Digite somente n\u00fameros<\/div><\/div><\/div><div class=\"quform-inner quform-inner-text quform-inner-1_81\"><div class=\"quform-input quform-input-text quform-input-1_81 quform-cf\"><input type=\"text\" id=\"quform_1_81_bf4463\" name=\"quform_1_81\" class=\"quform-field quform-field-text quform-field-1_81\" \/><\/div><\/div><\/div><\/div><div class=\"quform-element quform-element-row quform-element-row-1_29 quform-2-columns quform-element-row-size-fixed quform-responsive-columns-phone-landscape\"><div class=\"quform-element quform-element-column quform-element-1_30\"><div class=\"quform-element quform-element-radio quform-element-1_18 quform-cf quform-element-required\"><div class=\"quform-spacer\"><div class=\"quform-label quform-label-1_18\"><label class=\"quform-label-text\" id=\"quform_1_18_bf4463_label\">Voc\u00ea sabe sua Matr\u00edcula?<span class=\"quform-required\">*<\/span><\/label><\/div><div class=\"quform-inner quform-inner-radio quform-inner-1_18\"><div class=\"quform-input quform-input-radio quform-input-1_18 quform-cf\"><div class=\"quform-options quform-cf quform-options-block quform-options-simple\" role=\"radiogroup\" aria-labelledby=\"quform_1_18_bf4463_label\"><div class=\"quform-option\"><input type=\"radio\" name=\"quform_1_18\" id=\"quform_1_18_bf4463_1\" class=\"quform-field quform-field-radio quform-field-1_18 quform-field-1_18_1\" value=\"Sim\" \/><label for=\"quform_1_18_bf4463_1\" class=\"quform-option-label quform-option-label-1_18_1\"><span class=\"quform-option-text\">Sim<\/span><\/label><\/div><div class=\"quform-option\"><input type=\"radio\" name=\"quform_1_18\" id=\"quform_1_18_bf4463_2\" class=\"quform-field quform-field-radio quform-field-1_18 quform-field-1_18_2\" value=\"N\u00e3o\" \/><label for=\"quform_1_18_bf4463_2\" class=\"quform-option-label quform-option-label-1_18_2\"><span class=\"quform-option-text\">N\u00e3o<\/span><\/label><\/div><\/div><\/div><\/div><\/div><\/div><\/div><div class=\"quform-element quform-element-column quform-element-1_31\"><div class=\"quform-element quform-element-text quform-element-1_6 quform-cf quform-element-optional\"><div class=\"quform-spacer\"><div class=\"quform-label quform-label-1_6\"><label class=\"quform-label-text\" for=\"quform_1_6_bf4463\">Matr\u00edcula<\/label><\/div><div class=\"quform-inner quform-inner-text quform-inner-1_6\"><div class=\"quform-input quform-input-text quform-input-1_6 quform-cf\"><input type=\"text\" id=\"quform_1_6_bf4463\" name=\"quform_1_6\" class=\"quform-field quform-field-text quform-field-1_6\" \/><\/div><\/div><\/div><\/div><\/div><\/div><div class=\"quform-element quform-element-text quform-element-1_11 quform-cf quform-element-required\"><div class=\"quform-spacer\"><div class=\"quform-label quform-label-1_11\"><label class=\"quform-label-text\" for=\"quform_1_11_bf4463\">\u00d3rg\u00e3o de Vincula\u00e7\u00e3o<span class=\"quform-required\">*<\/span><\/label><\/div><div class=\"quform-inner quform-inner-text quform-inner-1_11\"><div class=\"quform-input quform-input-text quform-input-1_11 quform-cf\"><input type=\"text\" id=\"quform_1_11_bf4463\" name=\"quform_1_11\" class=\"quform-field quform-field-text quform-field-1_11\" \/><\/div><\/div><\/div><\/div><div class=\"quform-element quform-element-textarea quform-element-1_8 quform-cf quform-element-required\"><div class=\"quform-spacer\"><div class=\"quform-label quform-label-1_8\"><label class=\"quform-label-text\" for=\"quform_1_8_bf4463\">Justificativa da Solicita\u00e7\u00e3o<span class=\"quform-required\">*<\/span><\/label><\/div><div class=\"quform-inner quform-inner-textarea quform-inner-1_8\"><div class=\"quform-input quform-input-textarea quform-input-1_8 quform-cf\"><textarea id=\"quform_1_8_bf4463\" name=\"quform_1_8\" class=\"quform-field quform-field-textarea quform-field-1_8\"><\/textarea><\/div><\/div><\/div><\/div><div class=\"quform-element quform-element-file quform-element-1_80 quform-cf quform-element-required\"><div class=\"quform-spacer\"><div class=\"quform-label quform-label-1_80\"><label class=\"quform-label-text\" for=\"quform_1_80_bf4463\">Envio de Identidade e CPF<span class=\"quform-required\">*<\/span><\/label><\/div><div class=\"quform-inner quform-inner-file quform-inner-1_80\"><div class=\"quform-input quform-input-file quform-input-1_80 quform-cf quform-button-style-theme\"><input type=\"file\" id=\"quform_1_80_bf4463\" name=\"quform_1_80[]\" class=\"quform-field quform-field-file quform-field-1_80 quform-field-file-enhanced\" multiple data-config=\"{&quot;id&quot;:80,&quot;identifier&quot;:&quot;1_80&quot;,&quot;name&quot;:&quot;quform_1_80&quot;,&quot;max&quot;:2,&quot;size&quot;:10485760,&quot;allowedExtensions&quot;:[&quot;jpg&quot;,&quot;jpeg&quot;,&quot;png&quot;,&quot;pdf&quot;],&quot;notAllowedTypeWithFilename&quot;:&quot;File type of &#039;%filename%&#039; is not allowed&quot;,&quot;tooBigWithFilename&quot;:&quot;O arquivo &#039;%filename%&#039;  excede o tamanho m\\u00e1ximo permitido&quot;,&quot;tooMany&quot;:&quot;Voc\\u00ea n\\u00e3o pode enviar mais do que %max% arquivo(s)&quot;,&quot;buttonType&quot;:&quot;button&quot;,&quot;buttonText&quot;:&quot;Procurar ...&quot;,&quot;buttonIcon&quot;:&quot;qicon-file_upload&quot;,&quot;buttonIconPosition&quot;:&quot;right&quot;}\" \/><\/div><p class=\"quform-description quform-description-below\">Enviar C\u00f3pia da Identidade (frente e verso) e CPF, tamanho m\u00e1ximo de arquivo suportado 10Mb<\/p><\/div><\/div><\/div><div class=\"quform-element quform-element-file quform-element-1_13 quform-cf quform-element-required\"><div class=\"quform-spacer\"><div class=\"quform-label quform-label-1_13\"><label class=\"quform-label-text\" for=\"quform_1_13_bf4463\">Envio de Selfie com Identidade<span class=\"quform-required\">*<\/span><\/label><\/div><div class=\"quform-inner quform-inner-file quform-inner-1_13\"><div class=\"quform-input quform-input-file quform-input-1_13 quform-cf quform-button-style-theme\"><input type=\"file\" id=\"quform_1_13_bf4463\" name=\"quform_1_13[]\" class=\"quform-field quform-field-file quform-field-1_13 quform-field-file-enhanced\" data-config=\"{&quot;id&quot;:13,&quot;identifier&quot;:&quot;1_13&quot;,&quot;name&quot;:&quot;quform_1_13&quot;,&quot;max&quot;:1,&quot;size&quot;:10485760,&quot;allowedExtensions&quot;:[&quot;jpg&quot;,&quot;jpeg&quot;,&quot;png&quot;,&quot;pdf&quot;],&quot;notAllowedTypeWithFilename&quot;:&quot;File type of &#039;%filename%&#039; is not allowed&quot;,&quot;tooBigWithFilename&quot;:&quot;O arquivo &#039;%filename%&#039;  excede o tamanho m\\u00e1ximo permitido&quot;,&quot;tooMany&quot;:&quot;Voc\\u00ea n\\u00e3o pode enviar mais do que %max% arquivo(s)&quot;,&quot;buttonType&quot;:&quot;button&quot;,&quot;buttonText&quot;:&quot;Procurar ...&quot;,&quot;buttonIcon&quot;:&quot;qicon-file_upload&quot;,&quot;buttonIconPosition&quot;:&quot;right&quot;}\" \/><\/div><p class=\"quform-description quform-description-below\">Fa\u00e7a uma Selfie segurando sua identidade ao lado do seu rosto, com a foto da identidade para frente. \n*** OBS.: Em caso de servidor falecido, anexar a Certid\u00e3o de \u00d3bito.<\/p><\/div><\/div><\/div><div class=\"quform-element quform-element-checkbox quform-element-1_39 quform-cf quform-element-optional\"><div class=\"quform-spacer\"><div class=\"quform-inner quform-inner-checkbox quform-inner-1_39\"><div class=\"quform-input quform-input-checkbox quform-input-1_39 quform-cf\"><div class=\"quform-options quform-cf quform-options-block quform-options-simple\"><div class=\"quform-option\"><input type=\"checkbox\" name=\"quform_1_39[]\" id=\"quform_1_39_bf4463_1\" class=\"quform-field quform-field-checkbox quform-field-1_39 quform-field-1_39_1\" value=\"Ao marcar esta caixa, voc\u00ea est\u00e1 de acordo com nosso &lt;a href=&quot;https:\/\/portal.pi.gov.br\/ati\/termo-de-consentimento-para-tratamento-de-dados\/&quot; target=&quot;_blank&quot;&gt;&quot;Termo de Consentimento para Tratamento de Dados&quot;&lt;\/a&gt;.\" checked \/><label for=\"quform_1_39_bf4463_1\" class=\"quform-option-label quform-option-label-1_39_1\"><span class=\"quform-option-text\">Ao marcar esta caixa, voc\u00ea est\u00e1 de acordo com nosso <a href=\"https:\/\/portal.pi.gov.br\/ati\/termo-de-consentimento-para-tratamento-de-dados\/\" target=\"_blank\">\"Termo de Consentimento para Tratamento de Dados\"<\/a>.<\/span><\/label><\/div><\/div><\/div><\/div><\/div><\/div><div class=\"quform-element quform-element-recaptcha quform-element-1_17 quform-cf quform-element-required\"><div class=\"quform-spacer\"><div class=\"quform-label quform-label-1_17\"><label class=\"quform-label-text\">Voc\u00ea \u00e9 humano?<span class=\"quform-required\">*<\/span><\/label><\/div><div class=\"quform-inner quform-inner-recaptcha quform-inner-1_17\"><div class=\"quform-input quform-input-recaptcha quform-input-1_17 quform-cf\"><div class=\"quform-recaptcha\" data-config=\"{&quot;sitekey&quot;:&quot;6Lc3WcIZAAAAAEo20fLe65wxejcmBs89mx7orCbI&quot;,&quot;_version&quot;:&quot;v2&quot;,&quot;size&quot;:&quot;normal&quot;,&quot;type&quot;:&quot;image&quot;,&quot;theme&quot;:&quot;light&quot;,&quot;badge&quot;:&quot;bottomright&quot;}\"><\/div><noscript><div><div style=\"width: 302px; height: 422px; position: relative;\"><div style=\"width: 302px; height: 422px; position: absolute;\"><iframe src=\"https:\/\/www.google.com\/recaptcha\/api\/fallback?k=6Lc3WcIZAAAAAEo20fLe65wxejcmBs89mx7orCbI\" frameborder=\"0\" scrolling=\"no\" style=\"width: 302px; height:422px; border-style: none;\"><\/iframe><\/div><\/div><div style=\"width: 300px; height: 60px; border-style: none; bottom: 12px; left: 25px; margin: 0px; padding: 0px; right: 25px; background: #f9f9f9; border: 1px solid #c1c1c1; border-radius: 3px;\"><textarea name=\"g-recaptcha-response\" class=\"g-recaptcha-response\" style=\"width: 250px; height: 40px; border: 1px solid #c1c1c1; margin: 10px 25px; padding: 0px; resize: none;\"><\/textarea><\/div><\/div><\/noscript><\/div><\/div><\/div><\/div><div class=\"quform-element quform-element-submit quform-element-1_2 quform-cf quform-button-style-theme\"><div class=\"quform-button-submit quform-button-submit-default quform-button-submit-1_2\"><button name=\"quform_submit\" type=\"submit\" class=\"quform-submit\" value=\"submit\"><span class=\"quform-button-text quform-button-submit-text\">Enviar<\/span><\/button><\/div><div class=\"quform-loading quform-loading-position-left quform-loading-type-spinner-1\"><div class=\"quform-loading-inner\"><div class=\"quform-loading-spinner\"><div class=\"quform-loading-spinner-inner\"><\/div><\/div><\/div><\/div><\/div><div class=\"quform-element-tree\"><label for=\"quform_1_0_bf4463\">Este campo deve ser deixado em branco<\/label><input type=\"text\" id=\"quform_1_0_bf4463\" name=\"quform_1_0\" class=\"quform-field quform-field-tree quform-field-1_0\" tabindex=\"-1\" autocomplete=\"off\" \/><\/div><\/div><\/div><\/div><div class=\"quform-upload-progress-wrap\"><div class=\"quform-upload-progress-bar-wrap\"><div class=\"quform-upload-progress-bar\"><\/div><\/div><div class=\"quform-upload-info quform-cf\"><div class=\"quform-upload-filename\"><\/div><\/div><\/div><\/div><\/form><\/div>\n","protected":false},"excerpt":{"rendered":"<p>Aten\u00e7\u00e3o, o preenchimento deste formul\u00e1rio n\u00e3o gerar\u00e1 automaticamente uma senha, os dados preenchidos ser\u00e3o validados, e um servidor da ATI entrar\u00e1 em contato em caso de diverg\u00eancias. Favor n\u00e3o utilizar [&hellip;]<\/p>\n","protected":false},"author":1,"featured_media":0,"parent":0,"menu_order":0,"comment_status":"closed","ping_status":"closed","template":"template-fullwidth.php","meta":[],"featured_image_urls":{"full":"","thumbnail":"","medium":"","medium_large":"","large":"","sgg-420":"","sgg-540":"","sgg-780":"","1536x1536":"","2048x2048":"","homepage-slider":"","homepage-slider-small":"","page-top":"","page-small":"","loop-main":"","thumb-gallery-widget":""},"post_excerpt_stackable":"<p>Aten\u00e7\u00e3o, o preenchimento deste formul\u00e1rio n\u00e3o gerar\u00e1 automaticamente uma senha, os dados preenchidos ser\u00e3o validados, e um servidor da ATI entrar\u00e1 em contato em caso de diverg\u00eancias.Favor n\u00e3o utilizar e-mail outlook e hotmail no formul\u00e1rio de contato. NomeNomeSobrenomeEndere\u00e7o de E-mail** Favor n\u00e3o utilizar e-mail Outlook e HotmailConfirme seu E-mail*Telefone de Contato*CPF*Digite somente n\u00famerosVoc\u00ea sabe sua Matr\u00edcula?*SimN\u00e3oMatr\u00edcula\u00d3rg\u00e3o de Vincula\u00e7\u00e3o*Justificativa da Solicita\u00e7\u00e3o*Envio de Identidade e CPF*Enviar C\u00f3pia da Identidade (frente e verso) e CPF, tamanho m\u00e1ximo de arquivo suportado 10MbEnvio de Selfie com Identidade*Fa\u00e7a uma Selfie segurando sua identidade ao lado do seu rosto, com a foto da identidade para frente. ***&hellip;<\/p>\n","category_list":"","author_info":{"name":"admin","url":"https:\/\/portal.pi.gov.br\/ati\/author\/admin\/"},"comments_num":"0 coment\u00e1rio","featured_image_urls_v2":{"full":"","thumbnail":"","medium":"","medium_large":"","large":"","sgg-420":"","sgg-540":"","sgg-780":"","1536x1536":"","2048x2048":"","homepage-slider":"","homepage-slider-small":"","page-top":"","page-small":"","loop-main":"","thumb-gallery-widget":""},"post_excerpt_stackable_v2":"<p>Aten\u00e7\u00e3o, o preenchimento deste formul\u00e1rio n\u00e3o gerar\u00e1 automaticamente uma senha, os dados preenchidos ser\u00e3o validados, e um servidor da ATI entrar\u00e1 em contato em caso de diverg\u00eancias.Favor n\u00e3o utilizar e-mail outlook e hotmail no formul\u00e1rio de contato. NomeNomeSobrenomeEndere\u00e7o de E-mail** Favor n\u00e3o utilizar e-mail Outlook e HotmailConfirme seu E-mail*Telefone de Contato*CPF*Digite somente n\u00famerosVoc\u00ea sabe sua Matr\u00edcula?*SimN\u00e3oMatr\u00edcula\u00d3rg\u00e3o de Vincula\u00e7\u00e3o*Justificativa da Solicita\u00e7\u00e3o*Envio de Identidade e CPF*Enviar C\u00f3pia da Identidade (frente e verso) e CPF, tamanho m\u00e1ximo de arquivo suportado 10MbEnvio de Selfie com Identidade*Fa\u00e7a uma Selfie segurando sua identidade ao lado do seu rosto, com a foto da identidade para frente. ***&hellip;<\/p>\n","category_list_v2":"","author_info_v2":{"name":"admin","url":"https:\/\/portal.pi.gov.br\/ati\/author\/admin\/"},"comments_num_v2":"0 coment\u00e1rio","jetpack_sharing_enabled":true,"_links":{"self":[{"href":"https:\/\/portal.pi.gov.br\/ati\/wp-json\/wp\/v2\/pages\/1408"}],"collection":[{"href":"https:\/\/portal.pi.gov.br\/ati\/wp-json\/wp\/v2\/pages"}],"about":[{"href":"https:\/\/portal.pi.gov.br\/ati\/wp-json\/wp\/v2\/types\/page"}],"author":[{"embeddable":true,"href":"https:\/\/portal.pi.gov.br\/ati\/wp-json\/wp\/v2\/users\/1"}],"replies":[{"embeddable":true,"href":"https:\/\/portal.pi.gov.br\/ati\/wp-json\/wp\/v2\/comments?post=1408"}],"version-history":[{"count":11,"href":"https:\/\/portal.pi.gov.br\/ati\/wp-json\/wp\/v2\/pages\/1408\/revisions"}],"predecessor-version":[{"id":1885,"href":"https:\/\/portal.pi.gov.br\/ati\/wp-json\/wp\/v2\/pages\/1408\/revisions\/1885"}],"wp:attachment":[{"href":"https:\/\/portal.pi.gov.br\/ati\/wp-json\/wp\/v2\/media?parent=1408"}],"curies":[{"name":"wp","href":"https:\/\/api.w.org\/{rel}","templated":true}]}}