{"id":1715,"date":"2022-02-06T09:22:45","date_gmt":"2022-02-06T12:22:45","guid":{"rendered":"https:\/\/portal.pi.gov.br\/ati\/?page_id=1715"},"modified":"2022-02-06T14:50:21","modified_gmt":"2022-02-06T17:50:21","slug":"termo-de-consentimento-para-tratamento-de-dados","status":"publish","type":"page","link":"https:\/\/portal.pi.gov.br\/ati\/termo-de-consentimento-para-tratamento-de-dados\/","title":{"rendered":"Termo"},"content":{"rendered":"\n<h2 class=\"has-text-align-center wp-block-heading\">Termo de Consentimento para Tratamento de Dados<\/h2>\n\n\n\n<p>Este documento visa registrar a manifesta\u00e7\u00e3o livre, informada e inequ\u00edvoca pela qual o Titular (pessoa a quem se referem os dados pessoais que s\u00e3o objeto de tratamento) concorda com o tratamento de seus dados pessoais para finalidade espec\u00edfica, em conformidade com a Lei n\u00ba 13.709 \u2013 Lei Geral de Prote\u00e7\u00e3o de Dados Pessoais (LGPD).<\/p>\n\n\n\n<p>Ao manifestar sua aceita\u00e7\u00e3o para com o presente termo, o Titular consente e concorda que o respons\u00e1vel por coletar os dados pessoais deste formul\u00e1rio e dos documentos encaminhados via upload, denominado Controlador, tome decis\u00f5es referentes ao tratamento de seus dados pessoais, bem como realize o tratamento de seus dados pessoais, envolvendo opera\u00e7\u00f5es como as que se referem a coleta, produ\u00e7\u00e3o, recep\u00e7\u00e3o, classifica\u00e7\u00e3o, utiliza\u00e7\u00e3o, acesso, reprodu\u00e7\u00e3o, transmiss\u00e3o, distribui\u00e7\u00e3o, processamento, arquivamento, armazenamento, elimina\u00e7\u00e3o, avalia\u00e7\u00e3o ou controle da informa\u00e7\u00e3o, modifica\u00e7\u00e3o, comunica\u00e7\u00e3o, transfer\u00eancia, difus\u00e3o ou extra\u00e7\u00e3o.<\/p>\n\n\n\n<p><strong>\u2014 Dados Pessoais<br><\/strong>O Controlador fica autorizado a tomar decis\u00f5es referentes ao tratamento e a realizar o tratamento dos seguintes dados pessoais do Titular:<\/p>\n\n\n\n<p>\u2013 Nome completo<br>\u2013 CPF<br>\u2013 RG<br>\u2013 Endere\u00e7os de e-mail<br>\u2013 Telefone de contato<\/p>\n\n\n\n<p><strong>\u2014 Finalidades do Tratamento dos Dados<br><\/strong>O tratamento dos dados pessoais listados neste termo tem as seguintes finalidades:<\/p>\n\n\n\n<p>\u2013 Possibilitar que o Controlador identifique e valide a exist\u00eancia do Titular para fins de atendimento da demanda do Titular de Dados Pessoais.<\/p>\n\n\n\n<p>\u2013 Possibilitar que o Controlador possa manter contato telef\u00f4nico ou por correio eletr\u00f4nico para atender a demanda do Titular de Dados Pessoais.<\/p>\n\n\n\n<p>\u2013 Possibilitar que o Controlador mantenha registro da demanda do Titular de Dados Pessoais e seu devido atendimento.<\/p>\n\n\n\n<p><strong>\u2014 Compartilhamento de Dados<br><\/strong>O Controlador fica autorizado a compartilhar os dados pessoais do Titular com outros agentes de tratamento de dados, caso seja necess\u00e1rio para as finalidades listadas neste termo, observados os princ\u00edpios e as garantias estabelecidas pela Lei n\u00ba 13.709.<\/p>\n\n\n\n<p><strong>\u2014 Seguran\u00e7a dos Dados<\/strong><br>O Controlador responsabiliza-se pela manuten\u00e7\u00e3o de medidas de seguran\u00e7a, t\u00e9cnicas e administrativas aptas a proteger os dados pessoais de acessos n\u00e3o autorizados e de situa\u00e7\u00f5es acidentais ou il\u00edcitas de destrui\u00e7\u00e3o, perda, altera\u00e7\u00e3o, comunica\u00e7\u00e3o ou qualquer forma de tratamento inadequado ou il\u00edcito. Em conformidade ao art. 48 da Lei n\u00ba 13.709, o Controlador comunicar\u00e1 ao Titular e \u00e0 Autoridade Nacional de Prote\u00e7\u00e3o de Dados (ANPD) a ocorr\u00eancia de incidente de seguran\u00e7a que possa acarretar risco ou dano relevante ao Titular.<\/p>\n\n\n\n<p><strong>\u2014 T\u00e9rmino do Tratamento dos Dados<br><\/strong>O Controlador poder\u00e1 manter e tratar os dados pessoais do Titular durante 02 (dois) meses, contados da data de registro do titular por meio da \u00e1rea de contato do web site (<a rel=\"noreferrer noopener\" href=\"https:\/\/portal.pi.gov.br\/ati\/\" target=\"_blank\">https:\/\/portal.pi.go v.br\/ati<\/a><a rel=\"noreferrer noopener\" href=\"http:\/\/www.plmconsultoria.com.br\/\" target=\"_blank\">\/<\/a>). Dados pessoais anonimizados, sem possibilidade de associa\u00e7\u00e3o ao indiv\u00edduo, poder\u00e3o ser mantidos por per\u00edodo indefinido.<\/p>\n\n\n\n<p>O Titular poder\u00e1 solicitar via e-mail (<a href=\"mailto:dpo@ati.pi.gov.br\">dpo@ati.pi.gov.br<\/a>) ao Controlador, a qualquer momento, que sejam eliminados os dados pessoais n\u00e3o anonimizados do Titular.<\/p>\n\n\n\n<p>O Titular fica ciente de que poder\u00e1 ser invi\u00e1vel ao Controlador continuar com as finalidades descritas neste termo a partir da elimina\u00e7\u00e3o dos dados pessoais.<\/p>\n\n\n\n<p><strong>\u2014 Direitos do Titular<br><\/strong>O Titular tem direito a obter do Controlador, em rela\u00e7\u00e3o aos dados por ele tratados, a qualquer momento e mediante requisi\u00e7\u00e3o:<\/p>\n\n\n\n<p>I \u2013 confirma\u00e7\u00e3o da exist\u00eancia de tratamento;<br>II \u2013 acesso aos dados;<br>III \u2013 corre\u00e7\u00e3o de dados incompletos, inexatos ou desatualizados;<br>IV \u2013 anonimiza\u00e7\u00e3o, bloqueio ou elimina\u00e7\u00e3o de dados desnecess\u00e1rios, excessivos ou tratados em desconformidade com o disposto na Lei n\u00ba 13.709;<br>V \u2013 portabilidade dos dados a outro fornecedor de servi\u00e7o ou produto, mediante requisi\u00e7\u00e3o expressa e observados os segredos comercial e industrial, de acordo com a regulamenta\u00e7\u00e3o do \u00f3rg\u00e3o controlador;<br>VI \u2013 portabilidade dos dados a outro fornecedor de servi\u00e7o ou produto, mediante requisi\u00e7\u00e3o expressa, de acordo com a regulamenta\u00e7\u00e3o da autoridade nacional, observados os segredos comercial e industrial;<br>VII \u2013 elimina\u00e7\u00e3o dos dados pessoais tratados com o consentimento do titular, exceto nas hip\u00f3teses previstas no art. 16 da Lei n\u00ba 13.709;<br>VIII \u2013 informa\u00e7\u00e3o das entidades p\u00fablicas e privadas com as quais o controlador realizou uso compartilhado de dados;<br>IX \u2013 informa\u00e7\u00e3o sobre a possibilidade de n\u00e3o fornecer consentimento e sobre as consequ\u00eancias da negativa;<br>X \u2013 revoga\u00e7\u00e3o do consentimento, nos termos do \u00a7 5\u00ba do art. 8\u00ba da Lei n\u00ba 13.709.<\/p>\n\n\n\n<p><strong>\u2014 Direito de Revoga\u00e7\u00e3o do Consentimento<br><\/strong>Este consentimento poder\u00e1 ser revogado pelo Titular, a qualquer momento, mediante solicita\u00e7\u00e3o via e-mail (<a href=\"mailto:dpo@plmconsultoria.com.br\">dpo@ati.pi.gov.br<\/a>).<\/p>\n","protected":false},"excerpt":{"rendered":"<p>Termo de Consentimento para Tratamento de Dados Este documento visa registrar a manifesta\u00e7\u00e3o livre, informada e inequ\u00edvoca pela qual o Titular (pessoa a quem se referem os dados pessoais que [&hellip;]<\/p>\n","protected":false},"author":1,"featured_media":0,"parent":0,"menu_order":0,"comment_status":"closed","ping_status":"closed","template":"template-fullwidth.php","meta":[],"featured_image_urls":{"full":"","thumbnail":"","medium":"","medium_large":"","large":"","sgg-420":"","sgg-540":"","sgg-780":"","1536x1536":"","2048x2048":"","homepage-slider":"","homepage-slider-small":"","page-top":"","page-small":"","loop-main":"","thumb-gallery-widget":""},"post_excerpt_stackable":"<p>Termo de Consentimento para Tratamento de Dados Este documento visa registrar a manifesta\u00e7\u00e3o livre, informada e inequ\u00edvoca pela qual o Titular (pessoa a quem se referem os dados pessoais que s\u00e3o objeto de tratamento) concorda com o tratamento de seus dados pessoais para finalidade espec\u00edfica, em conformidade com a Lei n\u00ba 13.709 \u2013 Lei Geral de Prote\u00e7\u00e3o de Dados Pessoais (LGPD). Ao manifestar sua aceita\u00e7\u00e3o para com o presente termo, o Titular consente e concorda que o respons\u00e1vel por coletar os dados pessoais deste formul\u00e1rio e dos documentos encaminhados via upload, denominado Controlador, tome decis\u00f5es referentes ao tratamento de seus&hellip;<\/p>\n","category_list":"","author_info":{"name":"admin","url":"https:\/\/portal.pi.gov.br\/ati\/author\/admin\/"},"comments_num":"0 coment\u00e1rio","featured_image_urls_v2":{"full":"","thumbnail":"","medium":"","medium_large":"","large":"","sgg-420":"","sgg-540":"","sgg-780":"","1536x1536":"","2048x2048":"","homepage-slider":"","homepage-slider-small":"","page-top":"","page-small":"","loop-main":"","thumb-gallery-widget":""},"post_excerpt_stackable_v2":"<p>Termo de Consentimento para Tratamento de Dados Este documento visa registrar a manifesta\u00e7\u00e3o livre, informada e inequ\u00edvoca pela qual o Titular (pessoa a quem se referem os dados pessoais que s\u00e3o objeto de tratamento) concorda com o tratamento de seus dados pessoais para finalidade espec\u00edfica, em conformidade com a Lei n\u00ba 13.709 \u2013 Lei Geral de Prote\u00e7\u00e3o de Dados Pessoais (LGPD). Ao manifestar sua aceita\u00e7\u00e3o para com o presente termo, o Titular consente e concorda que o respons\u00e1vel por coletar os dados pessoais deste formul\u00e1rio e dos documentos encaminhados via upload, denominado Controlador, tome decis\u00f5es referentes ao tratamento de seus&hellip;<\/p>\n","category_list_v2":"","author_info_v2":{"name":"admin","url":"https:\/\/portal.pi.gov.br\/ati\/author\/admin\/"},"comments_num_v2":"0 coment\u00e1rio","jetpack_sharing_enabled":true,"_links":{"self":[{"href":"https:\/\/portal.pi.gov.br\/ati\/wp-json\/wp\/v2\/pages\/1715"}],"collection":[{"href":"https:\/\/portal.pi.gov.br\/ati\/wp-json\/wp\/v2\/pages"}],"about":[{"href":"https:\/\/portal.pi.gov.br\/ati\/wp-json\/wp\/v2\/types\/page"}],"author":[{"embeddable":true,"href":"https:\/\/portal.pi.gov.br\/ati\/wp-json\/wp\/v2\/users\/1"}],"replies":[{"embeddable":true,"href":"https:\/\/portal.pi.gov.br\/ati\/wp-json\/wp\/v2\/comments?post=1715"}],"version-history":[{"count":2,"href":"https:\/\/portal.pi.gov.br\/ati\/wp-json\/wp\/v2\/pages\/1715\/revisions"}],"predecessor-version":[{"id":1719,"href":"https:\/\/portal.pi.gov.br\/ati\/wp-json\/wp\/v2\/pages\/1715\/revisions\/1719"}],"wp:attachment":[{"href":"https:\/\/portal.pi.gov.br\/ati\/wp-json\/wp\/v2\/media?parent=1715"}],"curies":[{"name":"wp","href":"https:\/\/api.w.org\/{rel}","templated":true}]}}