{"id":2041,"date":"2022-09-06T20:42:15","date_gmt":"2022-09-06T23:42:15","guid":{"rendered":"https:\/\/portal.pi.gov.br\/ati\/?page_id=2041"},"modified":"2022-09-07T16:13:09","modified_gmt":"2022-09-07T19:13:09","slug":"estatistica-sei","status":"publish","type":"page","link":"https:\/\/portal.pi.gov.br\/ati\/estatistica-sei\/","title":{"rendered":"Estat\u00edstica SEI"},"content":{"rendered":"\n<div class=\"wp-block-columns are-vertically-aligned-center is-layout-flex wp-container-3\">\n<div class=\"wp-block-column is-vertically-aligned-center is-layout-flow\" style=\"flex-basis:66.66%\">\n<p class=\"has-text-align-center\">Relat\u00f3rio Estat\u00edstico de Documentos Gerados e Recebidos no SEI<\/p>\n<\/div>\n\n\n\n<div class=\"wp-block-column is-vertically-aligned-center is-layout-flow\" style=\"flex-basis:33.33%\"><div class=\"wp-block-image\">\n<figure class=\"alignleft size-large\"><a href=\"https:\/\/portal.pi.gov.br\/ati\/estatistica-documentos-sei\/\"><img decoding=\"async\" loading=\"lazy\" width=\"1024\" height=\"272\" src=\"https:\/\/portal.pi.gov.br\/ati\/wp-content\/uploads\/sites\/2\/2022\/09\/estati\u0301stica-documentos-sei-1-1024x272.png\" alt=\"\" class=\"wp-image-2047\" srcset=\"https:\/\/portal.pi.gov.br\/ati\/wp-content\/uploads\/sites\/2\/2022\/09\/estati\u0301stica-documentos-sei-1-1024x272.png 1024w, https:\/\/portal.pi.gov.br\/ati\/wp-content\/uploads\/sites\/2\/2022\/09\/estati\u0301stica-documentos-sei-1-300x80.png 300w, https:\/\/portal.pi.gov.br\/ati\/wp-content\/uploads\/sites\/2\/2022\/09\/estati\u0301stica-documentos-sei-1-768x204.png 768w, https:\/\/portal.pi.gov.br\/ati\/wp-content\/uploads\/sites\/2\/2022\/09\/estati\u0301stica-documentos-sei-1-420x111.png 420w, https:\/\/portal.pi.gov.br\/ati\/wp-content\/uploads\/sites\/2\/2022\/09\/estati\u0301stica-documentos-sei-1-540x143.png 540w, https:\/\/portal.pi.gov.br\/ati\/wp-content\/uploads\/sites\/2\/2022\/09\/estati\u0301stica-documentos-sei-1-780x207.png 780w, https:\/\/portal.pi.gov.br\/ati\/wp-content\/uploads\/sites\/2\/2022\/09\/estati\u0301stica-documentos-sei-1-947x251.png 947w, https:\/\/portal.pi.gov.br\/ati\/wp-content\/uploads\/sites\/2\/2022\/09\/estati\u0301stica-documentos-sei-1-624x165.png 624w, https:\/\/portal.pi.gov.br\/ati\/wp-content\/uploads\/sites\/2\/2022\/09\/estati\u0301stica-documentos-sei-1.png 1380w\" sizes=\"(max-width: 1024px) 100vw, 1024px\" \/><\/a><\/figure><\/div><\/div>\n<\/div>\n\n\n\n<div class=\"wp-block-columns are-vertically-aligned-center is-layout-flex wp-container-6\">\n<div class=\"wp-block-column is-vertically-aligned-center is-layout-flow\" style=\"flex-basis:66.66%\">\n<p class=\"has-text-align-center\">Relat\u00f3rio Estat\u00edstico de Processos Emitidos no SEI<\/p>\n<\/div>\n\n\n\n<div class=\"wp-block-column is-vertically-aligned-center is-layout-flow\" style=\"flex-basis:33.33%\"><div class=\"wp-block-image\">\n<figure class=\"alignleft size-large\"><a href=\"https:\/\/portal.pi.gov.br\/ati\/estatistica-processos-sei\/\"><img decoding=\"async\" loading=\"lazy\" width=\"1024\" height=\"303\" src=\"https:\/\/portal.pi.gov.br\/ati\/wp-content\/uploads\/sites\/2\/2022\/09\/estatistica-processos-sei-1-1024x303.png\" alt=\"\" class=\"wp-image-2046\" srcset=\"https:\/\/portal.pi.gov.br\/ati\/wp-content\/uploads\/sites\/2\/2022\/09\/estatistica-processos-sei-1-1024x303.png 1024w, https:\/\/portal.pi.gov.br\/ati\/wp-content\/uploads\/sites\/2\/2022\/09\/estatistica-processos-sei-1-300x89.png 300w, https:\/\/portal.pi.gov.br\/ati\/wp-content\/uploads\/sites\/2\/2022\/09\/estatistica-processos-sei-1-768x228.png 768w, https:\/\/portal.pi.gov.br\/ati\/wp-content\/uploads\/sites\/2\/2022\/09\/estatistica-processos-sei-1-420x124.png 420w, https:\/\/portal.pi.gov.br\/ati\/wp-content\/uploads\/sites\/2\/2022\/09\/estatistica-processos-sei-1-540x160.png 540w, https:\/\/portal.pi.gov.br\/ati\/wp-content\/uploads\/sites\/2\/2022\/09\/estatistica-processos-sei-1-780x231.png 780w, https:\/\/portal.pi.gov.br\/ati\/wp-content\/uploads\/sites\/2\/2022\/09\/estatistica-processos-sei-1-947x281.png 947w, https:\/\/portal.pi.gov.br\/ati\/wp-content\/uploads\/sites\/2\/2022\/09\/estatistica-processos-sei-1-624x185.png 624w, https:\/\/portal.pi.gov.br\/ati\/wp-content\/uploads\/sites\/2\/2022\/09\/estatistica-processos-sei-1.png 1235w\" sizes=\"(max-width: 1024px) 100vw, 1024px\" \/><\/a><\/figure><\/div><\/div>\n<\/div>\n","protected":false},"excerpt":{"rendered":"<p>Relat\u00f3rio Estat\u00edstico de Documentos Gerados e Recebidos no SEI Relat\u00f3rio Estat\u00edstico de Processos Emitidos no SEI<\/p>\n","protected":false},"author":1,"featured_media":0,"parent":0,"menu_order":0,"comment_status":"closed","ping_status":"closed","template":"template-fullwidth.php","meta":[],"featured_image_urls":{"full":"","thumbnail":"","medium":"","medium_large":"","large":"","sgg-420":"","sgg-540":"","sgg-780":"","1536x1536":"","2048x2048":"","homepage-slider":"","homepage-slider-small":"","page-top":"","page-small":"","loop-main":"","thumb-gallery-widget":""},"post_excerpt_stackable":"<p>Relat\u00f3rio Estat\u00edstico de Documentos Gerados e Recebidos no SEI Relat\u00f3rio Estat\u00edstico de Processos Emitidos no SEI<\/p>\n","category_list":"","author_info":{"name":"admin","url":"https:\/\/portal.pi.gov.br\/ati\/author\/admin\/"},"comments_num":"0 coment\u00e1rio","featured_image_urls_v2":{"full":"","thumbnail":"","medium":"","medium_large":"","large":"","sgg-420":"","sgg-540":"","sgg-780":"","1536x1536":"","2048x2048":"","homepage-slider":"","homepage-slider-small":"","page-top":"","page-small":"","loop-main":"","thumb-gallery-widget":""},"post_excerpt_stackable_v2":"<p>Relat\u00f3rio Estat\u00edstico de Documentos Gerados e Recebidos no SEI Relat\u00f3rio Estat\u00edstico de Processos Emitidos no SEI<\/p>\n","category_list_v2":"","author_info_v2":{"name":"admin","url":"https:\/\/portal.pi.gov.br\/ati\/author\/admin\/"},"comments_num_v2":"0 coment\u00e1rio","jetpack_sharing_enabled":true,"_links":{"self":[{"href":"https:\/\/portal.pi.gov.br\/ati\/wp-json\/wp\/v2\/pages\/2041"}],"collection":[{"href":"https:\/\/portal.pi.gov.br\/ati\/wp-json\/wp\/v2\/pages"}],"about":[{"href":"https:\/\/portal.pi.gov.br\/ati\/wp-json\/wp\/v2\/types\/page"}],"author":[{"embeddable":true,"href":"https:\/\/portal.pi.gov.br\/ati\/wp-json\/wp\/v2\/users\/1"}],"replies":[{"embeddable":true,"href":"https:\/\/portal.pi.gov.br\/ati\/wp-json\/wp\/v2\/comments?post=2041"}],"version-history":[{"count":11,"href":"https:\/\/portal.pi.gov.br\/ati\/wp-json\/wp\/v2\/pages\/2041\/revisions"}],"predecessor-version":[{"id":2062,"href":"https:\/\/portal.pi.gov.br\/ati\/wp-json\/wp\/v2\/pages\/2041\/revisions\/2062"}],"wp:attachment":[{"href":"https:\/\/portal.pi.gov.br\/ati\/wp-json\/wp\/v2\/media?parent=2041"}],"curies":[{"name":"wp","href":"https:\/\/api.w.org\/{rel}","templated":true}]}}