{"id":21,"date":"2020-08-21T15:42:39","date_gmt":"2020-08-21T18:42:39","guid":{"rendered":"http:\/\/www2.pi.gov.br\/ati\/?page_id=21"},"modified":"2025-03-25T11:15:50","modified_gmt":"2025-03-25T14:15:50","slug":"historia","status":"publish","type":"page","link":"https:\/\/portal.pi.gov.br\/ati\/historia\/","title":{"rendered":"Hist\u00f3ria"},"content":{"rendered":"\n<p>A ATI \u2013 Ag\u00eancia de Tecnologia da Informa\u00e7\u00e3o teve sua origem na lei 5.643, de 12 de Abril de 2007. \u00c9 uma Autarquia, vinculada \u00e0 Secretaria de Administra\u00e7\u00e3o, cuja finalidade primordial se define na elabora\u00e7\u00e3o, coordena\u00e7\u00e3o e execu\u00e7\u00e3o da Pol\u00edtica Estadual de Inform\u00e1tica e de Tecnologia da Informa\u00e7\u00e3o do Estado do Piau\u00ed. Disponibiliza atendimento para todos os 58 \u00f3rg\u00e3os do Estado. Tais servi\u00e7os objetivam a busca de solu\u00e7\u00f5es nos mais diversos segmentos relacionados \u00e0 tecnologia da informa\u00e7\u00e3o.<\/p>\n\n\n\n<p>Antes de sua cria\u00e7\u00e3o, o Governo do Estado do Piau\u00ed contava com a compet\u00eancia das Empresas P\u00fablicas PROCED &#8211; Empresa de Processamento de Dados do Piau\u00ed, estabelecida no ano de 1975 e PRODEPI \u2013 Empresa de Inform\u00e1tica e Processamento de Dados do Estado do Piau\u00ed, no ano de 1998. Todas, assim como a ATI, tinham sede na Rua Dezenove de Novembro, 147 \u2013 Centro (Sul).<\/p>\n\n\n\n<div class=\"alignwide wp-block-ugb-feature ugb-feature ugb-e296e16 ugb-feature--v2 ugb-feature--design-plain ugb-main-block\"><style>.ugb-e296e16 .ugb-inner-block{text-align:right}@media screen and (min-width:768px){.ugb-e296e16 .ugb-img{width:512px;height:auto !important}}<\/style><div class=\"ugb-inner-block\"><div class=\"ugb-block-content\"><div class=\"ugb-feature__item\"><div class=\"ugb-feature__content\"><p class=\"ugb-feature__description\"><meta charset=\"utf-8\">Em 18 de Mar\u00e7o de 2014, foi inaugurada a nova sede, localizada na Av. Pedro Freitas, 1900 &#8211; Centro Administrativo. Ainda neste ano, esta ag\u00eancia disponibilizou novos espa\u00e7os, tais como o audit\u00f3rio \u201cGerardo Ponte Cavalcante\u201d; a Galeria dos Diretores (\u00e1rea destinada para registro e homenagens a todos os diretores\/presidentes que geriram esta ag\u00eancia e as empresas que a antecedera) e o Centro de Mem\u00f3ria Tecnol\u00f3gica (Acervo hist\u00f3rico de equipamentos tecnol\u00f3gicos).<gwmw style=\"display:none;\"><\/gwmw><\/p><\/div><div class=\"ugb-feature__image-side\"><img decoding=\"async\" class=\"ugb-feature__image ugb-img wp-image-704 ugb--shadow-3\" src=\"http:\/\/portal.pi.gov.br\/ati\/wp-content\/uploads\/sites\/2\/2021\/09\/IMG-8821.jpeg\" alt=\"\" title=\"\" height=\"342\"\/><\/div><\/div><\/div><\/div><\/div>\n\n\n\n<p>Em 16 de Outubro de 2017, o Data Center, que antes se localizava no antigo pr\u00e9dio da Sede, foi instalado nas depend\u00eancias da atual ag\u00eancia, Inaugurado e entregue pelo Governador Wellington Dias. Este ambiente tecnol\u00f3gico tornou-se um local aprimorado, onde eram disponibilizados uma sala-cofre, imune a v\u00e1rias intemp\u00e9ries, e um centro de monitoramento e opera\u00e7\u00f5es modernizado.<\/p>\n\n\n\n<p>Ao Decorrer de todos esses anos, a ATI desempenhou um importante papel no avan\u00e7o tecnol\u00f3gico do Estado, contribuindo na execu\u00e7\u00e3o de programas, projetos e conv\u00eanios, al\u00e9m de implementar Esta\u00e7\u00f5es Digitais em diversas localidades.&nbsp; Ganhou pr\u00eamios, homenagens e destaques com o Projeto Piau\u00ed Conectado (2018), servindo de modelo para diversos Estados do Brasil. Desenvolveu o aplicativo \u201cSalve Maria\u201d (2017), uma ferramenta importante no combate ao feminic\u00eddio, tornando-se um exemplo a ser seguido em alguns pa\u00edses, como EUA, Londres, Angola, Cabo Verde, Mo\u00e7ambique e outros do Continente Africano.<\/p>\n\n\n\n<p><gwmw style=\"display:none;\"><\/gwmw><\/p>\n","protected":false},"excerpt":{"rendered":"<p>A ATI \u2013 Ag\u00eancia de Tecnologia da Informa\u00e7\u00e3o teve sua origem na lei 5.643, de 12 de Abril de 2007. \u00c9 uma Autarquia, vinculada \u00e0 Secretaria de Administra\u00e7\u00e3o, cuja finalidade [&hellip;]<\/p>\n","protected":false},"author":1,"featured_media":0,"parent":0,"menu_order":0,"comment_status":"closed","ping_status":"closed","template":"template-fullwidth.php","meta":[],"featured_image_urls":{"full":"","thumbnail":"","medium":"","medium_large":"","large":"","sgg-420":"","sgg-540":"","sgg-780":"","1536x1536":"","2048x2048":"","homepage-slider":"","homepage-slider-small":"","page-top":"","page-small":"","loop-main":"","thumb-gallery-widget":""},"post_excerpt_stackable":"<p>A ATI \u2013 Ag\u00eancia de Tecnologia da Informa\u00e7\u00e3o teve sua origem na lei 5.643, de 12 de Abril de 2007. \u00c9 uma Autarquia, vinculada \u00e0 Secretaria de Administra\u00e7\u00e3o, cuja finalidade primordial se define na elabora\u00e7\u00e3o, coordena\u00e7\u00e3o e execu\u00e7\u00e3o da Pol\u00edtica Estadual de Inform\u00e1tica e de Tecnologia da Informa\u00e7\u00e3o do Estado do Piau\u00ed. Disponibiliza atendimento para todos os 58 \u00f3rg\u00e3os do Estado. Tais servi\u00e7os objetivam a busca de solu\u00e7\u00f5es nos mais diversos segmentos relacionados \u00e0 tecnologia da informa\u00e7\u00e3o. Antes de sua cria\u00e7\u00e3o, o Governo do Estado do Piau\u00ed contava com a compet\u00eancia das Empresas P\u00fablicas PROCED &#8211; Empresa de Processamento de&hellip;<\/p>\n","category_list":"","author_info":{"name":"admin","url":"https:\/\/portal.pi.gov.br\/ati\/author\/admin\/"},"comments_num":"0 coment\u00e1rio","featured_image_urls_v2":{"full":"","thumbnail":"","medium":"","medium_large":"","large":"","sgg-420":"","sgg-540":"","sgg-780":"","1536x1536":"","2048x2048":"","homepage-slider":"","homepage-slider-small":"","page-top":"","page-small":"","loop-main":"","thumb-gallery-widget":""},"post_excerpt_stackable_v2":"<p>A ATI \u2013 Ag\u00eancia de Tecnologia da Informa\u00e7\u00e3o teve sua origem na lei 5.643, de 12 de Abril de 2007. \u00c9 uma Autarquia, vinculada \u00e0 Secretaria de Administra\u00e7\u00e3o, cuja finalidade primordial se define na elabora\u00e7\u00e3o, coordena\u00e7\u00e3o e execu\u00e7\u00e3o da Pol\u00edtica Estadual de Inform\u00e1tica e de Tecnologia da Informa\u00e7\u00e3o do Estado do Piau\u00ed. Disponibiliza atendimento para todos os 58 \u00f3rg\u00e3os do Estado. Tais servi\u00e7os objetivam a busca de solu\u00e7\u00f5es nos mais diversos segmentos relacionados \u00e0 tecnologia da informa\u00e7\u00e3o. Antes de sua cria\u00e7\u00e3o, o Governo do Estado do Piau\u00ed contava com a compet\u00eancia das Empresas P\u00fablicas PROCED &#8211; Empresa de Processamento de&hellip;<\/p>\n","category_list_v2":"","author_info_v2":{"name":"admin","url":"https:\/\/portal.pi.gov.br\/ati\/author\/admin\/"},"comments_num_v2":"0 coment\u00e1rio","jetpack_sharing_enabled":true,"_links":{"self":[{"href":"https:\/\/portal.pi.gov.br\/ati\/wp-json\/wp\/v2\/pages\/21"}],"collection":[{"href":"https:\/\/portal.pi.gov.br\/ati\/wp-json\/wp\/v2\/pages"}],"about":[{"href":"https:\/\/portal.pi.gov.br\/ati\/wp-json\/wp\/v2\/types\/page"}],"author":[{"embeddable":true,"href":"https:\/\/portal.pi.gov.br\/ati\/wp-json\/wp\/v2\/users\/1"}],"replies":[{"embeddable":true,"href":"https:\/\/portal.pi.gov.br\/ati\/wp-json\/wp\/v2\/comments?post=21"}],"version-history":[{"count":3,"href":"https:\/\/portal.pi.gov.br\/ati\/wp-json\/wp\/v2\/pages\/21\/revisions"}],"predecessor-version":[{"id":3079,"href":"https:\/\/portal.pi.gov.br\/ati\/wp-json\/wp\/v2\/pages\/21\/revisions\/3079"}],"wp:attachment":[{"href":"https:\/\/portal.pi.gov.br\/ati\/wp-json\/wp\/v2\/media?parent=21"}],"curies":[{"name":"wp","href":"https:\/\/api.w.org\/{rel}","templated":true}]}}