{"id":2173,"date":"2022-10-19T20:31:30","date_gmt":"2022-10-19T23:31:30","guid":{"rendered":"https:\/\/portal.pi.gov.br\/ati\/?page_id=2173"},"modified":"2022-10-24T20:50:11","modified_gmt":"2022-10-24T23:50:11","slug":"acesso-remoto-vpn","status":"publish","type":"page","link":"https:\/\/portal.pi.gov.br\/ati\/acesso-remoto-vpn\/","title":{"rendered":"Acesso Remoto (VPN)"},"content":{"rendered":"\n<p><strong>Categoria:&nbsp;<\/strong><\/p>\n\n\n\n<p>Redes<\/p>\n\n\n\n<details class=\"wp-block-stackable-accordion is-style-default stk-block-accordion stk-inner-blocks stk-block-content stk-block stk-ce49b10\" data-block-id=\"ce49b10\">\n<summary class=\"wp-block-stackable-column stk--container-small stk-block-accordion__heading stk-block-column stk-block-column--v2 stk-column stk-block stk-b2cf377\" data-block-id=\"b2cf377\"><div class=\"stk-column-wrapper stk-block-column__content stk-container stk-b2cf377-container stk-hover-parent\"><div class=\"stk-block-content stk-inner-blocks stk-b2cf377-inner-blocks\">\n<div class=\"wp-block-stackable-icon-label stk-block-icon-label stk-block stk-cd1399b\" data-block-id=\"cd1399b\"><div class=\"stk-row stk-inner-blocks stk-block-content\">\n<div class=\"wp-block-stackable-heading stk-block-heading stk-block stk-26dc862\" id=\"o-que-e\" data-block-id=\"26dc862\"><h4 class=\"stk-block-heading__text\">O que \u00e9?<\/h4><\/div>\n\n\n\n<div class=\"wp-block-stackable-icon stk-block-icon stk-block stk-e1a0fc1\" data-block-id=\"e1a0fc1\"><span class=\"stk--svg-wrapper\"><div class=\"stk--inner-svg\"><svg style=\"height:0;width:0\"><defs><linearGradient id=\"linear-gradient-e1a0fc1\" x1=\"0\" x2=\"100%\" y1=\"0\" y2=\"0\"><stop offset=\"0%\" style=\"stop-opacity:1;stop-color:var(--linear-gradient-e-1-a-0-fc-1-color-1)\"><\/stop><stop offset=\"100%\" style=\"stop-opacity:1;stop-color:var(--linear-gradient-e-1-a-0-fc-1-color-2)\"><\/stop><\/linearGradient><\/defs><\/svg><svg data-prefix=\"fas\" data-icon=\"chevron-down\" class=\"svg-inline--fa fa-chevron-down fa-w-14\" xmlns=\"http:\/\/www.w3.org\/2000\/svg\" viewBox=\"0 0 448 512\" aria-hidden=\"true\" width=\"32\" height=\"32\"><path fill=\"currentColor\" d=\"M207.029 381.476L12.686 187.132c-9.373-9.373-9.373-24.569 0-33.941l22.667-22.667c9.357-9.357 24.522-9.375 33.901-.04L224 284.505l154.745-154.021c9.379-9.335 24.544-9.317 33.901.04l22.667 22.667c9.373 9.373 9.373 24.569 0 33.941L240.971 381.476c-9.373 9.372-24.569 9.372-33.942 0z\"><\/path><\/svg><\/div><\/span><\/div>\n<\/div><\/div>\n<\/div><\/div><\/summary>\n\n\n\n<div class=\"wp-block-stackable-column stk-block-accordion__content stk-block-column stk-block-column--v2 stk-column stk-block stk-c39a351\" data-block-id=\"c39a351\"><div class=\"stk-column-wrapper stk-block-column__content stk-container stk-c39a351-container stk--no-background stk--no-padding\"><div class=\"stk-block-content stk-inner-blocks stk-c39a351-inner-blocks\">\n<div class=\"wp-block-stackable-text stk-block-text stk-block stk-4ba1ac7\" data-block-id=\"4ba1ac7\"><p class=\"stk-block-text__text\">Solicita\u00e7\u00e3o de redes privadas (VPN) para acesso externo (quando conectado \u00e0 internet fora da rede do Governo do Estado do Piau\u00ed) aos servi\u00e7os da intranet do Goerno.<\/p><\/div>\n<\/div><\/div><\/div>\n<\/details>\n\n\n\n<details class=\"wp-block-stackable-accordion is-style-default stk-block-accordion stk-inner-blocks stk-block-content stk-block stk-ba54064\" data-block-id=\"ba54064\">\n<summary class=\"wp-block-stackable-column stk--container-small stk-block-accordion__heading stk-block-column stk-block-column--v2 stk-column stk-block stk-983197f\" data-block-id=\"983197f\"><div class=\"stk-column-wrapper stk-block-column__content stk-container stk-983197f-container stk-hover-parent\"><div class=\"stk-block-content stk-inner-blocks stk-983197f-inner-blocks\">\n<div class=\"wp-block-stackable-icon-label stk-block-icon-label stk-block stk-de22951\" data-block-id=\"de22951\"><div class=\"stk-row stk-inner-blocks stk-block-content\">\n<div class=\"wp-block-stackable-heading stk-block-heading stk-block stk-207ed5d\" id=\"quem-pode-solicitar\" data-block-id=\"207ed5d\"><h4 class=\"stk-block-heading__text\">Quem pode solicitar?<\/h4><\/div>\n\n\n\n<div class=\"wp-block-stackable-icon stk-block-icon stk-block stk-93401b8\" data-block-id=\"93401b8\"><style>.stk-93401b8 .stk--svg-wrapper .stk--inner-svg svg:last-child,.stk-93401b8 .stk--svg-wrapper .stk--inner-svg svg:last-child :is(g,path,rect,polygon,ellipse){fill:#1b2f58 !important}<\/style><span class=\"stk--svg-wrapper\"><div class=\"stk--inner-svg\"><svg style=\"height:0;width:0\"><defs><linearGradient id=\"linear-gradient-93401b8\" x1=\"0\" x2=\"100%\" y1=\"0\" y2=\"0\"><stop offset=\"0%\" style=\"stop-opacity:1;stop-color:var(--linear-gradient-93401-b-8-color-1)\"><\/stop><stop offset=\"100%\" style=\"stop-opacity:1;stop-color:var(--linear-gradient-93401-b-8-color-2)\"><\/stop><\/linearGradient><\/defs><\/svg><svg data-prefix=\"fas\" data-icon=\"chevron-down\" class=\"svg-inline--fa fa-chevron-down fa-w-14\" xmlns=\"http:\/\/www.w3.org\/2000\/svg\" viewBox=\"0 0 448 512\" aria-hidden=\"true\" width=\"32\" height=\"32\"><path fill=\"currentColor\" d=\"M207.029 381.476L12.686 187.132c-9.373-9.373-9.373-24.569 0-33.941l22.667-22.667c9.357-9.357 24.522-9.375 33.901-.04L224 284.505l154.745-154.021c9.379-9.335 24.544-9.317 33.901.04l22.667 22.667c9.373 9.373 9.373 24.569 0 33.941L240.971 381.476c-9.373 9.372-24.569 9.372-33.942 0z\"><\/path><\/svg><\/div><\/span><\/div>\n<\/div><\/div>\n<\/div><\/div><\/summary>\n\n\n\n<div class=\"wp-block-stackable-column stk-block-accordion__content stk-block-column stk-block-column--v2 stk-column stk-block stk-8f04590\" data-block-id=\"8f04590\"><div class=\"stk-column-wrapper stk-block-column__content stk-container stk-8f04590-container stk--no-background stk--no-padding\"><div class=\"stk-block-content stk-inner-blocks stk-8f04590-inner-blocks\">\n<div class=\"wp-block-stackable-text stk-block-text stk-block stk-e06439b\" data-block-id=\"e06439b\"><p class=\"stk-block-text__text\">Servidores do Governo do Estado do Piau\u00ed<\/p><\/div>\n<\/div><\/div><\/div>\n<\/details>\n\n\n\n<details class=\"wp-block-stackable-accordion is-style-default stk-block-accordion stk-inner-blocks stk-block-content stk-block stk-5a5e4f7\" data-block-id=\"5a5e4f7\">\n<summary class=\"wp-block-stackable-column stk--container-small stk-block-accordion__heading stk-block-column stk-block-column--v2 stk-column stk-block stk-be91248\" data-block-id=\"be91248\"><div class=\"stk-column-wrapper stk-block-column__content stk-container stk-be91248-container stk-hover-parent\"><div class=\"stk-block-content stk-inner-blocks stk-be91248-inner-blocks\">\n<div class=\"wp-block-stackable-icon-label stk-block-icon-label stk-block stk-51242fe\" data-block-id=\"51242fe\"><div class=\"stk-row stk-inner-blocks stk-block-content\">\n<div class=\"wp-block-stackable-heading stk-block-heading stk-block stk-5dcc65b\" id=\"como-solicitar\" data-block-id=\"5dcc65b\"><h4 class=\"stk-block-heading__text\">Como solicitar<\/h4><\/div>\n\n\n\n<div class=\"wp-block-stackable-icon stk-block-icon stk-block stk-172782d\" data-block-id=\"172782d\"><style>.stk-172782d .stk--svg-wrapper .stk--inner-svg svg:last-child,.stk-172782d .stk--svg-wrapper .stk--inner-svg svg:last-child :is(g,path,rect,polygon,ellipse){fill:#1b2f58 !important}<\/style><span class=\"stk--svg-wrapper\"><div class=\"stk--inner-svg\"><svg style=\"height:0;width:0\"><defs><linearGradient id=\"linear-gradient-172782d\" x1=\"0\" x2=\"100%\" y1=\"0\" y2=\"0\"><stop offset=\"0%\" style=\"stop-opacity:1;stop-color:var(--linear-gradient-172782-d-color-1)\"><\/stop><stop offset=\"100%\" style=\"stop-opacity:1;stop-color:var(--linear-gradient-172782-d-color-2)\"><\/stop><\/linearGradient><\/defs><\/svg><svg data-prefix=\"fas\" data-icon=\"chevron-down\" class=\"svg-inline--fa fa-chevron-down fa-w-14\" xmlns=\"http:\/\/www.w3.org\/2000\/svg\" viewBox=\"0 0 448 512\" aria-hidden=\"true\" width=\"32\" height=\"32\"><path fill=\"currentColor\" d=\"M207.029 381.476L12.686 187.132c-9.373-9.373-9.373-24.569 0-33.941l22.667-22.667c9.357-9.357 24.522-9.375 33.901-.04L224 284.505l154.745-154.021c9.379-9.335 24.544-9.317 33.901.04l22.667 22.667c9.373 9.373 9.373 24.569 0 33.941L240.971 381.476c-9.373 9.372-24.569 9.372-33.942 0z\"><\/path><\/svg><\/div><\/span><\/div>\n<\/div><\/div>\n<\/div><\/div><\/summary>\n\n\n\n<div class=\"wp-block-stackable-column stk-block-accordion__content stk-block-column stk-block-column--v2 stk-column stk-block stk-91cd571\" data-block-id=\"91cd571\"><div class=\"stk-column-wrapper stk-block-column__content stk-container stk-91cd571-container stk--no-background stk--no-padding\"><div class=\"stk-block-content stk-inner-blocks stk-91cd571-inner-blocks\">\n<div class=\"wp-block-stackable-text stk-block-text stk-block stk-c5c4c7d\" data-block-id=\"c5c4c7d\"><p class=\"stk-block-text__text\">Abra um  chamado na <a rel=\"noreferrer noopener\" href=\"https:\/\/suporte.ati.pi.gov.br\/\" target=\"_blank\">Central de Atendimento do ATI\/PI<\/a>,  informe o  sistema que deseja ter acesso, nome, matr\u00edcula e cargo.<\/p><\/div>\n<\/div><\/div><\/div>\n<\/details>\n\n\n\n<details class=\"wp-block-stackable-accordion is-style-default stk-block-accordion stk-inner-blocks stk-block-content stk-block stk-1614199\" data-block-id=\"1614199\">\n<summary class=\"wp-block-stackable-column stk--container-small stk-block-accordion__heading stk-block-column stk-block-column--v2 stk-column stk-block stk-d6a8be4\" data-block-id=\"d6a8be4\"><div class=\"stk-column-wrapper stk-block-column__content stk-container stk-d6a8be4-container stk-hover-parent\"><div class=\"stk-block-content stk-inner-blocks stk-d6a8be4-inner-blocks\">\n<div class=\"wp-block-stackable-icon-label stk-block-icon-label stk-block stk-a48cecb\" data-block-id=\"a48cecb\"><div class=\"stk-row stk-inner-blocks stk-block-content\">\n<div class=\"wp-block-stackable-heading stk-block-heading stk-block stk-72acc86\" id=\"quanto-tempo-de-espera-para-atendimento-deste-servico\" data-block-id=\"72acc86\"><h4 class=\"stk-block-heading__text\">Quanto tempo de espera para atendimento deste servi\u00e7o?<\/h4><\/div>\n\n\n\n<div class=\"wp-block-stackable-icon stk-block-icon stk-block stk-c708023\" data-block-id=\"c708023\"><style>.stk-c708023 .stk--svg-wrapper .stk--inner-svg svg:last-child,.stk-c708023 .stk--svg-wrapper .stk--inner-svg svg:last-child :is(g,path,rect,polygon,ellipse){fill:#1b2f58 !important}<\/style><span class=\"stk--svg-wrapper\"><div class=\"stk--inner-svg\"><svg style=\"height:0;width:0\"><defs><linearGradient id=\"linear-gradient-c708023\" x1=\"0\" x2=\"100%\" y1=\"0\" y2=\"0\"><stop offset=\"0%\" style=\"stop-opacity:1;stop-color:var(--linear-gradient-c-708023-color-1)\"><\/stop><stop offset=\"100%\" style=\"stop-opacity:1;stop-color:var(--linear-gradient-c-708023-color-2)\"><\/stop><\/linearGradient><\/defs><\/svg><svg data-prefix=\"fas\" data-icon=\"chevron-down\" class=\"svg-inline--fa fa-chevron-down fa-w-14\" xmlns=\"http:\/\/www.w3.org\/2000\/svg\" viewBox=\"0 0 448 512\" aria-hidden=\"true\" width=\"32\" height=\"32\"><path fill=\"currentColor\" d=\"M207.029 381.476L12.686 187.132c-9.373-9.373-9.373-24.569 0-33.941l22.667-22.667c9.357-9.357 24.522-9.375 33.901-.04L224 284.505l154.745-154.021c9.379-9.335 24.544-9.317 33.901.04l22.667 22.667c9.373 9.373 9.373 24.569 0 33.941L240.971 381.476c-9.373 9.372-24.569 9.372-33.942 0z\"><\/path><\/svg><\/div><\/span><\/div>\n<\/div><\/div>\n<\/div><\/div><\/summary>\n\n\n\n<div class=\"wp-block-stackable-column stk-block-accordion__content stk-block-column stk-block-column--v2 stk-column stk-block stk-dfa1d16\" data-block-id=\"dfa1d16\"><div class=\"stk-column-wrapper stk-block-column__content stk-container stk-dfa1d16-container stk--no-background stk--no-padding\"><div class=\"stk-block-content stk-inner-blocks stk-dfa1d16-inner-blocks\">\n<div class=\"wp-block-stackable-text stk-block-text stk-block stk-3ba36bf\" data-block-id=\"3ba36bf\"><p class=\"stk-block-text__text\">Em fila de espera<\/p><\/div>\n<\/div><\/div><\/div>\n<\/details>\n\n\n\n<details class=\"wp-block-stackable-accordion is-style-default stk-block-accordion stk-inner-blocks stk-block-content stk-block stk-cc911f4\" data-block-id=\"cc911f4\">\n<summary class=\"wp-block-stackable-column stk--container-small stk-block-accordion__heading stk-block-column stk-block-column--v2 stk-column stk-block stk-85251f7\" data-block-id=\"85251f7\"><div class=\"stk-column-wrapper stk-block-column__content stk-container stk-85251f7-container stk-hover-parent\"><div class=\"stk-block-content stk-inner-blocks stk-85251f7-inner-blocks\">\n<div class=\"wp-block-stackable-icon-label stk-block-icon-label stk-block stk-14e35b3\" data-block-id=\"14e35b3\"><div class=\"stk-row stk-inner-blocks stk-block-content\">\n<div class=\"wp-block-stackable-heading stk-block-heading stk-block stk-d012d73\" id=\"quanto-o-prazo-para-cumprimento-do-servico\" data-block-id=\"d012d73\"><h4 class=\"stk-block-heading__text\">Quanto o prazo para cumprimento do servi\u00e7o?<\/h4><\/div>\n\n\n\n<div class=\"wp-block-stackable-icon stk-block-icon stk-block stk-e54816b\" data-block-id=\"e54816b\"><style>.stk-e54816b .stk--svg-wrapper .stk--inner-svg svg:last-child,.stk-e54816b .stk--svg-wrapper .stk--inner-svg svg:last-child :is(g,path,rect,polygon,ellipse){fill:#1b2f58 !important}<\/style><span class=\"stk--svg-wrapper\"><div class=\"stk--inner-svg\"><svg style=\"height:0;width:0\"><defs><linearGradient id=\"linear-gradient-e54816b\" x1=\"0\" x2=\"100%\" y1=\"0\" y2=\"0\"><stop offset=\"0%\" style=\"stop-opacity:1;stop-color:var(--linear-gradient-e-54816-b-color-1)\"><\/stop><stop offset=\"100%\" style=\"stop-opacity:1;stop-color:var(--linear-gradient-e-54816-b-color-2)\"><\/stop><\/linearGradient><\/defs><\/svg><svg data-prefix=\"fas\" data-icon=\"chevron-down\" class=\"svg-inline--fa fa-chevron-down fa-w-14\" xmlns=\"http:\/\/www.w3.org\/2000\/svg\" viewBox=\"0 0 448 512\" aria-hidden=\"true\" width=\"32\" height=\"32\"><path fill=\"currentColor\" d=\"M207.029 381.476L12.686 187.132c-9.373-9.373-9.373-24.569 0-33.941l22.667-22.667c9.357-9.357 24.522-9.375 33.901-.04L224 284.505l154.745-154.021c9.379-9.335 24.544-9.317 33.901.04l22.667 22.667c9.373 9.373 9.373 24.569 0 33.941L240.971 381.476c-9.373 9.372-24.569 9.372-33.942 0z\"><\/path><\/svg><\/div><\/span><\/div>\n<\/div><\/div>\n<\/div><\/div><\/summary>\n\n\n\n<div class=\"wp-block-stackable-column stk-block-accordion__content stk-block-column stk-block-column--v2 stk-column stk-block stk-6ab2aa2\" data-block-id=\"6ab2aa2\"><div class=\"stk-column-wrapper stk-block-column__content stk-container stk-6ab2aa2-container stk--no-background stk--no-padding\"><div class=\"stk-block-content stk-inner-blocks stk-6ab2aa2-inner-blocks\">\n<div class=\"wp-block-stackable-text stk-block-text stk-block stk-98b8487\" data-block-id=\"98b8487\"><p class=\"stk-block-text__text\">7 (sete) dias \u00fateis<\/p><\/div>\n<\/div><\/div><\/div>\n<\/details>\n\n\n\n<p><strong>Informa\u00e7\u00f5es e documentos necess\u00e1rios:&nbsp;<\/strong><\/p>\n\n\n\n<ul><li>Primeiramente, voc\u00ea deve enviar um of\u00edcio contendo os pr\u00e9-requisitos listados abaixo para a ATI\/PI;<\/li><li>Depois disso, registre um chamado&nbsp;informando o n\u00famero do of\u00edcio.<\/li><li>Na solicita\u00e7\u00e3o, informe o servi\u00e7o e forne\u00e7a as informa\u00e7\u00f5es requeridas.<\/li><li>Informar no of\u00edcio:<br>&#8211; Respons\u00e1vel: nome, CPF e ramal do solicitante;<br>&#8211; Per\u00edodo de validade (data inicial e final);<br>&#8211; Justificativa da necessidade contendo assinatura do solicitante;<br>&#8211; Dados da VPN: as permiss\u00f5es e destinos objetivados.<\/li><\/ul>\n\n\n\n<p><strong>Abrir chamado:&nbsp;<\/strong><\/p>\n\n\n\n<figure class=\"wp-block-image size-full\"><a href=\"https:\/\/suporte.ati.pi.gov.br\/\" target=\"_blank\" rel=\"noreferrer noopener\"><img decoding=\"async\" loading=\"lazy\" width=\"23\" height=\"23\" src=\"https:\/\/portal.pi.gov.br\/ati\/wp-content\/uploads\/sites\/2\/2022\/10\/envelope.png\" alt=\"\" class=\"wp-image-2174\"\/><\/a><\/figure>\n","protected":false},"excerpt":{"rendered":"<p>Categoria:&nbsp; Redes O que \u00e9? Solicita\u00e7\u00e3o de redes privadas (VPN) para acesso externo (quando conectado \u00e0 internet fora da rede do Governo do Estado do Piau\u00ed) aos servi\u00e7os da intranet [&hellip;]<\/p>\n","protected":false},"author":1,"featured_media":0,"parent":0,"menu_order":0,"comment_status":"closed","ping_status":"closed","template":"template-fullwidth.php","meta":[],"featured_image_urls":{"full":"","thumbnail":"","medium":"","medium_large":"","large":"","sgg-420":"","sgg-540":"","sgg-780":"","1536x1536":"","2048x2048":"","homepage-slider":"","homepage-slider-small":"","page-top":"","page-small":"","loop-main":"","thumb-gallery-widget":""},"post_excerpt_stackable":"<p>Categoria:&nbsp; Redes O que \u00e9? Solicita\u00e7\u00e3o de redes privadas (VPN) para acesso externo (quando conectado \u00e0 internet fora da rede do Governo do Estado do Piau\u00ed) aos servi\u00e7os da intranet do Goerno. Quem pode solicitar? Servidores do Governo do Estado do Piau\u00ed Como solicitar Abra um chamado na Central de Atendimento do ATI\/PI, informe o sistema que deseja ter acesso, nome, matr\u00edcula e cargo. Quanto tempo de espera para atendimento deste servi\u00e7o? Em fila de espera Quanto o prazo para cumprimento do servi\u00e7o? 7 (sete) dias \u00fateis Informa\u00e7\u00f5es e documentos necess\u00e1rios:&nbsp; Primeiramente, voc\u00ea deve enviar um of\u00edcio contendo os pr\u00e9-requisitos&hellip;<\/p>\n","category_list":"","author_info":{"name":"admin","url":"https:\/\/portal.pi.gov.br\/ati\/author\/admin\/"},"comments_num":"0 coment\u00e1rio","featured_image_urls_v2":{"full":"","thumbnail":"","medium":"","medium_large":"","large":"","sgg-420":"","sgg-540":"","sgg-780":"","1536x1536":"","2048x2048":"","homepage-slider":"","homepage-slider-small":"","page-top":"","page-small":"","loop-main":"","thumb-gallery-widget":""},"post_excerpt_stackable_v2":"<p>Categoria:&nbsp; Redes O que \u00e9? Solicita\u00e7\u00e3o de redes privadas (VPN) para acesso externo (quando conectado \u00e0 internet fora da rede do Governo do Estado do Piau\u00ed) aos servi\u00e7os da intranet do Goerno. Quem pode solicitar? Servidores do Governo do Estado do Piau\u00ed Como solicitar Abra um chamado na Central de Atendimento do ATI\/PI, informe o sistema que deseja ter acesso, nome, matr\u00edcula e cargo. Quanto tempo de espera para atendimento deste servi\u00e7o? Em fila de espera Quanto o prazo para cumprimento do servi\u00e7o? 7 (sete) dias \u00fateis Informa\u00e7\u00f5es e documentos necess\u00e1rios:&nbsp; Primeiramente, voc\u00ea deve enviar um of\u00edcio contendo os pr\u00e9-requisitos&hellip;<\/p>\n","category_list_v2":"","author_info_v2":{"name":"admin","url":"https:\/\/portal.pi.gov.br\/ati\/author\/admin\/"},"comments_num_v2":"0 coment\u00e1rio","jetpack_sharing_enabled":true,"_links":{"self":[{"href":"https:\/\/portal.pi.gov.br\/ati\/wp-json\/wp\/v2\/pages\/2173"}],"collection":[{"href":"https:\/\/portal.pi.gov.br\/ati\/wp-json\/wp\/v2\/pages"}],"about":[{"href":"https:\/\/portal.pi.gov.br\/ati\/wp-json\/wp\/v2\/types\/page"}],"author":[{"embeddable":true,"href":"https:\/\/portal.pi.gov.br\/ati\/wp-json\/wp\/v2\/users\/1"}],"replies":[{"embeddable":true,"href":"https:\/\/portal.pi.gov.br\/ati\/wp-json\/wp\/v2\/comments?post=2173"}],"version-history":[{"count":4,"href":"https:\/\/portal.pi.gov.br\/ati\/wp-json\/wp\/v2\/pages\/2173\/revisions"}],"predecessor-version":[{"id":2448,"href":"https:\/\/portal.pi.gov.br\/ati\/wp-json\/wp\/v2\/pages\/2173\/revisions\/2448"}],"wp:attachment":[{"href":"https:\/\/portal.pi.gov.br\/ati\/wp-json\/wp\/v2\/media?parent=2173"}],"curies":[{"name":"wp","href":"https:\/\/api.w.org\/{rel}","templated":true}]}}