{"id":2205,"date":"2022-10-23T10:42:24","date_gmt":"2022-10-23T13:42:24","guid":{"rendered":"https:\/\/portal.pi.gov.br\/ati\/?page_id=2205"},"modified":"2022-10-23T18:52:37","modified_gmt":"2022-10-23T21:52:37","slug":"criacao-de-e-mail-institucional","status":"publish","type":"page","link":"https:\/\/portal.pi.gov.br\/ati\/criacao-de-e-mail-institucional\/","title":{"rendered":"Cria\u00e7\u00e3o de E-mail Institucional"},"content":{"rendered":"\n<p><strong>Categoria:&nbsp;<\/strong><\/p>\n\n\n\n<p>Redes<\/p>\n\n\n\n<p><strong>Descri\u00e7\u00e3o:&nbsp;<\/strong><\/p>\n\n\n\n<p>Este servi\u00e7o consiste na cria\u00e7\u00e3o de uma conta de e-mail exclusivamente de cunho institucional.<\/p>\n\n\n\n<p><strong>Quem pode utilizar este servi\u00e7o?<\/strong><\/p>\n\n\n\n<p>Servidor do Estado<\/p>\n\n\n\n<p><strong>Como Solicitar?:<\/strong><\/p>\n\n\n\n<p>A solicita\u00e7\u00e3o dever\u00e1 ser feita por um usu\u00e1rio cadastrado no Sistema de Suporte da ATI\/PI, no endere\u00e7o: <a href=\"https:\/\/suporte.ati.pi.gov.br\" target=\"_blank\" rel=\"noreferrer noopener\">https:\/\/suporte.ati.pi.gov.br<\/a>.<\/p>\n\n\n\n<p><strong>Qual o tempo de espera para atendimento deste servi\u00e7o?:&nbsp;<\/strong><\/p>\n\n\n\n<p>Em fila de espera.<\/p>\n\n\n\n<p><strong>Qual o prazo para o cumprimento do servi\u00e7o?:&nbsp;<\/strong><\/p>\n\n\n\n<p>Em at\u00e9 2 dias \u00fateis.<\/p>\n\n\n\n<p><strong>Onde tenho acesso a este servi\u00e7o?:&nbsp;<\/strong><\/p>\n\n\n\n<p>DTIC<\/p>\n\n\n\n<p><strong>Informa\u00e7\u00f5es e documentos necess\u00e1rios:\u00a0<\/strong><\/p>\n\n\n\n<p>A documenta\u00e7\u00e3o de solicita\u00e7\u00e3o \u00e9 feita atrav\u00e9s da utiliza\u00e7\u00e3o do <a href=\"https:\/\/suporte.ati.pi.gov.br\/\" target=\"_blank\" rel=\"noreferrer noopener\">Sistema de Suporte<\/a>. No ambiente do sistema o usu\u00e1rio poder\u00e1 verificar n\u00famero do chamado, data de abertura, data de recebimento, data de finaliza\u00e7\u00e3o, setor respons\u00e1vel pelo atendimento, entre outras informa\u00e7\u00f5es.<\/p>\n\n\n\n<p><strong>Abrir chamado:&nbsp;<\/strong><\/p>\n\n\n\n<figure class=\"wp-block-image size-full\"><a href=\"https:\/\/suporte.ati.pi.gov.br\/\" target=\"_blank\" rel=\"noreferrer noopener\"><img decoding=\"async\" loading=\"lazy\" width=\"23\" height=\"23\" src=\"https:\/\/portal.pi.gov.br\/ati\/wp-content\/uploads\/sites\/2\/2022\/10\/envelope.png\" alt=\"\" class=\"wp-image-2174\"\/><\/a><\/figure>\n","protected":false},"excerpt":{"rendered":"<p>Categoria:&nbsp; Redes Descri\u00e7\u00e3o:&nbsp; Este servi\u00e7o consiste na cria\u00e7\u00e3o de uma conta de e-mail exclusivamente de cunho institucional. Quem pode utilizar este servi\u00e7o? Servidor do Estado Como Solicitar?: A solicita\u00e7\u00e3o dever\u00e1 [&hellip;]<\/p>\n","protected":false},"author":1,"featured_media":0,"parent":0,"menu_order":0,"comment_status":"closed","ping_status":"closed","template":"template-fullwidth.php","meta":[],"featured_image_urls":{"full":"","thumbnail":"","medium":"","medium_large":"","large":"","sgg-420":"","sgg-540":"","sgg-780":"","1536x1536":"","2048x2048":"","homepage-slider":"","homepage-slider-small":"","page-top":"","page-small":"","loop-main":"","thumb-gallery-widget":""},"post_excerpt_stackable":"<p>Categoria:&nbsp; Redes Descri\u00e7\u00e3o:&nbsp; Este servi\u00e7o consiste na cria\u00e7\u00e3o de uma conta de e-mail exclusivamente de cunho institucional. Quem pode utilizar este servi\u00e7o? Servidor do Estado Como Solicitar?: A solicita\u00e7\u00e3o dever\u00e1 ser feita por um usu\u00e1rio cadastrado no Sistema de Suporte da ATI\/PI, no endere\u00e7o: https:\/\/suporte.ati.pi.gov.br. Qual o tempo de espera para atendimento deste servi\u00e7o?:&nbsp; Em fila de espera. Qual o prazo para o cumprimento do servi\u00e7o?:&nbsp; Em at\u00e9 2 dias \u00fateis. Onde tenho acesso a este servi\u00e7o?:&nbsp; DTIC Informa\u00e7\u00f5es e documentos necess\u00e1rios:\u00a0 A documenta\u00e7\u00e3o de solicita\u00e7\u00e3o \u00e9 feita atrav\u00e9s da utiliza\u00e7\u00e3o do Sistema de Suporte. No ambiente do sistema o&hellip;<\/p>\n","category_list":"","author_info":{"name":"admin","url":"https:\/\/portal.pi.gov.br\/ati\/author\/admin\/"},"comments_num":"0 coment\u00e1rio","featured_image_urls_v2":{"full":"","thumbnail":"","medium":"","medium_large":"","large":"","sgg-420":"","sgg-540":"","sgg-780":"","1536x1536":"","2048x2048":"","homepage-slider":"","homepage-slider-small":"","page-top":"","page-small":"","loop-main":"","thumb-gallery-widget":""},"post_excerpt_stackable_v2":"<p>Categoria:&nbsp; Redes Descri\u00e7\u00e3o:&nbsp; Este servi\u00e7o consiste na cria\u00e7\u00e3o de uma conta de e-mail exclusivamente de cunho institucional. Quem pode utilizar este servi\u00e7o? Servidor do Estado Como Solicitar?: A solicita\u00e7\u00e3o dever\u00e1 ser feita por um usu\u00e1rio cadastrado no Sistema de Suporte da ATI\/PI, no endere\u00e7o: https:\/\/suporte.ati.pi.gov.br. Qual o tempo de espera para atendimento deste servi\u00e7o?:&nbsp; Em fila de espera. Qual o prazo para o cumprimento do servi\u00e7o?:&nbsp; Em at\u00e9 2 dias \u00fateis. Onde tenho acesso a este servi\u00e7o?:&nbsp; DTIC Informa\u00e7\u00f5es e documentos necess\u00e1rios:\u00a0 A documenta\u00e7\u00e3o de solicita\u00e7\u00e3o \u00e9 feita atrav\u00e9s da utiliza\u00e7\u00e3o do Sistema de Suporte. No ambiente do sistema o&hellip;<\/p>\n","category_list_v2":"","author_info_v2":{"name":"admin","url":"https:\/\/portal.pi.gov.br\/ati\/author\/admin\/"},"comments_num_v2":"0 coment\u00e1rio","jetpack_sharing_enabled":true,"_links":{"self":[{"href":"https:\/\/portal.pi.gov.br\/ati\/wp-json\/wp\/v2\/pages\/2205"}],"collection":[{"href":"https:\/\/portal.pi.gov.br\/ati\/wp-json\/wp\/v2\/pages"}],"about":[{"href":"https:\/\/portal.pi.gov.br\/ati\/wp-json\/wp\/v2\/types\/page"}],"author":[{"embeddable":true,"href":"https:\/\/portal.pi.gov.br\/ati\/wp-json\/wp\/v2\/users\/1"}],"replies":[{"embeddable":true,"href":"https:\/\/portal.pi.gov.br\/ati\/wp-json\/wp\/v2\/comments?post=2205"}],"version-history":[{"count":4,"href":"https:\/\/portal.pi.gov.br\/ati\/wp-json\/wp\/v2\/pages\/2205\/revisions"}],"predecessor-version":[{"id":2276,"href":"https:\/\/portal.pi.gov.br\/ati\/wp-json\/wp\/v2\/pages\/2205\/revisions\/2276"}],"wp:attachment":[{"href":"https:\/\/portal.pi.gov.br\/ati\/wp-json\/wp\/v2\/media?parent=2205"}],"curies":[{"name":"wp","href":"https:\/\/api.w.org\/{rel}","templated":true}]}}