{"id":223,"date":"2020-08-22T01:19:36","date_gmt":"2020-08-22T04:19:36","guid":{"rendered":"http:\/\/www2.pi.gov.br\/ati\/?page_id=223"},"modified":"2021-11-12T11:02:11","modified_gmt":"2021-11-12T14:02:11","slug":"salve-maria","status":"publish","type":"page","link":"https:\/\/portal.pi.gov.br\/ati\/salve-maria\/","title":{"rendered":"Salve Maria"},"content":{"rendered":"\n<p>A iniciativa surgiu como resultado de estudos realizados pelo N\u00facleo de Estudos em Viol\u00eancia de G\u00eanero, que apontaram que a maioria das mulheres, v\u00edtimas de feminic\u00eddios, morria por n\u00e3o&nbsp;ter possibilidade de fazer a den\u00fancia em tempo h\u00e1bil.&nbsp;&nbsp;&nbsp;&nbsp;&nbsp;<\/p>\n\n\n\n<p>O Aplicativo Salve Maria \u00e9 fruto do trabalho colaborativo entre a Secretaria de Estado da Seguran\u00e7a P\u00fablica (SSP\/PI), a Ag\u00eancia de Tecnologia da Informa\u00e7\u00e3o (ATI) e as Unidades Especializadas da Mulher, na busca por mobilizar o aparato da seguran\u00e7a p\u00fablica em defesa de mulheres piauienses e de seus n\u00facleos familiares. Seu lan\u00e7amento ocorreu no dia 16 de mar\u00e7o de 2017, e encontra-se atualmente dispon\u00edvel nas lojas de Aplicativo Apple Store e Google Store.<\/p>\n\n\n\n<div class=\"wp-block-image\"><figure class=\"aligncenter size-full\"><img decoding=\"async\" loading=\"lazy\" width=\"220\" height=\"68\" src=\"https:\/\/portal.pi.gov.br\/ati\/wp-content\/uploads\/sites\/2\/2021\/11\/app_store.png\" alt=\"\" class=\"wp-image-1324\"\/><\/figure><\/div>\n\n\n\n<div class=\"wp-block-image\"><figure class=\"aligncenter size-full\"><img decoding=\"async\" loading=\"lazy\" width=\"220\" height=\"70\" src=\"https:\/\/portal.pi.gov.br\/ati\/wp-content\/uploads\/sites\/2\/2021\/11\/google-play.png\" alt=\"\" class=\"wp-image-1325\"\/><\/figure><\/div>\n\n\n\n<p>O nome vem da jun\u00e7\u00e3o das palavras \u201cSalve\u201d, no sentido de sauda\u00e7\u00e3o e presta\u00e7\u00e3o de socorro; e \u201cMaria\u201d, nome que mais prevalece nos inqu\u00e9ritos de assassinatos de mulheres.<\/p>\n\n\n\n<div class=\"wp-block-image\"><figure class=\"alignright size-full\"><img decoding=\"async\" loading=\"lazy\" width=\"180\" height=\"238\" src=\"https:\/\/portal.pi.gov.br\/ati\/wp-content\/uploads\/sites\/2\/2021\/11\/Salve-Maria-2.jpeg\" alt=\"\" class=\"wp-image-1327\"\/><\/figure><\/div>\n\n\n\n<p>O aplicativo Salve Maria proporcionar\u00e1 duas possibilidades para o seu usu\u00e1rio. Para a mulher que est\u00e1 em situa\u00e7\u00e3o de viol\u00eancia, que precisa de socorro imediato, basta acionar um bot\u00e3o SOS denominado BOT\u00c3O DE P\u00c2NICO. A segunda op\u00e7\u00e3o \u00e9 para den\u00fancia, de forma que se um vizinho ou um passante percebe uma viol\u00eancia contra a mulher, contra uma crian\u00e7a, ou uma viol\u00eancia dom\u00e9stica, poder\u00e1 acionar o bot\u00e3o DEN\u00daNCIA.<\/p>\n\n\n\n<p>Ap\u00f3s o acionamento do \u201cBot\u00e3o do P\u00e2nico\u201d, atrav\u00e9s de sistema de georreferenciamento, a viatura mais pr\u00f3xima se dirige ao local, possibilitando um pronto atendimento e evitando ocorr\u00eancias mais graves, como feminic\u00eddios. A outra fun\u00e7\u00e3o do Salve Maria oferece canal informativo onde o denunciante poder\u00e1 enviar fotos, \u00e1udios ou v\u00eddeos que indicam a ocorr\u00eancia de viol\u00eancia, auxiliando, por exemplo, na emiss\u00e3o de medidas cautelares protetivas.<\/p>\n\n\n\n<p>No ano de 2020, a Ag\u00eancia de Tecnologia da Informa\u00e7\u00e3o do Estado do Piau\u00ed (ATI) abriu o processo para Registro de Programa do Salve Maria no Instituto Nacional de Propriedade Intelectual (INPI), tendo seu registro publicado no dia 25 de agosto de 2020 na <a rel=\"noreferrer noopener\" href=\"http:\/\/portal.pi.gov.br\/ati\/wp-content\/uploads\/sites\/2\/2021\/09\/certificado_-programa-de-computador.pdf\" target=\"_blank\">Revista de Propriedade Intelectual n\u00ba 2590.<\/a><gwmw style=\"display:none;\"><gwmw style=\"display:none;\"><\/gwmw><gwmw style=\"display:none;\"><\/gwmw><\/gwmw><\/p>\n\n\n\n<hr class=\"wp-block-separator\"\/>\n\n\n\n<p class=\"has-text-align-center\"><strong>Modelos de Documenta\u00e7\u00e3o para Acordo de Coopera\u00e7\u00e3o<\/strong><\/p>\n\n\n\n<div class=\"wp-block-file aligncenter\"><a href=\"http:\/\/www2.pi.gov.br\/ati\/wp-content\/uploads\/sites\/2\/2020\/09\/Modelo-Ofi\u0301cio-Solicitac\u0327a\u0303o-Cessa\u0303o-Salve-Maria.pdf\">Of\u00edcio Cess\u00e3o Salve Maria<\/a><a href=\"http:\/\/www2.pi.gov.br\/ati\/wp-content\/uploads\/sites\/2\/2020\/09\/Modelo-Ofi\u0301cio-Solicitac\u0327a\u0303o-Cessa\u0303o-Salve-Maria.pdf\" class=\"wp-block-file__button\" download>Baixar<\/a><\/div>\n\n\n\n<div class=\"wp-block-file aligncenter\"><a href=\"http:\/\/www2.pi.gov.br\/ati\/wp-content\/uploads\/sites\/2\/2020\/09\/Minuta-de-Acordo-de-Cooperac\u0327a\u0303o-Te\u0301cnica-Modelo-Salve-Maria.pdf\">Acordo de Coopera\u00e7\u00e3o T\u00e9cnica<\/a><a href=\"http:\/\/www2.pi.gov.br\/ati\/wp-content\/uploads\/sites\/2\/2020\/09\/Minuta-de-Acordo-de-Cooperac\u0327a\u0303o-Te\u0301cnica-Modelo-Salve-Maria.pdf\" class=\"wp-block-file__button\" download>Baixar<\/a><\/div>\n\n\n\n<p><gwmw style=\"display:none;\"><\/p>\n","protected":false},"excerpt":{"rendered":"<p>A iniciativa surgiu como resultado de estudos realizados pelo N\u00facleo de Estudos em Viol\u00eancia de G\u00eanero, que apontaram que a maioria das mulheres, v\u00edtimas de feminic\u00eddios, morria por n\u00e3o&nbsp;ter possibilidade [&hellip;]<\/p>\n","protected":false},"author":1,"featured_media":0,"parent":0,"menu_order":0,"comment_status":"closed","ping_status":"closed","template":"template-fullwidth.php","meta":[],"featured_image_urls":{"full":"","thumbnail":"","medium":"","medium_large":"","large":"","sgg-420":"","sgg-540":"","sgg-780":"","1536x1536":"","2048x2048":"","homepage-slider":"","homepage-slider-small":"","page-top":"","page-small":"","loop-main":"","thumb-gallery-widget":""},"post_excerpt_stackable":"<p>A iniciativa surgiu como resultado de estudos realizados pelo N\u00facleo de Estudos em Viol\u00eancia de G\u00eanero, que apontaram que a maioria das mulheres, v\u00edtimas de feminic\u00eddios, morria por n\u00e3o&nbsp;ter possibilidade de fazer a den\u00fancia em tempo h\u00e1bil.&nbsp;&nbsp;&nbsp;&nbsp;&nbsp; O Aplicativo Salve Maria \u00e9 fruto do trabalho colaborativo entre a Secretaria de Estado da Seguran\u00e7a P\u00fablica (SSP\/PI), a Ag\u00eancia de Tecnologia da Informa\u00e7\u00e3o (ATI) e as Unidades Especializadas da Mulher, na busca por mobilizar o aparato da seguran\u00e7a p\u00fablica em defesa de mulheres piauienses e de seus n\u00facleos familiares. Seu lan\u00e7amento ocorreu no dia 16 de mar\u00e7o de 2017, e encontra-se atualmente&hellip;<\/p>\n","category_list":"","author_info":{"name":"admin","url":"https:\/\/portal.pi.gov.br\/ati\/author\/admin\/"},"comments_num":"0 coment\u00e1rio","featured_image_urls_v2":{"full":"","thumbnail":"","medium":"","medium_large":"","large":"","sgg-420":"","sgg-540":"","sgg-780":"","1536x1536":"","2048x2048":"","homepage-slider":"","homepage-slider-small":"","page-top":"","page-small":"","loop-main":"","thumb-gallery-widget":""},"post_excerpt_stackable_v2":"<p>A iniciativa surgiu como resultado de estudos realizados pelo N\u00facleo de Estudos em Viol\u00eancia de G\u00eanero, que apontaram que a maioria das mulheres, v\u00edtimas de feminic\u00eddios, morria por n\u00e3o&nbsp;ter possibilidade de fazer a den\u00fancia em tempo h\u00e1bil.&nbsp;&nbsp;&nbsp;&nbsp;&nbsp; O Aplicativo Salve Maria \u00e9 fruto do trabalho colaborativo entre a Secretaria de Estado da Seguran\u00e7a P\u00fablica (SSP\/PI), a Ag\u00eancia de Tecnologia da Informa\u00e7\u00e3o (ATI) e as Unidades Especializadas da Mulher, na busca por mobilizar o aparato da seguran\u00e7a p\u00fablica em defesa de mulheres piauienses e de seus n\u00facleos familiares. Seu lan\u00e7amento ocorreu no dia 16 de mar\u00e7o de 2017, e encontra-se atualmente&hellip;<\/p>\n","category_list_v2":"","author_info_v2":{"name":"admin","url":"https:\/\/portal.pi.gov.br\/ati\/author\/admin\/"},"comments_num_v2":"0 coment\u00e1rio","jetpack_sharing_enabled":true,"_links":{"self":[{"href":"https:\/\/portal.pi.gov.br\/ati\/wp-json\/wp\/v2\/pages\/223"}],"collection":[{"href":"https:\/\/portal.pi.gov.br\/ati\/wp-json\/wp\/v2\/pages"}],"about":[{"href":"https:\/\/portal.pi.gov.br\/ati\/wp-json\/wp\/v2\/types\/page"}],"author":[{"embeddable":true,"href":"https:\/\/portal.pi.gov.br\/ati\/wp-json\/wp\/v2\/users\/1"}],"replies":[{"embeddable":true,"href":"https:\/\/portal.pi.gov.br\/ati\/wp-json\/wp\/v2\/comments?post=223"}],"version-history":[{"count":20,"href":"https:\/\/portal.pi.gov.br\/ati\/wp-json\/wp\/v2\/pages\/223\/revisions"}],"predecessor-version":[{"id":1873,"href":"https:\/\/portal.pi.gov.br\/ati\/wp-json\/wp\/v2\/pages\/223\/revisions\/1873"}],"wp:attachment":[{"href":"https:\/\/portal.pi.gov.br\/ati\/wp-json\/wp\/v2\/media?parent=223"}],"curies":[{"name":"wp","href":"https:\/\/api.w.org\/{rel}","templated":true}]}}