{"id":2235,"date":"2022-10-23T17:38:44","date_gmt":"2022-10-23T20:38:44","guid":{"rendered":"https:\/\/portal.pi.gov.br\/ati\/?page_id=2235"},"modified":"2022-10-23T18:45:27","modified_gmt":"2022-10-23T21:45:27","slug":"criacao-de-dominio","status":"publish","type":"page","link":"https:\/\/portal.pi.gov.br\/ati\/criacao-de-dominio\/","title":{"rendered":"Cria\u00e7\u00e3o de Dom\u00ednio"},"content":{"rendered":"\n<p><strong>Categoria:&nbsp;<\/strong><\/p>\n\n\n\n<p>Redes<\/p>\n\n\n\n<p><strong>Descri\u00e7\u00e3o:&nbsp;<\/strong><\/p>\n\n\n\n<p>\u00c9 a cria\u00e7\u00e3o de dom\u00ednio utilizado pelo Poder Executivo do Estado do Piau\u00ed na Internet.<\/p>\n\n\n\n<p><strong>Quem pode utilizar este servi\u00e7o?<\/strong><\/p>\n\n\n\n<p>Secretarias e Autarquias do Governo do Estado e Prefeituras Municipais do Estado do Piau\u00ed.<\/p>\n\n\n\n<p><strong>Como funciona o pi.gov.br?<\/strong><\/p>\n\n\n\n<p>&nbsp;As regras para o uso do dom\u00ednio s\u00e3o diferenciadas para cada \u00d3rg\u00e3o\/Munic\u00edpio:<\/p>\n\n\n\n<p>&nbsp;&nbsp;&nbsp;&nbsp;&nbsp;&nbsp;&nbsp;&nbsp;&nbsp;&nbsp;&nbsp; Secretarias e Autarquias<\/p>\n\n\n\n<p>\u00a0\u00a0\u00a0\u00a0\u00a0\u00a0\u00a0\u00a0\u00a0\u00a0\u00a0\u00a0\u00a0\u00a0\u00a0\u00a0\u00a0\u00a0\u00a0\u00a0\u00a0\u00a0\u00a0 Padr\u00e3o:\u00a0\u00a0\u00a0\u00a0\u00a0\u00a0\u00a0\u00a0\u00a0 www.sigla.pi.gov.br<\/p>\n\n\n\n<p>\u00a0\u00a0\u00a0\u00a0\u00a0\u00a0\u00a0\u00a0\u00a0\u00a0\u00a0\u00a0\u00a0\u00a0\u00a0\u00a0\u00a0\u00a0\u00a0\u00a0\u00a0\u00a0\u00a0 Exemplo:\u00a0\u00a0\u00a0\u00a0\u00a0\u00a0 www.ati.pi.gov.br<\/p>\n\n\n\n<p>&nbsp;&nbsp;&nbsp;&nbsp;&nbsp;&nbsp;&nbsp;&nbsp;&nbsp;&nbsp;&nbsp; Munic\u00edpios<\/p>\n\n\n\n<p>\u00a0\u00a0\u00a0\u00a0\u00a0\u00a0\u00a0\u00a0\u00a0\u00a0\u00a0\u00a0\u00a0\u00a0\u00a0\u00a0\u00a0\u00a0\u00a0\u00a0\u00a0\u00a0\u00a0 Padr\u00e3o:\u00a0\u00a0\u00a0\u00a0\u00a0\u00a0\u00a0\u00a0\u00a0 www.nomedacidade.pi.gov.br<\/p>\n\n\n\n<p>\u00a0\u00a0\u00a0\u00a0\u00a0\u00a0\u00a0\u00a0\u00a0\u00a0\u00a0\u00a0\u00a0\u00a0\u00a0\u00a0\u00a0\u00a0\u00a0\u00a0\u00a0\u00a0\u00a0 Exemplo:\u00a0\u00a0\u00a0\u00a0\u00a0\u00a0 www.altos.pi.gov.br<\/p>\n\n\n\n<p><strong>Como Solicitar?:&nbsp;<\/strong><\/p>\n\n\n\n<p>Encaminhar um Of\u00edcio para a Diretoria Geral da ATI\/PI:<\/p>\n\n\n\n<ol><li>O of\u00edcio deve ser assinado pelo secret\u00e1rio, Diretor Geral ou presidente do \u00d3rg\u00e3o. No caso das prefeituras pelo prefeito. (Modelo em anexo no final deste manual).<\/li><li>O of\u00edcio deve ser assinado eletronicamente e destinado ao Diretoria Geral da ATI\/PI  e encaminhado para o protocolo por meio do e-mail: protocolo@ati.pi.gov.br.<\/li><li>Para maior agilidade, dever\u00e1 ser aberto um chamado para a cria\u00e7\u00e3o\/altera\u00e7\u00e3o do dom\u00ednio atrav\u00e9s do https:\/\/suporte.ati.pi.gov.br\/, no caso de munic\u00edpios poder\u00e1 ser feito o cadastro no sistema de suporte clicando aqui. <\/li><li>O of\u00edcio dever\u00e1 ser assinado atrav\u00e9s de certificado digital v\u00e1lido no padr\u00e3o ICP-Brasil ou assinador eletr\u00f4nico do gov.br e anexado ao chamado.<\/li><\/ol>\n\n\n\n<p><strong>Qual o tempo de espera para atendimento deste servi\u00e7o?:&nbsp;<\/strong><\/p>\n\n\n\n<p>Em fila de espera.<\/p>\n\n\n\n<p><strong>Qual o prazo para o cumprimento do servi\u00e7o?:&nbsp;<\/strong><\/p>\n\n\n\n<p>Em at\u00e9 7 dias \u00fateis.<\/p>\n\n\n\n<p><strong>Onde tenho acesso a este servi\u00e7o?:&nbsp;<\/strong><\/p>\n\n\n\n<p>DTIC<\/p>\n\n\n\n<p><strong>Informa\u00e7\u00f5es e documentos necess\u00e1rios:&nbsp;<\/strong><\/p>\n\n\n\n<ul><li>Primeiramente, deve-se enviar um of\u00edcio contendo os pr\u00e9-requisitos listados abaixo para a ATI\/PI;<\/li><li>Depois disso, registre um chamado\u00a0informando o n\u00famero do of\u00edcio.<\/li><li>Na solicita\u00e7\u00e3o, informe o servi\u00e7o e forne\u00e7a as informa\u00e7\u00f5es requeridas.<\/li><li>Informar no of\u00edcio:<br>&#8211; O dom\u00ednio desejado;<br>&#8211; Respons\u00e1vel: nome, CPF e ramal do solicitante;<br>&#8211; Justificativa da necessidade contendo assinatura do solicitante;<\/li><\/ul>\n\n\n\n<p><strong>Abrir chamado:\u00a0<\/strong><\/p>\n\n\n\n<figure class=\"wp-block-image size-full\"><a href=\"https:\/\/suporte.ati.pi.gov.br\/\" target=\"_blank\" rel=\"noreferrer noopener\"><img decoding=\"async\" loading=\"lazy\" width=\"23\" height=\"23\" src=\"https:\/\/portal.pi.gov.br\/ati\/wp-content\/uploads\/sites\/2\/2022\/10\/envelope.png\" alt=\"\" class=\"wp-image-2174\"\/><\/a><\/figure>\n","protected":false},"excerpt":{"rendered":"<p>Categoria:&nbsp; Redes Descri\u00e7\u00e3o:&nbsp; \u00c9 a cria\u00e7\u00e3o de dom\u00ednio utilizado pelo Poder Executivo do Estado do Piau\u00ed na Internet. Quem pode utilizar este servi\u00e7o? Secretarias e Autarquias do Governo do Estado [&hellip;]<\/p>\n","protected":false},"author":1,"featured_media":0,"parent":0,"menu_order":0,"comment_status":"closed","ping_status":"closed","template":"template-fullwidth.php","meta":[],"featured_image_urls":{"full":"","thumbnail":"","medium":"","medium_large":"","large":"","sgg-420":"","sgg-540":"","sgg-780":"","1536x1536":"","2048x2048":"","homepage-slider":"","homepage-slider-small":"","page-top":"","page-small":"","loop-main":"","thumb-gallery-widget":""},"post_excerpt_stackable":"<p>Categoria:&nbsp; Redes Descri\u00e7\u00e3o:&nbsp; \u00c9 a cria\u00e7\u00e3o de dom\u00ednio utilizado pelo Poder Executivo do Estado do Piau\u00ed na Internet. Quem pode utilizar este servi\u00e7o? Secretarias e Autarquias do Governo do Estado e Prefeituras Municipais do Estado do Piau\u00ed. Como funciona o pi.gov.br? &nbsp;As regras para o uso do dom\u00ednio s\u00e3o diferenciadas para cada \u00d3rg\u00e3o\/Munic\u00edpio: &nbsp;&nbsp;&nbsp;&nbsp;&nbsp;&nbsp;&nbsp;&nbsp;&nbsp;&nbsp;&nbsp; Secretarias e Autarquias \u00a0\u00a0\u00a0\u00a0\u00a0\u00a0\u00a0\u00a0\u00a0\u00a0\u00a0\u00a0\u00a0\u00a0\u00a0\u00a0\u00a0\u00a0\u00a0\u00a0\u00a0\u00a0\u00a0 Padr\u00e3o:\u00a0\u00a0\u00a0\u00a0\u00a0\u00a0\u00a0\u00a0\u00a0 www.sigla.pi.gov.br \u00a0\u00a0\u00a0\u00a0\u00a0\u00a0\u00a0\u00a0\u00a0\u00a0\u00a0\u00a0\u00a0\u00a0\u00a0\u00a0\u00a0\u00a0\u00a0\u00a0\u00a0\u00a0\u00a0 Exemplo:\u00a0\u00a0\u00a0\u00a0\u00a0\u00a0 www.ati.pi.gov.br &nbsp;&nbsp;&nbsp;&nbsp;&nbsp;&nbsp;&nbsp;&nbsp;&nbsp;&nbsp;&nbsp; Munic\u00edpios \u00a0\u00a0\u00a0\u00a0\u00a0\u00a0\u00a0\u00a0\u00a0\u00a0\u00a0\u00a0\u00a0\u00a0\u00a0\u00a0\u00a0\u00a0\u00a0\u00a0\u00a0\u00a0\u00a0 Padr\u00e3o:\u00a0\u00a0\u00a0\u00a0\u00a0\u00a0\u00a0\u00a0\u00a0 www.nomedacidade.pi.gov.br \u00a0\u00a0\u00a0\u00a0\u00a0\u00a0\u00a0\u00a0\u00a0\u00a0\u00a0\u00a0\u00a0\u00a0\u00a0\u00a0\u00a0\u00a0\u00a0\u00a0\u00a0\u00a0\u00a0 Exemplo:\u00a0\u00a0\u00a0\u00a0\u00a0\u00a0 www.altos.pi.gov.br Como Solicitar?:&nbsp; Encaminhar um Of\u00edcio para a Diretoria Geral da ATI\/PI: O of\u00edcio deve ser assinado pelo secret\u00e1rio, Diretor Geral ou presidente do \u00d3rg\u00e3o. No caso das prefeituras pelo&hellip;<\/p>\n","category_list":"","author_info":{"name":"admin","url":"https:\/\/portal.pi.gov.br\/ati\/author\/admin\/"},"comments_num":"0 coment\u00e1rio","featured_image_urls_v2":{"full":"","thumbnail":"","medium":"","medium_large":"","large":"","sgg-420":"","sgg-540":"","sgg-780":"","1536x1536":"","2048x2048":"","homepage-slider":"","homepage-slider-small":"","page-top":"","page-small":"","loop-main":"","thumb-gallery-widget":""},"post_excerpt_stackable_v2":"<p>Categoria:&nbsp; Redes Descri\u00e7\u00e3o:&nbsp; \u00c9 a cria\u00e7\u00e3o de dom\u00ednio utilizado pelo Poder Executivo do Estado do Piau\u00ed na Internet. Quem pode utilizar este servi\u00e7o? Secretarias e Autarquias do Governo do Estado e Prefeituras Municipais do Estado do Piau\u00ed. Como funciona o pi.gov.br? &nbsp;As regras para o uso do dom\u00ednio s\u00e3o diferenciadas para cada \u00d3rg\u00e3o\/Munic\u00edpio: &nbsp;&nbsp;&nbsp;&nbsp;&nbsp;&nbsp;&nbsp;&nbsp;&nbsp;&nbsp;&nbsp; Secretarias e Autarquias \u00a0\u00a0\u00a0\u00a0\u00a0\u00a0\u00a0\u00a0\u00a0\u00a0\u00a0\u00a0\u00a0\u00a0\u00a0\u00a0\u00a0\u00a0\u00a0\u00a0\u00a0\u00a0\u00a0 Padr\u00e3o:\u00a0\u00a0\u00a0\u00a0\u00a0\u00a0\u00a0\u00a0\u00a0 www.sigla.pi.gov.br \u00a0\u00a0\u00a0\u00a0\u00a0\u00a0\u00a0\u00a0\u00a0\u00a0\u00a0\u00a0\u00a0\u00a0\u00a0\u00a0\u00a0\u00a0\u00a0\u00a0\u00a0\u00a0\u00a0 Exemplo:\u00a0\u00a0\u00a0\u00a0\u00a0\u00a0 www.ati.pi.gov.br &nbsp;&nbsp;&nbsp;&nbsp;&nbsp;&nbsp;&nbsp;&nbsp;&nbsp;&nbsp;&nbsp; Munic\u00edpios \u00a0\u00a0\u00a0\u00a0\u00a0\u00a0\u00a0\u00a0\u00a0\u00a0\u00a0\u00a0\u00a0\u00a0\u00a0\u00a0\u00a0\u00a0\u00a0\u00a0\u00a0\u00a0\u00a0 Padr\u00e3o:\u00a0\u00a0\u00a0\u00a0\u00a0\u00a0\u00a0\u00a0\u00a0 www.nomedacidade.pi.gov.br \u00a0\u00a0\u00a0\u00a0\u00a0\u00a0\u00a0\u00a0\u00a0\u00a0\u00a0\u00a0\u00a0\u00a0\u00a0\u00a0\u00a0\u00a0\u00a0\u00a0\u00a0\u00a0\u00a0 Exemplo:\u00a0\u00a0\u00a0\u00a0\u00a0\u00a0 www.altos.pi.gov.br Como Solicitar?:&nbsp; Encaminhar um Of\u00edcio para a Diretoria Geral da ATI\/PI: O of\u00edcio deve ser assinado pelo secret\u00e1rio, Diretor Geral ou presidente do \u00d3rg\u00e3o. No caso das prefeituras pelo&hellip;<\/p>\n","category_list_v2":"","author_info_v2":{"name":"admin","url":"https:\/\/portal.pi.gov.br\/ati\/author\/admin\/"},"comments_num_v2":"0 coment\u00e1rio","jetpack_sharing_enabled":true,"_links":{"self":[{"href":"https:\/\/portal.pi.gov.br\/ati\/wp-json\/wp\/v2\/pages\/2235"}],"collection":[{"href":"https:\/\/portal.pi.gov.br\/ati\/wp-json\/wp\/v2\/pages"}],"about":[{"href":"https:\/\/portal.pi.gov.br\/ati\/wp-json\/wp\/v2\/types\/page"}],"author":[{"embeddable":true,"href":"https:\/\/portal.pi.gov.br\/ati\/wp-json\/wp\/v2\/users\/1"}],"replies":[{"embeddable":true,"href":"https:\/\/portal.pi.gov.br\/ati\/wp-json\/wp\/v2\/comments?post=2235"}],"version-history":[{"count":2,"href":"https:\/\/portal.pi.gov.br\/ati\/wp-json\/wp\/v2\/pages\/2235\/revisions"}],"predecessor-version":[{"id":2273,"href":"https:\/\/portal.pi.gov.br\/ati\/wp-json\/wp\/v2\/pages\/2235\/revisions\/2273"}],"wp:attachment":[{"href":"https:\/\/portal.pi.gov.br\/ati\/wp-json\/wp\/v2\/media?parent=2235"}],"curies":[{"name":"wp","href":"https:\/\/api.w.org\/{rel}","templated":true}]}}