{"id":24,"date":"2020-08-21T15:46:27","date_gmt":"2020-08-21T18:46:27","guid":{"rendered":"http:\/\/www2.pi.gov.br\/ati\/?page_id=24"},"modified":"2023-01-04T14:12:28","modified_gmt":"2023-01-04T17:12:28","slug":"perfil-do-diretor-geral","status":"publish","type":"page","link":"https:\/\/portal.pi.gov.br\/ati\/perfil-do-diretor-geral\/","title":{"rendered":"Perfil do Diretor Geral"},"content":{"rendered":"\n<ul><li><strong><mark style=\"color:#085f91\" class=\"has-inline-color\">ELLEN GERA DE BRITO MOURA<\/mark><\/strong><\/li><\/ul>\n\n\n\n<div class=\"wp-block-group is-layout-flow\"><div class=\"wp-block-group__inner-container\">\n<figure class=\"wp-block-image size-large is-resized\"><img decoding=\"async\" loading=\"lazy\" src=\"https:\/\/portal.pi.gov.br\/ati\/wp-content\/uploads\/sites\/2\/2023\/01\/IMG_6406-683x1024.jpg\" alt=\"\" class=\"wp-image-2550\" width=\"625\" height=\"937\" srcset=\"https:\/\/portal.pi.gov.br\/ati\/wp-content\/uploads\/sites\/2\/2023\/01\/IMG_6406-683x1024.jpg 683w, https:\/\/portal.pi.gov.br\/ati\/wp-content\/uploads\/sites\/2\/2023\/01\/IMG_6406-200x300.jpg 200w, https:\/\/portal.pi.gov.br\/ati\/wp-content\/uploads\/sites\/2\/2023\/01\/IMG_6406-768x1152.jpg 768w, https:\/\/portal.pi.gov.br\/ati\/wp-content\/uploads\/sites\/2\/2023\/01\/IMG_6406-280x420.jpg 280w, https:\/\/portal.pi.gov.br\/ati\/wp-content\/uploads\/sites\/2\/2023\/01\/IMG_6406-360x540.jpg 360w, https:\/\/portal.pi.gov.br\/ati\/wp-content\/uploads\/sites\/2\/2023\/01\/IMG_6406-520x780.jpg 520w, https:\/\/portal.pi.gov.br\/ati\/wp-content\/uploads\/sites\/2\/2023\/01\/IMG_6406-1024x1536.jpg 1024w, https:\/\/portal.pi.gov.br\/ati\/wp-content\/uploads\/sites\/2\/2023\/01\/IMG_6406-1365x2048.jpg 1365w, https:\/\/portal.pi.gov.br\/ati\/wp-content\/uploads\/sites\/2\/2023\/01\/IMG_6406-947x1421.jpg 947w, https:\/\/portal.pi.gov.br\/ati\/wp-content\/uploads\/sites\/2\/2023\/01\/IMG_6406-624x936.jpg 624w, https:\/\/portal.pi.gov.br\/ati\/wp-content\/uploads\/sites\/2\/2023\/01\/IMG_6406-scaled.jpg 1707w\" sizes=\"(max-width: 625px) 100vw, 625px\" \/><\/figure>\n<\/div><\/div>\n\n\n\n<p class=\"has-text-align-left has-medium-font-size\">Ellen Gera de Brito Moura \u00e9 bacharel em Ci\u00eancia da Computa\u00e7\u00e3o pela Universidade Estadual do Piau\u00ed (2003), especialista em Tecnologias para Web e Mestre em Ci\u00eancia da Computa\u00e7\u00e3o, ambas pela Universidade Federal do Piau\u00ed.<\/p>\n\n\n\n<p class=\"has-text-align-left has-medium-font-size\">Servidor p\u00fablico, Ellen Gera foi aprovado em concurso p\u00fablico para o cargo de Analista de Sistemas S\u00eanior no Governo do Estado. Atuou na \u00e1rea de Ci\u00eancia da Computa\u00e7\u00e3o, com \u00eanfase em engenharia de software, aprendizagem de m\u00e1quina e processamento de linguagem natural. Foi professor da Universidade Estadual do Piau\u00ed por 2 anos e da Faculdade de Tecnologia da Informa\u00e7\u00e3o (FATEPI) por 10 anos.<\/p>\n\n\n\n<p class=\"has-text-align-left has-medium-font-size\">No Governo do Estado do Piau\u00ed foi coordenador de Pesquisa e Gera\u00e7\u00e3o de Dados pela Secretaria de Estado da Pessoa com Defici\u00eancia e gerente de Desenvolvimento de Sistemas da Secretaria de Estado da Fazenda, onde realizou v\u00e1rias forma\u00e7\u00f5es em gest\u00e3o p\u00fablica e gerenciamento de projetos.<\/p>\n\n\n\n<p class=\"has-text-align-left has-medium-font-size\">Em sua passagem pela Secretaria de Estado da Educa\u00e7\u00e3o (Seduc), ocupou os cargos de Diretor de Educa\u00e7\u00e3o com Media\u00e7\u00e3o Tecnol\u00f3gica, Diretor de Ensino e Aprendizagem, Superintendente de Ensino Superior e foi o Secret\u00e1rio entre os anos de 2019 e 2022.<\/p>\n\n\n\n<p class=\"has-text-align-left\"><\/p>\n","protected":false},"excerpt":{"rendered":"<p>ELLEN GERA DE BRITO MOURA Ellen Gera de Brito Moura \u00e9 bacharel em Ci\u00eancia da Computa\u00e7\u00e3o pela Universidade Estadual do Piau\u00ed (2003), especialista em Tecnologias para Web e Mestre em [&hellip;]<\/p>\n","protected":false},"author":1,"featured_media":0,"parent":0,"menu_order":0,"comment_status":"closed","ping_status":"closed","template":"template-fullwidth.php","meta":[],"featured_image_urls":{"full":"","thumbnail":"","medium":"","medium_large":"","large":"","sgg-420":"","sgg-540":"","sgg-780":"","1536x1536":"","2048x2048":"","homepage-slider":"","homepage-slider-small":"","page-top":"","page-small":"","loop-main":"","thumb-gallery-widget":""},"post_excerpt_stackable":"<p>ELLEN GERA DE BRITO MOURA Ellen Gera de Brito Moura \u00e9 bacharel em Ci\u00eancia da Computa\u00e7\u00e3o pela Universidade Estadual do Piau\u00ed (2003), especialista em Tecnologias para Web e Mestre em Ci\u00eancia da Computa\u00e7\u00e3o, ambas pela Universidade Federal do Piau\u00ed. Servidor p\u00fablico, Ellen Gera foi aprovado em concurso p\u00fablico para o cargo de Analista de Sistemas S\u00eanior no Governo do Estado. Atuou na \u00e1rea de Ci\u00eancia da Computa\u00e7\u00e3o, com \u00eanfase em engenharia de software, aprendizagem de m\u00e1quina e processamento de linguagem natural. Foi professor da Universidade Estadual do Piau\u00ed por 2 anos e da Faculdade de Tecnologia da Informa\u00e7\u00e3o (FATEPI) por&hellip;<\/p>\n","category_list":"","author_info":{"name":"admin","url":"https:\/\/portal.pi.gov.br\/ati\/author\/admin\/"},"comments_num":"0 coment\u00e1rio","featured_image_urls_v2":{"full":"","thumbnail":"","medium":"","medium_large":"","large":"","sgg-420":"","sgg-540":"","sgg-780":"","1536x1536":"","2048x2048":"","homepage-slider":"","homepage-slider-small":"","page-top":"","page-small":"","loop-main":"","thumb-gallery-widget":""},"post_excerpt_stackable_v2":"<p>ELLEN GERA DE BRITO MOURA Ellen Gera de Brito Moura \u00e9 bacharel em Ci\u00eancia da Computa\u00e7\u00e3o pela Universidade Estadual do Piau\u00ed (2003), especialista em Tecnologias para Web e Mestre em Ci\u00eancia da Computa\u00e7\u00e3o, ambas pela Universidade Federal do Piau\u00ed. Servidor p\u00fablico, Ellen Gera foi aprovado em concurso p\u00fablico para o cargo de Analista de Sistemas S\u00eanior no Governo do Estado. Atuou na \u00e1rea de Ci\u00eancia da Computa\u00e7\u00e3o, com \u00eanfase em engenharia de software, aprendizagem de m\u00e1quina e processamento de linguagem natural. Foi professor da Universidade Estadual do Piau\u00ed por 2 anos e da Faculdade de Tecnologia da Informa\u00e7\u00e3o (FATEPI) por&hellip;<\/p>\n","category_list_v2":"","author_info_v2":{"name":"admin","url":"https:\/\/portal.pi.gov.br\/ati\/author\/admin\/"},"comments_num_v2":"0 coment\u00e1rio","jetpack_sharing_enabled":true,"_links":{"self":[{"href":"https:\/\/portal.pi.gov.br\/ati\/wp-json\/wp\/v2\/pages\/24"}],"collection":[{"href":"https:\/\/portal.pi.gov.br\/ati\/wp-json\/wp\/v2\/pages"}],"about":[{"href":"https:\/\/portal.pi.gov.br\/ati\/wp-json\/wp\/v2\/types\/page"}],"author":[{"embeddable":true,"href":"https:\/\/portal.pi.gov.br\/ati\/wp-json\/wp\/v2\/users\/1"}],"replies":[{"embeddable":true,"href":"https:\/\/portal.pi.gov.br\/ati\/wp-json\/wp\/v2\/comments?post=24"}],"version-history":[{"count":15,"href":"https:\/\/portal.pi.gov.br\/ati\/wp-json\/wp\/v2\/pages\/24\/revisions"}],"predecessor-version":[{"id":2552,"href":"https:\/\/portal.pi.gov.br\/ati\/wp-json\/wp\/v2\/pages\/24\/revisions\/2552"}],"wp:attachment":[{"href":"https:\/\/portal.pi.gov.br\/ati\/wp-json\/wp\/v2\/media?parent=24"}],"curies":[{"name":"wp","href":"https:\/\/api.w.org\/{rel}","templated":true}]}}