{"id":241,"date":"2020-08-22T13:13:15","date_gmt":"2020-08-22T16:13:15","guid":{"rendered":"http:\/\/www2.pi.gov.br\/ati\/?page_id=241"},"modified":"2022-01-31T19:50:12","modified_gmt":"2022-01-31T22:50:12","slug":"fale-conosco","status":"publish","type":"page","link":"https:\/\/portal.pi.gov.br\/ati\/fale-conosco\/","title":{"rendered":"Fale Conosco"},"content":{"rendered":"\n<div class=\"wp-block-image\"><figure class=\"aligncenter size-full is-resized\"><img decoding=\"async\" loading=\"lazy\" src=\"https:\/\/portal.pi.gov.br\/ati\/wp-content\/uploads\/sites\/2\/2022\/01\/faleconosco-ati.jpg\" alt=\"\" class=\"wp-image-1635\" width=\"354\" height=\"78\" srcset=\"https:\/\/portal.pi.gov.br\/ati\/wp-content\/uploads\/sites\/2\/2022\/01\/faleconosco-ati.jpg 894w, https:\/\/portal.pi.gov.br\/ati\/wp-content\/uploads\/sites\/2\/2022\/01\/faleconosco-ati-300x67.jpg 300w, https:\/\/portal.pi.gov.br\/ati\/wp-content\/uploads\/sites\/2\/2022\/01\/faleconosco-ati-768x171.jpg 768w, https:\/\/portal.pi.gov.br\/ati\/wp-content\/uploads\/sites\/2\/2022\/01\/faleconosco-ati-420x93.jpg 420w, https:\/\/portal.pi.gov.br\/ati\/wp-content\/uploads\/sites\/2\/2022\/01\/faleconosco-ati-540x120.jpg 540w, https:\/\/portal.pi.gov.br\/ati\/wp-content\/uploads\/sites\/2\/2022\/01\/faleconosco-ati-780x174.jpg 780w, https:\/\/portal.pi.gov.br\/ati\/wp-content\/uploads\/sites\/2\/2022\/01\/faleconosco-ati-624x139.jpg 624w\" sizes=\"(max-width: 354px) 100vw, 354px\" \/><\/figure><\/div>\n\n\n<div id=\"quform-eebc19\" class=\"quform quform-5 quform-support-page-caching\"><form id=\"quform-form-eebc19\" class=\"quform-form quform-form-5\" action=\"\/ati\/wp-json\/wp\/v2\/pages\/241#quform-eebc19\" method=\"post\" enctype=\"multipart\/form-data\" novalidate=\"novalidate\" data-options=\"{&quot;id&quot;:5,&quot;uniqueId&quot;:&quot;eebc19&quot;,&quot;theme&quot;:&quot;&quot;,&quot;ajax&quot;:true,&quot;logic&quot;:{&quot;logic&quot;:{&quot;18&quot;:{&quot;action&quot;:true,&quot;match&quot;:&quot;any&quot;,&quot;rules&quot;:[{&quot;elementId&quot;:&quot;5&quot;,&quot;operator&quot;:&quot;eq&quot;,&quot;optionId&quot;:&quot;1&quot;,&quot;value&quot;:&quot;Diretoria Geral&quot;},{&quot;elementId&quot;:&quot;5&quot;,&quot;operator&quot;:&quot;eq&quot;,&quot;optionId&quot;:&quot;2&quot;,&quot;value&quot;:&quot;Diretoria T\\u00e9cnica&quot;},{&quot;elementId&quot;:&quot;5&quot;,&quot;operator&quot;:&quot;eq&quot;,&quot;optionId&quot;:&quot;3&quot;,&quot;value&quot;:&quot;Encarregado de Prote\\u00e7\\u00e3o de Dados&quot;},{&quot;elementId&quot;:&quot;5&quot;,&quot;operator&quot;:&quot;eq&quot;,&quot;optionId&quot;:&quot;4&quot;,&quot;value&quot;:&quot;Outros&quot;},{&quot;elementId&quot;:&quot;5&quot;,&quot;operator&quot;:&quot;eq&quot;,&quot;optionId&quot;:&quot;5&quot;,&quot;value&quot;:&quot;RENAVAN e RENACH (DETRAN)&quot;}]},&quot;12&quot;:{&quot;action&quot;:true,&quot;match&quot;:&quot;any&quot;,&quot;rules&quot;:[{&quot;elementId&quot;:&quot;5&quot;,&quot;operator&quot;:&quot;eq&quot;,&quot;optionId&quot;:&quot;1&quot;,&quot;value&quot;:&quot;Diretoria Geral&quot;},{&quot;elementId&quot;:&quot;5&quot;,&quot;operator&quot;:&quot;eq&quot;,&quot;optionId&quot;:&quot;2&quot;,&quot;value&quot;:&quot;Diretoria T\\u00e9cnica&quot;},{&quot;elementId&quot;:&quot;5&quot;,&quot;operator&quot;:&quot;eq&quot;,&quot;optionId&quot;:&quot;3&quot;,&quot;value&quot;:&quot;Encarregado de Prote\\u00e7\\u00e3o de Dados&quot;},{&quot;elementId&quot;:&quot;5&quot;,&quot;operator&quot;:&quot;eq&quot;,&quot;optionId&quot;:&quot;4&quot;,&quot;value&quot;:&quot;Outros&quot;},{&quot;elementId&quot;:&quot;5&quot;,&quot;operator&quot;:&quot;eq&quot;,&quot;optionId&quot;:&quot;5&quot;,&quot;value&quot;:&quot;RENAVAN e RENACH (DETRAN)&quot;}]},&quot;26&quot;:{&quot;action&quot;:true,&quot;match&quot;:&quot;all&quot;,&quot;rules&quot;:[{&quot;elementId&quot;:&quot;5&quot;,&quot;operator&quot;:&quot;eq&quot;,&quot;optionId&quot;:&quot;5&quot;,&quot;value&quot;:&quot;RENAVAN e RENACH (DETRAN)&quot;}]},&quot;29&quot;:{&quot;action&quot;:true,&quot;match&quot;:&quot;any&quot;,&quot;rules&quot;:[{&quot;elementId&quot;:&quot;5&quot;,&quot;operator&quot;:&quot;eq&quot;,&quot;optionId&quot;:&quot;1&quot;,&quot;value&quot;:&quot;Diretoria Geral&quot;},{&quot;elementId&quot;:&quot;5&quot;,&quot;operator&quot;:&quot;eq&quot;,&quot;optionId&quot;:&quot;2&quot;,&quot;value&quot;:&quot;Diretoria T\\u00e9cnica&quot;},{&quot;elementId&quot;:&quot;5&quot;,&quot;operator&quot;:&quot;eq&quot;,&quot;optionId&quot;:&quot;3&quot;,&quot;value&quot;:&quot;Encarregado de Prote\\u00e7\\u00e3o de Dados&quot;},{&quot;elementId&quot;:&quot;5&quot;,&quot;operator&quot;:&quot;eq&quot;,&quot;optionId&quot;:&quot;4&quot;,&quot;value&quot;:&quot;Outros&quot;},{&quot;elementId&quot;:&quot;5&quot;,&quot;operator&quot;:&quot;eq&quot;,&quot;optionId&quot;:&quot;5&quot;,&quot;value&quot;:&quot;RENAVAN e RENACH (DETRAN)&quot;}]},&quot;37&quot;:{&quot;action&quot;:true,&quot;match&quot;:&quot;any&quot;,&quot;rules&quot;:[{&quot;elementId&quot;:&quot;5&quot;,&quot;operator&quot;:&quot;eq&quot;,&quot;optionId&quot;:&quot;1&quot;,&quot;value&quot;:&quot;Diretoria Geral&quot;},{&quot;elementId&quot;:&quot;5&quot;,&quot;operator&quot;:&quot;eq&quot;,&quot;optionId&quot;:&quot;2&quot;,&quot;value&quot;:&quot;Diretoria T\\u00e9cnica&quot;},{&quot;elementId&quot;:&quot;5&quot;,&quot;operator&quot;:&quot;eq&quot;,&quot;optionId&quot;:&quot;3&quot;,&quot;value&quot;:&quot;Encarregado de Prote\\u00e7\\u00e3o de Dados&quot;},{&quot;elementId&quot;:&quot;5&quot;,&quot;operator&quot;:&quot;eq&quot;,&quot;optionId&quot;:&quot;5&quot;,&quot;value&quot;:&quot;RENAVAN e RENACH (DETRAN)&quot;},{&quot;elementId&quot;:&quot;5&quot;,&quot;operator&quot;:&quot;eq&quot;,&quot;optionId&quot;:&quot;4&quot;,&quot;value&quot;:&quot;Outros&quot;}]},&quot;20&quot;:{&quot;action&quot;:true,&quot;match&quot;:&quot;all&quot;,&quot;rules&quot;:[{&quot;elementId&quot;:&quot;5&quot;,&quot;operator&quot;:&quot;eq&quot;,&quot;optionId&quot;:&quot;6&quot;,&quot;value&quot;:&quot;Suporte T\\u00e9cnico&quot;}]},&quot;21&quot;:{&quot;action&quot;:true,&quot;match&quot;:&quot;all&quot;,&quot;rules&quot;:[{&quot;elementId&quot;:&quot;5&quot;,&quot;operator&quot;:&quot;eq&quot;,&quot;optionId&quot;:&quot;8&quot;,&quot;value&quot;:&quot;Certificado Digital&quot;}]},&quot;36&quot;:{&quot;action&quot;:true,&quot;match&quot;:&quot;all&quot;,&quot;rules&quot;:[{&quot;elementId&quot;:&quot;5&quot;,&quot;operator&quot;:&quot;eq&quot;,&quot;optionId&quot;:&quot;9&quot;,&quot;value&quot;:&quot;Protocolo&quot;}]}},&quot;dependents&quot;:{&quot;5&quot;:[18,18,18,18,18,12,12,12,12,12,26,29,29,29,29,29,37,37,37,37,37,20,21,36]},&quot;elementIds&quot;:[18,12,26,29,37,20,21,36],&quot;dependentElementIds&quot;:[&quot;5&quot;],&quot;animate&quot;:true},&quot;currentPageId&quot;:1,&quot;errorsIcon&quot;:&quot;&quot;,&quot;updateFancybox&quot;:true,&quot;hasPages&quot;:false,&quot;pages&quot;:[1],&quot;pageProgressType&quot;:&quot;numbers&quot;,&quot;tooltipsEnabled&quot;:true,&quot;tooltipClasses&quot;:&quot;qtip-quform-dark qtip-shadow&quot;,&quot;tooltipMy&quot;:&quot;left center&quot;,&quot;tooltipAt&quot;:&quot;right center&quot;,&quot;isRtl&quot;:false,&quot;scrollOffset&quot;:-50,&quot;scrollSpeed&quot;:800}\"><button class=\"quform-default-submit\" name=\"quform_submit\" type=\"submit\" value=\"submit\" aria-hidden=\"true\" tabindex=\"-1\"><\/button><div class=\"quform-form-inner quform-form-inner-5\"><input type=\"hidden\" name=\"quform_form_id\" value=\"5\" \/><input type=\"hidden\" name=\"quform_form_uid\" value=\"eebc19\" \/><input type=\"hidden\" name=\"quform_count\" value=\"1\" \/><input type=\"hidden\" name=\"form_url\" value=\"https:\/\/portal.pi.gov.br\/ati\/wp-json\/wp\/v2\/pages\/241\" \/><input type=\"hidden\" name=\"referring_url\" value=\"\" \/><input type=\"hidden\" name=\"post_id\" value=\"\" \/><input type=\"hidden\" name=\"post_title\" value=\"\" \/><input type=\"hidden\" name=\"quform_current_page_id\" value=\"1\" \/><input type=\"hidden\" name=\"quform_csrf_token\" value=\"KArg5cTKNxtngvZY81vK7rWU13cCXyKPoVGWlJ94\" \/><div class=\"quform-elements quform-elements-5 quform-cf quform-responsive-elements-phone-landscape\"><div class=\"quform-element quform-element-page quform-page-1 quform-page-5_1 quform-cf quform-group-style-plain quform-first-page quform-last-page quform-current-page\"><div class=\"quform-child-elements\"><div class=\"quform-element quform-element-select quform-element-5_5 quform-cf quform-element-required\"><div class=\"quform-spacer\"><div class=\"quform-label quform-label-5_5\"><label class=\"quform-label-text\" for=\"quform_5_5_eebc19\">Setor<span class=\"quform-required\">*<\/span><\/label><\/div><div class=\"quform-inner quform-inner-select quform-inner-5_5\"><div class=\"quform-input quform-input-select quform-input-5_5 quform-cf\"><select id=\"quform_5_5_eebc19\" name=\"quform_5_5\" class=\"quform-field quform-field-select quform-field-5_5\"><option value=\"\" selected=\"selected\">Selecione<\/option><option value=\"Diretoria Geral\">Diretoria Geral<\/option><option value=\"Diretoria T\u00e9cnica\">Diretoria T\u00e9cnica<\/option><option value=\"Encarregado de Prote\u00e7\u00e3o de Dados\">Encarregado de Prote\u00e7\u00e3o de Dados<\/option><option value=\"RENAVAN e RENACH (DETRAN)\">RENAVAN e RENACH (DETRAN)<\/option><option value=\"Suporte T\u00e9cnico\">Suporte T\u00e9cnico<\/option><option value=\"Certificado Digital\">Certificado Digital<\/option><option value=\"Protocolo\">Protocolo<\/option><option value=\"Outros\">Outros<\/option><\/select><\/div><\/div><\/div><\/div><div class=\"quform-element quform-element-group quform-element-5_18 quform-cf quform-group-style-plain\"><div class=\"quform-spacer\"><div class=\"quform-child-elements\"><div class=\"quform-element quform-element-name quform-element-5_3 quform-cf quform-element-optional\"><div class=\"quform-spacer\"><div class=\"quform-label quform-label-5_3\"><label class=\"quform-label-text\" id=\"quform_5_3_eebc19_label\">Nome<\/label><\/div><div class=\"quform-inner quform-inner-name quform-inner-5_3\"><div class=\"quform-input quform-input-name quform-input-5_3 quform-cf\"><div class=\"quform-element-row quform-2-columns quform-element-row-size-fixed quform-responsive-columns-phone-landscape\"><div class=\"quform-element-column\"><div class=\"quform-element quform-element-text quform-element-5_3_2 quform-cf quform-element-optional\"><div class=\"quform-spacer\"><div class=\"quform-inner quform-inner-text quform-inner-5_3_2\"><div class=\"quform-input quform-input-text quform-input-5_3_2 quform-cf\"><input type=\"text\" id=\"quform_5_3_2_eebc19\" name=\"quform_5_3[2]\" class=\"quform-field quform-field-text quform-field-5_3_2\" aria-labelledby=\"quform_5_3_eebc19_label quform_5_3_2_eebc19_sub_label_below\" \/><\/div><label id=\"quform_5_3_2_eebc19_sub_label_below\" class=\"quform-sub-label quform-sub-label-below\">Nome<\/label><\/div><\/div><\/div><\/div><div class=\"quform-element-column\"><div class=\"quform-element quform-element-text quform-element-5_3_4 quform-cf quform-element-optional\"><div class=\"quform-spacer\"><div class=\"quform-inner quform-inner-text quform-inner-5_3_4\"><div class=\"quform-input quform-input-text quform-input-5_3_4 quform-cf\"><input type=\"text\" id=\"quform_5_3_4_eebc19\" name=\"quform_5_3[4]\" class=\"quform-field quform-field-text quform-field-5_3_4\" aria-labelledby=\"quform_5_3_eebc19_label quform_5_3_4_eebc19_sub_label_below\" \/><\/div><label id=\"quform_5_3_4_eebc19_sub_label_below\" class=\"quform-sub-label quform-sub-label-below\">Sobrenome<\/label><\/div><\/div><\/div><\/div><\/div><\/div><\/div><\/div><\/div><div class=\"quform-element quform-element-row quform-element-row-5_9 quform-2-columns quform-element-row-size-fixed quform-responsive-columns-phone-landscape\"><div class=\"quform-element quform-element-column quform-element-5_10\"><div class=\"quform-element quform-element-email quform-element-5_4 quform-cf quform-element-required\"><div class=\"quform-spacer\"><div class=\"quform-label quform-label-5_4\"><label class=\"quform-label-text\" for=\"quform_5_4_eebc19\">Endere\u00e7o de e-mail<span class=\"quform-required\">*<\/span><\/label><\/div><div class=\"quform-inner quform-inner-email quform-inner-5_4\"><div class=\"quform-input quform-input-email quform-input-5_4 quform-cf\"><input type=\"email\" id=\"quform_5_4_eebc19\" name=\"quform_5_4\" class=\"quform-field quform-field-email quform-field-5_4\" \/><\/div><\/div><\/div><\/div><\/div><div class=\"quform-element quform-element-column quform-element-5_11\"><div class=\"quform-element quform-element-email quform-element-5_33 quform-cf quform-element-required\"><div class=\"quform-spacer\"><div class=\"quform-label quform-label-5_33\"><label class=\"quform-label-text\" for=\"quform_5_33_eebc19\">Confirme Endere\u00e7o de e-mail<span class=\"quform-required\">*<\/span><\/label><\/div><div class=\"quform-inner quform-inner-email quform-inner-5_33\"><div class=\"quform-input quform-input-email quform-input-5_33 quform-cf\"><input type=\"email\" id=\"quform_5_33_eebc19\" name=\"quform_5_33\" class=\"quform-field quform-field-email quform-field-5_33\" \/><\/div><\/div><\/div><\/div><\/div><\/div><div class=\"quform-element quform-element-text quform-element-5_12 quform-cf quform-element-required\"><div class=\"quform-spacer\"><div class=\"quform-label quform-label-5_12\"><label class=\"quform-label-text\" for=\"quform_5_12_eebc19\">Telefone de Contato<span class=\"quform-required\">*<\/span><\/label><\/div><div class=\"quform-inner quform-inner-text quform-inner-5_12\"><div class=\"quform-input quform-input-text quform-input-5_12 quform-cf\"><input type=\"text\" id=\"quform_5_12_eebc19\" name=\"quform_5_12\" class=\"quform-field quform-field-text quform-field-5_12\" \/><\/div><\/div><\/div><\/div><div class=\"quform-element quform-element-group quform-element-5_26 quform-cf quform-group-style-plain\"><div class=\"quform-spacer\"><div class=\"quform-child-elements\"><div class=\"quform-element quform-element-row quform-element-row-5_30 quform-2-columns quform-element-row-size-fixed quform-responsive-columns-phone-landscape\"><div class=\"quform-element quform-element-column quform-element-5_31\"><div class=\"quform-element quform-element-text quform-element-5_27 quform-cf quform-element-optional\"><div class=\"quform-spacer\"><div class=\"quform-label quform-label-5_27\"><label class=\"quform-label-text\" for=\"quform_5_27_eebc19\">N\u00famero da Placa<\/label><\/div><div class=\"quform-inner quform-inner-text quform-inner-5_27\"><div class=\"quform-input quform-input-text quform-input-5_27 quform-cf\"><input type=\"text\" id=\"quform_5_27_eebc19\" name=\"quform_5_27\" class=\"quform-field quform-field-text quform-field-5_27\" \/><\/div><\/div><\/div><\/div><\/div><div class=\"quform-element quform-element-column quform-element-5_32\"><div class=\"quform-element quform-element-text quform-element-5_28 quform-cf quform-element-optional\"><div class=\"quform-spacer\"><div class=\"quform-label quform-label-5_28\"><label class=\"quform-label-text\" for=\"quform_5_28_eebc19\">N\u00famero da CNH<\/label><\/div><div class=\"quform-inner quform-inner-text quform-inner-5_28\"><div class=\"quform-input quform-input-text quform-input-5_28 quform-cf\"><input type=\"text\" id=\"quform_5_28_eebc19\" name=\"quform_5_28\" class=\"quform-field quform-field-text quform-field-5_28\" \/><\/div><\/div><\/div><\/div><\/div><\/div><div class=\"quform-element quform-element-text quform-element-5_29 quform-cf quform-element-optional\"><div class=\"quform-spacer\"><div class=\"quform-label quform-label-5_29\"><label class=\"quform-label-text\" for=\"quform_5_29_eebc19\">RENAVAN<\/label><\/div><div class=\"quform-inner quform-inner-text quform-inner-5_29\"><div class=\"quform-input quform-input-text quform-input-5_29 quform-cf\"><input type=\"text\" id=\"quform_5_29_eebc19\" name=\"quform_5_29\" class=\"quform-field quform-field-text quform-field-5_29\" \/><\/div><\/div><\/div><\/div><\/div><\/div><\/div><div class=\"quform-element quform-element-textarea quform-element-5_6 quform-cf quform-element-required\"><div class=\"quform-spacer\"><div class=\"quform-label quform-label-5_6\"><label class=\"quform-label-text\" for=\"quform_5_6_eebc19\">Mensagem<span class=\"quform-required\">*<\/span><\/label><\/div><div class=\"quform-inner quform-inner-textarea quform-inner-5_6\"><div class=\"quform-input quform-input-textarea quform-input-5_6 quform-cf\"><textarea id=\"quform_5_6_eebc19\" name=\"quform_5_6\" class=\"quform-field quform-field-textarea quform-field-5_6\"><\/textarea><\/div><\/div><\/div><\/div><div class=\"quform-element quform-element-checkbox quform-element-5_37 quform-cf quform-element-required\"><div class=\"quform-spacer\"><div class=\"quform-inner quform-inner-checkbox quform-inner-5_37\"><div class=\"quform-input quform-input-checkbox quform-input-5_37 quform-cf\"><div class=\"quform-options quform-cf quform-options-block quform-options-simple\"><div class=\"quform-option\"><input type=\"checkbox\" name=\"quform_5_37[]\" id=\"quform_5_37_eebc19_1\" class=\"quform-field quform-field-checkbox quform-field-5_37 quform-field-5_37_1\" value=\"Ao marcar esta caixa, voc\u00ea est\u00e1 de acordo com nosso &lt;a href=&quot;https:\/\/portal.pi.gov.br\/ati\/termo-de-consentimento-para-tratamento-de-dados\/&quot; target=&quot;_blank&quot;&gt;&quot;Termo de Consentimento para Tratamento de Dados&quot;&lt;\/a&gt;.\" \/><label for=\"quform_5_37_eebc19_1\" class=\"quform-option-label quform-option-label-5_37_1\"><span class=\"quform-option-text\">Ao marcar esta caixa, voc\u00ea est\u00e1 de acordo com nosso <a href=\"https:\/\/portal.pi.gov.br\/ati\/termo-de-consentimento-para-tratamento-de-dados\/\" target=\"_blank\">\"Termo de Consentimento para Tratamento de Dados\"<\/a>.<\/span><\/label><\/div><\/div><\/div><\/div><\/div><\/div><div class=\"quform-element quform-element-recaptcha quform-element-5_7 quform-cf quform-element-required\"><div class=\"quform-spacer\"><div class=\"quform-label quform-label-5_7\"><label class=\"quform-label-text\">Voc\u00ea \u00e9 humano?<span class=\"quform-required\">*<\/span><\/label><\/div><div class=\"quform-inner quform-inner-recaptcha quform-inner-5_7\"><div class=\"quform-input quform-input-recaptcha quform-input-5_7 quform-cf\"><div class=\"quform-recaptcha\" data-config=\"{&quot;sitekey&quot;:&quot;6Lc3WcIZAAAAAEo20fLe65wxejcmBs89mx7orCbI&quot;,&quot;_version&quot;:&quot;v2&quot;,&quot;size&quot;:&quot;normal&quot;,&quot;type&quot;:&quot;image&quot;,&quot;theme&quot;:&quot;light&quot;,&quot;badge&quot;:&quot;bottomright&quot;}\"><\/div><noscript><div><div style=\"width: 302px; height: 422px; position: relative;\"><div style=\"width: 302px; height: 422px; position: absolute;\"><iframe src=\"https:\/\/www.google.com\/recaptcha\/api\/fallback?k=6Lc3WcIZAAAAAEo20fLe65wxejcmBs89mx7orCbI\" frameborder=\"0\" scrolling=\"no\" style=\"width: 302px; height:422px; border-style: none;\"><\/iframe><\/div><\/div><div style=\"width: 300px; height: 60px; border-style: none; bottom: 12px; left: 25px; margin: 0px; padding: 0px; right: 25px; background: #f9f9f9; border: 1px solid #c1c1c1; border-radius: 3px;\"><textarea name=\"g-recaptcha-response\" class=\"g-recaptcha-response\" style=\"width: 250px; height: 40px; border: 1px solid #c1c1c1; margin: 10px 25px; padding: 0px; resize: none;\"><\/textarea><\/div><\/div><\/noscript><\/div><\/div><\/div><\/div><div class=\"quform-element quform-element-submit quform-element-5_2 quform-cf quform-button-style-theme\"><div class=\"quform-button-submit quform-button-submit-default quform-button-submit-5_2\"><button name=\"quform_submit\" type=\"submit\" class=\"quform-submit\" value=\"submit\"><span class=\"quform-button-text quform-button-submit-text\">Enviar<\/span><\/button><\/div><div class=\"quform-loading quform-loading-position-left quform-loading-type-spinner-1\"><div class=\"quform-loading-inner\"><div class=\"quform-loading-spinner\"><div class=\"quform-loading-spinner-inner\"><\/div><\/div><\/div><\/div><\/div><\/div><\/div><\/div><div class=\"quform-element quform-element-group quform-element-5_20 quform-cf quform-group-style-plain\"><div class=\"quform-spacer\"><div class=\"quform-child-elements\"><div class=\"quform-element quform-element-html quform-element-5_19 quform-cf\"><div class=\"quform-spacer\">&nbsp;\n\n<img class=\"wp-image-1641 aligncenter\" src=\"https:\/\/portal.pi.gov.br\/ati\/wp-content\/uploads\/sites\/2\/2022\/01\/Captura-de-Tela-2022-01-31-a\u0300s-20.51.36-300x123.png\" alt=\"\" width=\"244\" height=\"100\" \/>\n<p style=\"text-align: center;\">Para abertura de Chamados de Suporte Acesse nossa Central de Atendimento, com o mesmo usu\u00e1rio e senha do SEI ou Webmail, no link abaixo:<\/p>\n<p style=\"text-align: center;\"><a href=\"https:\/\/suporte.ati.pi.gov.br\/\" target=\"_blank\" rel=\"noopener\">https:\/\/suporte.ati.pi.gov.br\/<\/a><\/p><\/div><\/div><\/div><\/div><\/div><div class=\"quform-element quform-element-group quform-element-5_21 quform-cf quform-group-style-plain\"><div class=\"quform-spacer\"><div class=\"quform-child-elements\"><div class=\"quform-element quform-element-row quform-element-row-5_22 quform-1-columns quform-element-row-size-fixed quform-responsive-columns-phone-landscape\"><div class=\"quform-element quform-element-column quform-element-5_24\"><div class=\"quform-element quform-element-html quform-element-5_25 quform-cf\"><div class=\"quform-spacer\"><img class=\" wp-image-1642 aligncenter\" src=\"https:\/\/portal.pi.gov.br\/ati\/wp-content\/uploads\/sites\/2\/2022\/01\/certificado-digital-300x157.png\" alt=\"\" width=\"201\" height=\"105\" \/>\n<p style=\"text-align: center;\">Acesse a <a href=\"https:\/\/portal.pi.gov.br\/ati\/certificacao-digital\/\">p\u00e1gina<\/a> para Orienta\u00e7\u00f5es para Emiss\u00e3o do Certificado Digital<\/p><\/div><\/div><\/div><\/div><\/div><\/div><\/div><div class=\"quform-element quform-element-html quform-element-5_36 quform-cf\"><div class=\"quform-spacer\"><img class=\"size-medium wp-image-1651 aligncenter\" src=\"https:\/\/portal.pi.gov.br\/ati\/wp-content\/uploads\/sites\/2\/2022\/02\/processo-300x96.jpg\" alt=\"\" width=\"300\" height=\"96\" \/>\n<p style=\"text-align: center;\">Para abertura de Processo clique <a href=\"https:\/\/portal.pi.gov.br\/ati\/abertura-de-processo\/\">aqui<\/a><\/p><\/div><\/div><div class=\"quform-element-tree\"><label for=\"quform_5_0_eebc19\">Este campo deve ser deixado em branco<\/label><input type=\"text\" id=\"quform_5_0_eebc19\" name=\"quform_5_0\" class=\"quform-field quform-field-tree quform-field-5_0\" tabindex=\"-1\" autocomplete=\"off\" \/><\/div><\/div><\/div><\/div><\/div><\/form><\/div>\n","protected":false},"excerpt":{"rendered":"","protected":false},"author":1,"featured_media":0,"parent":0,"menu_order":0,"comment_status":"closed","ping_status":"closed","template":"template-fullwidth.php","meta":[],"featured_image_urls":{"full":"","thumbnail":"","medium":"","medium_large":"","large":"","sgg-420":"","sgg-540":"","sgg-780":"","1536x1536":"","2048x2048":"","homepage-slider":"","homepage-slider-small":"","page-top":"","page-small":"","loop-main":"","thumb-gallery-widget":""},"post_excerpt_stackable":"<p>Setor*SelecioneDiretoria GeralDiretoria T\u00e9cnicaEncarregado de Prote\u00e7\u00e3o de DadosRENAVAN e RENACH (DETRAN)Suporte T\u00e9cnicoCertificado DigitalProtocoloOutrosNomeNomeSobrenomeEndere\u00e7o de e-mail*Confirme Endere\u00e7o de e-mail*Telefone de Contato*N\u00famero da PlacaN\u00famero da CNHRENAVANMensagem*Ao marcar esta caixa, voc\u00ea est\u00e1 de acordo com nosso &#8220;Termo de Consentimento para Tratamento de Dados&#8221;.Voc\u00ea \u00e9 humano?*Enviar&nbsp; Para abertura de Chamados de Suporte Acesse nossa Central de Atendimento, com o mesmo usu\u00e1rio e senha do SEI ou Webmail, no link abaixo: https:\/\/suporte.ati.pi.gov.br\/ Acesse a p\u00e1gina para Orienta\u00e7\u00f5es para Emiss\u00e3o do Certificado Digital Para abertura de Processo clique aquiEste campo deve ser deixado em branco<\/p>\n","category_list":"","author_info":{"name":"admin","url":"https:\/\/portal.pi.gov.br\/ati\/author\/admin\/"},"comments_num":"0 coment\u00e1rio","featured_image_urls_v2":{"full":"","thumbnail":"","medium":"","medium_large":"","large":"","sgg-420":"","sgg-540":"","sgg-780":"","1536x1536":"","2048x2048":"","homepage-slider":"","homepage-slider-small":"","page-top":"","page-small":"","loop-main":"","thumb-gallery-widget":""},"post_excerpt_stackable_v2":"<p>Setor*SelecioneDiretoria GeralDiretoria T\u00e9cnicaEncarregado de Prote\u00e7\u00e3o de DadosRENAVAN e RENACH (DETRAN)Suporte T\u00e9cnicoCertificado DigitalProtocoloOutrosNomeNomeSobrenomeEndere\u00e7o de e-mail*Confirme Endere\u00e7o de e-mail*Telefone de Contato*N\u00famero da PlacaN\u00famero da CNHRENAVANMensagem*Ao marcar esta caixa, voc\u00ea est\u00e1 de acordo com nosso &#8220;Termo de Consentimento para Tratamento de Dados&#8221;.Voc\u00ea \u00e9 humano?*Enviar&nbsp; Para abertura de Chamados de Suporte Acesse nossa Central de Atendimento, com o mesmo usu\u00e1rio e senha do SEI ou Webmail, no link abaixo: https:\/\/suporte.ati.pi.gov.br\/ Acesse a p\u00e1gina para Orienta\u00e7\u00f5es para Emiss\u00e3o do Certificado Digital Para abertura de Processo clique aquiEste campo deve ser deixado em branco<\/p>\n","category_list_v2":"","author_info_v2":{"name":"admin","url":"https:\/\/portal.pi.gov.br\/ati\/author\/admin\/"},"comments_num_v2":"0 coment\u00e1rio","jetpack_sharing_enabled":true,"_links":{"self":[{"href":"https:\/\/portal.pi.gov.br\/ati\/wp-json\/wp\/v2\/pages\/241"}],"collection":[{"href":"https:\/\/portal.pi.gov.br\/ati\/wp-json\/wp\/v2\/pages"}],"about":[{"href":"https:\/\/portal.pi.gov.br\/ati\/wp-json\/wp\/v2\/types\/page"}],"author":[{"embeddable":true,"href":"https:\/\/portal.pi.gov.br\/ati\/wp-json\/wp\/v2\/users\/1"}],"replies":[{"embeddable":true,"href":"https:\/\/portal.pi.gov.br\/ati\/wp-json\/wp\/v2\/comments?post=241"}],"version-history":[{"count":11,"href":"https:\/\/portal.pi.gov.br\/ati\/wp-json\/wp\/v2\/pages\/241\/revisions"}],"predecessor-version":[{"id":1930,"href":"https:\/\/portal.pi.gov.br\/ati\/wp-json\/wp\/v2\/pages\/241\/revisions\/1930"}],"wp:attachment":[{"href":"https:\/\/portal.pi.gov.br\/ati\/wp-json\/wp\/v2\/media?parent=241"}],"curies":[{"name":"wp","href":"https:\/\/api.w.org\/{rel}","templated":true}]}}