{"id":26,"date":"2020-08-21T15:47:29","date_gmt":"2020-08-21T18:47:29","guid":{"rendered":"http:\/\/www2.pi.gov.br\/ati\/?page_id=26"},"modified":"2021-11-12T11:04:51","modified_gmt":"2021-11-12T14:04:51","slug":"apresentacao","status":"publish","type":"page","link":"https:\/\/portal.pi.gov.br\/ati\/apresentacao\/","title":{"rendered":"Apresenta\u00e7\u00e3o SEI"},"content":{"rendered":"\n<div class=\"wp-block-image\"><figure class=\"aligncenter size-full\"><img decoding=\"async\" loading=\"lazy\" width=\"600\" height=\"81\" src=\"https:\/\/portal.pi.gov.br\/ati\/wp-content\/uploads\/sites\/2\/2021\/11\/sei-1-1.png\" alt=\"\" class=\"wp-image-1329\" srcset=\"https:\/\/portal.pi.gov.br\/ati\/wp-content\/uploads\/sites\/2\/2021\/11\/sei-1-1.png 600w, https:\/\/portal.pi.gov.br\/ati\/wp-content\/uploads\/sites\/2\/2021\/11\/sei-1-1-300x41.png 300w\" sizes=\"(max-width: 600px) 100vw, 600px\" \/><\/figure><\/div>\n\n\n\n<p>O Sistema Eletr\u00f4nico de Informa\u00e7\u00f5es (SEI), desenvolvido pelo Tribunal Regional Federal da 4\u00aa Regi\u00e3o (TRF4), \u00e9 uma ferramenta de gest\u00e3o de documentos e processos eletr\u00f4nicos, e tem como objetivo promover a efici\u00eancia administrativa.<\/p>\n\n\n\n<p>O SEI integra o Processo Eletr\u00f4nico Nacional (PEN), uma iniciativa conjunta de \u00f3rg\u00e3os e entidades de diversas esferas da administra\u00e7\u00e3o p\u00fablica, com o intuito de construir uma infraestrutura p\u00fablica de processos e documentos administrativos eletr\u00f4nico.<\/p>\n\n\n\n<p>Em fevereiro do ano de 2019 o Governo do Estado do Piau\u00ed passou a utilizar o SEI tendo como primeiro \u00f3rg\u00e3o a ser implantado a ATI, atualmente encontra-se com 90% dos \u00f3rg\u00e3os aderentes ao sistema, impactando vantagens na transpar\u00eancia processual, celeridade e economicidade de insumos de impressoras e material de expediente.<\/p>\n","protected":false},"excerpt":{"rendered":"<p>O Sistema Eletr\u00f4nico de Informa\u00e7\u00f5es (SEI), desenvolvido pelo Tribunal Regional Federal da 4\u00aa Regi\u00e3o (TRF4), \u00e9 uma ferramenta de gest\u00e3o de documentos e processos eletr\u00f4nicos, e tem como objetivo promover [&hellip;]<\/p>\n","protected":false},"author":1,"featured_media":0,"parent":0,"menu_order":0,"comment_status":"closed","ping_status":"closed","template":"template-fullwidth.php","meta":[],"featured_image_urls":{"full":"","thumbnail":"","medium":"","medium_large":"","large":"","sgg-420":"","sgg-540":"","sgg-780":"","1536x1536":"","2048x2048":"","homepage-slider":"","homepage-slider-small":"","page-top":"","page-small":"","loop-main":"","thumb-gallery-widget":""},"post_excerpt_stackable":"<p>O Sistema Eletr\u00f4nico de Informa\u00e7\u00f5es (SEI), desenvolvido pelo Tribunal Regional Federal da 4\u00aa Regi\u00e3o (TRF4), \u00e9 uma ferramenta de gest\u00e3o de documentos e processos eletr\u00f4nicos, e tem como objetivo promover a efici\u00eancia administrativa. O SEI integra o Processo Eletr\u00f4nico Nacional (PEN), uma iniciativa conjunta de \u00f3rg\u00e3os e entidades de diversas esferas da administra\u00e7\u00e3o p\u00fablica, com o intuito de construir uma infraestrutura p\u00fablica de processos e documentos administrativos eletr\u00f4nico. Em fevereiro do ano de 2019 o Governo do Estado do Piau\u00ed passou a utilizar o SEI tendo como primeiro \u00f3rg\u00e3o a ser implantado a ATI, atualmente encontra-se com 90% dos \u00f3rg\u00e3os&hellip;<\/p>\n","category_list":"","author_info":{"name":"admin","url":"https:\/\/portal.pi.gov.br\/ati\/author\/admin\/"},"comments_num":"0 coment\u00e1rio","featured_image_urls_v2":{"full":"","thumbnail":"","medium":"","medium_large":"","large":"","sgg-420":"","sgg-540":"","sgg-780":"","1536x1536":"","2048x2048":"","homepage-slider":"","homepage-slider-small":"","page-top":"","page-small":"","loop-main":"","thumb-gallery-widget":""},"post_excerpt_stackable_v2":"<p>O Sistema Eletr\u00f4nico de Informa\u00e7\u00f5es (SEI), desenvolvido pelo Tribunal Regional Federal da 4\u00aa Regi\u00e3o (TRF4), \u00e9 uma ferramenta de gest\u00e3o de documentos e processos eletr\u00f4nicos, e tem como objetivo promover a efici\u00eancia administrativa. O SEI integra o Processo Eletr\u00f4nico Nacional (PEN), uma iniciativa conjunta de \u00f3rg\u00e3os e entidades de diversas esferas da administra\u00e7\u00e3o p\u00fablica, com o intuito de construir uma infraestrutura p\u00fablica de processos e documentos administrativos eletr\u00f4nico. Em fevereiro do ano de 2019 o Governo do Estado do Piau\u00ed passou a utilizar o SEI tendo como primeiro \u00f3rg\u00e3o a ser implantado a ATI, atualmente encontra-se com 90% dos \u00f3rg\u00e3os&hellip;<\/p>\n","category_list_v2":"","author_info_v2":{"name":"admin","url":"https:\/\/portal.pi.gov.br\/ati\/author\/admin\/"},"comments_num_v2":"0 coment\u00e1rio","jetpack_sharing_enabled":true,"_links":{"self":[{"href":"https:\/\/portal.pi.gov.br\/ati\/wp-json\/wp\/v2\/pages\/26"}],"collection":[{"href":"https:\/\/portal.pi.gov.br\/ati\/wp-json\/wp\/v2\/pages"}],"about":[{"href":"https:\/\/portal.pi.gov.br\/ati\/wp-json\/wp\/v2\/types\/page"}],"author":[{"embeddable":true,"href":"https:\/\/portal.pi.gov.br\/ati\/wp-json\/wp\/v2\/users\/1"}],"replies":[{"embeddable":true,"href":"https:\/\/portal.pi.gov.br\/ati\/wp-json\/wp\/v2\/comments?post=26"}],"version-history":[{"count":7,"href":"https:\/\/portal.pi.gov.br\/ati\/wp-json\/wp\/v2\/pages\/26\/revisions"}],"predecessor-version":[{"id":1330,"href":"https:\/\/portal.pi.gov.br\/ati\/wp-json\/wp\/v2\/pages\/26\/revisions\/1330"}],"wp:attachment":[{"href":"https:\/\/portal.pi.gov.br\/ati\/wp-json\/wp\/v2\/media?parent=26"}],"curies":[{"name":"wp","href":"https:\/\/api.w.org\/{rel}","templated":true}]}}