{"id":2681,"date":"2023-02-24T09:54:28","date_gmt":"2023-02-24T12:54:28","guid":{"rendered":"https:\/\/portal.pi.gov.br\/ati\/?page_id=2681"},"modified":"2023-02-24T09:55:39","modified_gmt":"2023-02-24T12:55:39","slug":"avisos-de-dispensa-eletronica","status":"publish","type":"page","link":"https:\/\/portal.pi.gov.br\/ati\/avisos-de-dispensa-eletronica\/","title":{"rendered":"Avisos de Dispensa Eletr\u00f4nica"},"content":{"rendered":"\n<script type=\"text\/x-handlebars-template\"        id=\"wpfd-template-table-categories-46\">    <div class=\"wpfd-categories\">{{#if category}}{{#with category}}{{#if parent}}<a class=\"catlink backcategory\" href=\"#\" data-idcat=\"{{parent}}\">                        <i class=\"zmdi zmdi-chevron-left\"><\/i><span>Voltar<\/span><\/a>{{\/if}}{{\/with}}{{\/if}}<\/div><\/script><script type=\"text\/x-handlebars-template\" id=\"wpfd-template-table-46\">    {{#if files}}    {{#each files}}    <tr class=\"file\" data-id=\"{{ID}}\" data-catid=\"{{catid}}\">    <td class=\"file_title\"><a class=\"wpfd_downloadlink\" href=\"{{linkdownload}}\" title=\"{{post_title}}\"><span class=\"extcol\">{{#if file_custom_icon}}<span class=\"icon-custom\"><img src=\"{{file_custom_icon}}\"><\/span>{{else}}<span class=\"ext ext-{{ext}} wpfd-icon-set-png\"><\/span>{{\/if}}<\/span>{{{crop_title}}}<\/a><\/td><td class=\"file_desc\">{{{description}}}<\/td><td class=\"file_created\">{{created}}<\/td>                    <td class=\"col-download\">                <a class=\"downloadlink wpfd_downloadlink\"  href=\"{{linkdownload}}\" style=\"background-color:#1b3058;color:#ffffff;\">Baixar<i class=\"zmdi zmdi-cloud-download wpfd-download\"><\/i><\/a>{{#if openpdflink}}<a class=\"openlink wpfdlightbox wpfd_previewlink\" href=\"{{openpdflink}}\" target=\"\">Visualizar                            <i class=\"zmdi zmdi-filter-center-focus wpfd-preview\"><\/i>                        <\/a>{{else}}{{#if viewerlink}}<a                            href=\"{{viewerlink}}\"                            class=\"openlink wpfdlightbox wpfd_previewlink\"                            target=\"\"                            data-id=\"{{ID}}\"                            data-catid=\"{{catid}}\"                            data-file-type=\"{{ext}}\">Visualizar<i class=\"zmdi zmdi-filter-center-focus wpfd-preview\"><\/i>                        <\/a>{{\/if}}{{\/if}}            <\/td>            <\/tr>    {{\/each}}    {{\/if}}<\/script><div class=\"wpfd-content wpfd-content-table wpfd-content-multi colstyle\" data-category=\"46\"><input type=\"hidden\" id=\"current_category_46\" value=\"46\" \/>                    <input type=\"hidden\" id=\"current_category_slug_46\" value=\"avisos-de-dispensa-eletronica\" \/>                    <input type=\"hidden\" id=\"current_ordering_46\" value=\"created_time\" \/>                    <input type=\"hidden\" id=\"current_ordering_direction_46\" value=\"asc\" \/><div class=\"wpfd-container\">        <div class=\"wpfd-open-tree\"><\/div>    <div class=\"wpfd-container-table \">        <div class=\"wpfd-categories\"><\/div>        <table class=\"wpfd-table wpfd-table-bordered wpfd-table-striped mediaTable\">            <thead>            <tr>                <th class=\"essential persist file_title\">T\u00edtulo<\/th><th class=\"optional file_desc\">Descri\u00e7\u00e3o<\/th><th class=\"optional file_created\">Data de Publica\u00e7\u00e3o<\/th><th class=\"essential file_download\">Baixar<\/th>            <\/tr>            <\/thead>            <tbody>                            <tr class=\"file\" data-id=\"2691\"                    data-catid=\"46\">                    <td class=\"file_title\"><a class=\"wpfd_downloadlink\" href=\"https:\/\/portal.pi.gov.br\/ati\/download\/46\/avisos-de-dispensa-eletronica\/2691\/aviso-de-dispensa-eletronica-no-01-2023\" title=\"Aviso de Dispensa Eletr\u00f4nica n\u00ba 01\/2023\"><span class=\"extcol\">                                <span class=\"ext ext-pdf wpfd-icon-set-png\"><\/span>                                Aviso de Dispensa Eletr\u00f4nica n\u00ba 01\/2023                            <\/span><\/a><\/td><td class=\"file_desc\">O Estado do Piau\u00ed, atrav\u00e9s da Ag\u00eancia de Tecnologia da Informa\u00e7\u00e3o do Estado do Piau\u00ed-ATI-PI, d\u00e1 ci\u00eancia a todos que a Dispensa Eletr\u00f4nica n\u00ba 01\/2023 (UASG: 929895), Processo Administrativo SEI n\u00ba 00117.000076\/2023-22, cujo objeto consiste na Contrata\u00e7\u00e3o de empresa especializada no fornecimento de Gal\u00f5es de \u00e1gua mineral de 20L e vasilhames de 20L, conforme condi\u00e7\u00f5es e exig\u00eancias estabelecidas no presente Termo de Refer\u00eancia e demais documentos em anexo, a fim de garantir a disponibilidade de \u00e1gua pot\u00e1vel ao p\u00fablico interno (servidores docentes, t\u00e9cnicos-administrativos e colaboradores). Valor Estimado: R$ 2.981,50 (dois mil novecentos e oitenta e um reais e cinquenta centavos). Data de In\u00edcio da Etapa de lance: 07\/03\/2023, 8h30 min. Informa\u00e7\u00f5es: (86) 3216-1783 e gac@ati.pi.gov.br.<\/td><td class=\"file_created\">02-03-2023<\/td>                                            <td class=\"col-download\">                            <a class=\"downloadlink wpfd_downloadlink\"  href=\"https:\/\/portal.pi.gov.br\/ati\/download\/46\/avisos-de-dispensa-eletronica\/2691\/aviso-de-dispensa-eletronica-no-01-2023\" style=\"background-color:#1b3058;color:#ffffff;\">Baixar<i class=\"zmdi zmdi-cloud-download wpfd-download\"><\/i><\/a><a                            href=\"https:\/\/docs.google.com\/viewer?url=https%3A%2F%2Fportal.pi.gov.br%2Fati%2Fwp-admin%2Fadmin-ajax.php%3Fjuwpfisadmin%3Dfalse%26action%3Dwpfd%26task%3Dfile.download%26wpfd_category_id%3D46%26wpfd_file_id%3D2691%26token%3D%26preview%3D1&#038;embedded=true\"                            class=\"openlink wpfdlightbox wpfd_previewlink\"                            target=\"\"                            data-id=\"2691\"                            data-catid=\"46\"                            data-file-type=\"pdf\">Visualizar<i class=\"zmdi zmdi-filter-center-focus wpfd-preview\"><\/i>                        <\/a>                        <\/td>                                    <\/tr>                            <tr class=\"file\" data-id=\"2909\"                    data-catid=\"46\">                    <td class=\"file_title\"><a class=\"wpfd_downloadlink\" href=\"https:\/\/portal.pi.gov.br\/ati\/download\/46\/avisos-de-dispensa-eletronica\/2909\/aviso-de-dispensa-eletronica-no-02-2023\" title=\"Aviso de Dispensa Eletr\u00f4nica n\u00ba 02\/2023\"><span class=\"extcol\">                                <span class=\"ext ext-pdf wpfd-icon-set-png\"><\/span>                                Aviso de Dispensa Eletr\u00f4nica n\u00ba 02\/2023                            <\/span><\/a><\/td><td class=\"file_desc\">O Estado do Piau\u00ed, atrav\u00e9s da Ag\u00eancia de Tecnologia da Informa\u00e7\u00e3o do Estado do Piau\u00ed-ATI-PI, d\u00e1 ci\u00eancia a todos que a Dispensa Eletr\u00f4nica n\u00ba 02\/2023 (UASG: 929895), Processo Administrativo SEI n\u00ba 00117.000222\/2023-10, cujo objeto consiste na aquisi\u00e7\u00e3o de fitas magn\u00e9ticas de backup e armazenamento, bem como fitas magn\u00e9ticas de limpeza, conforme condi\u00e7\u00f5es e exig\u00eancias estabelecidas no presente Termo de Refer\u00eancia e demais documentos em anexo, a fim de garantir a manuten\u00e7\u00e3o, e salvamento de dados utilizados nas m\u00e1quinas desta Ag\u00eancia de Tecnologia da Informa\u00e7\u00e3o do Estado do Piau\u00ed (ATI-PI). Valor Estimado: R$ 49.267,50 (quarenta e nove mil e duzentos e sessenta e sete reais e cinquenta centavos). Data de In\u00edcio da Etapa de lance: 05\/06\/2023 \u00e0s 8h30 min. Informa\u00e7\u00f5es: (86) 9 9516-5033 e gac@ati.pi.gov.br.<\/td><td class=\"file_created\">31-05-2023<\/td>                                            <td class=\"col-download\">                            <a class=\"downloadlink wpfd_downloadlink\"  href=\"https:\/\/portal.pi.gov.br\/ati\/download\/46\/avisos-de-dispensa-eletronica\/2909\/aviso-de-dispensa-eletronica-no-02-2023\" style=\"background-color:#1b3058;color:#ffffff;\">Baixar<i class=\"zmdi zmdi-cloud-download wpfd-download\"><\/i><\/a><a                            href=\"https:\/\/docs.google.com\/viewer?url=https%3A%2F%2Fportal.pi.gov.br%2Fati%2Fwp-admin%2Fadmin-ajax.php%3Fjuwpfisadmin%3Dfalse%26action%3Dwpfd%26task%3Dfile.download%26wpfd_category_id%3D46%26wpfd_file_id%3D2909%26token%3D%26preview%3D1&#038;embedded=true\"                            class=\"openlink wpfdlightbox wpfd_previewlink\"                            target=\"\"                            data-id=\"2909\"                            data-catid=\"46\"                            data-file-type=\"pdf\">Visualizar<i class=\"zmdi zmdi-filter-center-focus wpfd-preview\"><\/i>                        <\/a>                        <\/td>                                    <\/tr>                        <\/tbody>        <\/table>            <\/div><\/div><\/div>\n","protected":false},"excerpt":{"rendered":"","protected":false},"author":1,"featured_media":0,"parent":0,"menu_order":0,"comment_status":"closed","ping_status":"closed","template":"","meta":[],"featured_image_urls":{"full":"","thumbnail":"","medium":"","medium_large":"","large":"","sgg-420":"","sgg-540":"","sgg-780":"","1536x1536":"","2048x2048":"","homepage-slider":"","homepage-slider-small":"","page-top":"","page-small":"","loop-main":"","thumb-gallery-widget":""},"post_excerpt_stackable":"<p>T\u00edtuloDescri\u00e7\u00e3oData de Publica\u00e7\u00e3oBaixar Aviso de Dispensa Eletr\u00f4nica n\u00ba 01\/2023 O Estado do Piau\u00ed, atrav\u00e9s da Ag\u00eancia de Tecnologia da Informa\u00e7\u00e3o do Estado do Piau\u00ed-ATI-PI, d\u00e1 ci\u00eancia a todos que a Dispensa Eletr\u00f4nica n\u00ba 01\/2023 (UASG: 929895), Processo Administrativo SEI n\u00ba 00117.000076\/2023-22, cujo objeto consiste na Contrata\u00e7\u00e3o de empresa especializada no fornecimento de Gal\u00f5es de \u00e1gua mineral de 20L e vasilhames de 20L, conforme condi\u00e7\u00f5es e exig\u00eancias estabelecidas no presente Termo de Refer\u00eancia e demais documentos em anexo, a fim de garantir a disponibilidade de \u00e1gua pot\u00e1vel ao p\u00fablico interno (servidores docentes, t\u00e9cnicos-administrativos e colaboradores). Valor Estimado: R$ 2.981,50 (dois mil&hellip;<\/p>\n","category_list":"","author_info":{"name":"admin","url":"https:\/\/portal.pi.gov.br\/ati\/author\/admin\/"},"comments_num":"0 coment\u00e1rio","featured_image_urls_v2":{"full":"","thumbnail":"","medium":"","medium_large":"","large":"","sgg-420":"","sgg-540":"","sgg-780":"","1536x1536":"","2048x2048":"","homepage-slider":"","homepage-slider-small":"","page-top":"","page-small":"","loop-main":"","thumb-gallery-widget":""},"post_excerpt_stackable_v2":"<p>T\u00edtuloDescri\u00e7\u00e3oData de Publica\u00e7\u00e3oBaixar Aviso de Dispensa Eletr\u00f4nica n\u00ba 01\/2023 O Estado do Piau\u00ed, atrav\u00e9s da Ag\u00eancia de Tecnologia da Informa\u00e7\u00e3o do Estado do Piau\u00ed-ATI-PI, d\u00e1 ci\u00eancia a todos que a Dispensa Eletr\u00f4nica n\u00ba 01\/2023 (UASG: 929895), Processo Administrativo SEI n\u00ba 00117.000076\/2023-22, cujo objeto consiste na Contrata\u00e7\u00e3o de empresa especializada no fornecimento de Gal\u00f5es de \u00e1gua mineral de 20L e vasilhames de 20L, conforme condi\u00e7\u00f5es e exig\u00eancias estabelecidas no presente Termo de Refer\u00eancia e demais documentos em anexo, a fim de garantir a disponibilidade de \u00e1gua pot\u00e1vel ao p\u00fablico interno (servidores docentes, t\u00e9cnicos-administrativos e colaboradores). Valor Estimado: R$ 2.981,50 (dois mil&hellip;<\/p>\n","category_list_v2":"","author_info_v2":{"name":"admin","url":"https:\/\/portal.pi.gov.br\/ati\/author\/admin\/"},"comments_num_v2":"0 coment\u00e1rio","jetpack_sharing_enabled":true,"_links":{"self":[{"href":"https:\/\/portal.pi.gov.br\/ati\/wp-json\/wp\/v2\/pages\/2681"}],"collection":[{"href":"https:\/\/portal.pi.gov.br\/ati\/wp-json\/wp\/v2\/pages"}],"about":[{"href":"https:\/\/portal.pi.gov.br\/ati\/wp-json\/wp\/v2\/types\/page"}],"author":[{"embeddable":true,"href":"https:\/\/portal.pi.gov.br\/ati\/wp-json\/wp\/v2\/users\/1"}],"replies":[{"embeddable":true,"href":"https:\/\/portal.pi.gov.br\/ati\/wp-json\/wp\/v2\/comments?post=2681"}],"version-history":[{"count":2,"href":"https:\/\/portal.pi.gov.br\/ati\/wp-json\/wp\/v2\/pages\/2681\/revisions"}],"predecessor-version":[{"id":2683,"href":"https:\/\/portal.pi.gov.br\/ati\/wp-json\/wp\/v2\/pages\/2681\/revisions\/2683"}],"wp:attachment":[{"href":"https:\/\/portal.pi.gov.br\/ati\/wp-json\/wp\/v2\/media?parent=2681"}],"curies":[{"name":"wp","href":"https:\/\/api.w.org\/{rel}","templated":true}]}}