{"id":454,"date":"2020-09-07T10:17:34","date_gmt":"2020-09-07T13:17:34","guid":{"rendered":"http:\/\/www2.pi.gov.br\/ati\/?page_id=454"},"modified":"2021-11-12T17:17:54","modified_gmt":"2021-11-12T20:17:54","slug":"certificacao-digital","status":"publish","type":"page","link":"https:\/\/portal.pi.gov.br\/ati\/certificacao-digital\/","title":{"rendered":"Certifica\u00e7\u00e3o Digital"},"content":{"rendered":"\n<h3 class=\"has-text-align-center wp-block-heading\">Passo a Passo para Emiss\u00e3o de Certificado Digital para Entidades Estaduais<\/h3>\n\n\n\n<div id=\"multi-step-form\" class=\"fw-wizard\" data-stepCount=\"5\" data-wizardid=\"1\">\n    <div class=\"fw-wizard-step-header-container\">\n        <div class=\"fw-container\" data-redirect=\"\">\n                <div class=\"fw-wizard-step-header\" data-stepId=\"0\">\n            <h2><\/h2>\n            <p class=\"fw-copytext\"><\/p>\n        <\/div>\n                <div class=\"fw-wizard-step-header\" data-stepId=\"1\">\n            <h2>Token<\/h2>\n            <p class=\"fw-copytext\"><\/p>\n        <\/div>\n                <div class=\"fw-wizard-step-header\" data-stepId=\"2\">\n            <h2>Titularidade<\/h2>\n            <p class=\"fw-copytext\"><\/p>\n        <\/div>\n                <div class=\"fw-wizard-step-header\" data-stepId=\"3\">\n            <h2>Agendamento<\/h2>\n            <p class=\"fw-copytext\">Agendar Atendimento<\/p>\n        <\/div>\n                <div class=\"fw-wizard-step-header\" data-stepId=\"4\">\n            <h2>Emiss\u00e3o Certificado Digital<\/h2>\n            <p class=\"fw-copytext\"><\/p>\n        <\/div>\n                <\/div>\n    <\/div>\n    <div class=\"fw-progress-bar-container \">\n        <div class=\"fw-container\">\n    <div class=\"fw-progress-wrap\">\n    <ul class=\"fw-progress-bar\"\n        data-activecolor=\"#546e7a\"\n        data-donecolor=\"#4caf50\"\n        data-nextcolor=\"#aaa\"\n        data-buttoncolor=\"#546e7a\">\n                <li class=\"fw-progress-step\"\n            data-id=\"0\">\n            <span class=\"fw-progress-bar-bar\"><\/span>\n            <span class=\"fw-txt-ellipsis\" data-title=\"Solicita\u00e7\u00e3o\">Solicita\u00e7\u00e3o<\/span>\n                    <\/li>\n                    <li class=\"fw-progress-step\"\n            data-id=\"1\">\n            <span class=\"fw-progress-bar-bar\"><\/span>\n            <span class=\"fw-txt-ellipsis\" data-title=\"Token\">Token<\/span>\n                    <\/li>\n                    <li class=\"fw-progress-step\"\n            data-id=\"2\">\n            <span class=\"fw-progress-bar-bar\"><\/span>\n            <span class=\"fw-txt-ellipsis\" data-title=\"Titularidade\">Titularidade<\/span>\n                    <\/li>\n                    <li class=\"fw-progress-step\"\n            data-id=\"3\">\n            <span class=\"fw-progress-bar-bar\"><\/span>\n            <span class=\"fw-txt-ellipsis\" data-title=\"Agendamento\">Agendamento<\/span>\n                    <\/li>\n                    <li class=\"fw-progress-step\"\n            data-id=\"4\">\n            <span class=\"fw-progress-bar-bar\"><\/span>\n            <span class=\"fw-txt-ellipsis\" data-title=\"Emiss\u00e3o Certificado Digital\">Emiss\u00e3o Certificado Digital<\/span>\n                    <\/li>\n                <\/ul>\n<\/div>\n        <\/div>\n    <\/div>\n    <div class=\"fw-wizard-step-container\">\n        <div class=\"fw-container\">\n                    <div class=\"fw-wizard-step\" data-stepId=\"0\">\n                <div class=\"fw-step-part \" data-partId=\"0\">\n\t<h2 class=\"fw-step-part-title \">\n\t\t\tFormalizar Solicita\u00e7\u00e3o\t<\/h2>\n\t<div class=\"fw-clearfix\"><\/div>\n\t<div class=\"fw-step-part-body\">\n\t\t\t\t\t\t\t\t\t<div class=\"fw-step-block\" data-blockId=\"1\" data-type=\"fw-paragraph\">\n\t\t\t<div class=\"fw-paragraph-container\">\n\t\t\t\t<p><p>Protocolar Of\u00edcio na ATI, dirigido a Diretoria Geral da ATI-PI, solicitando a emiss\u00e3o do certificado especificando:<\/p>\n<ol>\n  <li><b>Pessoa F\u00edsica<\/b>: nome completo, CPF, telefone de contato, e-mail institucional do titular do certificado e tipo de certificado(A1 ou A3);<\/li>\n  <li><b>Pessoa Jur\u00eddica<\/b>: nome da PJ, CNPJ, nome e CPF do representante legal, telefone de contato e e-mail institucional.<\/li>\n<ol><br>\n\n<p>A Of\u00edcio dever\u00e1 ser enviado para o endere\u00e7o: protocolo@ati.pi.gov.br, com os documentos citados em Anexo.<\/p>\n<br>\n\n<b>Observa\u00e7\u00e3o:<\/b> O solicitante deve informar quais documentos, dentre os facultados de inclus\u00e3o no certificado digital (T\u00edtulo de Eleitor, PIS\/PASEP (NIT), Matr\u00edcula CEI) ser\u00e3o necess\u00e1rios para que o titular possa acessar os sistemas com que deve trabalhar. Os documentos dever\u00e3o ser digitalizados em cores a partir do documento original ou de c\u00f3pia autenticada em cart\u00f3rio.<p>\n<br>\n<a href=\"http:\/\/www2.ati.pi.gov.br\/download\/201501\/ATI06_c6920374c0.pdf\" target=\"_blank\">Solicita\u00e7\u00e3o Certificado Pessoa Jur\u00eddica com Revoga\u00e7\u00e3o do Anterior<\/a><p>\n<br>\n<a href=\"http:\/\/www2.ati.pi.gov.br\/download\/201501\/ATI06_15fee85e53.pdf\" target=\"_blank\">Solicita\u00e7\u00e3o Certificado de Pessoa Jur\u00eddica<\/a><p>\n<br>\n<a href=\"http:\/\/www2.ati.pi.gov.br\/download\/201501\/ATI06_60cea3b00a.pdf\" target=\"_blank\">Solicita\u00e7\u00e3o Certificado de Pessoa F\u00edsica<\/a><p>\n<br>\n<a href=\"http:\/\/www2.ati.pi.gov.br\/download\/201501\/ATI06_9d9f573c0e.pdf\" target=\"_blank\">Solicita\u00e7\u00e3o Certificado eServidor<\/a><p>\n<br>\n<a href=\"http:\/\/www2.ati.pi.gov.br\/download\/201501\/ATI19_ac47652bb6.pdf\" target=\"_blank\">Documenta\u00e7\u00e3o Necess\u00e1ria para Certifica\u00e7\u00e3o de Pessoa Jur\u00eddica<\/a><p>\n<br>\n<a href=\"http:\/\/www2.ati.pi.gov.br\/download\/201501\/ATI19_b958699e26.pdf\" target=\"_blank\">Documenta\u00e7\u00e3o Necess\u00e1ria para Certifica\u00e7\u00e3o de Pessoa F\u00edsica<\/a><p>\n<br>\n<\/p>\n\t\t\t<\/div>\n\t\t\t<div class=\"fw-clearfix\"><\/div>\n\t\t<\/div>\n\t\t\t\t\t\t<\/div>\n<\/div>\n\t\t\t                <div class=\"fw-clearfix\"><\/div>\n            <\/div>\n                        <div class=\"fw-wizard-step\" data-stepId=\"1\">\n                <div class=\"fw-step-part \" data-partId=\"0\">\n\t<h2 class=\"fw-step-part-title \">\n\t\t\tComprar Token\t<\/h2>\n\t<div class=\"fw-clearfix\"><\/div>\n\t<div class=\"fw-step-part-body\">\n\t\t\t\t\t\t\t\t\t<div class=\"fw-step-block\" data-blockId=\"1\" data-type=\"fw-paragraph\">\n\t\t\t<div class=\"fw-paragraph-container\">\n\t\t\t\t<p>Providenciar a compra do token conforme especifica\u00e7\u00f5es descritas abaixo:<\/p>\n\t\t\t<\/div>\n\t\t\t<div class=\"fw-clearfix\"><\/div>\n\t\t<\/div>\n\t\t\t\t\t\t<\/div>\n<\/div>\n\t\t\t                <div class=\"fw-clearfix\"><\/div>\n            <\/div>\n                        <div class=\"fw-wizard-step\" data-stepId=\"2\">\n                <div class=\"fw-step-part \" data-partId=\"0\">\n\t<h2 class=\"fw-step-part-title \">\n\t\t\tPreencher o Termo de Titularidade\t<\/h2>\n\t<div class=\"fw-clearfix\"><\/div>\n\t<div class=\"fw-step-part-body\">\n\t\t\t\t\t\t\t\t\t<div class=\"fw-step-block\" data-blockId=\"1\" data-type=\"fw-paragraph\">\n\t\t\t<div class=\"fw-paragraph-container\">\n\t\t\t\t<p><p>Acessar o <a href=\"https:\/\/certificados.serpro.gov.br\/aratipirfb\" target=\"_blank\">link<\/a> [Menu \u2192 Meu Certificado \u2192 Solicitar] e preencher o Termo de Titularidade.<\/p>\n\n<p><b>Obs.:<\/b> deve ser informado e-mail institucional.<\/p>\n\n<p><b>Aten\u00e7\u00e3o: <\/b> ser\u00e1 solicitada a cria\u00e7\u00e3o de uma senha (chamaremos de senha de relacionamento), ela dever\u00e1 ser guarda para ser utilizada nas seguintes situa\u00e7\u00f5es:<\/p> \n\n<ol>\n  <li>Para retificar o preenchimento da solicita\u00e7\u00e3o do certificado digital (Termo de Titularidade) no site da Autoridade Certificadora;<\/li>\n  <li>No momento de fazer a instala\u00e7\u00e3o do certificado no token ou no computador.<\/li>\n<ol><br>\n\n<p>Para ter acesso a uma demonstra\u00e7\u00e3o do preenchimento do formul\u00e1rio a Autoridade Certificadora disponibiliza  uma ajuda interativa no seguinte link  <a href=\"https:\/\/certificados.serpro.gov.br\/aratipirfb\" target=\"_blank\">link<\/a> na p\u00e1gina de solicita\u00e7\u00e3o [ Menu -&gt; Informa\u00e7\u00f5es -&gt; Ajuda Interativa ] e selecione o tipo de certificado que ir\u00e1 utilizar.<\/p>\n<\/p>\n\t\t\t<\/div>\n\t\t\t<div class=\"fw-clearfix\"><\/div>\n\t\t<\/div>\n\t\t\t\t\t\t<\/div>\n<\/div>\n\t\t\t                <div class=\"fw-clearfix\"><\/div>\n            <\/div>\n                        <div class=\"fw-wizard-step\" data-stepId=\"3\">\n                <div class=\"fw-step-part \" data-partId=\"0\">\n\t<h2 class=\"fw-step-part-title \">\n\t\t\tAgendar Atendimento\t<\/h2>\n\t<div class=\"fw-clearfix\"><\/div>\n\t<div class=\"fw-step-part-body\">\n\t\t\t\t\t\t\t\t\t<div class=\"fw-step-block\" data-blockId=\"1\" data-type=\"fw-paragraph\">\n\t\t\t<div class=\"fw-paragraph-container\">\n\t\t\t\t<p><p>Agendar  o atendimento na ATI atrav\u00e9s do sistema de agendamento clicando <a href=\"http:\/\/sccd.ati.pi.gov.br\/publico\/agendamento.jsf\" target=\"_blank\">aqui<\/a>.<\/p><br>\n\n<p>No sistema de agendamento voc\u00ea dever\u00e1: <\/p>\n<ol>\n  <li>Escolher o dia e hor\u00e1rio desejado;<\/li>\n  <li>Digitar (com pontos, tra\u00e7os e barra ex.: o o o o o . n n n n n n \/ a a a a - d d ) o n\u00famero do processo SEI que foi utilizado para enviar o of\u00edcio solicitando o certificado digital<\/li>\n  <li>Escolher o tipo de atendimento, presencial ou videoconfer\u00eancia<\/li>\n  <li>Selecionar o tipo de certificado solicitado no of\u00edcio constante do processo SEI<\/li>\n  <li>Selecionar se o certificado digital \u00e9 para CPF ou CNPJ do titular do certificado<\/li>\n<\/ol><br>\n\n<p>Logo ap\u00f3s teclar ENTER confirme a informa\u00e7\u00f5es que aparecem na tela e anexe os documentos digitalizados necess\u00e1rios a aprova\u00e7\u00e3o do seu certificado. Logo em seguida clique sobre o bot\u00e3o [Salvar].<\/p>\n<\/p>\n\t\t\t<\/div>\n\t\t\t<div class=\"fw-clearfix\"><\/div>\n\t\t<\/div>\n\t\t\t\t\t\t<\/div>\n<\/div>\n\t\t\t                <div class=\"fw-clearfix\"><\/div>\n            <\/div>\n                        <div class=\"fw-wizard-step\" data-stepId=\"4\">\n                <div class=\"fw-step-part \" data-partId=\"0\">\n\t<h2 class=\"fw-step-part-title \">\n\t\t\tEmiss\u00e3o do Certificado Digital\t<\/h2>\n\t<div class=\"fw-clearfix\"><\/div>\n\t<div class=\"fw-step-part-body\">\n\t\t\t\t\t\t\t\t\t<div class=\"fw-step-block\" data-blockId=\"1\" data-type=\"fw-paragraph\">\n\t\t\t<div class=\"fw-paragraph-container\">\n\t\t\t\t<p><b>Atendimento Presencial<\/b>\n\n<p align=\"left\">Os que optarem por Atendimento Presencial dever\u00e3o comparecer na ATI-PI para aprova\u00e7\u00e3o e emiss\u00e3o do certificado na data do agendamento. Para cada informa\u00e7\u00e3o posta no Termo de Titularidade apresentar os documentos comprobat\u00f3rios digitalizados em cores a partir do original, quer seja pessoa f\u00edsica ou jur\u00eddica.<\/p><br>\n\n<p align=\"left\">Ao final do processo o certificado digital poder\u00e1 ser instalado no token do titular do certificado ou posteriormente utilizando-se de link enviado para o e-mail do titular do certificado digital que foi cadastrado no formul\u00e1rio de solicita\u00e7\u00e3o do certificado digital (que dar\u00e1 origem ao Termo de Titularidade).<\/p><br>\n\n<b>Atendimento por Videoconfer\u00eancia<\/b>\n\n<p align=\"left\">Os que optarem por <b>Atendimento por Videoconfer\u00eancia<\/b> dever\u00e3o:<\/p>\n\n<ol>\n  <li><b>Ter biometria j\u00e1 feita na AR ATI-PI ou pelo menos possuir CNH emitida a partir de 03\/05\/2017;<\/b><\/li>\n  <li>Estar em um ambiente iluminado e silencioso onde seja poss\u00edvel capturar imagem e voz do titular do certificado<\/li>\n  <li>poder\u00e3o ser utilizados computador com c\u00e2mera, smartphone ou tablet com um boa c\u00e2mera e conex\u00e3o com a Internet.<\/li>\n<\/ol><br>\n<p>O titular dever\u00e1 procurar se posicionar a frente de um fundo branco e uniforme a fim de facilitar a captura da imagem. Ter a m\u00e3o o documento de identifica\u00e7\u00e3o que foi digitalizado em cores e enviado no momento do agendamento ou atrav\u00e9s do SEI que dever\u00e1 ser apresentado no momento que for solicitado<\/p><br>\n\n<p>Ao final do processo, ap\u00f3s avalia\u00e7\u00e3o das grava\u00e7\u00f5es de imagem e voz,  o titular do certificado digital aprovado receber\u00e1 um link no e-mail cadastrado no formul\u00e1rio de solicita\u00e7\u00e3o do certificado (que dar\u00e1 origem ao Termo de Titularidade). Atrav\u00e9s deste link poder\u00e1 ser baixado\/instalado o programa Instalador de Certificado - SERPRO que far\u00e1 a instala\u00e7\u00e3o do certificado digital no disco do computador ou no token do Titular do Certificado conforme o tipo de certificado solicitado.<\/p><br>\n\n<p>O programa Instalador de Certificado SERPRO solicitar\u00e1 a senha de relacionamento, criada no final do preenchimento do formul\u00e1rio de solicita\u00e7\u00e3o do certificado digital, e outras informa\u00e7\u00f5es do Titular do Certificado ou do Representante Legal no momento da instala\u00e7\u00e3o do certificado bem como outras informa\u00e7\u00f5es que foram enviadas para o e-mail.<\/p><br>\n\n<p>No caso de Instala\u00e7\u00e3o do certificado digital no token, este dever\u00e1 estar previamente inicializado, com senhas PIN e PUK j\u00e1 de conhecimento do Titular do Certificado, antes da instala\u00e7\u00e3o do certificado digital.<\/p><br>\n\n\n\n\n<p align=\"left\">Veja abaixo o documento de acordo com a sua necessidade (PJ e ou PF):  <\/p><br>\n\n<b>PESSOA JUR\u00cdDICA<\/b>\n<ol>\n  <li>Comprovante de inscri\u00e7\u00e3o do CNPJ emitido no site da <a href=\"http:\/\/www.receita.fazenda.gov.br\/dvssl\/atbhe\/falecon\/comum\/asp\/formulario.asp?topico=26\" target=\"_blank\">Receita Federal do Brasil - RFB<\/a> - 2 (duas) c\u00f3pias<\/li>\n  <li>Lei de cria\u00e7\u00e3o, no caso de \u00f3rg\u00e3os p\u00fablicos, ou contrato social e seus aditivos no caso de entidades privadas \u2013 2 (duas) c\u00f3pias n\u00edtidas \u2013 o original deve ser apresentado caso a c\u00f3pia n\u00e3o seja autenticada em cart\u00f3rio<\/li>\n  <li>Unidades Escolares \u2013 Estatuto do Conselho Escolar, Ata de nomea\u00e7\u00e3o do Diretor, Portaria da SEDUC nomeando o Direto<\/li>\n\n<br>\n\n<b>PESSOA F\u00cdSICA<\/b>\n<ol>\n  <li>Fotos 3x4 do representante legal \u2013 2 (duas) fotos coloridas<\/li>\n  <li>Identidade do representante legal v\u00e1lida em todo o territ\u00f3rio nacional \u2013 2 (duas) c\u00f3pias n\u00edtidas \u2013 o original deve ser apresentado caso a c\u00f3pia n\u00e3o seja autenticada em cart\u00f3rio<\/li>\n  <li>CPF \u2013 comprovante do CPF \u2013 2 (duas) c\u00f3pias n\u00edtidas ou emitidas do site da receita federal ou c\u00f3pias autenticadas em cart\u00f3rio, ou apresentar o original<\/li>\n  <li>N\u00e3o precisa do comprovante de endere\u00e7o do representante legal emitido a no m\u00e1ximo noventa dias \u2013 2 (duas) c\u00f3pias n\u00edtidas \u2013  o original deve ser apresentado caso a c\u00f3pia n\u00e3o seja autenticada em cart\u00f3rio<\/li>\n  <li>Nomea\u00e7\u00e3o publicada no Di\u00e1rio Oficial do Estado do Piau\u00ed no caso de cargo em comiss\u00e3o \u2013 2 (duas) c\u00f3pias obtidas atrav\u00e9s do site   <a href=\"http:\/\/www.diariooficial.pi.gov.br\" target=\"_blank\">Di\u00e1rio Oficial <\/a><\/li>\n<\/ol>\n<br>\n<b>Observa\u00e7\u00f5es:<\/b> \n\n<p>Todos os documentos originais dever\u00e3o ser apresentados para compara\u00e7\u00e3o com a digitaliza\u00e7\u00e3o dos mesmos;<\/p><br>\n\n<p>A Carteira Nacional de Habilita\u00e7\u00e3o \u2013 CNH, j\u00e1 cont\u00e9m foto colorida, RG e CPF, informa\u00e7\u00f5es b\u00e1sicas para a solicita\u00e7\u00e3o e emiss\u00e3o do certificado digital de Pessoa F\u00edsica.<\/p><br>\n\n<p>O solicitante deve informar quais documentos, dentre os facultados de inclus\u00e3o no certificado digital ( T\u00edtulo de Eleitor, PIS\/PASEP (NIT), Matr\u00edcula CEI ) ser\u00e3o necess\u00e1rios para que o titular possa acessar os sistemas com que deve trabalhar. Neste caso dever\u00e1 apresentar o documento original ou c\u00f3pia autenticada em cart\u00f3rio digitalizados em cores no formato .pdf .<\/p>\n\n<\/p>\n\t\t\t<\/div>\n\t\t\t<div class=\"fw-clearfix\"><\/div>\n\t\t<\/div>\n\t\t\t\t\t\t<\/div>\n<\/div>\n\t\t\t                    <button type=\"button\" class=\"fw-btn-submit\">Enviar<\/button>\n                                <div class=\"fw-clearfix\"><\/div>\n            <\/div>\n                    <\/div>\n    <\/div>\n        <div class=\"fw-wizard-button-container\">\n        <div class=\"fw-container\">\n            <div class=\"fw-wizard-buttons\">\n                <button class=\"fw-button-previous\"><i class=\"fa fa-arrow-circle-left\" aria-hidden=\"true\"><\/i> &nbsp;Etapa anterior<\/button>\n                <button class=\"fw-button-next\">Pr\u00f3xima etapa &nbsp;<i class=\"fa fa-arrow-circle-right\" aria-hidden=\"true\"><\/i><\/button>\n            <\/div>\n        <\/div>\n    <\/div>\n        <div class=\"fw-alert-user\" style=\"display:none;\"><\/div>\n<\/div>\n\n","protected":false},"excerpt":{"rendered":"<p>Passo a Passo para Emiss\u00e3o de Certificado Digital para Entidades Estaduais<\/p>\n","protected":false},"author":1,"featured_media":0,"parent":0,"menu_order":0,"comment_status":"closed","ping_status":"closed","template":"template-fullwidth.php","meta":[],"featured_image_urls":{"full":"","thumbnail":"","medium":"","medium_large":"","large":"","sgg-420":"","sgg-540":"","sgg-780":"","1536x1536":"","2048x2048":"","homepage-slider":"","homepage-slider-small":"","page-top":"","page-small":"","loop-main":"","thumb-gallery-widget":""},"post_excerpt_stackable":"<p>Passo a Passo para Emiss\u00e3o de Certificado Digital para Entidades Estaduais Token Titularidade Agendamento Agendar Atendimento Emiss\u00e3o Certificado Digital Solicita\u00e7\u00e3o Token Titularidade Agendamento Emiss\u00e3o Certificado Digital Formalizar Solicita\u00e7\u00e3o Protocolar Of\u00edcio na ATI, dirigido a Diretoria Geral da ATI-PI, solicitando a emiss\u00e3o do certificado especificando: Pessoa F\u00edsica: nome completo, CPF, telefone de contato, e-mail institucional do titular do certificado e tipo de certificado(A1 ou A3); Pessoa Jur\u00eddica: nome da PJ, CNPJ, nome e CPF do representante legal, telefone de contato e e-mail institucional. A Of\u00edcio dever\u00e1 ser enviado para o endere\u00e7o: protocolo@ati.pi.gov.br, com os documentos citados em Anexo. Observa\u00e7\u00e3o: O solicitante&hellip;<\/p>\n","category_list":"","author_info":{"name":"admin","url":"https:\/\/portal.pi.gov.br\/ati\/author\/admin\/"},"comments_num":"0 coment\u00e1rio","featured_image_urls_v2":{"full":"","thumbnail":"","medium":"","medium_large":"","large":"","sgg-420":"","sgg-540":"","sgg-780":"","1536x1536":"","2048x2048":"","homepage-slider":"","homepage-slider-small":"","page-top":"","page-small":"","loop-main":"","thumb-gallery-widget":""},"post_excerpt_stackable_v2":"<p>Passo a Passo para Emiss\u00e3o de Certificado Digital para Entidades Estaduais Token Titularidade Agendamento Agendar Atendimento Emiss\u00e3o Certificado Digital Solicita\u00e7\u00e3o Token Titularidade Agendamento Emiss\u00e3o Certificado Digital Formalizar Solicita\u00e7\u00e3o Protocolar Of\u00edcio na ATI, dirigido a Diretoria Geral da ATI-PI, solicitando a emiss\u00e3o do certificado especificando: Pessoa F\u00edsica: nome completo, CPF, telefone de contato, e-mail institucional do titular do certificado e tipo de certificado(A1 ou A3); Pessoa Jur\u00eddica: nome da PJ, CNPJ, nome e CPF do representante legal, telefone de contato e e-mail institucional. A Of\u00edcio dever\u00e1 ser enviado para o endere\u00e7o: protocolo@ati.pi.gov.br, com os documentos citados em Anexo. Observa\u00e7\u00e3o: O solicitante&hellip;<\/p>\n","category_list_v2":"","author_info_v2":{"name":"admin","url":"https:\/\/portal.pi.gov.br\/ati\/author\/admin\/"},"comments_num_v2":"0 coment\u00e1rio","jetpack_sharing_enabled":true,"_links":{"self":[{"href":"https:\/\/portal.pi.gov.br\/ati\/wp-json\/wp\/v2\/pages\/454"}],"collection":[{"href":"https:\/\/portal.pi.gov.br\/ati\/wp-json\/wp\/v2\/pages"}],"about":[{"href":"https:\/\/portal.pi.gov.br\/ati\/wp-json\/wp\/v2\/types\/page"}],"author":[{"embeddable":true,"href":"https:\/\/portal.pi.gov.br\/ati\/wp-json\/wp\/v2\/users\/1"}],"replies":[{"embeddable":true,"href":"https:\/\/portal.pi.gov.br\/ati\/wp-json\/wp\/v2\/comments?post=454"}],"version-history":[{"count":5,"href":"https:\/\/portal.pi.gov.br\/ati\/wp-json\/wp\/v2\/pages\/454\/revisions"}],"predecessor-version":[{"id":1341,"href":"https:\/\/portal.pi.gov.br\/ati\/wp-json\/wp\/v2\/pages\/454\/revisions\/1341"}],"wp:attachment":[{"href":"https:\/\/portal.pi.gov.br\/ati\/wp-json\/wp\/v2\/media?parent=454"}],"curies":[{"name":"wp","href":"https:\/\/api.w.org\/{rel}","templated":true}]}}