{"id":72,"date":"2020-08-21T16:27:40","date_gmt":"2020-08-21T19:27:40","guid":{"rendered":"http:\/\/www2.pi.gov.br\/ati\/?page_id=72"},"modified":"2023-03-09T12:17:12","modified_gmt":"2023-03-09T15:17:12","slug":"apresentacao-2","status":"publish","type":"page","link":"https:\/\/portal.pi.gov.br\/ati\/apresentacao-2\/","title":{"rendered":"Apresenta\u00e7\u00e3o"},"content":{"rendered":"\n<div class=\"wp-block-group is-layout-flow\"><div class=\"wp-block-group__inner-container\">\n<div class=\"wp-block-group is-layout-flow\"><div class=\"wp-block-group__inner-container\">\n[Best_Wordpress_Gallery id=&#8221;2&#8243; gal_title=&#8221;Diretoria&#8221;]\n\n\n<div class=\"wp-block-image\">\n<figure class=\"alignleft size-full\"><img decoding=\"async\" loading=\"lazy\" width=\"200\" height=\"200\" src=\"https:\/\/portal.pi.gov.br\/ati\/wp-content\/uploads\/sites\/2\/2021\/11\/img1.png\" alt=\"\" class=\"wp-image-1312\" srcset=\"https:\/\/portal.pi.gov.br\/ati\/wp-content\/uploads\/sites\/2\/2021\/11\/img1.png 200w, https:\/\/portal.pi.gov.br\/ati\/wp-content\/uploads\/sites\/2\/2021\/11\/img1-150x150.png 150w\" sizes=\"(max-width: 200px) 100vw, 200px\" \/><\/figure><\/div><\/div><\/div>\n<\/div><\/div>\n\n\n\n<p>A Ag\u00eancia de Tecnologia da Informa\u00e7\u00e3o do Estado do Piau\u00ed, representada tamb\u00e9m pela Sigla ATI, criada pela Lei n\u00ba 5.643, de 12 de abril de 2007, \u00e9 uma autarquia, pessoa jur\u00eddica de direito p\u00fablico, vinculada \u00e0 Secret\u00e1ria da Administra\u00e7\u00e3o.<br><br>Foi criada com o prop\u00f3sito principal de elaborar, coordenar e executar a Pol\u00edtica de Inform\u00e1tica e de Tecnologia da Informa\u00e7\u00e3o para o Estado do Piau\u00ed.<br><br>A ATI gera solu\u00e7\u00f5es em inform\u00e1tica visando qualificar os servi\u00e7os do Estado do Piau\u00ed. A ATI trata-se de entidade p\u00fablica designada oficialmente para administrar, manter e operar a infraestrutura de comunica\u00e7\u00f5es, representada pela Rede Governo.<\/p>\n\n\n\n<div class=\"wp-block-group is-layout-flow\"><div class=\"wp-block-group__inner-container\">\n<p class=\"has-text-align-left has-small-font-size\"><strong>SEDE<\/strong><\/p>\n<\/div><\/div>\n\n\n\n<div class=\"wp-block-group is-layout-flow\"><div class=\"wp-block-group__inner-container\">\n<p class=\"has-text-align-left has-small-font-size\">Av. Pedro Freitas, 1900 &#8211; Centro Administrativo &#8211; Bairro S\u00e3o Pedro<br>Teresina-PI &#8211; CEP: 64018-900CNPJ: 08.839.135\/0001-57<\/p>\n<\/div><\/div>\n\n\n\n<div class=\"wp-block-group is-layout-flow\"><div class=\"wp-block-group__inner-container\">\n<p class=\"has-text-align-left has-small-font-size\"><strong>DATACENTER<\/strong><\/p>\n\n\n\n<div class=\"wp-block-group is-layout-flow\"><div class=\"wp-block-group__inner-container\">\n<p class=\"has-text-align-left has-small-font-size\">Endere\u00e7o: Rua 19 de novembro, 123 Sul &#8211; Centro &#8211; 64001-470<br><\/p>\n<\/div><\/div>\n<\/div><\/div>\n","protected":false},"excerpt":{"rendered":"<p>A Ag\u00eancia de Tecnologia da Informa\u00e7\u00e3o do Estado do Piau\u00ed, representada tamb\u00e9m pela Sigla ATI, criada pela Lei n\u00ba 5.643, de 12 de abril de 2007, \u00e9 uma autarquia, pessoa [&hellip;]<\/p>\n","protected":false},"author":1,"featured_media":0,"parent":0,"menu_order":0,"comment_status":"closed","ping_status":"closed","template":"template-fullwidth.php","meta":[],"featured_image_urls":{"full":"","thumbnail":"","medium":"","medium_large":"","large":"","sgg-420":"","sgg-540":"","sgg-780":"","1536x1536":"","2048x2048":"","homepage-slider":"","homepage-slider-small":"","page-top":"","page-small":"","loop-main":"","thumb-gallery-widget":""},"post_excerpt_stackable":"<p>[Best_Wordpress_Gallery id=&#8221;2&#8243; gal_title=&#8221;Diretoria&#8221;] A Ag\u00eancia de Tecnologia da Informa\u00e7\u00e3o do Estado do Piau\u00ed, representada tamb\u00e9m pela Sigla ATI, criada pela Lei n\u00ba 5.643, de 12 de abril de 2007, \u00e9 uma autarquia, pessoa jur\u00eddica de direito p\u00fablico, vinculada \u00e0 Secret\u00e1ria da Administra\u00e7\u00e3o.Foi criada com o prop\u00f3sito principal de elaborar, coordenar e executar a Pol\u00edtica de Inform\u00e1tica e de Tecnologia da Informa\u00e7\u00e3o para o Estado do Piau\u00ed.A ATI gera solu\u00e7\u00f5es em inform\u00e1tica visando qualificar os servi\u00e7os do Estado do Piau\u00ed. A ATI trata-se de entidade p\u00fablica designada oficialmente para administrar, manter e operar a infraestrutura de comunica\u00e7\u00f5es, representada pela Rede Governo.&hellip;<\/p>\n","category_list":"","author_info":{"name":"admin","url":"https:\/\/portal.pi.gov.br\/ati\/author\/admin\/"},"comments_num":"0 coment\u00e1rio","featured_image_urls_v2":{"full":"","thumbnail":"","medium":"","medium_large":"","large":"","sgg-420":"","sgg-540":"","sgg-780":"","1536x1536":"","2048x2048":"","homepage-slider":"","homepage-slider-small":"","page-top":"","page-small":"","loop-main":"","thumb-gallery-widget":""},"post_excerpt_stackable_v2":"<p>[Best_Wordpress_Gallery id=&#8221;2&#8243; gal_title=&#8221;Diretoria&#8221;] A Ag\u00eancia de Tecnologia da Informa\u00e7\u00e3o do Estado do Piau\u00ed, representada tamb\u00e9m pela Sigla ATI, criada pela Lei n\u00ba 5.643, de 12 de abril de 2007, \u00e9 uma autarquia, pessoa jur\u00eddica de direito p\u00fablico, vinculada \u00e0 Secret\u00e1ria da Administra\u00e7\u00e3o.Foi criada com o prop\u00f3sito principal de elaborar, coordenar e executar a Pol\u00edtica de Inform\u00e1tica e de Tecnologia da Informa\u00e7\u00e3o para o Estado do Piau\u00ed.A ATI gera solu\u00e7\u00f5es em inform\u00e1tica visando qualificar os servi\u00e7os do Estado do Piau\u00ed. A ATI trata-se de entidade p\u00fablica designada oficialmente para administrar, manter e operar a infraestrutura de comunica\u00e7\u00f5es, representada pela Rede Governo.&hellip;<\/p>\n","category_list_v2":"","author_info_v2":{"name":"admin","url":"https:\/\/portal.pi.gov.br\/ati\/author\/admin\/"},"comments_num_v2":"0 coment\u00e1rio","jetpack_sharing_enabled":true,"_links":{"self":[{"href":"https:\/\/portal.pi.gov.br\/ati\/wp-json\/wp\/v2\/pages\/72"}],"collection":[{"href":"https:\/\/portal.pi.gov.br\/ati\/wp-json\/wp\/v2\/pages"}],"about":[{"href":"https:\/\/portal.pi.gov.br\/ati\/wp-json\/wp\/v2\/types\/page"}],"author":[{"embeddable":true,"href":"https:\/\/portal.pi.gov.br\/ati\/wp-json\/wp\/v2\/users\/1"}],"replies":[{"embeddable":true,"href":"https:\/\/portal.pi.gov.br\/ati\/wp-json\/wp\/v2\/comments?post=72"}],"version-history":[{"count":23,"href":"https:\/\/portal.pi.gov.br\/ati\/wp-json\/wp\/v2\/pages\/72\/revisions"}],"predecessor-version":[{"id":3048,"href":"https:\/\/portal.pi.gov.br\/ati\/wp-json\/wp\/v2\/pages\/72\/revisions\/3048"}],"wp:attachment":[{"href":"https:\/\/portal.pi.gov.br\/ati\/wp-json\/wp\/v2\/media?parent=72"}],"curies":[{"name":"wp","href":"https:\/\/api.w.org\/{rel}","templated":true}]}}