{"id":793,"date":"2021-09-28T05:23:43","date_gmt":"2021-09-28T08:23:43","guid":{"rendered":"http:\/\/portal.pi.gov.br\/ati\/?page_id=793"},"modified":"2021-11-12T04:03:02","modified_gmt":"2021-11-12T07:03:02","slug":"servico-de-informacao-ao-cidadao-sic","status":"publish","type":"page","link":"https:\/\/portal.pi.gov.br\/ati\/servico-de-informacao-ao-cidadao-sic\/","title":{"rendered":"Servi\u00e7o de Informa\u00e7\u00e3o ao Cidad\u00e3o &#8211; SIC"},"content":{"rendered":"\n<div class=\"wp-block-image\"><figure class=\"aligncenter size-full is-resized\"><a href=\"https:\/\/acessoainformacao.pi.gov.br\/sigep\/\" target=\"_blank\" rel=\"noopener\"><img decoding=\"async\" loading=\"lazy\" src=\"http:\/\/portal.pi.gov.br\/ati\/wp-content\/uploads\/sites\/2\/2021\/10\/logo-e-sic.png\" alt=\"\" class=\"wp-image-1162\" width=\"215\" height=\"83\" srcset=\"https:\/\/portal.pi.gov.br\/ati\/wp-content\/uploads\/sites\/2\/2021\/10\/logo-e-sic.png 340w, https:\/\/portal.pi.gov.br\/ati\/wp-content\/uploads\/sites\/2\/2021\/10\/logo-e-sic-300x116.png 300w\" sizes=\"(max-width: 215px) 100vw, 215px\" \/><\/a><\/figure><\/div>\n\n\n\n<p>O Servi\u00e7o de Informa\u00e7\u00e3o ao Cidad\u00e3o &#8211; SIC do Instituto Nacional de Tecnologia da Informa\u00e7\u00e3o &#8211; ITI \u00e9 o setor respons\u00e1vel por receber e responder os pedidos de informa\u00e7\u00f5es p\u00fablicas feitos com base na\u00a0<a rel=\"noreferrer noopener\" href=\"http:\/\/www.planalto.gov.br\/ccivil_03\/_ato2011-2014\/2011\/lei\/l12527.htm\" target=\"_blank\">Lei 12.527<\/a>\u00a0de Acesso a Informa\u00e7\u00e3o, dispon\u00edvel ao p\u00fablico desde 15 de maio de 2012.<\/p>\n\n\n\n<p><strong>Servidores respons\u00e1veis pelo SIC<br><\/strong>Cynara Rocha de Abrantes<\/p>\n\n\n\n<p><strong>Servi\u00e7o de Informa\u00e7\u00e3o ao Cidad\u00e3o &#8211; SIC<br>Endere\u00e7o:<\/strong>\u00a0Av. Pedro Freitas, 1900 \u2013 Centro Administrativo Bairro S\u00e3o Pedro Teresina-PI \u2013 CEP: 64.018-900<br><strong>Email: <\/strong><a href=\"mailto:sic_iti@iti.gov.br\">cynara@ati.pi.gov.br<br><\/a><strong>Hor\u00e1rio de funcionamento:<\/strong>\u00a0das 08:00h \u00e0s 13:30h, de segunda a sexta-feira<\/p>\n\n\n\n<p>Os pedidos podem ser feitos online pelo\u00a0<a href=\"https:\/\/acessoainformacao.pi.gov.br\/sigep\/\" target=\"_blank\" rel=\"noreferrer noopener\">Sistema Eletr\u00f4nico do Servi\u00e7o de Informa\u00e7\u00f5es ao Cidad\u00e3o &#8211; e-SIC<\/a>, ou pessoalmente, por meio dos formul\u00e1rios de pedido de acesso \u00e0 informa\u00e7\u00e3o, recursos, reclama\u00e7\u00e3o e pedido de desclassifica\u00e7\u00e3o ou reavalia\u00e7\u00e3o e recursos.<\/p>\n","protected":false},"excerpt":{"rendered":"<p>O Servi\u00e7o de Informa\u00e7\u00e3o ao Cidad\u00e3o &#8211; SIC do Instituto Nacional de Tecnologia da Informa\u00e7\u00e3o &#8211; ITI \u00e9 o setor respons\u00e1vel por receber e responder os pedidos de informa\u00e7\u00f5es p\u00fablicas [&hellip;]<\/p>\n","protected":false},"author":1,"featured_media":0,"parent":0,"menu_order":0,"comment_status":"closed","ping_status":"closed","template":"template-fullwidth.php","meta":[],"featured_image_urls":{"full":"","thumbnail":"","medium":"","medium_large":"","large":"","sgg-420":"","sgg-540":"","sgg-780":"","1536x1536":"","2048x2048":"","homepage-slider":"","homepage-slider-small":"","page-top":"","page-small":"","loop-main":"","thumb-gallery-widget":""},"post_excerpt_stackable":"<p>O Servi\u00e7o de Informa\u00e7\u00e3o ao Cidad\u00e3o &#8211; SIC do Instituto Nacional de Tecnologia da Informa\u00e7\u00e3o &#8211; ITI \u00e9 o setor respons\u00e1vel por receber e responder os pedidos de informa\u00e7\u00f5es p\u00fablicas feitos com base na\u00a0Lei 12.527\u00a0de Acesso a Informa\u00e7\u00e3o, dispon\u00edvel ao p\u00fablico desde 15 de maio de 2012. Servidores respons\u00e1veis pelo SICCynara Rocha de Abrantes Servi\u00e7o de Informa\u00e7\u00e3o ao Cidad\u00e3o &#8211; SICEndere\u00e7o:\u00a0Av. Pedro Freitas, 1900 \u2013 Centro Administrativo Bairro S\u00e3o Pedro Teresina-PI \u2013 CEP: 64.018-900Email: cynara@ati.pi.gov.brHor\u00e1rio de funcionamento:\u00a0das 08:00h \u00e0s 13:30h, de segunda a sexta-feira Os pedidos podem ser feitos online pelo\u00a0Sistema Eletr\u00f4nico do Servi\u00e7o de Informa\u00e7\u00f5es ao Cidad\u00e3o &#8211; e-SIC,&hellip;<\/p>\n","category_list":"","author_info":{"name":"admin","url":"https:\/\/portal.pi.gov.br\/ati\/author\/admin\/"},"comments_num":"0 coment\u00e1rio","featured_image_urls_v2":{"full":"","thumbnail":"","medium":"","medium_large":"","large":"","sgg-420":"","sgg-540":"","sgg-780":"","1536x1536":"","2048x2048":"","homepage-slider":"","homepage-slider-small":"","page-top":"","page-small":"","loop-main":"","thumb-gallery-widget":""},"post_excerpt_stackable_v2":"<p>O Servi\u00e7o de Informa\u00e7\u00e3o ao Cidad\u00e3o &#8211; SIC do Instituto Nacional de Tecnologia da Informa\u00e7\u00e3o &#8211; ITI \u00e9 o setor respons\u00e1vel por receber e responder os pedidos de informa\u00e7\u00f5es p\u00fablicas feitos com base na\u00a0Lei 12.527\u00a0de Acesso a Informa\u00e7\u00e3o, dispon\u00edvel ao p\u00fablico desde 15 de maio de 2012. Servidores respons\u00e1veis pelo SICCynara Rocha de Abrantes Servi\u00e7o de Informa\u00e7\u00e3o ao Cidad\u00e3o &#8211; SICEndere\u00e7o:\u00a0Av. Pedro Freitas, 1900 \u2013 Centro Administrativo Bairro S\u00e3o Pedro Teresina-PI \u2013 CEP: 64.018-900Email: cynara@ati.pi.gov.brHor\u00e1rio de funcionamento:\u00a0das 08:00h \u00e0s 13:30h, de segunda a sexta-feira Os pedidos podem ser feitos online pelo\u00a0Sistema Eletr\u00f4nico do Servi\u00e7o de Informa\u00e7\u00f5es ao Cidad\u00e3o &#8211; e-SIC,&hellip;<\/p>\n","category_list_v2":"","author_info_v2":{"name":"admin","url":"https:\/\/portal.pi.gov.br\/ati\/author\/admin\/"},"comments_num_v2":"0 coment\u00e1rio","jetpack_sharing_enabled":true,"_links":{"self":[{"href":"https:\/\/portal.pi.gov.br\/ati\/wp-json\/wp\/v2\/pages\/793"}],"collection":[{"href":"https:\/\/portal.pi.gov.br\/ati\/wp-json\/wp\/v2\/pages"}],"about":[{"href":"https:\/\/portal.pi.gov.br\/ati\/wp-json\/wp\/v2\/types\/page"}],"author":[{"embeddable":true,"href":"https:\/\/portal.pi.gov.br\/ati\/wp-json\/wp\/v2\/users\/1"}],"replies":[{"embeddable":true,"href":"https:\/\/portal.pi.gov.br\/ati\/wp-json\/wp\/v2\/comments?post=793"}],"version-history":[{"count":6,"href":"https:\/\/portal.pi.gov.br\/ati\/wp-json\/wp\/v2\/pages\/793\/revisions"}],"predecessor-version":[{"id":1165,"href":"https:\/\/portal.pi.gov.br\/ati\/wp-json\/wp\/v2\/pages\/793\/revisions\/1165"}],"wp:attachment":[{"href":"https:\/\/portal.pi.gov.br\/ati\/wp-json\/wp\/v2\/media?parent=793"}],"curies":[{"name":"wp","href":"https:\/\/api.w.org\/{rel}","templated":true}]}}