{"id":801,"date":"2021-09-30T21:21:37","date_gmt":"2021-10-01T00:21:37","guid":{"rendered":"http:\/\/portal.pi.gov.br\/ati\/wp-file-download-search\/"},"modified":"2021-11-12T04:02:05","modified_gmt":"2021-11-12T07:02:05","slug":"downloads-leis-estaduais","status":"publish","type":"page","link":"https:\/\/portal.pi.gov.br\/ati\/downloads-leis-estaduais\/","title":{"rendered":"Downloads Leis Estaduais"},"content":{"rendered":"<script type=\"text\/x-handlebars-template\"        id=\"wpfd-template-table-categories-20\">    <div class=\"wpfd-categories\">{{#if category}}{{#with category}}{{#if parent}}<a class=\"catlink backcategory\" href=\"#\" data-idcat=\"{{parent}}\">                        <i class=\"zmdi zmdi-chevron-left\"><\/i><span>Voltar<\/span><\/a>{{\/if}}{{\/with}}{{\/if}}<\/div><\/script><script type=\"text\/x-handlebars-template\" id=\"wpfd-template-table-20\">    {{#if files}}    {{#each files}}    <tr class=\"file\" data-id=\"{{ID}}\" data-catid=\"{{catid}}\">    <td class=\"file_title\"><a class=\"wpfd_downloadlink\" href=\"{{linkdownload}}\" title=\"{{post_title}}\"><span class=\"extcol\">{{#if file_custom_icon}}<span class=\"icon-custom\"><img src=\"{{file_custom_icon}}\"><\/span>{{else}}<span class=\"ext ext-{{ext}} wpfd-icon-set-png\"><\/span>{{\/if}}<\/span>{{{crop_title}}}<\/a><\/td><td class=\"file_desc\">{{{description}}}<\/td><td class=\"file_created\">{{created}}<\/td>                    <td class=\"col-download\">                <a class=\"downloadlink wpfd_downloadlink\"  href=\"{{linkdownload}}\" style=\"background-color:#1b3058;color:#ffffff;\">Baixar<i class=\"zmdi zmdi-cloud-download wpfd-download\"><\/i><\/a>{{#if openpdflink}}<a class=\"openlink wpfdlightbox wpfd_previewlink\" href=\"{{openpdflink}}\" target=\"\">Visualizar                            <i class=\"zmdi zmdi-filter-center-focus wpfd-preview\"><\/i>                        <\/a>{{else}}{{#if viewerlink}}<a                            href=\"{{viewerlink}}\"                            class=\"openlink wpfdlightbox wpfd_previewlink\"                            target=\"\"                            data-id=\"{{ID}}\"                            data-catid=\"{{catid}}\"                            data-file-type=\"{{ext}}\">Visualizar<i class=\"zmdi zmdi-filter-center-focus wpfd-preview\"><\/i>                        <\/a>{{\/if}}{{\/if}}            <\/td>            <\/tr>    {{\/each}}    {{\/if}}<\/script><div class=\"wpfd-content wpfd-content-table wpfd-content-multi colstyle\" data-category=\"20\"><input type=\"hidden\" id=\"current_category_20\" value=\"20\" \/>                    <input type=\"hidden\" id=\"current_category_slug_20\" value=\"leis-estaduais\" \/>                    <input type=\"hidden\" id=\"current_ordering_20\" value=\"created_time\" \/>                    <input type=\"hidden\" id=\"current_ordering_direction_20\" value=\"desc\" \/><div class=\"wpfd-container\">        <div class=\"wpfd-open-tree\"><\/div>    <div class=\"wpfd-container-table \">        <div class=\"wpfd-categories\"><\/div>        <table class=\"wpfd-table wpfd-table-bordered wpfd-table-striped mediaTable\">            <thead>            <tr>                <th class=\"essential persist file_title\">T\u00edtulo<\/th><th class=\"optional file_desc\">Descri\u00e7\u00e3o<\/th><th class=\"optional file_created\">Data de Publica\u00e7\u00e3o<\/th><th class=\"essential file_download\">Baixar<\/th>            <\/tr>            <\/thead>            <tbody>                            <tr class=\"file\" data-id=\"1196\"                    data-catid=\"20\">                    <td class=\"file_title\"><a class=\"wpfd_downloadlink\" href=\"https:\/\/portal.pi.gov.br\/ati\/download\/20\/leis-estaduais\/1196\/decreto-no-14-631\" title=\"Decreto n\u00ba 14.631\"><span class=\"extcol\">                                <span class=\"ext ext-pdf wpfd-icon-set-png\"><\/span>                                Decreto n\u00ba 14.631                            <\/span><\/a><\/td><td class=\"file_desc\">Disciplina o processo de aquisi\u00e7\u00e3o e loca\u00e7\u00e3o de bens e servi\u00e7os de inform\u00e1tica, no \u00c2mbito da Administra\u00e7\u00e3o P\u00fablica Estadual, e d\u00e1 outras provid\u00eancias<\/td><td class=\"file_created\">08-11-2011<\/td>                                            <td class=\"col-download\">                            <a class=\"downloadlink wpfd_downloadlink\"  href=\"https:\/\/portal.pi.gov.br\/ati\/download\/20\/leis-estaduais\/1196\/decreto-no-14-631\" style=\"background-color:#1b3058;color:#ffffff;\">Baixar<i class=\"zmdi zmdi-cloud-download wpfd-download\"><\/i><\/a><a                            href=\"https:\/\/docs.google.com\/viewer?url=https%3A%2F%2Fportal.pi.gov.br%2Fati%2Fwp-admin%2Fadmin-ajax.php%3Fjuwpfisadmin%3Dfalse%26action%3Dwpfd%26task%3Dfile.download%26wpfd_category_id%3D20%26wpfd_file_id%3D1196%26token%3D%26preview%3D1&#038;embedded=true\"                            class=\"openlink wpfdlightbox wpfd_previewlink\"                            target=\"\"                            data-id=\"1196\"                            data-catid=\"20\"                            data-file-type=\"pdf\">Visualizar<i class=\"zmdi zmdi-filter-center-focus wpfd-preview\"><\/i>                        <\/a>                        <\/td>                                    <\/tr>                            <tr class=\"file\" data-id=\"805\"                    data-catid=\"20\">                    <td class=\"file_title\"><a class=\"wpfd_downloadlink\" href=\"https:\/\/portal.pi.gov.br\/ati\/download\/20\/leis-estaduais\/805\/lei-ordinaria-no-5-706\" title=\"Lei Ordin\u00e1ria N\u00ba 5.706\"><span class=\"extcol\">                                <span class=\"ext ext-pdf wpfd-icon-set-png\"><\/span>                                Lei Ordin\u00e1ria N\u00ba 5.706                            <\/span><\/a><\/td><td class=\"file_desc\">Institui o Fundo do Inform\u00e1tica do Piau\u00ed - FIPI e d\u00e1 outras provid\u00eancias.<\/td><td class=\"file_created\">18-12-2007<\/td>                                            <td class=\"col-download\">                            <a class=\"downloadlink wpfd_downloadlink\"  href=\"https:\/\/portal.pi.gov.br\/ati\/download\/20\/leis-estaduais\/805\/lei-ordinaria-no-5-706\" style=\"background-color:#1b3058;color:#ffffff;\">Baixar<i class=\"zmdi zmdi-cloud-download wpfd-download\"><\/i><\/a><a                            href=\"https:\/\/docs.google.com\/viewer?url=https%3A%2F%2Fportal.pi.gov.br%2Fati%2Fwp-admin%2Fadmin-ajax.php%3Fjuwpfisadmin%3Dfalse%26action%3Dwpfd%26task%3Dfile.download%26wpfd_category_id%3D20%26wpfd_file_id%3D805%26token%3D%26preview%3D1&#038;embedded=true\"                            class=\"openlink wpfdlightbox wpfd_previewlink\"                            target=\"\"                            data-id=\"805\"                            data-catid=\"20\"                            data-file-type=\"pdf\">Visualizar<i class=\"zmdi zmdi-filter-center-focus wpfd-preview\"><\/i>                        <\/a>                        <\/td>                                    <\/tr>                            <tr class=\"file\" data-id=\"806\"                    data-catid=\"20\">                    <td class=\"file_title\"><a class=\"wpfd_downloadlink\" href=\"https:\/\/portal.pi.gov.br\/ati\/download\/20\/leis-estaduais\/806\/lei-no-5-643\" title=\"Lei N\u00ba 5.643\"><span class=\"extcol\">                                <span class=\"ext ext-pdf wpfd-icon-set-png\"><\/span>                                Lei N\u00ba 5.643                            <\/span><\/a><\/td><td class=\"file_desc\">Disp\u00f5e sobre a cria\u00e7\u00e3o da Ag\u00eancia de Tecnologia da Informa\u00e7\u00e3o do Estado do Piau\u00ed - ATI e d\u00e1 outras provid\u00eancias.<\/td><td class=\"file_created\">12-04-2007<\/td>                                            <td class=\"col-download\">                            <a class=\"downloadlink wpfd_downloadlink\"  href=\"https:\/\/portal.pi.gov.br\/ati\/download\/20\/leis-estaduais\/806\/lei-no-5-643\" style=\"background-color:#1b3058;color:#ffffff;\">Baixar<i class=\"zmdi zmdi-cloud-download wpfd-download\"><\/i><\/a>                        <\/td>                                    <\/tr>                            <tr class=\"file\" data-id=\"1195\"                    data-catid=\"20\">                    <td class=\"file_title\"><a class=\"wpfd_downloadlink\" href=\"https:\/\/portal.pi.gov.br\/ati\/download\/20\/leis-estaduais\/1195\/resolucao-no-06\" title=\"Resolu\u00e7\u00e3o n\u00ba 06\"><span class=\"extcol\">                                <span class=\"ext ext-pdf wpfd-icon-set-png\"><\/span>                                Resolu\u00e7\u00e3o n\u00ba 06                            <\/span><\/a><\/td><td class=\"file_desc\">Aprova o Regimento Interno do Conselho Estadual de Inform\u00e1tica do Estado do Piau\u00ed - CONEI\/PI<\/td><td class=\"file_created\">09-10-2003<\/td>                                            <td class=\"col-download\">                            <a class=\"downloadlink wpfd_downloadlink\"  href=\"https:\/\/portal.pi.gov.br\/ati\/download\/20\/leis-estaduais\/1195\/resolucao-no-06\" style=\"background-color:#1b3058;color:#ffffff;\">Baixar<i class=\"zmdi zmdi-cloud-download wpfd-download\"><\/i><\/a><a                            href=\"https:\/\/docs.google.com\/viewer?url=https%3A%2F%2Fportal.pi.gov.br%2Fati%2Fwp-admin%2Fadmin-ajax.php%3Fjuwpfisadmin%3Dfalse%26action%3Dwpfd%26task%3Dfile.download%26wpfd_category_id%3D20%26wpfd_file_id%3D1195%26token%3D%26preview%3D1&#038;embedded=true\"                            class=\"openlink wpfdlightbox wpfd_previewlink\"                            target=\"\"                            data-id=\"1195\"                            data-catid=\"20\"                            data-file-type=\"pdf\">Visualizar<i class=\"zmdi zmdi-filter-center-focus wpfd-preview\"><\/i>                        <\/a>                        <\/td>                                    <\/tr>                            <tr class=\"file\" data-id=\"1194\"                    data-catid=\"20\">                    <td class=\"file_title\"><a class=\"wpfd_downloadlink\" href=\"https:\/\/portal.pi.gov.br\/ati\/download\/20\/leis-estaduais\/1194\/resolucao-no-05\" title=\"Resolu\u00e7\u00e3o n\u00ba 05\"><span class=\"extcol\">                                <span class=\"ext ext-pdf wpfd-icon-set-png\"><\/span>                                Resolu\u00e7\u00e3o n\u00ba 05                            <\/span><\/a><\/td><td class=\"file_desc\">Institui a Rede Estadual de Comunica\u00e7\u00e3o de Dados do Estado do Piau\u00ed<\/td><td class=\"file_created\">09-10-2003<\/td>                                            <td class=\"col-download\">                            <a class=\"downloadlink wpfd_downloadlink\"  href=\"https:\/\/portal.pi.gov.br\/ati\/download\/20\/leis-estaduais\/1194\/resolucao-no-05\" style=\"background-color:#1b3058;color:#ffffff;\">Baixar<i class=\"zmdi zmdi-cloud-download wpfd-download\"><\/i><\/a><a                            href=\"https:\/\/docs.google.com\/viewer?url=https%3A%2F%2Fportal.pi.gov.br%2Fati%2Fwp-admin%2Fadmin-ajax.php%3Fjuwpfisadmin%3Dfalse%26action%3Dwpfd%26task%3Dfile.download%26wpfd_category_id%3D20%26wpfd_file_id%3D1194%26token%3D%26preview%3D1&#038;embedded=true\"                            class=\"openlink wpfdlightbox wpfd_previewlink\"                            target=\"\"                            data-id=\"1194\"                            data-catid=\"20\"                            data-file-type=\"pdf\">Visualizar<i class=\"zmdi zmdi-filter-center-focus wpfd-preview\"><\/i>                        <\/a>                        <\/td>                                    <\/tr>                            <tr class=\"file\" data-id=\"1193\"                    data-catid=\"20\">                    <td class=\"file_title\"><a class=\"wpfd_downloadlink\" href=\"https:\/\/portal.pi.gov.br\/ati\/download\/20\/leis-estaduais\/1193\/resolucao-no-04\" title=\"Resolu\u00e7\u00e3o N\u00ba 04\"><span class=\"extcol\">                                <span class=\"ext ext-pdf wpfd-icon-set-png\"><\/span>                                Resolu\u00e7\u00e3o N\u00ba 04                            <\/span><\/a><\/td><td class=\"file_desc\">Disp\u00f5es sobre as contrata\u00e7\u00f5es de equipamentos e programas de computador dos \u00f3rg\u00e3os e entidade da Administra\u00e7\u00e3o P\u00fablica Direta e Indireta<\/td><td class=\"file_created\">09-10-2003<\/td>                                            <td class=\"col-download\">                            <a class=\"downloadlink wpfd_downloadlink\"  href=\"https:\/\/portal.pi.gov.br\/ati\/download\/20\/leis-estaduais\/1193\/resolucao-no-04\" style=\"background-color:#1b3058;color:#ffffff;\">Baixar<i class=\"zmdi zmdi-cloud-download wpfd-download\"><\/i><\/a><a                            href=\"https:\/\/docs.google.com\/viewer?url=https%3A%2F%2Fportal.pi.gov.br%2Fati%2Fwp-admin%2Fadmin-ajax.php%3Fjuwpfisadmin%3Dfalse%26action%3Dwpfd%26task%3Dfile.download%26wpfd_category_id%3D20%26wpfd_file_id%3D1193%26token%3D%26preview%3D1&#038;embedded=true\"                            class=\"openlink wpfdlightbox wpfd_previewlink\"                            target=\"\"                            data-id=\"1193\"                            data-catid=\"20\"                            data-file-type=\"pdf\">Visualizar<i class=\"zmdi zmdi-filter-center-focus wpfd-preview\"><\/i>                        <\/a>                        <\/td>                                    <\/tr>                            <tr class=\"file\" data-id=\"1192\"                    data-catid=\"20\">                    <td class=\"file_title\"><a class=\"wpfd_downloadlink\" href=\"https:\/\/portal.pi.gov.br\/ati\/download\/20\/leis-estaduais\/1192\/resolucao-no-03\" title=\"Resolu\u00e7\u00e3o N\u00ba 03\"><span class=\"extcol\">                                <span class=\"ext ext-pdf wpfd-icon-set-png\"><\/span>                                Resolu\u00e7\u00e3o N\u00ba 03                            <\/span><\/a><\/td><td class=\"file_desc\">Disp\u00f5e sobre a elabora\u00e7\u00e3o e acompanhamento dos planos de informatiza\u00e7\u00e3o dos \u00f3rg\u00e3os e entidades da administra\u00e7\u00e3o p\u00fablica direta e indireta<\/td><td class=\"file_created\">09-10-2003<\/td>                                            <td class=\"col-download\">                            <a class=\"downloadlink wpfd_downloadlink\"  href=\"https:\/\/portal.pi.gov.br\/ati\/download\/20\/leis-estaduais\/1192\/resolucao-no-03\" style=\"background-color:#1b3058;color:#ffffff;\">Baixar<i class=\"zmdi zmdi-cloud-download wpfd-download\"><\/i><\/a><a                            href=\"https:\/\/docs.google.com\/viewer?url=https%3A%2F%2Fportal.pi.gov.br%2Fati%2Fwp-admin%2Fadmin-ajax.php%3Fjuwpfisadmin%3Dfalse%26action%3Dwpfd%26task%3Dfile.download%26wpfd_category_id%3D20%26wpfd_file_id%3D1192%26token%3D%26preview%3D1&#038;embedded=true\"                            class=\"openlink wpfdlightbox wpfd_previewlink\"                            target=\"\"                            data-id=\"1192\"                            data-catid=\"20\"                            data-file-type=\"pdf\">Visualizar<i class=\"zmdi zmdi-filter-center-focus wpfd-preview\"><\/i>                        <\/a>                        <\/td>                                    <\/tr>                            <tr class=\"file\" data-id=\"1191\"                    data-catid=\"20\">                    <td class=\"file_title\"><a class=\"wpfd_downloadlink\" href=\"https:\/\/portal.pi.gov.br\/ati\/download\/20\/leis-estaduais\/1191\/resolucao-no-02\" title=\"Resolu\u00e7\u00e3o N\u00ba 02\"><span class=\"extcol\">                                <span class=\"ext ext-pdf wpfd-icon-set-png\"><\/span>                                Resolu\u00e7\u00e3o N\u00ba 02                            <\/span><\/a><\/td><td class=\"file_desc\">Disp\u00f5e sobre as contrata\u00e7\u00f5es de programas de computador e d\u00e1 outras Provid\u00eancias<\/td><td class=\"file_created\">18-09-2003<\/td>                                            <td class=\"col-download\">                            <a class=\"downloadlink wpfd_downloadlink\"  href=\"https:\/\/portal.pi.gov.br\/ati\/download\/20\/leis-estaduais\/1191\/resolucao-no-02\" style=\"background-color:#1b3058;color:#ffffff;\">Baixar<i class=\"zmdi zmdi-cloud-download wpfd-download\"><\/i><\/a><a                            href=\"https:\/\/docs.google.com\/viewer?url=https%3A%2F%2Fportal.pi.gov.br%2Fati%2Fwp-admin%2Fadmin-ajax.php%3Fjuwpfisadmin%3Dfalse%26action%3Dwpfd%26task%3Dfile.download%26wpfd_category_id%3D20%26wpfd_file_id%3D1191%26token%3D%26preview%3D1&#038;embedded=true\"                            class=\"openlink wpfdlightbox wpfd_previewlink\"                            target=\"\"                            data-id=\"1191\"                            data-catid=\"20\"                            data-file-type=\"pdf\">Visualizar<i class=\"zmdi zmdi-filter-center-focus wpfd-preview\"><\/i>                        <\/a>                        <\/td>                                    <\/tr>                            <tr class=\"file\" data-id=\"1190\"                    data-catid=\"20\">                    <td class=\"file_title\"><a class=\"wpfd_downloadlink\" href=\"https:\/\/portal.pi.gov.br\/ati\/download\/20\/leis-estaduais\/1190\/resolucao-no-01\" title=\"Resolu\u00e7\u00e3o N\u00ba 01\"><span class=\"extcol\">                                <span class=\"ext ext-pdf wpfd-icon-set-png\"><\/span>                                Resolu\u00e7\u00e3o N\u00ba 01                            <\/span><\/a><\/td><td class=\"file_desc\">Disp\u00f5e sobre a utiliza\u00e7\u00e3o de programas e sistemas de computador abertos pelos \u00f3rg\u00e3os e entidades da Administra\u00e7\u00e3o P\u00fablica do Estado do Piau\u00ed<\/td><td class=\"file_created\">10-09-2003<\/td>                                            <td class=\"col-download\">                            <a class=\"downloadlink wpfd_downloadlink\"  href=\"https:\/\/portal.pi.gov.br\/ati\/download\/20\/leis-estaduais\/1190\/resolucao-no-01\" style=\"background-color:#1b3058;color:#ffffff;\">Baixar<i class=\"zmdi zmdi-cloud-download wpfd-download\"><\/i><\/a><a                            href=\"https:\/\/docs.google.com\/viewer?url=https%3A%2F%2Fportal.pi.gov.br%2Fati%2Fwp-admin%2Fadmin-ajax.php%3Fjuwpfisadmin%3Dfalse%26action%3Dwpfd%26task%3Dfile.download%26wpfd_category_id%3D20%26wpfd_file_id%3D1190%26token%3D%26preview%3D1&#038;embedded=true\"                            class=\"openlink wpfdlightbox wpfd_previewlink\"                            target=\"\"                            data-id=\"1190\"                            data-catid=\"20\"                            data-file-type=\"pdf\">Visualizar<i class=\"zmdi zmdi-filter-center-focus wpfd-preview\"><\/i>                        <\/a>                        <\/td>                                    <\/tr>                            <tr class=\"file\" data-id=\"803\"                    data-catid=\"20\">                    <td class=\"file_title\"><a class=\"wpfd_downloadlink\" href=\"https:\/\/portal.pi.gov.br\/ati\/download\/20\/leis-estaduais\/803\/lei-no-5-310\" title=\"Lei N\u00ba 5.310\"><span class=\"extcol\">                                <span class=\"ext ext-pdf wpfd-icon-set-png\"><\/span>                                Lei N\u00ba 5.310                            <\/span><\/a><\/td><td class=\"file_desc\">Institui o Fundo de Inform\u00e1tica do Piau\u00ed e d\u00e1 outras provid\u00eancias<\/td><td class=\"file_created\">17-07-2003<\/td>                                            <td class=\"col-download\">                            <a class=\"downloadlink wpfd_downloadlink\"  href=\"https:\/\/portal.pi.gov.br\/ati\/download\/20\/leis-estaduais\/803\/lei-no-5-310\" style=\"background-color:#1b3058;color:#ffffff;\">Baixar<i class=\"zmdi zmdi-cloud-download wpfd-download\"><\/i><\/a><a                            href=\"https:\/\/docs.google.com\/viewer?url=https%3A%2F%2Fportal.pi.gov.br%2Fati%2Fwp-admin%2Fadmin-ajax.php%3Fjuwpfisadmin%3Dfalse%26action%3Dwpfd%26task%3Dfile.download%26wpfd_category_id%3D20%26wpfd_file_id%3D803%26token%3D%26preview%3D1&#038;embedded=true\"                            class=\"openlink wpfdlightbox wpfd_previewlink\"                            target=\"\"                            data-id=\"803\"                            data-catid=\"20\"                            data-file-type=\"pdf\">Visualizar<i class=\"zmdi zmdi-filter-center-focus wpfd-preview\"><\/i>                        <\/a>                        <\/td>                                    <\/tr>                        <\/tbody>        <\/table>            <\/div><\/div><\/div>\n","protected":false},"excerpt":{"rendered":"","protected":false},"author":1,"featured_media":0,"parent":0,"menu_order":0,"comment_status":"closed","ping_status":"closed","template":"template-fullwidth.php","meta":[],"featured_image_urls":{"full":"","thumbnail":"","medium":"","medium_large":"","large":"","sgg-420":"","sgg-540":"","sgg-780":"","1536x1536":"","2048x2048":"","homepage-slider":"","homepage-slider-small":"","page-top":"","page-small":"","loop-main":"","thumb-gallery-widget":""},"post_excerpt_stackable":"<p>T\u00edtuloDescri\u00e7\u00e3oData de Publica\u00e7\u00e3oBaixar Decreto n\u00ba 14.631 Disciplina o processo de aquisi\u00e7\u00e3o e loca\u00e7\u00e3o de bens e servi\u00e7os de inform\u00e1tica, no \u00c2mbito da Administra\u00e7\u00e3o P\u00fablica Estadual, e d\u00e1 outras provid\u00eancias08-11-2011 BaixarVisualizar Lei Ordin\u00e1ria N\u00ba 5.706 Institui o Fundo do Inform\u00e1tica do Piau\u00ed &#8211; FIPI e d\u00e1 outras provid\u00eancias.18-12-2007 BaixarVisualizar Lei N\u00ba 5.643 Disp\u00f5e sobre a cria\u00e7\u00e3o da Ag\u00eancia de Tecnologia da Informa\u00e7\u00e3o do Estado do Piau\u00ed &#8211; ATI e d\u00e1 outras provid\u00eancias.12-04-2007 Baixar Resolu\u00e7\u00e3o n\u00ba 06 Aprova o Regimento Interno do Conselho Estadual de Inform\u00e1tica do Estado do Piau\u00ed &#8211; CONEI\/PI09-10-2003 BaixarVisualizar Resolu\u00e7\u00e3o n\u00ba 05 Institui a Rede Estadual de Comunica\u00e7\u00e3o&hellip;<\/p>\n","category_list":"","author_info":{"name":"admin","url":"https:\/\/portal.pi.gov.br\/ati\/author\/admin\/"},"comments_num":"0 coment\u00e1rio","featured_image_urls_v2":{"full":"","thumbnail":"","medium":"","medium_large":"","large":"","sgg-420":"","sgg-540":"","sgg-780":"","1536x1536":"","2048x2048":"","homepage-slider":"","homepage-slider-small":"","page-top":"","page-small":"","loop-main":"","thumb-gallery-widget":""},"post_excerpt_stackable_v2":"<p>T\u00edtuloDescri\u00e7\u00e3oData de Publica\u00e7\u00e3oBaixar Decreto n\u00ba 14.631 Disciplina o processo de aquisi\u00e7\u00e3o e loca\u00e7\u00e3o de bens e servi\u00e7os de inform\u00e1tica, no \u00c2mbito da Administra\u00e7\u00e3o P\u00fablica Estadual, e d\u00e1 outras provid\u00eancias08-11-2011 BaixarVisualizar Lei Ordin\u00e1ria N\u00ba 5.706 Institui o Fundo do Inform\u00e1tica do Piau\u00ed &#8211; FIPI e d\u00e1 outras provid\u00eancias.18-12-2007 BaixarVisualizar Lei N\u00ba 5.643 Disp\u00f5e sobre a cria\u00e7\u00e3o da Ag\u00eancia de Tecnologia da Informa\u00e7\u00e3o do Estado do Piau\u00ed &#8211; ATI e d\u00e1 outras provid\u00eancias.12-04-2007 Baixar Resolu\u00e7\u00e3o n\u00ba 06 Aprova o Regimento Interno do Conselho Estadual de Inform\u00e1tica do Estado do Piau\u00ed &#8211; CONEI\/PI09-10-2003 BaixarVisualizar Resolu\u00e7\u00e3o n\u00ba 05 Institui a Rede Estadual de Comunica\u00e7\u00e3o&hellip;<\/p>\n","category_list_v2":"","author_info_v2":{"name":"admin","url":"https:\/\/portal.pi.gov.br\/ati\/author\/admin\/"},"comments_num_v2":"0 coment\u00e1rio","jetpack_sharing_enabled":true,"_links":{"self":[{"href":"https:\/\/portal.pi.gov.br\/ati\/wp-json\/wp\/v2\/pages\/801"}],"collection":[{"href":"https:\/\/portal.pi.gov.br\/ati\/wp-json\/wp\/v2\/pages"}],"about":[{"href":"https:\/\/portal.pi.gov.br\/ati\/wp-json\/wp\/v2\/types\/page"}],"author":[{"embeddable":true,"href":"https:\/\/portal.pi.gov.br\/ati\/wp-json\/wp\/v2\/users\/1"}],"replies":[{"embeddable":true,"href":"https:\/\/portal.pi.gov.br\/ati\/wp-json\/wp\/v2\/comments?post=801"}],"version-history":[{"count":4,"href":"https:\/\/portal.pi.gov.br\/ati\/wp-json\/wp\/v2\/pages\/801\/revisions"}],"predecessor-version":[{"id":1201,"href":"https:\/\/portal.pi.gov.br\/ati\/wp-json\/wp\/v2\/pages\/801\/revisions\/1201"}],"wp:attachment":[{"href":"https:\/\/portal.pi.gov.br\/ati\/wp-json\/wp\/v2\/media?parent=801"}],"curies":[{"name":"wp","href":"https:\/\/api.w.org\/{rel}","templated":true}]}}