{"id":81,"date":"2020-08-21T16:30:41","date_gmt":"2020-08-21T19:30:41","guid":{"rendered":"http:\/\/www2.pi.gov.br\/ati\/?page_id=81"},"modified":"2022-08-11T09:16:17","modified_gmt":"2022-08-11T12:16:17","slug":"capacitacoes","status":"publish","type":"page","link":"https:\/\/portal.pi.gov.br\/ati\/capacitacoes\/","title":{"rendered":"Capacita\u00e7\u00f5es"},"content":{"rendered":"\n<h2 class=\"has-text-align-center wp-block-heading\">Curso ENAP<\/h2>\n\n\n\n<hr class=\"wp-block-separator has-css-opacity\"\/>\n\n\n<div class=\"wp-block-image\">\n<figure class=\"aligncenter size-full is-resized\"><img decoding=\"async\" loading=\"lazy\" src=\"https:\/\/portal.pi.gov.br\/ati\/wp-content\/uploads\/sites\/2\/2021\/11\/sei-usar.png\" alt=\"\" class=\"wp-image-1331\" width=\"217\" height=\"147\" srcset=\"https:\/\/portal.pi.gov.br\/ati\/wp-content\/uploads\/sites\/2\/2021\/11\/sei-usar.png 400w, https:\/\/portal.pi.gov.br\/ati\/wp-content\/uploads\/sites\/2\/2021\/11\/sei-usar-300x203.png 300w, https:\/\/portal.pi.gov.br\/ati\/wp-content\/uploads\/sites\/2\/2021\/11\/sei-usar-84x56.png 84w\" sizes=\"(max-width: 217px) 100vw, 217px\" \/><\/figure><\/div>\n\n\n<p>Curso On-Line <a rel=\"noreferrer noopener\" href=\"https:\/\/www.escolavirtual.gov.br\/curso\/74\" target=\"_blank\">SEI! USAR<\/a> da Escola Nacional de Administra\u00e7\u00e3o P\u00fablica com foco em agentes p\u00fablicos das esferas de governo federal, estadual e municipal que tenham atua\u00e7\u00e3o na gest\u00e3o de documentos no Sistema Eletr\u00f4nico de Informa\u00e7\u00f5es &#8211; SEI. Qualquer pessoa pode realizar o curso.<\/p>\n\n\n\n<hr class=\"wp-block-separator has-css-opacity\"\/>\n\n\n\n<h2 class=\"has-text-align-center wp-block-heading\">V\u00eddeos SEI<\/h2>\n\n\n\n<hr class=\"wp-block-separator has-css-opacity\"\/>\n\n\n\n<figure class=\"wp-block-embed aligncenter is-type-video is-provider-youtube wp-block-embed-youtube wp-embed-aspect-16-9 wp-has-aspect-ratio\"><div class=\"wp-block-embed__wrapper\">\n<iframe loading=\"lazy\" title=\"SEI RO | Aula 1 - Conhe\u00e7a o sistema SEI\" width=\"887\" height=\"499\" src=\"https:\/\/www.youtube.com\/embed\/WSRqmsrRUf8?feature=oembed\" frameborder=\"0\" allow=\"accelerometer; autoplay; clipboard-write; encrypted-media; gyroscope; picture-in-picture\" allowfullscreen><\/iframe>\n<\/div><figcaption>Conhe\u00e7a o sistema SEI<\/figcaption><\/figure>\n\n\n\n<figure class=\"wp-block-embed aligncenter is-type-video is-provider-youtube wp-block-embed-youtube wp-embed-aspect-16-9 wp-has-aspect-ratio\"><div class=\"wp-block-embed__wrapper\">\n<iframe loading=\"lazy\" title=\"SEI RO | Aula 2 - Iniciar um processo\" width=\"887\" height=\"499\" src=\"https:\/\/www.youtube.com\/embed\/NpaW-_YJ4gA?feature=oembed\" frameborder=\"0\" allow=\"accelerometer; autoplay; clipboard-write; encrypted-media; gyroscope; picture-in-picture\" allowfullscreen><\/iframe>\n<\/div><figcaption>Iniciar um Processo<\/figcaption><\/figure>\n\n\n\n<figure class=\"wp-block-embed aligncenter is-type-video is-provider-youtube wp-block-embed-youtube wp-embed-aspect-16-9 wp-has-aspect-ratio\"><div class=\"wp-block-embed__wrapper\">\n<iframe loading=\"lazy\" title=\"SEI RO | Aula 3 - Inserir um documento externo\" width=\"887\" height=\"499\" src=\"https:\/\/www.youtube.com\/embed\/PDqxo85Orw4?feature=oembed\" frameborder=\"0\" allow=\"accelerometer; autoplay; clipboard-write; encrypted-media; gyroscope; picture-in-picture\" allowfullscreen><\/iframe>\n<\/div><figcaption>Inserir um Documento Externo<\/figcaption><\/figure>\n\n\n\n<figure class=\"wp-block-embed aligncenter is-type-video is-provider-youtube wp-block-embed-youtube wp-embed-aspect-16-9 wp-has-aspect-ratio\"><div class=\"wp-block-embed__wrapper\">\n<iframe loading=\"lazy\" title=\"SEI RO | Aula 4 - Criar um documento interno e assin\u00e1-lo eletronicamente\" width=\"887\" height=\"499\" src=\"https:\/\/www.youtube.com\/embed\/zepvdoAbhMM?feature=oembed\" frameborder=\"0\" allow=\"accelerometer; autoplay; clipboard-write; encrypted-media; gyroscope; picture-in-picture\" allowfullscreen><\/iframe>\n<\/div><figcaption>Criar um documento interno e assin\u00e1-lo eletronicamente<\/figcaption><\/figure>\n\n\n\n<figure class=\"wp-block-embed aligncenter is-type-video is-provider-youtube wp-block-embed-youtube wp-embed-aspect-16-9 wp-has-aspect-ratio\"><div class=\"wp-block-embed__wrapper\">\n<iframe loading=\"lazy\" title=\"SEI RO | Aula 5 - Editar um documento interno\" width=\"887\" height=\"499\" src=\"https:\/\/www.youtube.com\/embed\/kqE00SHADWM?feature=oembed\" frameborder=\"0\" allow=\"accelerometer; autoplay; clipboard-write; encrypted-media; gyroscope; picture-in-picture\" allowfullscreen><\/iframe>\n<\/div><figcaption>Editar um documento interno<\/figcaption><\/figure>\n\n\n\n<figure class=\"wp-block-embed aligncenter is-type-video is-provider-youtube wp-block-embed-youtube wp-embed-aspect-16-9 wp-has-aspect-ratio\"><div class=\"wp-block-embed__wrapper\">\n<iframe loading=\"lazy\" title=\"SEI RO | Aula 6 - Referenciar documentos e processos\" width=\"887\" height=\"499\" src=\"https:\/\/www.youtube.com\/embed\/TJN3rKijBhw?feature=oembed\" frameborder=\"0\" allow=\"accelerometer; autoplay; clipboard-write; encrypted-media; gyroscope; picture-in-picture\" allowfullscreen><\/iframe>\n<\/div><figcaption>Referenciar documentos e processos<\/figcaption><\/figure>\n\n\n\n<figure class=\"wp-block-embed aligncenter is-type-video is-provider-youtube wp-block-embed-youtube wp-embed-aspect-16-9 wp-has-aspect-ratio\"><div class=\"wp-block-embed__wrapper\">\n<iframe loading=\"lazy\" title=\"SEI RO | Aula 7 - Criar modelo de documento favorito\" width=\"887\" height=\"499\" src=\"https:\/\/www.youtube.com\/embed\/AktJjXadIGY?feature=oembed\" frameborder=\"0\" allow=\"accelerometer; autoplay; clipboard-write; encrypted-media; gyroscope; picture-in-picture\" allowfullscreen><\/iframe>\n<\/div><figcaption>Criar modelo de documento favorito<\/figcaption><\/figure>\n\n\n\n<figure class=\"wp-block-embed aligncenter is-type-video is-provider-youtube wp-block-embed-youtube wp-embed-aspect-16-9 wp-has-aspect-ratio\"><div class=\"wp-block-embed__wrapper\">\n<iframe loading=\"lazy\" title=\"SEI RO | Aula 8 - Criar bloco de assinatura\" width=\"887\" height=\"499\" src=\"https:\/\/www.youtube.com\/embed\/ViIUtZNv368?feature=oembed\" frameborder=\"0\" allow=\"accelerometer; autoplay; clipboard-write; encrypted-media; gyroscope; picture-in-picture\" allowfullscreen><\/iframe>\n<\/div><figcaption>Criar bloco de assinatura<\/figcaption><\/figure>\n","protected":false},"excerpt":{"rendered":"<p>Curso ENAP Curso On-Line SEI! USAR da Escola Nacional de Administra\u00e7\u00e3o P\u00fablica com foco em agentes p\u00fablicos das esferas de governo federal, estadual e municipal que tenham atua\u00e7\u00e3o na gest\u00e3o [&hellip;]<\/p>\n","protected":false},"author":1,"featured_media":0,"parent":0,"menu_order":0,"comment_status":"closed","ping_status":"closed","template":"template-fullwidth.php","meta":[],"featured_image_urls":{"full":"","thumbnail":"","medium":"","medium_large":"","large":"","sgg-420":"","sgg-540":"","sgg-780":"","1536x1536":"","2048x2048":"","homepage-slider":"","homepage-slider-small":"","page-top":"","page-small":"","loop-main":"","thumb-gallery-widget":""},"post_excerpt_stackable":"<p>Curso ENAP Curso On-Line SEI! USAR da Escola Nacional de Administra\u00e7\u00e3o P\u00fablica com foco em agentes p\u00fablicos das esferas de governo federal, estadual e municipal que tenham atua\u00e7\u00e3o na gest\u00e3o de documentos no Sistema Eletr\u00f4nico de Informa\u00e7\u00f5es &#8211; SEI. Qualquer pessoa pode realizar o curso. V\u00eddeos SEI Conhe\u00e7a o sistema SEI Iniciar um Processo Inserir um Documento Externo Criar um documento interno e assin\u00e1-lo eletronicamente Editar um documento interno Referenciar documentos e processos Criar modelo de documento favorito Criar bloco de assinatura<\/p>\n","category_list":"","author_info":{"name":"admin","url":"https:\/\/portal.pi.gov.br\/ati\/author\/admin\/"},"comments_num":"0 coment\u00e1rio","featured_image_urls_v2":{"full":"","thumbnail":"","medium":"","medium_large":"","large":"","sgg-420":"","sgg-540":"","sgg-780":"","1536x1536":"","2048x2048":"","homepage-slider":"","homepage-slider-small":"","page-top":"","page-small":"","loop-main":"","thumb-gallery-widget":""},"post_excerpt_stackable_v2":"<p>Curso ENAP Curso On-Line SEI! USAR da Escola Nacional de Administra\u00e7\u00e3o P\u00fablica com foco em agentes p\u00fablicos das esferas de governo federal, estadual e municipal que tenham atua\u00e7\u00e3o na gest\u00e3o de documentos no Sistema Eletr\u00f4nico de Informa\u00e7\u00f5es &#8211; SEI. Qualquer pessoa pode realizar o curso. V\u00eddeos SEI Conhe\u00e7a o sistema SEI Iniciar um Processo Inserir um Documento Externo Criar um documento interno e assin\u00e1-lo eletronicamente Editar um documento interno Referenciar documentos e processos Criar modelo de documento favorito Criar bloco de assinatura<\/p>\n","category_list_v2":"","author_info_v2":{"name":"admin","url":"https:\/\/portal.pi.gov.br\/ati\/author\/admin\/"},"comments_num_v2":"0 coment\u00e1rio","jetpack_sharing_enabled":true,"_links":{"self":[{"href":"https:\/\/portal.pi.gov.br\/ati\/wp-json\/wp\/v2\/pages\/81"}],"collection":[{"href":"https:\/\/portal.pi.gov.br\/ati\/wp-json\/wp\/v2\/pages"}],"about":[{"href":"https:\/\/portal.pi.gov.br\/ati\/wp-json\/wp\/v2\/types\/page"}],"author":[{"embeddable":true,"href":"https:\/\/portal.pi.gov.br\/ati\/wp-json\/wp\/v2\/users\/1"}],"replies":[{"embeddable":true,"href":"https:\/\/portal.pi.gov.br\/ati\/wp-json\/wp\/v2\/comments?post=81"}],"version-history":[{"count":34,"href":"https:\/\/portal.pi.gov.br\/ati\/wp-json\/wp\/v2\/pages\/81\/revisions"}],"predecessor-version":[{"id":2023,"href":"https:\/\/portal.pi.gov.br\/ati\/wp-json\/wp\/v2\/pages\/81\/revisions\/2023"}],"wp:attachment":[{"href":"https:\/\/portal.pi.gov.br\/ati\/wp-json\/wp\/v2\/media?parent=81"}],"curies":[{"name":"wp","href":"https:\/\/api.w.org\/{rel}","templated":true}]}}