{"id":10871,"date":"2025-11-28T12:22:02","date_gmt":"2025-11-28T15:22:02","guid":{"rendered":"https:\/\/portal.pi.gov.br\/cge\/?page_id=10871"},"modified":"2025-11-28T12:22:04","modified_gmt":"2025-11-28T15:22:04","slug":"documentos-antigos","status":"publish","type":"page","link":"https:\/\/portal.pi.gov.br\/cge\/documentos-antigos\/","title":{"rendered":"Documentos antigos"},"content":{"rendered":"\n<div class=\"wp-block-group is-vertical is-layout-flex wp-container-1\">\n<div class=\"wp-block-stackable-heading stk-block-heading stk-block-heading--v2 stk-block stk-988a576\" id=\"mg-o-que-todo-gestor-deve-saber-3-ed-mar-15\" data-block-id=\"988a576\"><style>.stk-988a576 .stk-block-heading__text{color:#000000 !important}.stk-988a576 .stk-block-heading__top-line{height:4px !important;width:450px !important;background-color:#1071a1 !important;margin-bottom:0px !important}.stk-988a576 .stk-block-heading__bottom-line{height:4px !important;width:0px !important;background-color:#1071a1 !important;margin-top:7px !important}<\/style><div class=\"stk-block-heading__top-line\"><\/div><h2 class=\"stk-block-heading__text has-text-color has-black-color stk-block-heading--use-theme-margins\">MG &#8211; O que todo gestor deve saber 3\u00aa ed. &#8211; MAR\/15<\/h2><\/div>\n\n\n\n<p class=\"has-text-align-justify\">Manual do Gestor P\u00fablico orienta pr\u00e1ticas aos gestores estaduais.<\/p>\n\n\n\n<p><em><a href=\"https:\/\/portal.pi.gov.br\/cge\/download\/139\/outros\/1812\/manual-o-que-todo-gestor-deve-saber-3a-edicao.pdf\">Acesse o documento<\/a><\/em><\/p>\n<\/div>\n\n\n\n<div class=\"wp-block-group is-vertical is-layout-flex wp-container-2\">\n<div class=\"wp-block-stackable-heading stk-block-heading stk-block-heading--v2 stk-block stk-23fb18e\" id=\"mg-modulo-orcamentario-e-financeiro-2-ed-fev-15\" data-block-id=\"23fb18e\"><style>.stk-23fb18e .stk-block-heading__text{color:#000000 !important}.stk-23fb18e .stk-block-heading__top-line{height:4px !important;width:450px !important;background-color:#1071a1 !important;margin-bottom:0px !important}.stk-23fb18e .stk-block-heading__bottom-line{height:4px !important;width:0px !important;background-color:#1071a1 !important;margin-top:7px !important}<\/style><div class=\"stk-block-heading__top-line\"><\/div><h2 class=\"stk-block-heading__text has-text-color has-black-color stk-block-heading--use-theme-margins\">MG &#8211; M\u00f3dulo Or\u00e7ament\u00e1rio e Financeiro 2\u00aa ed. &#8211; FEV\/15<\/h2><\/div>\n\n\n\n<p class=\"has-text-align-justify\">Manual do Gestor P\u00fablico aborda temas como \u201cOr\u00e7amento P\u00fablico\u201d, \u201cReceita P\u00fablica\u201d e \u201cDespesa P\u00fablica\u201d<\/p>\n\n\n\n<p><em><a href=\"https:\/\/portal.pi.gov.br\/cge\/download\/139\/outros\/1814\/manual-do-gestor-publico-modulo-orcamentario-e-financeiro.pdf\">Acesse o documento<\/a><\/em><\/p>\n<\/div>\n\n\n\n<div class=\"wp-block-group is-vertical is-layout-flex wp-container-3\">\n<div class=\"wp-block-stackable-heading stk-block-heading stk-block-heading--v2 stk-block stk-cb63fed\" id=\"mg-modulo-licitacoes-e-contratos-jul-14\" data-block-id=\"cb63fed\"><style>.stk-cb63fed .stk-block-heading__text{color:#000000 !important}.stk-cb63fed .stk-block-heading__top-line{height:4px !important;width:450px !important;background-color:#1071a1 !important;margin-bottom:0px !important}.stk-cb63fed .stk-block-heading__bottom-line{height:4px !important;width:0px !important;background-color:#1071a1 !important;margin-top:7px !important}<\/style><div class=\"stk-block-heading__top-line\"><\/div><h2 class=\"stk-block-heading__text has-text-color has-black-color stk-block-heading--use-theme-margins\">MG &#8211; M\u00f3dulo Licita\u00e7\u00f5es e Contratos &#8211; JUL\/14<\/h2><\/div>\n\n\n\n<p class=\"has-text-align-justify\">Manual do Gestor P\u00fablico 2\u00aa edi\u00e7\u00e3o aborda Contrata\u00e7\u00e3o de Servi\u00e7os Terceirizados, Contrata\u00e7\u00e3o por Tempo, Determinado para Atender Necessidade Tempor\u00e1ria de Excepcional, Interesse P\u00fablico, Regime Diferenciado de Contrata\u00e7\u00f5es P\u00fablicas (RDC).<\/p>\n\n\n\n<p class=\"has-text-align-justify\"><em><a href=\"https:\/\/portal.pi.gov.br\/cge\/download\/139\/outros\/1823\/manual-do-gestor-publico-modulo-licitacoes-e-contratos.pdf\">Acesse o documento<\/a><\/em><\/p>\n<\/div>\n\n\n\n<div class=\"wp-block-group is-vertical is-layout-flex wp-container-4\">\n<div class=\"wp-block-stackable-heading stk-block-heading stk-block-heading--v2 stk-block stk-fe725e0\" id=\"manual-obras-publicas-3-ed-mai-14\" data-block-id=\"fe725e0\"><style>.stk-fe725e0 .stk-block-heading__text{color:#000000 !important}.stk-fe725e0 .stk-block-heading__top-line{height:4px !important;width:450px !important;background-color:#1071a1 !important;margin-bottom:0px !important}.stk-fe725e0 .stk-block-heading__bottom-line{height:4px !important;width:0px !important;background-color:#1071a1 !important;margin-top:7px !important}<\/style><div class=\"stk-block-heading__top-line\"><\/div><h2 class=\"stk-block-heading__text has-text-color has-black-color stk-block-heading--use-theme-margins\">Manual &#8211; Obras P\u00fablicas 3\u00aa ed. &#8211; MAI\/14<\/h2><\/div>\n\n\n\n<p class=\"has-text-align-justify\">Manual de Orienta\u00e7\u00f5es para Execu\u00e7\u00e3o e Fiscaliza\u00e7\u00e3o de Obras P\u00fablicas.<\/p>\n\n\n\n<p class=\"has-text-align-justify\"><em><a href=\"https:\/\/portal.pi.gov.br\/cge\/download\/139\/outros\/1824\/manual-de-orientacoes-obras-publicas-2014.pdf\">Acesse o documento<\/a><\/em><\/p>\n<\/div>\n\n\n\n<div class=\"wp-block-group is-vertical is-layout-flex wp-container-5\">\n<div class=\"wp-block-stackable-heading stk-block-heading stk-block-heading--v2 stk-block stk-2ab72f2\" id=\"mg-modulo-tributario-ago-13\" data-block-id=\"2ab72f2\"><style>.stk-2ab72f2 .stk-block-heading__text{color:#000000 !important}.stk-2ab72f2 .stk-block-heading__top-line{height:4px !important;width:450px !important;background-color:#1071a1 !important;margin-bottom:0px !important}.stk-2ab72f2 .stk-block-heading__bottom-line{height:4px !important;width:0px !important;background-color:#1071a1 !important;margin-top:7px !important}<\/style><div class=\"stk-block-heading__top-line\"><\/div><h2 class=\"stk-block-heading__text has-text-color has-black-color stk-block-heading--use-theme-margins\">MG &#8211; M\u00f3dulo tribut\u00e1rio &#8211; AGO\/13<\/h2><\/div>\n\n\n\n<p class=\"has-text-align-justify\">Manual do Gestor P\u00fablico 3\u00aa edi\u00e7\u00e3o aborda as Reten\u00e7\u00f5es e dos Recolhimentos Previdenci\u00e1rios, do Imposto de Renda Retido na Fonte (IR) e do Imposto Sobre Servi\u00e7os de Qualquer Natureza (ISSQN\/Teresina).<\/p>\n\n\n\n<p class=\"has-text-align-justify\"><em><a href=\"https:\/\/portal.pi.gov.br\/cge\/download\/139\/outros\/1817\/manual-do-gestor-publico-modulo-tributario.pdf\">Acesse o documento<\/a><\/em><\/p>\n<\/div>\n\n\n\n<div class=\"wp-block-group is-vertical is-layout-flex wp-container-6\">\n<div class=\"wp-block-stackable-heading stk-block-heading stk-block-heading--v2 stk-block stk-100c7c1\" id=\"manual-tomada-de-contas-especial-1-ed-nov-12\" data-block-id=\"100c7c1\"><style>.stk-100c7c1 .stk-block-heading__text{color:#000000 !important}.stk-100c7c1 .stk-block-heading__top-line{height:4px !important;width:450px !important;background-color:#1071a1 !important;margin-bottom:0px !important}.stk-100c7c1 .stk-block-heading__bottom-line{height:4px !important;width:0px !important;background-color:#1071a1 !important;margin-top:7px !important}<\/style><div class=\"stk-block-heading__top-line\"><\/div><h2 class=\"stk-block-heading__text has-text-color has-black-color stk-block-heading--use-theme-margins\">Manual  &#8211; Tomada de contas especial &#8211; 1\u00aa ed. &#8211; NOV\/12<\/h2><\/div>\n\n\n\n<p class=\"has-text-align-justify\">Manual de orienta\u00e7\u00f5es sobre a tomada de contas especial <\/p>\n\n\n\n<p class=\"has-text-align-justify\"><em><a href=\"https:\/\/portal.pi.gov.br\/cge\/download\/139\/outros\/1809\/manual-tomada-de-contas-especial-1a-edicao.pdf\">Acesse o documento<\/a><\/em><\/p>\n<\/div>\n\n\n\n<div class=\"wp-block-group is-vertical is-layout-flex wp-container-7\">\n<div class=\"wp-block-stackable-heading stk-block-heading stk-block-heading--v2 stk-block stk-c5ff529\" id=\"manual-cadastro-unico-de-convenio-cauc-2012\" data-block-id=\"c5ff529\"><style>.stk-c5ff529 .stk-block-heading__text{color:#000000 !important}.stk-c5ff529 .stk-block-heading__top-line{height:4px !important;width:450px !important;background-color:#1071a1 !important;margin-bottom:0px !important}.stk-c5ff529 .stk-block-heading__bottom-line{height:4px !important;width:0px !important;background-color:#1071a1 !important;margin-top:7px !important}<\/style><div class=\"stk-block-heading__top-line\"><\/div><h2 class=\"stk-block-heading__text has-text-color has-black-color stk-block-heading--use-theme-margins\">Manual  &#8211; Cadastro \u00danico de Conv\u00eanio &#8211; CAUC &#8211; 2012<\/h2><\/div>\n\n\n\n<p class=\"has-text-align-justify\">Manual de orienta\u00e7\u00f5es do Cadastro \u00danico de Conv\u00eanios &#8211; CAUC &#8211; Rela\u00e7\u00e3o das exig\u00eancias para o recebimento de transfer\u00eancias volunt\u00e1rias. <\/p>\n\n\n\n<p class=\"has-text-align-justify\"> <em><a href=\"https:\/\/portal.pi.gov.br\/cge\/download\/139\/outros\/1810\/cartilha-cauc-2012.pdf\">Acesse o documento<\/a><\/em><\/p>\n<\/div>\n\n\n\n<div class=\"wp-block-group is-vertical is-layout-flex wp-container-8\">\n<div class=\"wp-block-stackable-heading stk-block-heading stk-block-heading--v2 stk-block stk-397c77e\" id=\"manual-e-sic\" data-block-id=\"397c77e\"><style>.stk-397c77e .stk-block-heading__text{color:#000000 !important}.stk-397c77e .stk-block-heading__top-line{height:4px !important;width:450px !important;background-color:#1071a1 !important;margin-bottom:0px !important}.stk-397c77e .stk-block-heading__bottom-line{height:4px !important;width:0px !important;background-color:#1071a1 !important;margin-top:7px !important}<\/style><div class=\"stk-block-heading__top-line\"><\/div><h2 class=\"stk-block-heading__text has-text-color has-black-color stk-block-heading--use-theme-margins\">Manual  &#8211; eSIC <\/h2><\/div>\n\n\n\n<p class=\"has-text-align-justify\">Manual de orienta\u00e7\u00f5es tem como objetivo orientar o manuseio do e-SIC. \u00c9 destinado aos servidores estaduais que utilizar\u00e3o o sistema para responder e gerenciar os pedidos de acesso \u00e0 informa\u00e7\u00e3o feitos pelo cidad\u00e3o. <\/p>\n\n\n\n<p class=\"has-text-align-justify\"> <em><a href=\"https:\/\/portal.pi.gov.br\/cge\/download\/299\/ouvidoria\/1827\/manual-esic-guia-do-servidor.pdf\">Acesse o documento<\/a><\/em><\/p>\n<\/div>\n","protected":false},"excerpt":{"rendered":"<p>MG &#8211; O que todo gestor deve saber 3\u00aa ed. &#8211; MAR\/15 Manual do Gestor P\u00fablico orienta pr\u00e1ticas aos gestores estaduais. Acesse o documento MG &#8211; M\u00f3dulo Or\u00e7ament\u00e1rio e Financeiro [&hellip;]<\/p>\n","protected":false},"author":41,"featured_media":0,"parent":0,"menu_order":0,"comment_status":"closed","ping_status":"closed","template":"","meta":[],"featured_image_urls":{"full":"","thumbnail":"","medium":"","medium_large":"","large":"","sgg-420":"","sgg-540":"","sgg-780":"","1536x1536":"","2048x2048":"","homepage-slider":"","homepage-slider-small":"","page-top":"","page-small":"","loop-main":"","thumb-gallery-widget":""},"post_excerpt_stackable":"<p>MG &#8211; O que todo gestor deve saber 3\u00aa ed. &#8211; MAR\/15 Manual do Gestor P\u00fablico orienta pr\u00e1ticas aos gestores estaduais. Acesse o documento MG &#8211; M\u00f3dulo Or\u00e7ament\u00e1rio e Financeiro 2\u00aa ed. &#8211; FEV\/15 Manual do Gestor P\u00fablico aborda temas como \u201cOr\u00e7amento P\u00fablico\u201d, \u201cReceita P\u00fablica\u201d e \u201cDespesa P\u00fablica\u201d Acesse o documento MG &#8211; M\u00f3dulo Licita\u00e7\u00f5es e Contratos &#8211; JUL\/14 Manual do Gestor P\u00fablico 2\u00aa edi\u00e7\u00e3o aborda Contrata\u00e7\u00e3o de Servi\u00e7os Terceirizados, Contrata\u00e7\u00e3o por Tempo, Determinado para Atender Necessidade Tempor\u00e1ria de Excepcional, Interesse P\u00fablico, Regime Diferenciado de Contrata\u00e7\u00f5es P\u00fablicas (RDC). Acesse o documento Manual &#8211; Obras P\u00fablicas 3\u00aa ed. &#8211; MAI\/14 Manual&hellip;<\/p>\n","category_list":"","author_info":{"name":"anavirginia","url":"https:\/\/portal.pi.gov.br\/cge\/author\/anavirginia\/"},"comments_num":"0 coment\u00e1rio","featured_image_urls_v2":{"full":"","thumbnail":"","medium":"","medium_large":"","large":"","sgg-420":"","sgg-540":"","sgg-780":"","1536x1536":"","2048x2048":"","homepage-slider":"","homepage-slider-small":"","page-top":"","page-small":"","loop-main":"","thumb-gallery-widget":""},"post_excerpt_stackable_v2":"<p>MG &#8211; O que todo gestor deve saber 3\u00aa ed. &#8211; MAR\/15 Manual do Gestor P\u00fablico orienta pr\u00e1ticas aos gestores estaduais. Acesse o documento MG &#8211; M\u00f3dulo Or\u00e7ament\u00e1rio e Financeiro 2\u00aa ed. &#8211; FEV\/15 Manual do Gestor P\u00fablico aborda temas como \u201cOr\u00e7amento P\u00fablico\u201d, \u201cReceita P\u00fablica\u201d e \u201cDespesa P\u00fablica\u201d Acesse o documento MG &#8211; M\u00f3dulo Licita\u00e7\u00f5es e Contratos &#8211; JUL\/14 Manual do Gestor P\u00fablico 2\u00aa edi\u00e7\u00e3o aborda Contrata\u00e7\u00e3o de Servi\u00e7os Terceirizados, Contrata\u00e7\u00e3o por Tempo, Determinado para Atender Necessidade Tempor\u00e1ria de Excepcional, Interesse P\u00fablico, Regime Diferenciado de Contrata\u00e7\u00f5es P\u00fablicas (RDC). Acesse o documento Manual &#8211; Obras P\u00fablicas 3\u00aa ed. &#8211; MAI\/14 Manual&hellip;<\/p>\n","category_list_v2":"","author_info_v2":{"name":"anavirginia","url":"https:\/\/portal.pi.gov.br\/cge\/author\/anavirginia\/"},"comments_num_v2":"0 coment\u00e1rio","jetpack_sharing_enabled":true,"_links":{"self":[{"href":"https:\/\/portal.pi.gov.br\/cge\/wp-json\/wp\/v2\/pages\/10871"}],"collection":[{"href":"https:\/\/portal.pi.gov.br\/cge\/wp-json\/wp\/v2\/pages"}],"about":[{"href":"https:\/\/portal.pi.gov.br\/cge\/wp-json\/wp\/v2\/types\/page"}],"author":[{"embeddable":true,"href":"https:\/\/portal.pi.gov.br\/cge\/wp-json\/wp\/v2\/users\/41"}],"replies":[{"embeddable":true,"href":"https:\/\/portal.pi.gov.br\/cge\/wp-json\/wp\/v2\/comments?post=10871"}],"version-history":[{"count":1,"href":"https:\/\/portal.pi.gov.br\/cge\/wp-json\/wp\/v2\/pages\/10871\/revisions"}],"predecessor-version":[{"id":10872,"href":"https:\/\/portal.pi.gov.br\/cge\/wp-json\/wp\/v2\/pages\/10871\/revisions\/10872"}],"wp:attachment":[{"href":"https:\/\/portal.pi.gov.br\/cge\/wp-json\/wp\/v2\/media?parent=10871"}],"curies":[{"name":"wp","href":"https:\/\/api.w.org\/{rel}","templated":true}]}}