{"id":1507,"date":"2022-02-03T09:51:16","date_gmt":"2022-02-03T12:51:16","guid":{"rendered":"https:\/\/portal.pi.gov.br\/cge\/?page_id=1507"},"modified":"2023-06-13T08:21:57","modified_gmt":"2023-06-13T11:21:57","slug":"historia-da-cge","status":"publish","type":"page","link":"https:\/\/portal.pi.gov.br\/cge\/historia-da-cge\/","title":{"rendered":"Hist\u00f3ria da CGE"},"content":{"rendered":"\n<p><\/p>\n\n\n\n<h2 class=\"wp-block-heading\">Origem<\/h2>\n\n\n\n<p><p style=\"text-align:justify\">Seu quadro t\u00e9cnico inicial \u00e9 remanescente da Secretaria da Fazenda, s\u00e3o Auditores admitidos por concursos p\u00fablicos realizados para o cargo integrante do Grupo \u201cAdministra\u00e7\u00e3o Financeira, Contabilidade e Auditoria\u201d, da Secretaria da Fazenda.<\/p><\/p>\n\n\n\n<p><p style=\"text-align:justify\">O provimento inicial dos cargos de Auditor ocorreu em 1980, quando foram convocados 14 candidatos aprovados. Somente em 1986, quando havia apenas 08 Auditores em exerc\u00edcio, foi realizado novo concurso, ficando a SEFAZ com 24 Auditores. Atrav\u00e9s da Lei N.\u00ba 4.475, de 22 de abril de 1992, a ent\u00e3o Divis\u00e3o de Auditoria foi transformada em Departamento de Auditoria, como \u00f3rg\u00e3o de assessoramento ao Secret\u00e1rio da Fazenda e ao Governo do Estado, em assuntos de Auditoria Governamental, atuando como mecanismo de autocontrole da Administra\u00e7\u00e3o P\u00fablica Estadual e exercendo o papel de \u00f3rg\u00e3o central da Auditoria Interna do Poder Executivo Estadual.<\/p><\/p>\n\n\n\n<p><p style=\"text-align:justify\">No ano de 2002, a SEFAZ recrutou, atrav\u00e9s de concurso p\u00fablico, novos Auditores que vieram somar aos poucos que ainda permaneciam no Departamento de Auditoria, com o esvaziamento do quadro em virtude de aposentadorias e aprova\u00e7\u00e3o em concursos p\u00fablicos diversos. Com a cria\u00e7\u00e3o da CGE em 2003, o quadro de Auditores da SEFAZ foi transferido, em car\u00e1ter definitivo, para a Controladoria Geral do Estado.<\/p><\/p>\n\n\n\n<p><p style=\"text-align:justify\">Em 2005, com a aprova\u00e7\u00e3o do Plano de Cargos e Carreira da Auditoria Governamental da Controladoria-Geral do Estado do Piau\u00ed, o cargo de Auditor passou a ter o nome de Auditor Governamental.<\/p><\/p>\n\n\n\n<p><p style=\"text-align:justify\">Em 2012 a carreira de Auditoria Governamental foi fortalecida com a promulga\u00e7\u00e3o da Emenda Constitucional n\u00ba 38\/12 (publicada no DOE n\u00ba 07, de 10.01.13) que estabeleceu que o titular da Controladoria Geral dever\u00e1 ser nomeado dentre os integrantes do quadro efetivo de cada Poder e institui\u00e7\u00e3o, com mandato de tr\u00eas anos, n\u00e3o podendo ser destitu\u00eddo do cargo antes do t\u00e9rmino, a n\u00e3o ser em fun\u00e7\u00e3o de processo administrativo em que se apure falta grave aos deveres constitucionais.<\/p><\/p>\n\n\n\n<h2 class=\"wp-block-heading\">Atribui\u00e7\u00f5es de Ouvidoria e Corregedoria<\/h2>\n\n\n\n<p><p style=\"text-align:justify\">A Reforma Administrativa do Governo do Piau\u00ed promovida no ano de 2019 trouxe mudan\u00e7as para a Controladoria-Geral do Estado, que passou a acumular as atribui\u00e7\u00f5es de Ouvidoria e Corregedoria. A reestrutura\u00e7\u00e3o da CGE est\u00e1 estabelecida na Lei Complementar N\u00ba 241 de 2019, publicada no Di\u00e1rio Oficial do Estado do dia 22 de abril daquele ano.<\/p><\/p>\n\n\n\n<p>Partner : <a href=\"https:\/\/loveyouhome.ua\/militari-i-turizm\/takticheskie-perchatki\/\">\u043a\u0443\u043f\u0438\u0442\u044c \u0442\u0430\u043a\u0442\u0438\u0447\u0435\u0441\u043a\u0438\u0435 \u043f\u0435\u0440\u0447\u0430\u0442\u043a\u0438<\/a> , <a href=\"https:\/\/uadefence.com.ua\/militari-i-turizm\/multiinstrumenty\/\">multitool<\/a> , <a href=\"https:\/\/uadefence.com.ua\/militari-i-turizm\/takticheskie-perchatki\/\">\u0440\u0443\u043a\u0430\u0432\u0438\u0446\u0456 \u0431\u0435\u0437 \u043f\u0430\u043b\u044c\u0446\u0456\u0432<\/a><\/p>\n","protected":false},"excerpt":{"rendered":"<p>Origem Seu quadro t\u00e9cnico inicial \u00e9 remanescente da Secretaria da Fazenda, s\u00e3o Auditores admitidos por concursos p\u00fablicos realizados para o cargo integrante do Grupo \u201cAdministra\u00e7\u00e3o Financeira, Contabilidade e Auditoria\u201d, da [&hellip;]<\/p>\n","protected":false},"author":40,"featured_media":0,"parent":0,"menu_order":0,"comment_status":"closed","ping_status":"closed","template":"","meta":[],"featured_image_urls":{"full":"","thumbnail":"","medium":"","medium_large":"","large":"","sgg-420":"","sgg-540":"","sgg-780":"","1536x1536":"","2048x2048":"","homepage-slider":"","homepage-slider-small":"","page-top":"","page-small":"","loop-main":"","thumb-gallery-widget":""},"post_excerpt_stackable":"<p>Origem Seu quadro t\u00e9cnico inicial \u00e9 remanescente da Secretaria da Fazenda, s\u00e3o Auditores admitidos por concursos p\u00fablicos realizados para o cargo integrante do Grupo \u201cAdministra\u00e7\u00e3o Financeira, Contabilidade e Auditoria\u201d, da Secretaria da Fazenda. O provimento inicial dos cargos de Auditor ocorreu em 1980, quando foram convocados 14 candidatos aprovados. Somente em 1986, quando havia apenas 08 Auditores em exerc\u00edcio, foi realizado novo concurso, ficando a SEFAZ com 24 Auditores. Atrav\u00e9s da Lei N.\u00ba 4.475, de 22 de abril de 1992, a ent\u00e3o Divis\u00e3o de Auditoria foi transformada em Departamento de Auditoria, como \u00f3rg\u00e3o de assessoramento ao Secret\u00e1rio da Fazenda e&hellip;<\/p>\n","category_list":"","author_info":{"name":"ariel","url":"https:\/\/portal.pi.gov.br\/cge\/author\/ariel\/"},"comments_num":"0 coment\u00e1rio","featured_image_urls_v2":{"full":"","thumbnail":"","medium":"","medium_large":"","large":"","sgg-420":"","sgg-540":"","sgg-780":"","1536x1536":"","2048x2048":"","homepage-slider":"","homepage-slider-small":"","page-top":"","page-small":"","loop-main":"","thumb-gallery-widget":""},"post_excerpt_stackable_v2":"<p>Origem Seu quadro t\u00e9cnico inicial \u00e9 remanescente da Secretaria da Fazenda, s\u00e3o Auditores admitidos por concursos p\u00fablicos realizados para o cargo integrante do Grupo \u201cAdministra\u00e7\u00e3o Financeira, Contabilidade e Auditoria\u201d, da Secretaria da Fazenda. O provimento inicial dos cargos de Auditor ocorreu em 1980, quando foram convocados 14 candidatos aprovados. Somente em 1986, quando havia apenas 08 Auditores em exerc\u00edcio, foi realizado novo concurso, ficando a SEFAZ com 24 Auditores. Atrav\u00e9s da Lei N.\u00ba 4.475, de 22 de abril de 1992, a ent\u00e3o Divis\u00e3o de Auditoria foi transformada em Departamento de Auditoria, como \u00f3rg\u00e3o de assessoramento ao Secret\u00e1rio da Fazenda e&hellip;<\/p>\n","category_list_v2":"","author_info_v2":{"name":"ariel","url":"https:\/\/portal.pi.gov.br\/cge\/author\/ariel\/"},"comments_num_v2":"0 coment\u00e1rio","jetpack_sharing_enabled":true,"_links":{"self":[{"href":"https:\/\/portal.pi.gov.br\/cge\/wp-json\/wp\/v2\/pages\/1507"}],"collection":[{"href":"https:\/\/portal.pi.gov.br\/cge\/wp-json\/wp\/v2\/pages"}],"about":[{"href":"https:\/\/portal.pi.gov.br\/cge\/wp-json\/wp\/v2\/types\/page"}],"author":[{"embeddable":true,"href":"https:\/\/portal.pi.gov.br\/cge\/wp-json\/wp\/v2\/users\/40"}],"replies":[{"embeddable":true,"href":"https:\/\/portal.pi.gov.br\/cge\/wp-json\/wp\/v2\/comments?post=1507"}],"version-history":[{"count":7,"href":"https:\/\/portal.pi.gov.br\/cge\/wp-json\/wp\/v2\/pages\/1507\/revisions"}],"predecessor-version":[{"id":6230,"href":"https:\/\/portal.pi.gov.br\/cge\/wp-json\/wp\/v2\/pages\/1507\/revisions\/6230"}],"wp:attachment":[{"href":"https:\/\/portal.pi.gov.br\/cge\/wp-json\/wp\/v2\/media?parent=1507"}],"curies":[{"name":"wp","href":"https:\/\/api.w.org\/{rel}","templated":true}]}}