{"id":3365,"date":"2022-04-06T12:06:59","date_gmt":"2022-04-06T15:06:59","guid":{"rendered":"https:\/\/portal.pi.gov.br\/cge\/?page_id=3365"},"modified":"2022-08-18T09:57:58","modified_gmt":"2022-08-18T12:57:58","slug":"publicacoes-ouvidoria","status":"publish","type":"page","link":"https:\/\/portal.pi.gov.br\/cge\/publicacoes-ouvidoria\/","title":{"rendered":"Ouvidoria"},"content":{"rendered":"\n<div class=\"wp-block-columns is-layout-flex wp-container-2\">\n<div class=\"wp-block-column is-layout-flow\">\n<div class=\"wp-block-stackable-image-box is-style-default stk-block-image-box stk-hover-parent stk-block stk-f7d3d1a\" data-block-id=\"f7d3d1a\"><div class=\"stk-block-content stk-inner-blocks has-text-align-center stk-row stk-block-image-box__content\">\n<div class=\"wp-block-stackable-image stk-block-image stk-block stk-051ce6e\" data-block-id=\"051ce6e\"><style>.stk-051ce6e .stk-img-wrapper{height:100px !important}:where(.stk-hover-parent:hover,.stk-hover-parent.stk--is-hovered) .stk-051ce6e .stk-img-wrapper{--stk-gradient-overlay:0.7 !important}:where(.stk-hover-parent:hover,.stk-hover-parent.stk--is-hovered) .stk-051ce6e .stk-img-wrapper::after{background-color:#000000 !important}<\/style><figure class=\"stk-img-wrapper stk-image--shape-stretch\"><img decoding=\"async\" loading=\"lazy\" class=\"stk-img wp-image-4590\" src=\"https:\/\/portal.pi.gov.br\/cge\/wp-content\/uploads\/sites\/12\/2022\/08\/Copia-de-EFICIENCIA-11.png\" width=\"988\" height=\"100\" srcset=\"https:\/\/portal.pi.gov.br\/cge\/wp-content\/uploads\/sites\/12\/2022\/08\/Copia-de-EFICIENCIA-11.png 988w, https:\/\/portal.pi.gov.br\/cge\/wp-content\/uploads\/sites\/12\/2022\/08\/Copia-de-EFICIENCIA-11-300x30.png 300w, https:\/\/portal.pi.gov.br\/cge\/wp-content\/uploads\/sites\/12\/2022\/08\/Copia-de-EFICIENCIA-11-768x78.png 768w, https:\/\/portal.pi.gov.br\/cge\/wp-content\/uploads\/sites\/12\/2022\/08\/Copia-de-EFICIENCIA-11-420x43.png 420w, https:\/\/portal.pi.gov.br\/cge\/wp-content\/uploads\/sites\/12\/2022\/08\/Copia-de-EFICIENCIA-11-540x55.png 540w, https:\/\/portal.pi.gov.br\/cge\/wp-content\/uploads\/sites\/12\/2022\/08\/Copia-de-EFICIENCIA-11-780x79.png 780w, https:\/\/portal.pi.gov.br\/cge\/wp-content\/uploads\/sites\/12\/2022\/08\/Copia-de-EFICIENCIA-11-947x96.png 947w, https:\/\/portal.pi.gov.br\/cge\/wp-content\/uploads\/sites\/12\/2022\/08\/Copia-de-EFICIENCIA-11-624x63.png 624w\" sizes=\"(max-width: 988px) 100vw, 988px\" \/><\/figure><\/div>\n\n\n\n<div class=\"wp-block-stackable-column stk-block-column stk-column stk-block stk-bf7725a\" data-block-id=\"bf7725a\"><style>.stk-bf7725a{display:flex !important}.stk-bf7725a{align-items:center !important}<\/style><div class=\"stk-column-wrapper stk-block-column__content stk-container stk-bf7725a-container stk--no-background stk--no-padding\"><div class=\"stk-block-content stk-inner-blocks\"><\/div><\/div><\/div>\n<\/div><\/div>\n<\/div>\n<\/div>\n\n\n\n<p class=\"has-text-align-justify\">Neste campo voc\u00ea encontrar\u00e1 os documentos necess\u00e1rios para orientar servidores estaduais quanto aos procedimentos relacionados \u00e0s \u00e1reas de atua\u00e7\u00e3o no \u00e2mbito da Ouvidoria.<\/p>\n\n\n\n<p><em>Clique no tipo de documento abaixo.<\/em><\/p>\n\n\n\n<div class=\"wp-block-stackable-columns stk-block-columns stk-block stk-75c7595\" data-block-id=\"75c7595\"><style>.stk-75c7595{margin-bottom:0px !important}<\/style><div class=\"stk-row stk-inner-blocks stk-block-content stk-content-align stk-75c7595-column\">\n<div class=\"wp-block-stackable-column stk-block-column stk-column stk-block stk-5b44fc6\" data-block-id=\"5b44fc6\"><div class=\"stk-column-wrapper stk-block-column__content stk-container stk-5b44fc6-container stk--no-background stk--no-padding\"><div class=\"stk-block-content stk-inner-blocks\">\n<div class=\"wp-block-stackable-columns stk-block-columns stk-block stk-c312d64\" data-block-id=\"c312d64\"><div class=\"stk-row stk-inner-blocks stk-block-content stk-content-align stk-c312d64-column\">\n<div class=\"wp-block-stackable-column stk-block-column stk-column stk-block stk-6fe4073\" data-block-id=\"6fe4073\"><div class=\"stk-column-wrapper stk-block-column__content stk-container stk-6fe4073-container stk--no-background stk--no-padding\"><div class=\"stk-block-content stk-inner-blocks\">\n<div class=\"wp-block-columns is-layout-flex wp-container-6\">\n<div class=\"wp-block-column is-layout-flow\">\n<div class=\"wp-block-stackable-image-box is-style-default stk-block-image-box stk-hover-parent stk-block stk-6be47c2\" data-block-id=\"6be47c2\"><div class=\"stk-block-content stk-inner-blocks has-text-align-center stk-row stk-block-image-box__content\">\n<div class=\"wp-block-stackable-image stk-block-image stk-block stk-08d168b\" data-block-id=\"08d168b\"><style>.stk-08d168b .stk-img-wrapper img{transform:scale(1.04) !important}.stk-08d168b .stk-img-wrapper{width:100% !important;height:226px !important}:where(.stk-hover-parent:hover,.stk-hover-parent.stk--is-hovered) .stk-08d168b .stk-img-wrapper{--stk-gradient-overlay:0.7 !important}:where(.stk-hover-parent:hover,.stk-hover-parent.stk--is-hovered) .stk-08d168b .stk-img-wrapper::after{background-color:#000000 !important}<\/style><figure class=\"stk-img-wrapper stk-image--shape-stretch\"><img decoding=\"async\" loading=\"lazy\" class=\"stk-img wp-image-4521\" src=\"https:\/\/portal.pi.gov.br\/cge\/wp-content\/uploads\/sites\/12\/2022\/08\/Acesso-a-informacao-30.png\" width=\"1080\" height=\"800\" srcset=\"https:\/\/portal.pi.gov.br\/cge\/wp-content\/uploads\/sites\/12\/2022\/08\/Acesso-a-informacao-30.png 1080w, https:\/\/portal.pi.gov.br\/cge\/wp-content\/uploads\/sites\/12\/2022\/08\/Acesso-a-informacao-30-300x222.png 300w, https:\/\/portal.pi.gov.br\/cge\/wp-content\/uploads\/sites\/12\/2022\/08\/Acesso-a-informacao-30-1024x759.png 1024w, https:\/\/portal.pi.gov.br\/cge\/wp-content\/uploads\/sites\/12\/2022\/08\/Acesso-a-informacao-30-768x569.png 768w, https:\/\/portal.pi.gov.br\/cge\/wp-content\/uploads\/sites\/12\/2022\/08\/Acesso-a-informacao-30-420x311.png 420w, https:\/\/portal.pi.gov.br\/cge\/wp-content\/uploads\/sites\/12\/2022\/08\/Acesso-a-informacao-30-540x400.png 540w, https:\/\/portal.pi.gov.br\/cge\/wp-content\/uploads\/sites\/12\/2022\/08\/Acesso-a-informacao-30-780x578.png 780w, https:\/\/portal.pi.gov.br\/cge\/wp-content\/uploads\/sites\/12\/2022\/08\/Acesso-a-informacao-30-947x701.png 947w, https:\/\/portal.pi.gov.br\/cge\/wp-content\/uploads\/sites\/12\/2022\/08\/Acesso-a-informacao-30-624x462.png 624w\" sizes=\"(max-width: 1080px) 100vw, 1080px\" \/><\/figure><\/div>\n\n\n\n<div class=\"wp-block-stackable-column stk-block-column stk-column stk-block stk-02a3920\" data-block-id=\"02a3920\"><style>.stk-02a3920{display:flex !important}.stk-02a3920{align-items:center !important}<\/style><div class=\"stk-column-wrapper stk-block-column__content stk-container stk-02a3920-container stk--no-background stk--no-padding\"><div class=\"stk-block-content stk-inner-blocks\"><\/div><\/div><\/div>\n<\/div><a class=\"stk-link stk-block-link stk--transparent-overlay\" href=\"https:\/\/portal.pi.gov.br\/cge\/ouvidoria-legislacao\/\"><\/a><\/div>\n<\/div>\n\n\n\n<div class=\"wp-block-column is-layout-flow\">\n<div class=\"wp-block-stackable-image-box is-style-default stk-block-image-box stk-hover-parent stk-block stk-4e2fa2e\" data-block-id=\"4e2fa2e\"><div class=\"stk-block-content stk-inner-blocks has-text-align-center stk-row stk-block-image-box__content\">\n<div class=\"wp-block-stackable-image stk-block-image stk-block stk-762ea9d\" data-block-id=\"762ea9d\"><style>.stk-762ea9d .stk-img-wrapper{width:100% !important;height:228px !important}:where(.stk-hover-parent:hover,.stk-hover-parent.stk--is-hovered) .stk-762ea9d .stk-img-wrapper{--stk-gradient-overlay:0.7 !important}:where(.stk-hover-parent:hover,.stk-hover-parent.stk--is-hovered) .stk-762ea9d .stk-img-wrapper::after{background-color:#000000 !important}<\/style><figure class=\"stk-img-wrapper stk-image--shape-stretch\"><img decoding=\"async\" loading=\"lazy\" class=\"stk-img wp-image-4544\" src=\"https:\/\/portal.pi.gov.br\/cge\/wp-content\/uploads\/sites\/12\/2022\/08\/Acesso-a-informacao-38.png\" width=\"1080\" height=\"800\" srcset=\"https:\/\/portal.pi.gov.br\/cge\/wp-content\/uploads\/sites\/12\/2022\/08\/Acesso-a-informacao-38.png 1080w, https:\/\/portal.pi.gov.br\/cge\/wp-content\/uploads\/sites\/12\/2022\/08\/Acesso-a-informacao-38-300x222.png 300w, https:\/\/portal.pi.gov.br\/cge\/wp-content\/uploads\/sites\/12\/2022\/08\/Acesso-a-informacao-38-1024x759.png 1024w, https:\/\/portal.pi.gov.br\/cge\/wp-content\/uploads\/sites\/12\/2022\/08\/Acesso-a-informacao-38-768x569.png 768w, https:\/\/portal.pi.gov.br\/cge\/wp-content\/uploads\/sites\/12\/2022\/08\/Acesso-a-informacao-38-420x311.png 420w, https:\/\/portal.pi.gov.br\/cge\/wp-content\/uploads\/sites\/12\/2022\/08\/Acesso-a-informacao-38-540x400.png 540w, https:\/\/portal.pi.gov.br\/cge\/wp-content\/uploads\/sites\/12\/2022\/08\/Acesso-a-informacao-38-780x578.png 780w, https:\/\/portal.pi.gov.br\/cge\/wp-content\/uploads\/sites\/12\/2022\/08\/Acesso-a-informacao-38-947x701.png 947w, https:\/\/portal.pi.gov.br\/cge\/wp-content\/uploads\/sites\/12\/2022\/08\/Acesso-a-informacao-38-624x462.png 624w\" sizes=\"(max-width: 1080px) 100vw, 1080px\" \/><\/figure><\/div>\n\n\n\n<div class=\"wp-block-stackable-column stk-block-column stk-column stk-block stk-fc8506a\" data-block-id=\"fc8506a\"><style>.stk-fc8506a{display:flex !important}.stk-fc8506a{align-items:center !important}<\/style><div class=\"stk-column-wrapper stk-block-column__content stk-container stk-fc8506a-container stk--no-background stk--no-padding\"><div class=\"stk-block-content stk-inner-blocks\"><\/div><\/div><\/div>\n<\/div><a class=\"stk-link stk-block-link stk--transparent-overlay\" href=\"https:\/\/portal.pi.gov.br\/cge\/ouvidoria-manuais-e-cartilhas\/\" rel=\"noreferrer noopener\"><\/a><\/div>\n<\/div>\n\n\n\n<div class=\"wp-block-column is-layout-flow\">\n<div class=\"wp-block-stackable-image-box is-style-default stk-block-image-box stk-hover-parent stk-block stk-3038915\" data-block-id=\"3038915\"><div class=\"stk-block-content stk-inner-blocks has-text-align-center stk-row stk-block-image-box__content\">\n<div class=\"wp-block-stackable-image stk-block-image stk-block stk-de6c82a\" data-block-id=\"de6c82a\"><style>.stk-de6c82a .stk-img-wrapper{width:100% !important;height:230px !important}:where(.stk-hover-parent:hover,.stk-hover-parent.stk--is-hovered) .stk-de6c82a .stk-img-wrapper{--stk-gradient-overlay:0.7 !important}:where(.stk-hover-parent:hover,.stk-hover-parent.stk--is-hovered) .stk-de6c82a .stk-img-wrapper::after{background-color:#000000 !important}<\/style><figure class=\"stk-img-wrapper stk-image--shape-stretch\"><img decoding=\"async\" loading=\"lazy\" class=\"stk-img wp-image-4545\" src=\"https:\/\/portal.pi.gov.br\/cge\/wp-content\/uploads\/sites\/12\/2022\/08\/Acesso-a-informacao-37.png\" width=\"1080\" height=\"800\" srcset=\"https:\/\/portal.pi.gov.br\/cge\/wp-content\/uploads\/sites\/12\/2022\/08\/Acesso-a-informacao-37.png 1080w, https:\/\/portal.pi.gov.br\/cge\/wp-content\/uploads\/sites\/12\/2022\/08\/Acesso-a-informacao-37-300x222.png 300w, https:\/\/portal.pi.gov.br\/cge\/wp-content\/uploads\/sites\/12\/2022\/08\/Acesso-a-informacao-37-1024x759.png 1024w, https:\/\/portal.pi.gov.br\/cge\/wp-content\/uploads\/sites\/12\/2022\/08\/Acesso-a-informacao-37-768x569.png 768w, https:\/\/portal.pi.gov.br\/cge\/wp-content\/uploads\/sites\/12\/2022\/08\/Acesso-a-informacao-37-420x311.png 420w, https:\/\/portal.pi.gov.br\/cge\/wp-content\/uploads\/sites\/12\/2022\/08\/Acesso-a-informacao-37-540x400.png 540w, https:\/\/portal.pi.gov.br\/cge\/wp-content\/uploads\/sites\/12\/2022\/08\/Acesso-a-informacao-37-780x578.png 780w, https:\/\/portal.pi.gov.br\/cge\/wp-content\/uploads\/sites\/12\/2022\/08\/Acesso-a-informacao-37-947x701.png 947w, https:\/\/portal.pi.gov.br\/cge\/wp-content\/uploads\/sites\/12\/2022\/08\/Acesso-a-informacao-37-624x462.png 624w\" sizes=\"(max-width: 1080px) 100vw, 1080px\" \/><\/figure><\/div>\n\n\n\n<div class=\"wp-block-stackable-column stk-block-column stk-column stk-block stk-c351888\" data-block-id=\"c351888\"><style>.stk-c351888{display:flex !important}.stk-c351888{align-items:center !important}<\/style><div class=\"stk-column-wrapper stk-block-column__content stk-container stk-c351888-container stk--no-background stk--no-padding\"><div class=\"stk-block-content stk-inner-blocks\"><\/div><\/div><\/div>\n<\/div><a class=\"stk-link stk-block-link stk--transparent-overlay\" href=\"https:\/\/portal.pi.gov.br\/cge\/ouvidoria-boletins-e-relatorios\/\" rel=\"noreferrer noopener\"><\/a><\/div>\n<\/div>\n<\/div>\n<\/div><\/div><\/div>\n<\/div><\/div>\n<\/div><\/div><\/div>\n<\/div><\/div>\n","protected":false},"excerpt":{"rendered":"<p>Neste campo voc\u00ea encontrar\u00e1 os documentos necess\u00e1rios para orientar servidores estaduais quanto aos procedimentos relacionados \u00e0s \u00e1reas de atua\u00e7\u00e3o no \u00e2mbito da Ouvidoria. Clique no tipo de documento abaixo.<\/p>\n","protected":false},"author":40,"featured_media":0,"parent":0,"menu_order":0,"comment_status":"closed","ping_status":"closed","template":"","meta":[],"featured_image_urls":{"full":"","thumbnail":"","medium":"","medium_large":"","large":"","sgg-420":"","sgg-540":"","sgg-780":"","1536x1536":"","2048x2048":"","homepage-slider":"","homepage-slider-small":"","page-top":"","page-small":"","loop-main":"","thumb-gallery-widget":""},"post_excerpt_stackable":"<p>Neste campo voc\u00ea encontrar\u00e1 os documentos necess\u00e1rios para orientar servidores estaduais quanto aos procedimentos relacionados \u00e0s \u00e1reas de atua\u00e7\u00e3o no \u00e2mbito da Ouvidoria. Clique no tipo de documento abaixo.<\/p>\n","category_list":"","author_info":{"name":"ariel","url":"https:\/\/portal.pi.gov.br\/cge\/author\/ariel\/"},"comments_num":"0 coment\u00e1rio","featured_image_urls_v2":{"full":"","thumbnail":"","medium":"","medium_large":"","large":"","sgg-420":"","sgg-540":"","sgg-780":"","1536x1536":"","2048x2048":"","homepage-slider":"","homepage-slider-small":"","page-top":"","page-small":"","loop-main":"","thumb-gallery-widget":""},"post_excerpt_stackable_v2":"<p>Neste campo voc\u00ea encontrar\u00e1 os documentos necess\u00e1rios para orientar servidores estaduais quanto aos procedimentos relacionados \u00e0s \u00e1reas de atua\u00e7\u00e3o no \u00e2mbito da Ouvidoria. Clique no tipo de documento abaixo.<\/p>\n","category_list_v2":"","author_info_v2":{"name":"ariel","url":"https:\/\/portal.pi.gov.br\/cge\/author\/ariel\/"},"comments_num_v2":"0 coment\u00e1rio","jetpack_sharing_enabled":true,"_links":{"self":[{"href":"https:\/\/portal.pi.gov.br\/cge\/wp-json\/wp\/v2\/pages\/3365"}],"collection":[{"href":"https:\/\/portal.pi.gov.br\/cge\/wp-json\/wp\/v2\/pages"}],"about":[{"href":"https:\/\/portal.pi.gov.br\/cge\/wp-json\/wp\/v2\/types\/page"}],"author":[{"embeddable":true,"href":"https:\/\/portal.pi.gov.br\/cge\/wp-json\/wp\/v2\/users\/40"}],"replies":[{"embeddable":true,"href":"https:\/\/portal.pi.gov.br\/cge\/wp-json\/wp\/v2\/comments?post=3365"}],"version-history":[{"count":45,"href":"https:\/\/portal.pi.gov.br\/cge\/wp-json\/wp\/v2\/pages\/3365\/revisions"}],"predecessor-version":[{"id":4592,"href":"https:\/\/portal.pi.gov.br\/cge\/wp-json\/wp\/v2\/pages\/3365\/revisions\/4592"}],"wp:attachment":[{"href":"https:\/\/portal.pi.gov.br\/cge\/wp-json\/wp\/v2\/media?parent=3365"}],"curies":[{"name":"wp","href":"https:\/\/api.w.org\/{rel}","templated":true}]}}