{"id":343,"date":"2020-09-03T10:02:29","date_gmt":"2020-09-03T13:02:29","guid":{"rendered":"http:\/\/www2.pi.gov.br\/cge\/?page_id=343"},"modified":"2022-11-04T11:14:19","modified_gmt":"2022-11-04T14:14:19","slug":"acesso-a-informacao","status":"publish","type":"page","link":"https:\/\/portal.pi.gov.br\/cge\/acesso-a-informacao\/","title":{"rendered":"Acesso \u00e0 informa\u00e7\u00e3o"},"content":{"rendered":"\n<figure class=\"wp-block-image size-full is-resized\"><img decoding=\"async\" loading=\"lazy\" src=\"https:\/\/portal.pi.gov.br\/cge\/wp-content\/uploads\/sites\/12\/2022\/11\/acessoainformacaopi.png\" alt=\"\" class=\"wp-image-5103\" width=\"1190\" height=\"120\" srcset=\"https:\/\/portal.pi.gov.br\/cge\/wp-content\/uploads\/sites\/12\/2022\/11\/acessoainformacaopi.png 988w, https:\/\/portal.pi.gov.br\/cge\/wp-content\/uploads\/sites\/12\/2022\/11\/acessoainformacaopi-300x30.png 300w, https:\/\/portal.pi.gov.br\/cge\/wp-content\/uploads\/sites\/12\/2022\/11\/acessoainformacaopi-768x78.png 768w, https:\/\/portal.pi.gov.br\/cge\/wp-content\/uploads\/sites\/12\/2022\/11\/acessoainformacaopi-420x43.png 420w, https:\/\/portal.pi.gov.br\/cge\/wp-content\/uploads\/sites\/12\/2022\/11\/acessoainformacaopi-540x55.png 540w, https:\/\/portal.pi.gov.br\/cge\/wp-content\/uploads\/sites\/12\/2022\/11\/acessoainformacaopi-780x79.png 780w, https:\/\/portal.pi.gov.br\/cge\/wp-content\/uploads\/sites\/12\/2022\/11\/acessoainformacaopi-947x96.png 947w, https:\/\/portal.pi.gov.br\/cge\/wp-content\/uploads\/sites\/12\/2022\/11\/acessoainformacaopi-624x63.png 624w\" sizes=\"(max-width: 1190px) 100vw, 1190px\" \/><\/figure>\n\n\n\n<p class=\"has-text-align-justify\">Neste campo voc\u00ea encontrar\u00e1 informa\u00e7\u00f5es necess\u00e1rias para lhe auxiliar no acesso \u00e0s informa\u00e7\u00f5es inerentes \u00e0 Controladoria-Geral do Estado do Piau\u00ed e do Governo do Estado.<\/p>\n\n\n\n<p class=\"has-text-align-justify\">O acesso \u00e0 informa\u00e7\u00e3o \u00e9 um direito fundamental\u00a0regulamentado em \u00e2mbito nacional, pela\u00a0<strong><a href=\"https:\/\/portal.pi.gov.br\/cge\/download\/297\/legislacao\/3576\/lei-12-527-18-11-2011-lei-de-acesso-a-informacao.pdf\">Lei Federal n\u00ba 12.527\/2011<\/a><\/strong>.  Sua san\u00e7\u00e3o representou um importante passo para o fortalecimento das pol\u00edticas de transpar\u00eancia p\u00fablica. No Piau\u00ed, a Lei de Acesso \u00e0 Informa\u00e7\u00e3o foi regulamentada por meio do <strong><a rel=\"noreferrer noopener\" href=\"https:\/\/portal.pi.gov.br\/cge\/download\/297\/legislacao\/3574\/decreto-15-188-de-22-05-2013.pdf\" target=\"_blank\">Decreto N.\u00ba 15.188\/2013<\/a><\/strong>.\u00a0<\/p>\n","protected":false},"excerpt":{"rendered":"<p>Neste campo voc\u00ea encontrar\u00e1 informa\u00e7\u00f5es necess\u00e1rias para lhe auxiliar no acesso \u00e0s informa\u00e7\u00f5es inerentes \u00e0 Controladoria-Geral do Estado do Piau\u00ed e do Governo do Estado. O acesso \u00e0 informa\u00e7\u00e3o \u00e9 [&hellip;]<\/p>\n","protected":false},"author":15,"featured_media":0,"parent":0,"menu_order":0,"comment_status":"closed","ping_status":"closed","template":"","meta":[],"featured_image_urls":{"full":"","thumbnail":"","medium":"","medium_large":"","large":"","sgg-420":"","sgg-540":"","sgg-780":"","1536x1536":"","2048x2048":"","homepage-slider":"","homepage-slider-small":"","page-top":"","page-small":"","loop-main":"","thumb-gallery-widget":""},"post_excerpt_stackable":"<p>Neste campo voc\u00ea encontrar\u00e1 informa\u00e7\u00f5es necess\u00e1rias para lhe auxiliar no acesso \u00e0s informa\u00e7\u00f5es inerentes \u00e0 Controladoria-Geral do Estado do Piau\u00ed e do Governo do Estado. O acesso \u00e0 informa\u00e7\u00e3o \u00e9 um direito fundamental\u00a0regulamentado em \u00e2mbito nacional, pela\u00a0Lei Federal n\u00ba 12.527\/2011. Sua san\u00e7\u00e3o representou um importante passo para o fortalecimento das pol\u00edticas de transpar\u00eancia p\u00fablica. No Piau\u00ed, a Lei de Acesso \u00e0 Informa\u00e7\u00e3o foi regulamentada por meio do Decreto N.\u00ba 15.188\/2013.\u00a0<\/p>\n","category_list":"","author_info":{"name":"alansv","url":"https:\/\/portal.pi.gov.br\/cge\/author\/alansv\/"},"comments_num":"0 coment\u00e1rio","featured_image_urls_v2":{"full":"","thumbnail":"","medium":"","medium_large":"","large":"","sgg-420":"","sgg-540":"","sgg-780":"","1536x1536":"","2048x2048":"","homepage-slider":"","homepage-slider-small":"","page-top":"","page-small":"","loop-main":"","thumb-gallery-widget":""},"post_excerpt_stackable_v2":"<p>Neste campo voc\u00ea encontrar\u00e1 informa\u00e7\u00f5es necess\u00e1rias para lhe auxiliar no acesso \u00e0s informa\u00e7\u00f5es inerentes \u00e0 Controladoria-Geral do Estado do Piau\u00ed e do Governo do Estado. O acesso \u00e0 informa\u00e7\u00e3o \u00e9 um direito fundamental\u00a0regulamentado em \u00e2mbito nacional, pela\u00a0Lei Federal n\u00ba 12.527\/2011. Sua san\u00e7\u00e3o representou um importante passo para o fortalecimento das pol\u00edticas de transpar\u00eancia p\u00fablica. No Piau\u00ed, a Lei de Acesso \u00e0 Informa\u00e7\u00e3o foi regulamentada por meio do Decreto N.\u00ba 15.188\/2013.\u00a0<\/p>\n","category_list_v2":"","author_info_v2":{"name":"alansv","url":"https:\/\/portal.pi.gov.br\/cge\/author\/alansv\/"},"comments_num_v2":"0 coment\u00e1rio","jetpack_sharing_enabled":true,"_links":{"self":[{"href":"https:\/\/portal.pi.gov.br\/cge\/wp-json\/wp\/v2\/pages\/343"}],"collection":[{"href":"https:\/\/portal.pi.gov.br\/cge\/wp-json\/wp\/v2\/pages"}],"about":[{"href":"https:\/\/portal.pi.gov.br\/cge\/wp-json\/wp\/v2\/types\/page"}],"author":[{"embeddable":true,"href":"https:\/\/portal.pi.gov.br\/cge\/wp-json\/wp\/v2\/users\/15"}],"replies":[{"embeddable":true,"href":"https:\/\/portal.pi.gov.br\/cge\/wp-json\/wp\/v2\/comments?post=343"}],"version-history":[{"count":7,"href":"https:\/\/portal.pi.gov.br\/cge\/wp-json\/wp\/v2\/pages\/343\/revisions"}],"predecessor-version":[{"id":5110,"href":"https:\/\/portal.pi.gov.br\/cge\/wp-json\/wp\/v2\/pages\/343\/revisions\/5110"}],"wp:attachment":[{"href":"https:\/\/portal.pi.gov.br\/cge\/wp-json\/wp\/v2\/media?parent=343"}],"curies":[{"name":"wp","href":"https:\/\/api.w.org\/{rel}","templated":true}]}}