{"id":362,"date":"2020-09-08T16:20:46","date_gmt":"2020-09-08T19:20:46","guid":{"rendered":"http:\/\/www2.pi.gov.br\/cge\/?page_id=362"},"modified":"2022-02-17T08:42:57","modified_gmt":"2022-02-17T11:42:57","slug":"servidores","status":"publish","type":"page","link":"https:\/\/portal.pi.gov.br\/cge\/servidores\/","title":{"rendered":"Servidores"},"content":{"rendered":"\n<p>Nesta se\u00e7\u00e3o, voc\u00ea encontra informa\u00e7\u00f5es gerais e nomes de todos servidores lotados ou em exerc\u00edcio na CGE\/PI.<\/p>\n\n\n\n<div class=\"wp-block-ugb-notification ugb-notification ugb-57a2a0f ugb-notification--v2 ugb-notification--design-basic ugb-notification--type-info ugb-main-block\"><style>.ugb-57a2a0f .ugb-notification__item{border-radius:13px !important;background-color:rgba(32,145,225,0.1) !important}.ugb-57a2a0f .ugb-notification__item:before{background-color:#2091e1 !important}.ugb-57a2a0f .ugb-notification__title{color:#222222 !important}.ugb-57a2a0f .ugb-notification__description{color:#222222 !important}.ugb-57a2a0f .ugb-button{border-color:#424242}.ugb-57a2a0f .ugb-button .ugb-button--inner,.ugb-57a2a0f .ugb-button.ugb-button--has-icon.ugb-button--has-icon svg{color:#424242}.ugb-57a2a0f .ugb-button:hover .ugb-button--inner,.ugb-57a2a0f .ugb-button:hover svg{color:#424242}.ugb-57a2a0f.ugb-notification{z-index:1000 !important;opacity:1 !important}<\/style><div class=\"ugb-inner-block\"><div class=\"ugb-block-content\"><div class=\"ugb-notification__item ugb-notification--new-icon ugb--shadow-7\"><h5 class=\"ugb-notification__title\"><strong> Transpar\u00eancia<\/strong><\/h5><p class=\"ugb-notification__description\">As informa\u00e7\u00f5es relativas a servidores&nbsp;podem ser acessadas por meio do&nbsp;<strong>Portal da Transpar\u00eancia do Governo do Estado<\/strong>, onde podem ser consultadas as informa\u00e7\u00f5es por \u00f3rg\u00e3o, por ano ou por per\u00edodo.&nbsp;&nbsp;<\/p><div class=\"ugb-button-container\"><a class=\"ugb-button ugb-button--size-normal ugb-button--design-ghost\" href=\"https:\/\/transparencia.pi.gov.br\/ords\/f?p=101:LICITACAO:9130283932178::NO:::\" target=\"_blank\" rel=\"noopener noreferrer\" title=\"\"><span class=\"ugb-button--inner\">Acesse o Portal da Transpar\u00eancia<\/span><\/a><\/div><\/div><\/div><\/div><\/div>\n\n\n\n<p>Para encontrar as informa\u00e7\u00f5es sobre Servidores da CGE\/PI no Portal da Transpar\u00eancia basta efetuar o passo a passo a seguir: <\/p>\n\n\n\n<p>1 &#8211; Acesse o Portal da Transpar\u00eancia:\u00a0<a rel=\"noreferrer noopener\" href=\"https:\/\/transparencia.pi.gov.br\/ords\/f?p=101:1::::::\" target=\"_blank\"><strong>http:\/\/transparencia.pi.gov.br<\/strong><\/a>;<\/p>\n\n\n\n<p>2 &#8211; Acesse Servidores no menu Consultas (no lado esquerdo da tela) ou no \u00edcone Servidores (em verde) na p\u00e1gina principal do Portal;<\/p>\n\n\n\n<p>3 &#8211; Selecione os dados a serem consultados por ano e clique em Consultar.<\/p>\n\n\n\n<p><strong>Obs.:<\/strong>&nbsp;Outra forma de localizar servidores da CGE no Portal da Transpar\u00eancia \u00e9 clicando no filtro \u00d3rg\u00e3o, que aparece na tabela e selecionar o nome Controladoria-Geral do Estado.<\/p>\n","protected":false},"excerpt":{"rendered":"<p>Nesta se\u00e7\u00e3o, voc\u00ea encontra informa\u00e7\u00f5es gerais e nomes de todos servidores lotados ou em exerc\u00edcio na CGE\/PI. Transpar\u00eancia As informa\u00e7\u00f5es relativas a servidores&nbsp;podem ser acessadas por meio do&nbsp;Portal da Transpar\u00eancia [&hellip;]<\/p>\n","protected":false},"author":15,"featured_media":0,"parent":0,"menu_order":0,"comment_status":"closed","ping_status":"closed","template":"","meta":[],"featured_image_urls":{"full":"","thumbnail":"","medium":"","medium_large":"","large":"","sgg-420":"","sgg-540":"","sgg-780":"","1536x1536":"","2048x2048":"","homepage-slider":"","homepage-slider-small":"","page-top":"","page-small":"","loop-main":"","thumb-gallery-widget":""},"post_excerpt_stackable":"<p>Nesta se\u00e7\u00e3o, voc\u00ea encontra informa\u00e7\u00f5es gerais e nomes de todos servidores lotados ou em exerc\u00edcio na CGE\/PI. Transpar\u00eanciaAs informa\u00e7\u00f5es relativas a servidores&nbsp;podem ser acessadas por meio do&nbsp;Portal da Transpar\u00eancia do Governo do Estado, onde podem ser consultadas as informa\u00e7\u00f5es por \u00f3rg\u00e3o, por ano ou por per\u00edodo.&nbsp;&nbsp;Acesse o Portal da Transpar\u00eancia Para encontrar as informa\u00e7\u00f5es sobre Servidores da CGE\/PI no Portal da Transpar\u00eancia basta efetuar o passo a passo a seguir: 1 &#8211; Acesse o Portal da Transpar\u00eancia:\u00a0http:\/\/transparencia.pi.gov.br; 2 &#8211; Acesse Servidores no menu Consultas (no lado esquerdo da tela) ou no \u00edcone Servidores (em verde) na p\u00e1gina principal do Portal;&hellip;<\/p>\n","category_list":"","author_info":{"name":"alansv","url":"https:\/\/portal.pi.gov.br\/cge\/author\/alansv\/"},"comments_num":"0 coment\u00e1rio","featured_image_urls_v2":{"full":"","thumbnail":"","medium":"","medium_large":"","large":"","sgg-420":"","sgg-540":"","sgg-780":"","1536x1536":"","2048x2048":"","homepage-slider":"","homepage-slider-small":"","page-top":"","page-small":"","loop-main":"","thumb-gallery-widget":""},"post_excerpt_stackable_v2":"<p>Nesta se\u00e7\u00e3o, voc\u00ea encontra informa\u00e7\u00f5es gerais e nomes de todos servidores lotados ou em exerc\u00edcio na CGE\/PI. Transpar\u00eanciaAs informa\u00e7\u00f5es relativas a servidores&nbsp;podem ser acessadas por meio do&nbsp;Portal da Transpar\u00eancia do Governo do Estado, onde podem ser consultadas as informa\u00e7\u00f5es por \u00f3rg\u00e3o, por ano ou por per\u00edodo.&nbsp;&nbsp;Acesse o Portal da Transpar\u00eancia Para encontrar as informa\u00e7\u00f5es sobre Servidores da CGE\/PI no Portal da Transpar\u00eancia basta efetuar o passo a passo a seguir: 1 &#8211; Acesse o Portal da Transpar\u00eancia:\u00a0http:\/\/transparencia.pi.gov.br; 2 &#8211; Acesse Servidores no menu Consultas (no lado esquerdo da tela) ou no \u00edcone Servidores (em verde) na p\u00e1gina principal do Portal;&hellip;<\/p>\n","category_list_v2":"","author_info_v2":{"name":"alansv","url":"https:\/\/portal.pi.gov.br\/cge\/author\/alansv\/"},"comments_num_v2":"0 coment\u00e1rio","jetpack_sharing_enabled":true,"_links":{"self":[{"href":"https:\/\/portal.pi.gov.br\/cge\/wp-json\/wp\/v2\/pages\/362"}],"collection":[{"href":"https:\/\/portal.pi.gov.br\/cge\/wp-json\/wp\/v2\/pages"}],"about":[{"href":"https:\/\/portal.pi.gov.br\/cge\/wp-json\/wp\/v2\/types\/page"}],"author":[{"embeddable":true,"href":"https:\/\/portal.pi.gov.br\/cge\/wp-json\/wp\/v2\/users\/15"}],"replies":[{"embeddable":true,"href":"https:\/\/portal.pi.gov.br\/cge\/wp-json\/wp\/v2\/comments?post=362"}],"version-history":[{"count":5,"href":"https:\/\/portal.pi.gov.br\/cge\/wp-json\/wp\/v2\/pages\/362\/revisions"}],"predecessor-version":[{"id":2499,"href":"https:\/\/portal.pi.gov.br\/cge\/wp-json\/wp\/v2\/pages\/362\/revisions\/2499"}],"wp:attachment":[{"href":"https:\/\/portal.pi.gov.br\/cge\/wp-json\/wp\/v2\/media?parent=362"}],"curies":[{"name":"wp","href":"https:\/\/api.w.org\/{rel}","templated":true}]}}