{"id":37,"date":"2020-08-21T15:54:53","date_gmt":"2020-08-21T18:54:53","guid":{"rendered":"http:\/\/www2.pi.gov.br\/cge\/?page_id=37"},"modified":"2022-08-18T11:50:51","modified_gmt":"2022-08-18T14:50:51","slug":"corregedoria","status":"publish","type":"page","link":"https:\/\/portal.pi.gov.br\/cge\/corregedoria\/","title":{"rendered":"Corregedoria"},"content":{"rendered":"\n<div class=\"wp-block-columns is-layout-flex wp-container-2\">\n<div class=\"wp-block-column is-layout-flow\">\n<div class=\"wp-block-stackable-image-box is-style-default stk-block-image-box stk-hover-parent stk-block stk-9a299b0\" data-block-id=\"9a299b0\"><div class=\"stk-block-content stk-inner-blocks has-text-align-center stk-row stk-block-image-box__content\">\n<div class=\"wp-block-stackable-image stk-block-image stk-block stk-6c6688f\" data-block-id=\"6c6688f\"><style>.stk-6c6688f .stk-img-wrapper{height:100px !important}:where(.stk-hover-parent:hover,.stk-hover-parent.stk--is-hovered) .stk-6c6688f .stk-img-wrapper{--stk-gradient-overlay:0.7 !important}:where(.stk-hover-parent:hover,.stk-hover-parent.stk--is-hovered) .stk-6c6688f .stk-img-wrapper::after{background-color:#000000 !important}<\/style><figure class=\"stk-img-wrapper stk-image--shape-stretch\"><img decoding=\"async\" loading=\"lazy\" class=\"stk-img wp-image-4628\" src=\"https:\/\/portal.pi.gov.br\/cge\/wp-content\/uploads\/sites\/12\/2022\/08\/Copia-de-EFICIENCIA-27.png\" width=\"988\" height=\"100\" srcset=\"https:\/\/portal.pi.gov.br\/cge\/wp-content\/uploads\/sites\/12\/2022\/08\/Copia-de-EFICIENCIA-27.png 988w, https:\/\/portal.pi.gov.br\/cge\/wp-content\/uploads\/sites\/12\/2022\/08\/Copia-de-EFICIENCIA-27-300x30.png 300w, https:\/\/portal.pi.gov.br\/cge\/wp-content\/uploads\/sites\/12\/2022\/08\/Copia-de-EFICIENCIA-27-768x78.png 768w, https:\/\/portal.pi.gov.br\/cge\/wp-content\/uploads\/sites\/12\/2022\/08\/Copia-de-EFICIENCIA-27-420x43.png 420w, https:\/\/portal.pi.gov.br\/cge\/wp-content\/uploads\/sites\/12\/2022\/08\/Copia-de-EFICIENCIA-27-540x55.png 540w, https:\/\/portal.pi.gov.br\/cge\/wp-content\/uploads\/sites\/12\/2022\/08\/Copia-de-EFICIENCIA-27-780x79.png 780w, https:\/\/portal.pi.gov.br\/cge\/wp-content\/uploads\/sites\/12\/2022\/08\/Copia-de-EFICIENCIA-27-947x96.png 947w, https:\/\/portal.pi.gov.br\/cge\/wp-content\/uploads\/sites\/12\/2022\/08\/Copia-de-EFICIENCIA-27-624x63.png 624w\" sizes=\"(max-width: 988px) 100vw, 988px\" \/><\/figure><\/div>\n\n\n\n<div class=\"wp-block-stackable-column stk-block-column stk-column stk-block stk-8b7f45b\" data-block-id=\"8b7f45b\"><style>.stk-8b7f45b{display:flex !important}.stk-8b7f45b{align-items:center !important}<\/style><div class=\"stk-column-wrapper stk-block-column__content stk-container stk-8b7f45b-container stk--no-background stk--no-padding\"><div class=\"stk-block-content stk-inner-blocks\"><\/div><\/div><\/div>\n<\/div><\/div>\n<\/div>\n<\/div>\n\n\n\n<p class=\"has-text-align-justify\">A Corregedoria-Geral do Estado (CRG) foi institu\u00edda, no \u00e2mbito da Controladoria-Geral do Estado, em 2019, por meio da <a rel=\"noreferrer noopener\" href=\"http:\/\/www.diariooficial.pi.gov.br\/diario\/201904\/DIARIO25_42615af331.pdf\" data-type=\"URL\" data-id=\"http:\/\/www.diariooficial.pi.gov.br\/diario\/201904\/DIARIO25_42615af331.pdf\" target=\"_blank\"><strong>Lei Complementar N\u00ba 241, de 22 de abril de 2019<\/strong><\/a>. <\/p>\n\n\n\n<p class=\"has-text-align-justify\">Tem como miss\u00e3o promover, orientar e coordenar os trabalhos de correi\u00e7\u00e3o no \u00e2mbito do Poder Executivo estadual. Entre os servi\u00e7os de correi\u00e7\u00e3o a cargo da CGE, os principais s\u00e3o:<\/p>\n\n\n\n<ul><li><p>Coordenar e supervisionar o sistema de correi\u00e7\u00e3o do Poder Executivo estadual, por meio dos N\u00facleos de Correi\u00e7\u00e3o ou unidades equivalentes nos seus \u00f3rg\u00e3os e entidades;<\/p><\/li><\/ul>\n\n\n\n<ul><li><p>Executar ou determinar a realiza\u00e7\u00e3o de correi\u00e7\u00f5es, que compreendem as atividades relacionadas \u00e0 preven\u00e7\u00e3o e apura\u00e7\u00e3o das irregularidades, no \u00e2mbito do Poder Executivo estadual, por meio da instaura\u00e7\u00e3o e condu\u00e7\u00e3o de processos administrativos disciplinares, sindic\u00e2ncias, e demais procedimentos correcionais;<\/p><\/li><\/ul>\n\n\n\n<div class=\"wp-block-columns is-layout-flex wp-container-5\">\n<div class=\"wp-block-column is-layout-flow\">\n<div class=\"wp-block-stackable-image-box is-style-default stk-block-image-box stk-hover-parent stk-block stk-8f7d845\" data-block-id=\"8f7d845\"><div class=\"stk-block-content stk-inner-blocks has-text-align-center stk-row stk-block-image-box__content\">\n<div class=\"wp-block-stackable-image stk-block-image stk-block stk-3ba3b7b\" data-block-id=\"3ba3b7b\"><style>.stk-3ba3b7b .stk-img-wrapper img{transform:scale(1.01) !important}.stk-3ba3b7b .stk-img-wrapper{width:100% !important;height:150px !important}:where(.stk-hover-parent:hover,.stk-hover-parent.stk--is-hovered) .stk-3ba3b7b .stk-img-wrapper{--stk-gradient-overlay:0.7 !important}:where(.stk-hover-parent:hover,.stk-hover-parent.stk--is-hovered) .stk-3ba3b7b .stk-img-wrapper::after{background-color:#000000 !important}<\/style><figure class=\"stk-img-wrapper stk-image--shape-stretch\"><img decoding=\"async\" loading=\"lazy\" class=\"stk-img wp-image-4314\" src=\"https:\/\/portal.pi.gov.br\/cge\/wp-content\/uploads\/sites\/12\/2022\/08\/Acesso-a-informacao-17-1.png\" width=\"1080\" height=\"800\" srcset=\"https:\/\/portal.pi.gov.br\/cge\/wp-content\/uploads\/sites\/12\/2022\/08\/Acesso-a-informacao-17-1.png 1080w, https:\/\/portal.pi.gov.br\/cge\/wp-content\/uploads\/sites\/12\/2022\/08\/Acesso-a-informacao-17-1-300x222.png 300w, https:\/\/portal.pi.gov.br\/cge\/wp-content\/uploads\/sites\/12\/2022\/08\/Acesso-a-informacao-17-1-1024x759.png 1024w, https:\/\/portal.pi.gov.br\/cge\/wp-content\/uploads\/sites\/12\/2022\/08\/Acesso-a-informacao-17-1-768x569.png 768w, https:\/\/portal.pi.gov.br\/cge\/wp-content\/uploads\/sites\/12\/2022\/08\/Acesso-a-informacao-17-1-420x311.png 420w, https:\/\/portal.pi.gov.br\/cge\/wp-content\/uploads\/sites\/12\/2022\/08\/Acesso-a-informacao-17-1-540x400.png 540w, https:\/\/portal.pi.gov.br\/cge\/wp-content\/uploads\/sites\/12\/2022\/08\/Acesso-a-informacao-17-1-780x578.png 780w, https:\/\/portal.pi.gov.br\/cge\/wp-content\/uploads\/sites\/12\/2022\/08\/Acesso-a-informacao-17-1-947x701.png 947w, https:\/\/portal.pi.gov.br\/cge\/wp-content\/uploads\/sites\/12\/2022\/08\/Acesso-a-informacao-17-1-624x462.png 624w\" sizes=\"(max-width: 1080px) 100vw, 1080px\" \/><\/figure><\/div>\n\n\n\n<div class=\"wp-block-stackable-column stk-block-column stk-column stk-block stk-2279392\" data-block-id=\"2279392\"><style>.stk-2279392{display:flex !important}.stk-2279392{align-items:center !important}<\/style><div class=\"stk-column-wrapper stk-block-column__content stk-container stk-2279392-container stk--no-background stk--no-padding\"><div class=\"stk-block-content stk-inner-blocks\"><\/div><\/div><\/div>\n<\/div><a class=\"stk-link stk-block-link stk--transparent-overlay\" href=\"https:\/\/portal.pi.gov.br\/cge\/corregedoria-2\/\" target=\"_blank\" rel=\"noreferrer noopener\"><\/a><\/div>\n<\/div>\n\n\n\n<div class=\"wp-block-column is-layout-flow\">\n<div class=\"wp-block-stackable-image-box is-style-default stk-block-image-box stk-hover-parent stk-block stk-df58a6b\" data-block-id=\"df58a6b\"><div class=\"stk-block-content stk-inner-blocks has-text-align-center stk-row stk-block-image-box__content\">\n<div class=\"wp-block-stackable-image stk-block-image stk-block stk-4a5a3b5\" data-block-id=\"4a5a3b5\"><style>.stk-4a5a3b5 .stk-img-wrapper img{transform:scale(1.01) !important}.stk-4a5a3b5 .stk-img-wrapper{width:100% !important;height:150px !important}:where(.stk-hover-parent:hover,.stk-hover-parent.stk--is-hovered) .stk-4a5a3b5 .stk-img-wrapper{--stk-gradient-overlay:0.7 !important}:where(.stk-hover-parent:hover,.stk-hover-parent.stk--is-hovered) .stk-4a5a3b5 .stk-img-wrapper::after{background-color:#000000 !important}<\/style><figure class=\"stk-img-wrapper stk-image--shape-stretch\"><img decoding=\"async\" loading=\"lazy\" class=\"stk-img wp-image-4363\" src=\"https:\/\/portal.pi.gov.br\/cge\/wp-content\/uploads\/sites\/12\/2022\/08\/Acesso-a-informacao-19-1.png\" width=\"1080\" height=\"800\" srcset=\"https:\/\/portal.pi.gov.br\/cge\/wp-content\/uploads\/sites\/12\/2022\/08\/Acesso-a-informacao-19-1.png 1080w, https:\/\/portal.pi.gov.br\/cge\/wp-content\/uploads\/sites\/12\/2022\/08\/Acesso-a-informacao-19-1-300x222.png 300w, https:\/\/portal.pi.gov.br\/cge\/wp-content\/uploads\/sites\/12\/2022\/08\/Acesso-a-informacao-19-1-1024x759.png 1024w, https:\/\/portal.pi.gov.br\/cge\/wp-content\/uploads\/sites\/12\/2022\/08\/Acesso-a-informacao-19-1-768x569.png 768w, https:\/\/portal.pi.gov.br\/cge\/wp-content\/uploads\/sites\/12\/2022\/08\/Acesso-a-informacao-19-1-420x311.png 420w, https:\/\/portal.pi.gov.br\/cge\/wp-content\/uploads\/sites\/12\/2022\/08\/Acesso-a-informacao-19-1-540x400.png 540w, https:\/\/portal.pi.gov.br\/cge\/wp-content\/uploads\/sites\/12\/2022\/08\/Acesso-a-informacao-19-1-780x578.png 780w, https:\/\/portal.pi.gov.br\/cge\/wp-content\/uploads\/sites\/12\/2022\/08\/Acesso-a-informacao-19-1-947x701.png 947w, https:\/\/portal.pi.gov.br\/cge\/wp-content\/uploads\/sites\/12\/2022\/08\/Acesso-a-informacao-19-1-624x462.png 624w\" sizes=\"(max-width: 1080px) 100vw, 1080px\" \/><\/figure><\/div>\n\n\n\n<div class=\"wp-block-stackable-column stk-block-column stk-column stk-block stk-7ee3e9d\" data-block-id=\"7ee3e9d\"><style>.stk-7ee3e9d{display:flex !important}.stk-7ee3e9d{align-items:center !important}<\/style><div class=\"stk-column-wrapper stk-block-column__content stk-container stk-7ee3e9d-container stk--no-background stk--no-padding\"><div class=\"stk-block-content stk-inner-blocks\"><\/div><\/div><\/div>\n<\/div><a class=\"stk-link stk-block-link stk--transparent-overlay\" href=\"http:\/\/certidoes.cge.pi.gov.br\/\" target=\"_blank\" rel=\"noreferrer noopener\"><\/a><\/div>\n<\/div>\n<\/div>\n\n\n\n<h2 class=\"has-text-align-center wp-block-heading\"><em><span style=\"color: #0071a1\" class=\"ugb-highlight\">Canais de atendimento<\/span><\/em><\/h2>\n\n\n\n<div class=\"wp-block-columns is-layout-flex wp-container-9\">\n<div class=\"wp-block-column is-layout-flow\">\n<div class=\"wp-block-stackable-image-box is-style-default stk-block-image-box stk-hover-parent stk-block stk-6302cf8\" data-block-id=\"6302cf8\"><div class=\"stk-block-content stk-inner-blocks has-text-align-center stk-row stk-block-image-box__content\">\n<div class=\"wp-block-stackable-image stk-block-image stk-block stk-9f102d3\" data-block-id=\"9f102d3\"><style>.stk-9f102d3 .stk-img-wrapper img{transform:scale(1.04) !important}.stk-9f102d3 .stk-img-wrapper{width:100% !important;height:227px !important;--stk-gradient-overlay:0.3 !important}:where(.stk-hover-parent:hover,.stk-hover-parent.stk--is-hovered) .stk-9f102d3 .stk-img-wrapper{--stk-gradient-overlay:0.7 !important}:where(.stk-hover-parent:hover,.stk-hover-parent.stk--is-hovered) .stk-9f102d3 .stk-img-wrapper::after{background-color:#000000 !important}<\/style><figure class=\"stk-img-wrapper stk-image--shape-stretch\"><img decoding=\"async\" loading=\"lazy\" class=\"stk-img wp-image-4366\" src=\"https:\/\/portal.pi.gov.br\/cge\/wp-content\/uploads\/sites\/12\/2022\/08\/Acesso-a-informacao-21.png\" width=\"1080\" height=\"800\" srcset=\"https:\/\/portal.pi.gov.br\/cge\/wp-content\/uploads\/sites\/12\/2022\/08\/Acesso-a-informacao-21.png 1080w, https:\/\/portal.pi.gov.br\/cge\/wp-content\/uploads\/sites\/12\/2022\/08\/Acesso-a-informacao-21-300x222.png 300w, https:\/\/portal.pi.gov.br\/cge\/wp-content\/uploads\/sites\/12\/2022\/08\/Acesso-a-informacao-21-1024x759.png 1024w, https:\/\/portal.pi.gov.br\/cge\/wp-content\/uploads\/sites\/12\/2022\/08\/Acesso-a-informacao-21-768x569.png 768w, https:\/\/portal.pi.gov.br\/cge\/wp-content\/uploads\/sites\/12\/2022\/08\/Acesso-a-informacao-21-420x311.png 420w, https:\/\/portal.pi.gov.br\/cge\/wp-content\/uploads\/sites\/12\/2022\/08\/Acesso-a-informacao-21-540x400.png 540w, https:\/\/portal.pi.gov.br\/cge\/wp-content\/uploads\/sites\/12\/2022\/08\/Acesso-a-informacao-21-780x578.png 780w, https:\/\/portal.pi.gov.br\/cge\/wp-content\/uploads\/sites\/12\/2022\/08\/Acesso-a-informacao-21-947x701.png 947w, https:\/\/portal.pi.gov.br\/cge\/wp-content\/uploads\/sites\/12\/2022\/08\/Acesso-a-informacao-21-624x462.png 624w\" sizes=\"(max-width: 1080px) 100vw, 1080px\" \/><\/figure><\/div>\n\n\n\n<div class=\"wp-block-stackable-column stk-block-column stk-column stk-block stk-612747a\" data-block-id=\"612747a\"><style>.stk-612747a{display:flex !important}.stk-612747a{align-items:center !important}<\/style><div class=\"stk-column-wrapper stk-block-column__content stk-container stk-612747a-container stk--no-background stk--no-padding\"><div class=\"stk-block-content stk-inner-blocks\"><\/div><\/div><\/div>\n<\/div><a class=\"stk-link stk-block-link stk--transparent-overlay\" href=\"corregedoria@cge.pi.gov.br\" target=\"_blank\" rel=\"noreferrer noopener\"><\/a><\/div>\n<\/div>\n\n\n\n<div class=\"wp-block-column is-layout-flow\">\n<div class=\"wp-block-stackable-image-box is-style-default stk-block-image-box stk-hover-parent stk-block stk-e7706ba\" data-block-id=\"e7706ba\"><div class=\"stk-block-content stk-inner-blocks has-text-align-center stk-row stk-block-image-box__content\">\n<div class=\"wp-block-stackable-image stk-block-image stk-block stk-d63bc7a\" data-block-id=\"d63bc7a\"><style>.stk-d63bc7a .stk-img-wrapper img{transform:scale(1.04) !important}.stk-d63bc7a .stk-img-wrapper{width:100% !important;height:228px !important}:where(.stk-hover-parent:hover,.stk-hover-parent.stk--is-hovered) .stk-d63bc7a .stk-img-wrapper{--stk-gradient-overlay:0.7 !important}:where(.stk-hover-parent:hover,.stk-hover-parent.stk--is-hovered) .stk-d63bc7a .stk-img-wrapper::after{background-color:#000000 !important}<\/style><figure class=\"stk-img-wrapper stk-image--shape-stretch\"><img decoding=\"async\" loading=\"lazy\" class=\"stk-img wp-image-4367\" src=\"https:\/\/portal.pi.gov.br\/cge\/wp-content\/uploads\/sites\/12\/2022\/08\/Acesso-a-informacao-20.png\" width=\"1080\" height=\"800\" srcset=\"https:\/\/portal.pi.gov.br\/cge\/wp-content\/uploads\/sites\/12\/2022\/08\/Acesso-a-informacao-20.png 1080w, https:\/\/portal.pi.gov.br\/cge\/wp-content\/uploads\/sites\/12\/2022\/08\/Acesso-a-informacao-20-300x222.png 300w, https:\/\/portal.pi.gov.br\/cge\/wp-content\/uploads\/sites\/12\/2022\/08\/Acesso-a-informacao-20-1024x759.png 1024w, https:\/\/portal.pi.gov.br\/cge\/wp-content\/uploads\/sites\/12\/2022\/08\/Acesso-a-informacao-20-768x569.png 768w, https:\/\/portal.pi.gov.br\/cge\/wp-content\/uploads\/sites\/12\/2022\/08\/Acesso-a-informacao-20-420x311.png 420w, https:\/\/portal.pi.gov.br\/cge\/wp-content\/uploads\/sites\/12\/2022\/08\/Acesso-a-informacao-20-540x400.png 540w, https:\/\/portal.pi.gov.br\/cge\/wp-content\/uploads\/sites\/12\/2022\/08\/Acesso-a-informacao-20-780x578.png 780w, https:\/\/portal.pi.gov.br\/cge\/wp-content\/uploads\/sites\/12\/2022\/08\/Acesso-a-informacao-20-947x701.png 947w, https:\/\/portal.pi.gov.br\/cge\/wp-content\/uploads\/sites\/12\/2022\/08\/Acesso-a-informacao-20-624x462.png 624w\" sizes=\"(max-width: 1080px) 100vw, 1080px\" \/><\/figure><\/div>\n\n\n\n<div class=\"wp-block-stackable-column stk-block-column stk-column stk-block stk-ebc25de\" data-block-id=\"ebc25de\"><style>.stk-ebc25de{display:flex !important}.stk-ebc25de{align-items:center !important}<\/style><div class=\"stk-column-wrapper stk-block-column__content stk-container stk-ebc25de-container stk--no-background stk--no-padding\"><div class=\"stk-block-content stk-inner-blocks\">\n<div class=\"wp-block-stackable-text stk-block-text stk-block stk-887c41c\" data-block-id=\"887c41c\"><style>.stk-887c41c{opacity:0 !important}:where(.stk-hover-parent:hover,.stk-hover-parent.stk--is-hovered) .stk-887c41c{opacity:1 !important}.stk-887c41c .stk-block-text__text{color:#FFFFFF !important}<\/style><p class=\"stk-block-text__text has-text-color has-white-color\"><\/p><\/div>\n<\/div><\/div><\/div>\n<\/div><a class=\"stk-link stk-block-link stk--transparent-overlay\" href=\"https:\/\/api.whatsapp.com\/send?phone=5586988771758\" target=\"_blank\" rel=\"noreferrer noopener\"><\/a><\/div>\n<\/div>\n\n\n\n<div class=\"wp-block-column is-layout-flow\">\n<div class=\"wp-block-stackable-image-box stk-block-image-box stk-hover-parent stk-block stk-dd9538d\" data-block-id=\"dd9538d\"><div class=\"stk-block-content stk-inner-blocks has-text-align-center stk-row stk-block-image-box__content\">\n<div class=\"wp-block-stackable-image stk-block-image stk-block stk-98d2db8\" data-block-id=\"98d2db8\"><style>.stk-98d2db8 .stk-img-wrapper img{transform:scale(1.04) !important}.stk-98d2db8 .stk-img-wrapper{width:100% !important;height:225px !important}:where(.stk-hover-parent:hover,.stk-hover-parent.stk--is-hovered) .stk-98d2db8 .stk-img-wrapper{--stk-gradient-overlay:0.7 !important}:where(.stk-hover-parent:hover,.stk-hover-parent.stk--is-hovered) .stk-98d2db8 .stk-img-wrapper::after{background-color:#000000 !important}<\/style><figure class=\"stk-img-wrapper stk-image--shape-stretch\"><img decoding=\"async\" loading=\"lazy\" class=\"stk-img wp-image-4285\" src=\"https:\/\/portal.pi.gov.br\/cge\/wp-content\/uploads\/sites\/12\/2022\/08\/Acesso-a-informacao-15.png\" width=\"1080\" height=\"800\" srcset=\"https:\/\/portal.pi.gov.br\/cge\/wp-content\/uploads\/sites\/12\/2022\/08\/Acesso-a-informacao-15.png 1080w, https:\/\/portal.pi.gov.br\/cge\/wp-content\/uploads\/sites\/12\/2022\/08\/Acesso-a-informacao-15-300x222.png 300w, https:\/\/portal.pi.gov.br\/cge\/wp-content\/uploads\/sites\/12\/2022\/08\/Acesso-a-informacao-15-1024x759.png 1024w, https:\/\/portal.pi.gov.br\/cge\/wp-content\/uploads\/sites\/12\/2022\/08\/Acesso-a-informacao-15-768x569.png 768w, https:\/\/portal.pi.gov.br\/cge\/wp-content\/uploads\/sites\/12\/2022\/08\/Acesso-a-informacao-15-420x311.png 420w, https:\/\/portal.pi.gov.br\/cge\/wp-content\/uploads\/sites\/12\/2022\/08\/Acesso-a-informacao-15-540x400.png 540w, https:\/\/portal.pi.gov.br\/cge\/wp-content\/uploads\/sites\/12\/2022\/08\/Acesso-a-informacao-15-780x578.png 780w, https:\/\/portal.pi.gov.br\/cge\/wp-content\/uploads\/sites\/12\/2022\/08\/Acesso-a-informacao-15-947x701.png 947w, https:\/\/portal.pi.gov.br\/cge\/wp-content\/uploads\/sites\/12\/2022\/08\/Acesso-a-informacao-15-624x462.png 624w\" sizes=\"(max-width: 1080px) 100vw, 1080px\" \/><\/figure><\/div>\n\n\n\n<div class=\"wp-block-stackable-column stk-block-column stk-column stk-block stk-380d230\" data-block-id=\"380d230\"><style>.stk-380d230{display:flex !important}.stk-380d230{align-items:center !important}<\/style><div class=\"stk-column-wrapper stk-block-column__content stk-container stk-380d230-container stk--no-background stk--no-padding\"><div class=\"stk-block-content stk-inner-blocks\">\n<div class=\"wp-block-stackable-subtitle stk-block-subtitle stk-block stk-730aa73\" data-block-id=\"730aa73\"><style>.stk-730aa73{margin-bottom:8px !important}.stk-730aa73{opacity:0 !important}:where(.stk-hover-parent:hover,.stk-hover-parent.stk--is-hovered) .stk-730aa73{opacity:1 !important}.stk-730aa73 .stk-block-subtitle__text{color:#FFFFFF !important}<\/style><p class=\"stk-block-subtitle__text stk-subtitle has-text-color has-white-color\"><\/p><\/div>\n<\/div><\/div><\/div>\n<\/div><a class=\"stk-link stk-block-link stk--transparent-overlay\" href=\"https:\/\/goo.gl\/maps\/94fUvV61NpGKkZt9A\" target=\"_blank\" rel=\"noreferrer noopener\"><\/a><\/div>\n<\/div>\n<\/div>\n","protected":false},"excerpt":{"rendered":"<p>A Corregedoria-Geral do Estado (CRG) foi institu\u00edda, no \u00e2mbito da Controladoria-Geral do Estado, em 2019, por meio da Lei Complementar N\u00ba 241, de 22 de abril de 2019. Tem como [&hellip;]<\/p>\n","protected":false},"author":1,"featured_media":0,"parent":0,"menu_order":0,"comment_status":"closed","ping_status":"closed","template":"","meta":[],"featured_image_urls":{"full":"","thumbnail":"","medium":"","medium_large":"","large":"","sgg-420":"","sgg-540":"","sgg-780":"","1536x1536":"","2048x2048":"","homepage-slider":"","homepage-slider-small":"","page-top":"","page-small":"","loop-main":"","thumb-gallery-widget":""},"post_excerpt_stackable":"<p>A Corregedoria-Geral do Estado (CRG) foi institu\u00edda, no \u00e2mbito da Controladoria-Geral do Estado, em 2019, por meio da Lei Complementar N\u00ba 241, de 22 de abril de 2019. Tem como miss\u00e3o promover, orientar e coordenar os trabalhos de correi\u00e7\u00e3o no \u00e2mbito do Poder Executivo estadual. Entre os servi\u00e7os de correi\u00e7\u00e3o a cargo da CGE, os principais s\u00e3o: Coordenar e supervisionar o sistema de correi\u00e7\u00e3o do Poder Executivo estadual, por meio dos N\u00facleos de Correi\u00e7\u00e3o ou unidades equivalentes nos seus \u00f3rg\u00e3os e entidades; Executar ou determinar a realiza\u00e7\u00e3o de correi\u00e7\u00f5es, que compreendem as atividades relacionadas \u00e0 preven\u00e7\u00e3o e apura\u00e7\u00e3o das irregularidades,&hellip;<\/p>\n","category_list":"","author_info":{"name":"admin","url":"https:\/\/portal.pi.gov.br\/cge\/author\/admin\/"},"comments_num":"0 coment\u00e1rio","featured_image_urls_v2":{"full":"","thumbnail":"","medium":"","medium_large":"","large":"","sgg-420":"","sgg-540":"","sgg-780":"","1536x1536":"","2048x2048":"","homepage-slider":"","homepage-slider-small":"","page-top":"","page-small":"","loop-main":"","thumb-gallery-widget":""},"post_excerpt_stackable_v2":"<p>A Corregedoria-Geral do Estado (CRG) foi institu\u00edda, no \u00e2mbito da Controladoria-Geral do Estado, em 2019, por meio da Lei Complementar N\u00ba 241, de 22 de abril de 2019. Tem como miss\u00e3o promover, orientar e coordenar os trabalhos de correi\u00e7\u00e3o no \u00e2mbito do Poder Executivo estadual. Entre os servi\u00e7os de correi\u00e7\u00e3o a cargo da CGE, os principais s\u00e3o: Coordenar e supervisionar o sistema de correi\u00e7\u00e3o do Poder Executivo estadual, por meio dos N\u00facleos de Correi\u00e7\u00e3o ou unidades equivalentes nos seus \u00f3rg\u00e3os e entidades; Executar ou determinar a realiza\u00e7\u00e3o de correi\u00e7\u00f5es, que compreendem as atividades relacionadas \u00e0 preven\u00e7\u00e3o e apura\u00e7\u00e3o das irregularidades,&hellip;<\/p>\n","category_list_v2":"","author_info_v2":{"name":"admin","url":"https:\/\/portal.pi.gov.br\/cge\/author\/admin\/"},"comments_num_v2":"0 coment\u00e1rio","jetpack_sharing_enabled":true,"_links":{"self":[{"href":"https:\/\/portal.pi.gov.br\/cge\/wp-json\/wp\/v2\/pages\/37"}],"collection":[{"href":"https:\/\/portal.pi.gov.br\/cge\/wp-json\/wp\/v2\/pages"}],"about":[{"href":"https:\/\/portal.pi.gov.br\/cge\/wp-json\/wp\/v2\/types\/page"}],"author":[{"embeddable":true,"href":"https:\/\/portal.pi.gov.br\/cge\/wp-json\/wp\/v2\/users\/1"}],"replies":[{"embeddable":true,"href":"https:\/\/portal.pi.gov.br\/cge\/wp-json\/wp\/v2\/comments?post=37"}],"version-history":[{"count":30,"href":"https:\/\/portal.pi.gov.br\/cge\/wp-json\/wp\/v2\/pages\/37\/revisions"}],"predecessor-version":[{"id":4630,"href":"https:\/\/portal.pi.gov.br\/cge\/wp-json\/wp\/v2\/pages\/37\/revisions\/4630"}],"wp:attachment":[{"href":"https:\/\/portal.pi.gov.br\/cge\/wp-json\/wp\/v2\/media?parent=37"}],"curies":[{"name":"wp","href":"https:\/\/api.w.org\/{rel}","templated":true}]}}