{"id":39,"date":"2020-08-21T15:55:17","date_gmt":"2020-08-21T18:55:17","guid":{"rendered":"http:\/\/www2.pi.gov.br\/cge\/?page_id=39"},"modified":"2022-08-18T10:29:41","modified_gmt":"2022-08-18T13:29:41","slug":"carta-de-servico","status":"publish","type":"page","link":"https:\/\/portal.pi.gov.br\/cge\/carta-de-servico\/","title":{"rendered":"Carta de Servi\u00e7os"},"content":{"rendered":"\n<div class=\"wp-block-columns is-layout-flex wp-container-2\">\n<div class=\"wp-block-column is-layout-flow\">\n<div class=\"wp-block-stackable-image-box is-style-default stk-block-image-box stk-hover-parent stk-block stk-b00ce74\" data-block-id=\"b00ce74\"><div class=\"stk-block-content stk-inner-blocks has-text-align-center stk-row stk-block-image-box__content\">\n<div class=\"wp-block-stackable-image stk-block-image stk-block stk-8959b52\" data-block-id=\"8959b52\"><style>.stk-8959b52 .stk-img-wrapper{height:100px !important}:where(.stk-hover-parent:hover,.stk-hover-parent.stk--is-hovered) .stk-8959b52 .stk-img-wrapper{--stk-gradient-overlay:0.7 !important}:where(.stk-hover-parent:hover,.stk-hover-parent.stk--is-hovered) .stk-8959b52 .stk-img-wrapper::after{background-color:#000000 !important}<\/style><figure class=\"stk-img-wrapper stk-image--shape-stretch\"><img decoding=\"async\" loading=\"lazy\" class=\"stk-img wp-image-4614\" src=\"https:\/\/portal.pi.gov.br\/cge\/wp-content\/uploads\/sites\/12\/2022\/08\/Copia-de-EFICIENCIA-21.png\" width=\"988\" height=\"100\" srcset=\"https:\/\/portal.pi.gov.br\/cge\/wp-content\/uploads\/sites\/12\/2022\/08\/Copia-de-EFICIENCIA-21.png 988w, https:\/\/portal.pi.gov.br\/cge\/wp-content\/uploads\/sites\/12\/2022\/08\/Copia-de-EFICIENCIA-21-300x30.png 300w, https:\/\/portal.pi.gov.br\/cge\/wp-content\/uploads\/sites\/12\/2022\/08\/Copia-de-EFICIENCIA-21-768x78.png 768w, https:\/\/portal.pi.gov.br\/cge\/wp-content\/uploads\/sites\/12\/2022\/08\/Copia-de-EFICIENCIA-21-420x43.png 420w, https:\/\/portal.pi.gov.br\/cge\/wp-content\/uploads\/sites\/12\/2022\/08\/Copia-de-EFICIENCIA-21-540x55.png 540w, https:\/\/portal.pi.gov.br\/cge\/wp-content\/uploads\/sites\/12\/2022\/08\/Copia-de-EFICIENCIA-21-780x79.png 780w, https:\/\/portal.pi.gov.br\/cge\/wp-content\/uploads\/sites\/12\/2022\/08\/Copia-de-EFICIENCIA-21-947x96.png 947w, https:\/\/portal.pi.gov.br\/cge\/wp-content\/uploads\/sites\/12\/2022\/08\/Copia-de-EFICIENCIA-21-624x63.png 624w\" sizes=\"(max-width: 988px) 100vw, 988px\" \/><\/figure><\/div>\n\n\n\n<div class=\"wp-block-stackable-column stk-block-column stk-column stk-block stk-d13e13c\" data-block-id=\"d13e13c\"><style>.stk-d13e13c{display:flex !important}.stk-d13e13c{align-items:center !important}<\/style><div class=\"stk-column-wrapper stk-block-column__content stk-container stk-d13e13c-container stk--no-background stk--no-padding\"><div class=\"stk-block-content stk-inner-blocks\"><\/div><\/div><\/div>\n<\/div><\/div>\n<\/div>\n<\/div>\n\n\n\n<div class=\"wp-block-group is-vertical is-layout-flex wp-container-3\">\n<div class=\"wp-block-stackable-heading stk-block-heading stk-block stk-5bd147b\" id=\"lei-federal-n-13-460-17\" data-block-id=\"5bd147b\"><style>.stk-5bd147b{margin-bottom:0px !important}.stk-5bd147b .stk-block-heading__text{color:#000000 !important}.stk-5bd147b .stk-block-heading__top-line{height:4px !important;width:450px !important;background-color:#1071a1 !important;margin-bottom:0px !important}.stk-5bd147b .stk-block-heading__bottom-line{height:4px !important;width:0px !important;background-color:#1071a1 !important;margin-top:7px !important}<\/style><div class=\"stk-block-heading__top-line\"><\/div><h2 class=\"stk-block-heading__text has-text-color has-black-color\">Lei Federal N\u00ba 13.460\/17<\/h2><\/div>\n\n\n\n<p>Na Carta de Servi\u00e7os da CGE voc\u00ea pode conferir todos os nossos servi\u00e7os, as formas de acesso e os compromissos e padr\u00f5es de qualidade de atendimento ao p\u00fablico. <\/p>\n\n\n\n<p>Trata-se de um cumprimento \u00e0 Lei Federal N.\u00b0 13.460\/17 que disp\u00f5e sobre a participa\u00e7\u00e3o, prote\u00e7\u00e3o e defesa dos direitos dos usu\u00e1rios dos servi\u00e7os da Administra\u00e7\u00e3o P\u00fablica.<\/p>\n\n\n\n<p><em><a href=\"https:\/\/portal.pi.gov.br\/cge\/download\/146\/publicacoes-cge\/1549\/carta-de-servicos.pdf\">Acesse o documento<\/a><\/em><\/p>\n<\/div>\n","protected":false},"excerpt":{"rendered":"<p>Lei Federal N\u00ba 13.460\/17 Na Carta de Servi\u00e7os da CGE voc\u00ea pode conferir todos os nossos servi\u00e7os, as formas de acesso e os compromissos e padr\u00f5es de qualidade de atendimento [&hellip;]<\/p>\n","protected":false},"author":1,"featured_media":0,"parent":0,"menu_order":0,"comment_status":"closed","ping_status":"closed","template":"","meta":[],"featured_image_urls":{"full":"","thumbnail":"","medium":"","medium_large":"","large":"","sgg-420":"","sgg-540":"","sgg-780":"","1536x1536":"","2048x2048":"","homepage-slider":"","homepage-slider-small":"","page-top":"","page-small":"","loop-main":"","thumb-gallery-widget":""},"post_excerpt_stackable":"<p>Lei Federal N\u00ba 13.460\/17 Na Carta de Servi\u00e7os da CGE voc\u00ea pode conferir todos os nossos servi\u00e7os, as formas de acesso e os compromissos e padr\u00f5es de qualidade de atendimento ao p\u00fablico. Trata-se de um cumprimento \u00e0 Lei Federal N.\u00b0 13.460\/17 que disp\u00f5e sobre a participa\u00e7\u00e3o, prote\u00e7\u00e3o e defesa dos direitos dos usu\u00e1rios dos servi\u00e7os da Administra\u00e7\u00e3o P\u00fablica. Acesse o documento<\/p>\n","category_list":"","author_info":{"name":"admin","url":"https:\/\/portal.pi.gov.br\/cge\/author\/admin\/"},"comments_num":"0 coment\u00e1rio","featured_image_urls_v2":{"full":"","thumbnail":"","medium":"","medium_large":"","large":"","sgg-420":"","sgg-540":"","sgg-780":"","1536x1536":"","2048x2048":"","homepage-slider":"","homepage-slider-small":"","page-top":"","page-small":"","loop-main":"","thumb-gallery-widget":""},"post_excerpt_stackable_v2":"<p>Lei Federal N\u00ba 13.460\/17 Na Carta de Servi\u00e7os da CGE voc\u00ea pode conferir todos os nossos servi\u00e7os, as formas de acesso e os compromissos e padr\u00f5es de qualidade de atendimento ao p\u00fablico. Trata-se de um cumprimento \u00e0 Lei Federal N.\u00b0 13.460\/17 que disp\u00f5e sobre a participa\u00e7\u00e3o, prote\u00e7\u00e3o e defesa dos direitos dos usu\u00e1rios dos servi\u00e7os da Administra\u00e7\u00e3o P\u00fablica. Acesse o documento<\/p>\n","category_list_v2":"","author_info_v2":{"name":"admin","url":"https:\/\/portal.pi.gov.br\/cge\/author\/admin\/"},"comments_num_v2":"0 coment\u00e1rio","jetpack_sharing_enabled":true,"_links":{"self":[{"href":"https:\/\/portal.pi.gov.br\/cge\/wp-json\/wp\/v2\/pages\/39"}],"collection":[{"href":"https:\/\/portal.pi.gov.br\/cge\/wp-json\/wp\/v2\/pages"}],"about":[{"href":"https:\/\/portal.pi.gov.br\/cge\/wp-json\/wp\/v2\/types\/page"}],"author":[{"embeddable":true,"href":"https:\/\/portal.pi.gov.br\/cge\/wp-json\/wp\/v2\/users\/1"}],"replies":[{"embeddable":true,"href":"https:\/\/portal.pi.gov.br\/cge\/wp-json\/wp\/v2\/comments?post=39"}],"version-history":[{"count":7,"href":"https:\/\/portal.pi.gov.br\/cge\/wp-json\/wp\/v2\/pages\/39\/revisions"}],"predecessor-version":[{"id":6601,"href":"https:\/\/portal.pi.gov.br\/cge\/wp-json\/wp\/v2\/pages\/39\/revisions\/6601"}],"wp:attachment":[{"href":"https:\/\/portal.pi.gov.br\/cge\/wp-json\/wp\/v2\/media?parent=39"}],"curies":[{"name":"wp","href":"https:\/\/api.w.org\/{rel}","templated":true}]}}