{"id":4041,"date":"2022-07-26T10:08:44","date_gmt":"2022-07-26T13:08:44","guid":{"rendered":"https:\/\/portal.pi.gov.br\/cge\/?page_id=4041"},"modified":"2024-02-21T09:46:15","modified_gmt":"2024-02-21T12:46:15","slug":"publicacoes-notas-tecnicas","status":"publish","type":"page","link":"https:\/\/portal.pi.gov.br\/cge\/publicacoes-notas-tecnicas\/","title":{"rendered":"Notas T\u00e9cnicas"},"content":{"rendered":"\n<div class=\"wp-block-columns is-layout-flex wp-container-2\">\n<div class=\"wp-block-column is-layout-flow\">\n<div class=\"wp-block-stackable-image-box stk-block-image-box stk-hover-parent stk-block stk-efd8ac8 is-style-default\" data-block-id=\"efd8ac8\"><div class=\"stk-block-content stk-inner-blocks has-text-align-center stk-row stk-block-image-box__content\">\n<div class=\"wp-block-stackable-image stk-block-image stk-block stk-c5892ca\" data-block-id=\"c5892ca\"><style>.stk-c5892ca .stk-img-wrapper{height:100px !important}:where(.stk-hover-parent:hover,.stk-hover-parent.stk--is-hovered) .stk-c5892ca .stk-img-wrapper::after{background-color:#000000 !important}:where(.stk-hover-parent:hover,.stk-hover-parent.stk--is-hovered) .stk-c5892ca .stk-img-wrapper{--stk-gradient-overlay:0.7 !important}<\/style><figure class=\"stk-img-wrapper stk-image--shape-stretch\"><img decoding=\"async\" loading=\"lazy\" class=\"stk-img wp-image-4490\" src=\"https:\/\/portal.pi.gov.br\/cge\/wp-content\/uploads\/sites\/12\/2022\/08\/7.png\" width=\"988\" height=\"100\" srcset=\"https:\/\/portal.pi.gov.br\/cge\/wp-content\/uploads\/sites\/12\/2022\/08\/7.png 988w, https:\/\/portal.pi.gov.br\/cge\/wp-content\/uploads\/sites\/12\/2022\/08\/7-300x30.png 300w, https:\/\/portal.pi.gov.br\/cge\/wp-content\/uploads\/sites\/12\/2022\/08\/7-768x78.png 768w, https:\/\/portal.pi.gov.br\/cge\/wp-content\/uploads\/sites\/12\/2022\/08\/7-420x43.png 420w, https:\/\/portal.pi.gov.br\/cge\/wp-content\/uploads\/sites\/12\/2022\/08\/7-540x55.png 540w, https:\/\/portal.pi.gov.br\/cge\/wp-content\/uploads\/sites\/12\/2022\/08\/7-780x79.png 780w, https:\/\/portal.pi.gov.br\/cge\/wp-content\/uploads\/sites\/12\/2022\/08\/7-947x96.png 947w, https:\/\/portal.pi.gov.br\/cge\/wp-content\/uploads\/sites\/12\/2022\/08\/7-624x63.png 624w\" sizes=\"(max-width: 988px) 100vw, 988px\" \/><\/figure><\/div>\n\n\n\n<div class=\"wp-block-stackable-column stk-block-column stk-column stk-block stk-75acb4f\" data-block-id=\"75acb4f\"><style>.stk-75acb4f{align-items:center !important;display:flex !important}<\/style><div class=\"stk-column-wrapper stk-block-column__content stk-container stk-75acb4f-container stk--no-background stk--no-padding\"><div class=\"stk-block-content stk-inner-blocks stk-75acb4f-inner-blocks\"><\/div><\/div><\/div>\n<\/div><\/div>\n<\/div>\n<\/div>\n\n\n\n<p class=\"has-text-align-justify\">Neste campo voc\u00ea encontrar\u00e1 as Instru\u00e7\u00f5es Normativas publicadas pela CGE\/PI para orientar servidores estaduais quanto aos procedimentos relacionados \u00e0s \u00e1reas de atua\u00e7\u00e3o no \u00e2mbito do controle interno.<\/p>\n\n\n\n<p><em>Para facilitar a busca utilize o atalho Ctrl + F e digite a palavra-chave.<\/em><\/p>\n\n\n\n<div class=\"wp-block-group is-vertical is-layout-flex wp-container-3\">\n<div class=\"wp-block-stackable-heading stk-block-heading stk-block-heading--v2 stk-block stk-a60d9ba\" id=\"nota-tecnica-n-4-2021-cge-pi-revogada\" data-block-id=\"a60d9ba\"><style>.stk-a60d9ba .stk-block-heading__text{color:#000000 !important}.stk-a60d9ba .stk-block-heading__top-line{height:4px !important;width:450px !important;background-color:#1071a1 !important;margin-bottom:0px !important}.stk-a60d9ba .stk-block-heading__bottom-line{height:4px !important;width:0px !important;background-color:#1071a1 !important;margin-top:7px !important}<\/style><div class=\"stk-block-heading__top-line\"><\/div><h2 class=\"stk-block-heading__text has-text-color has-black-color stk-block-heading--use-theme-margins\">Nota t\u00e9cnica N\u00ba 4\/2021 &#8211; CGE\/PI &#8211; Revogada<\/h2><\/div>\n\n\n\n<p>Orienta quanto aos procedimentos a serem adotados na an\u00e1lise t\u00e9cnica de reajuste de contratos administrativos no \u00e2mbito das atividades de controle interno. <br><em>Revogada tacitamente pelo Decreto estadual N.\u00ba 22.737, de 6 de Fevereiro de 2024.<\/em><\/p>\n\n\n\n<p><em>Acesse o documento<\/em><\/p>\n<\/div>\n\n\n\n<div class=\"wp-block-group is-vertical is-layout-flex wp-container-4\">\n<div class=\"wp-block-stackable-heading stk-block-heading stk-block-heading--v2 stk-block stk-0bcbd1e\" id=\"nota-tecnica-n-03-2020-tce-pi\" data-block-id=\"0bcbd1e\"><style>.stk-0bcbd1e .stk-block-heading__text{color:#000000 !important}.stk-0bcbd1e .stk-block-heading__top-line{height:4px !important;width:450px !important;background-color:#1071a1 !important;margin-bottom:0px !important}.stk-0bcbd1e .stk-block-heading__bottom-line{height:4px !important;width:0px !important;background-color:#1071a1 !important;margin-top:7px !important}<\/style><div class=\"stk-block-heading__top-line\"><\/div><h2 class=\"stk-block-heading__text has-text-color has-black-color stk-block-heading--use-theme-margins\">Nota t\u00e9cnica N\u00ba 03\/2020 &#8211; TCE\/PI<\/h2><\/div>\n\n\n\n<p class=\"has-text-align-justify\">Orienta o processo de contrata\u00e7\u00e3o de solu\u00e7\u00f5es de Tecnologia da Informa\u00e7\u00e3o e Comunica\u00e7\u00e3o \u2013 TIC pelos \u00f3rg\u00e3os e entidades sujeitos \u00e0 jurisdi\u00e7\u00e3o do TCE-PI.<\/p>\n\n\n\n<p><em><a href=\"https:\/\/portal.pi.gov.br\/cge\/download\/155\/licitacoes-e-contratos-administrativos\/1867\/nota-tecnica-tce-pi-no-03-2020-de-11-12-2020.pdf\">Acesse o documento<\/a><\/em><\/p>\n<\/div>\n\n\n\n<div class=\"wp-block-group is-vertical is-layout-flex wp-container-5\">\n<div class=\"wp-block-stackable-heading stk-block-heading stk-block-heading--v2 stk-block stk-738a354\" id=\"nota-tecnica-06-2010-sefti-tcu\" data-block-id=\"738a354\"><style>.stk-738a354 .stk-block-heading__text{color:#000000 !important}.stk-738a354 .stk-block-heading__top-line{height:4px !important;width:450px !important;background-color:#1071a1 !important;margin-bottom:0px !important}.stk-738a354 .stk-block-heading__bottom-line{height:4px !important;width:0px !important;background-color:#1071a1 !important;margin-top:7px !important}<\/style><div class=\"stk-block-heading__top-line\"><\/div><h2 class=\"stk-block-heading__text has-text-color has-black-color stk-block-heading--use-theme-margins\">Nota T\u00e9cnica 06\/2010 &#8211; Sefti\/TCU<\/h2><\/div>\n\n\n\n<p class=\"has-text-align-justify\">Aplicabilidade da Gest\u00e3o de N\u00edvel de Servi\u00e7o como mecanismo de pagamento por resultados em contrata\u00e7\u00f5es de servi\u00e7os de TI pela Administra\u00e7\u00e3o P\u00fablica Federal.<\/p>\n\n\n\n<p><em><a href=\"https:\/\/portal.pi.gov.br\/cge\/download\/174\/tecnologia-da-informacao\/1977\/nota-tecnica-06-2010-sefti-tcu.pdf\">Acesse o documento<\/a><\/em><\/p>\n<\/div>\n","protected":false},"excerpt":{"rendered":"<p>Neste campo voc\u00ea encontrar\u00e1 as Instru\u00e7\u00f5es Normativas publicadas pela CGE\/PI para orientar servidores estaduais quanto aos procedimentos relacionados \u00e0s \u00e1reas de atua\u00e7\u00e3o no \u00e2mbito do controle interno. Para facilitar a [&hellip;]<\/p>\n","protected":false},"author":41,"featured_media":0,"parent":0,"menu_order":0,"comment_status":"closed","ping_status":"closed","template":"","meta":[],"featured_image_urls":{"full":"","thumbnail":"","medium":"","medium_large":"","large":"","sgg-420":"","sgg-540":"","sgg-780":"","1536x1536":"","2048x2048":"","homepage-slider":"","homepage-slider-small":"","page-top":"","page-small":"","loop-main":"","thumb-gallery-widget":""},"post_excerpt_stackable":"<p>Neste campo voc\u00ea encontrar\u00e1 as Instru\u00e7\u00f5es Normativas publicadas pela CGE\/PI para orientar servidores estaduais quanto aos procedimentos relacionados \u00e0s \u00e1reas de atua\u00e7\u00e3o no \u00e2mbito do controle interno. Para facilitar a busca utilize o atalho Ctrl + F e digite a palavra-chave. Nota t\u00e9cnica N\u00ba 4\/2021 &#8211; CGE\/PI &#8211; Revogada Orienta quanto aos procedimentos a serem adotados na an\u00e1lise t\u00e9cnica de reajuste de contratos administrativos no \u00e2mbito das atividades de controle interno. Revogada tacitamente pelo Decreto estadual N.\u00ba 22.737, de 6 de Fevereiro de 2024. Acesse o documento Nota t\u00e9cnica N\u00ba 03\/2020 &#8211; TCE\/PI Orienta o processo de contrata\u00e7\u00e3o de solu\u00e7\u00f5es&hellip;<\/p>\n","category_list":"","author_info":{"name":"anavirginia","url":"https:\/\/portal.pi.gov.br\/cge\/author\/anavirginia\/"},"comments_num":"0 coment\u00e1rio","featured_image_urls_v2":{"full":"","thumbnail":"","medium":"","medium_large":"","large":"","sgg-420":"","sgg-540":"","sgg-780":"","1536x1536":"","2048x2048":"","homepage-slider":"","homepage-slider-small":"","page-top":"","page-small":"","loop-main":"","thumb-gallery-widget":""},"post_excerpt_stackable_v2":"<p>Neste campo voc\u00ea encontrar\u00e1 as Instru\u00e7\u00f5es Normativas publicadas pela CGE\/PI para orientar servidores estaduais quanto aos procedimentos relacionados \u00e0s \u00e1reas de atua\u00e7\u00e3o no \u00e2mbito do controle interno. Para facilitar a busca utilize o atalho Ctrl + F e digite a palavra-chave. Nota t\u00e9cnica N\u00ba 4\/2021 &#8211; CGE\/PI &#8211; Revogada Orienta quanto aos procedimentos a serem adotados na an\u00e1lise t\u00e9cnica de reajuste de contratos administrativos no \u00e2mbito das atividades de controle interno. Revogada tacitamente pelo Decreto estadual N.\u00ba 22.737, de 6 de Fevereiro de 2024. Acesse o documento Nota t\u00e9cnica N\u00ba 03\/2020 &#8211; TCE\/PI Orienta o processo de contrata\u00e7\u00e3o de solu\u00e7\u00f5es&hellip;<\/p>\n","category_list_v2":"","author_info_v2":{"name":"anavirginia","url":"https:\/\/portal.pi.gov.br\/cge\/author\/anavirginia\/"},"comments_num_v2":"0 coment\u00e1rio","jetpack_sharing_enabled":true,"_links":{"self":[{"href":"https:\/\/portal.pi.gov.br\/cge\/wp-json\/wp\/v2\/pages\/4041"}],"collection":[{"href":"https:\/\/portal.pi.gov.br\/cge\/wp-json\/wp\/v2\/pages"}],"about":[{"href":"https:\/\/portal.pi.gov.br\/cge\/wp-json\/wp\/v2\/types\/page"}],"author":[{"embeddable":true,"href":"https:\/\/portal.pi.gov.br\/cge\/wp-json\/wp\/v2\/users\/41"}],"replies":[{"embeddable":true,"href":"https:\/\/portal.pi.gov.br\/cge\/wp-json\/wp\/v2\/comments?post=4041"}],"version-history":[{"count":9,"href":"https:\/\/portal.pi.gov.br\/cge\/wp-json\/wp\/v2\/pages\/4041\/revisions"}],"predecessor-version":[{"id":7883,"href":"https:\/\/portal.pi.gov.br\/cge\/wp-json\/wp\/v2\/pages\/4041\/revisions\/7883"}],"wp:attachment":[{"href":"https:\/\/portal.pi.gov.br\/cge\/wp-json\/wp\/v2\/media?parent=4041"}],"curies":[{"name":"wp","href":"https:\/\/api.w.org\/{rel}","templated":true}]}}