{"id":4099,"date":"2022-07-27T11:52:16","date_gmt":"2022-07-27T14:52:16","guid":{"rendered":"https:\/\/portal.pi.gov.br\/cge\/?page_id=4099"},"modified":"2023-10-13T09:50:35","modified_gmt":"2023-10-13T12:50:35","slug":"publicacoes-boletins","status":"publish","type":"page","link":"https:\/\/portal.pi.gov.br\/cge\/publicacoes-boletins\/","title":{"rendered":"Boletins"},"content":{"rendered":"\n<div class=\"wp-block-columns is-layout-flex wp-container-2\">\n<div class=\"wp-block-column is-layout-flow\">\n<div class=\"wp-block-stackable-image-box stk-block-image-box stk-hover-parent stk-block stk-edff0f2 is-style-default\" data-block-id=\"edff0f2\"><div class=\"stk-block-content stk-inner-blocks has-text-align-center stk-row stk-block-image-box__content\">\n<div class=\"wp-block-stackable-image stk-block-image stk-block stk-bedc89b\" data-block-id=\"bedc89b\"><style>.stk-bedc89b .stk-img-wrapper{height:100px !important}:where(.stk-hover-parent:hover,.stk-hover-parent.stk--is-hovered) .stk-bedc89b .stk-img-wrapper::after{background-color:#000000 !important}:where(.stk-hover-parent:hover,.stk-hover-parent.stk--is-hovered) .stk-bedc89b .stk-img-wrapper{--stk-gradient-overlay:0.7 !important}<\/style><figure class=\"stk-img-wrapper stk-image--shape-stretch\"><img decoding=\"async\" loading=\"lazy\" class=\"stk-img wp-image-4479\" src=\"https:\/\/portal.pi.gov.br\/cge\/wp-content\/uploads\/sites\/12\/2022\/08\/15.png\" width=\"988\" height=\"100\" srcset=\"https:\/\/portal.pi.gov.br\/cge\/wp-content\/uploads\/sites\/12\/2022\/08\/15.png 988w, https:\/\/portal.pi.gov.br\/cge\/wp-content\/uploads\/sites\/12\/2022\/08\/15-300x30.png 300w, https:\/\/portal.pi.gov.br\/cge\/wp-content\/uploads\/sites\/12\/2022\/08\/15-768x78.png 768w, https:\/\/portal.pi.gov.br\/cge\/wp-content\/uploads\/sites\/12\/2022\/08\/15-420x43.png 420w, https:\/\/portal.pi.gov.br\/cge\/wp-content\/uploads\/sites\/12\/2022\/08\/15-540x55.png 540w, https:\/\/portal.pi.gov.br\/cge\/wp-content\/uploads\/sites\/12\/2022\/08\/15-780x79.png 780w, https:\/\/portal.pi.gov.br\/cge\/wp-content\/uploads\/sites\/12\/2022\/08\/15-947x96.png 947w, https:\/\/portal.pi.gov.br\/cge\/wp-content\/uploads\/sites\/12\/2022\/08\/15-624x63.png 624w\" sizes=\"(max-width: 988px) 100vw, 988px\" \/><\/figure><\/div>\n\n\n\n<div class=\"wp-block-stackable-column stk-block-column stk-column stk-block stk-53f80e7\" data-v=\"4\" data-block-id=\"53f80e7\"><style>.stk-53f80e7{align-items:center !important;display:flex !important}<\/style><div class=\"stk-column-wrapper stk-block-column__content stk-container stk-53f80e7-container stk--no-background stk--no-padding\"><div class=\"stk-block-content stk-inner-blocks stk-53f80e7-inner-blocks\">\n<div class=\"wp-block-stackable-icon stk-block-icon stk-block stk-ad9c8a4\" data-block-id=\"ad9c8a4\"><style>.stk-ad9c8a4{margin-top:56px !important;opacity:0 !important}:where(.stk-hover-parent:hover,.stk-hover-parent.stk--is-hovered) .stk-ad9c8a4{opacity:1 !important}.stk-ad9c8a4 .stk--svg-wrapper .stk--inner-svg svg:last-child,.stk-ad9c8a4 .stk--svg-wrapper .stk--inner-svg svg:last-child :is(g,path,rect,polygon,ellipse){fill:#FFFFFF !important}<\/style><span class=\"stk--svg-wrapper\"><div class=\"stk--inner-svg\"><svg style=\"height:0;width:0\"><defs><linearGradient id=\"linear-gradient-ad9c8a4\" x1=\"0\" x2=\"100%\" y1=\"0\" y2=\"0\"><stop offset=\"0%\" style=\"stop-opacity:1;stop-color:var(--linear-gradient-ad-9-c-8-a-4-color-1)\"><\/stop><stop offset=\"100%\" style=\"stop-opacity:1;stop-color:var(--linear-gradient-ad-9-c-8-a-4-color-2)\"><\/stop><\/linearGradient><\/defs><\/svg><svg data-prefix=\"fas\" data-icon=\"arrow-right\" class=\"svg-inline--fa fa-arrow-right fa-w-14\" xmlns=\"http:\/\/www.w3.org\/2000\/svg\" viewBox=\"0 0 448 512\" aria-hidden=\"true\" width=\"32\" height=\"32\"><path fill=\"currentColor\" d=\"M190.5 66.9l22.2-22.2c9.4-9.4 24.6-9.4 33.9 0L441 239c9.4 9.4 9.4 24.6 0 33.9L246.6 467.3c-9.4 9.4-24.6 9.4-33.9 0l-22.2-22.2c-9.5-9.5-9.3-25 .4-34.3L311.4 296H24c-13.3 0-24-10.7-24-24v-32c0-13.3 10.7-24 24-24h287.4L190.9 101.2c-9.8-9.3-10-24.8-.4-34.3z\"><\/path><\/svg><\/div><\/span><\/div>\n<\/div><\/div><\/div>\n<\/div><\/div>\n<\/div>\n<\/div>\n\n\n\n<p class=\"has-text-align-justify\">Neste campo voc\u00ea encontrar\u00e1 os Boletins publicados pela CGE\/PI.<\/p>\n\n\n\n<p><em>Para facilitar a busca utilize o atalho Ctrl + F e digite a palavra-chave.<\/em><\/p>\n\n\n\n<div class=\"wp-block-group is-vertical is-layout-flex wp-container-3\">\n<div class=\"wp-block-stackable-heading stk-block-heading stk-block-heading--v2 stk-block stk-88b9b4d\" id=\"boletim-institucional-3-ed-2023\" data-block-id=\"88b9b4d\"><style>.stk-88b9b4d{margin-bottom:0px !important}.stk-88b9b4d .stk-block-heading__text{color:#000000 !important}.stk-88b9b4d .stk-block-heading__top-line{height:4px !important;width:450px !important;background-color:#1071a1 !important;margin-bottom:0px !important}.stk-88b9b4d .stk-block-heading__bottom-line{height:4px !important;width:0px !important;background-color:#1071a1 !important;margin-top:7px !important}<\/style><div class=\"stk-block-heading__top-line\"><\/div><h2 class=\"stk-block-heading__text has-text-color has-black-color stk-block-heading--use-theme-margins\">Boletim Institucional &#8211; 3\u00aa Ed\/2023<\/h2><\/div>\n\n\n\n<p class=\"has-text-align-justify\">A segunda edi\u00e7\u00e3o do <strong>Boletim Institucional<\/strong> consolida dados relacionados \u00e0s atividades de controle interno referente <strong>aos meses de julho, agosto e setembro de 2023.<\/strong><\/p>\n\n\n\n<p><em><a href=\"https:\/\/drive.google.com\/file\/d\/1S1Ml9g-iv8LVHrx1_bprdI5Y7KTRm5dg\/view?usp=sharing\">Acesse o documento<\/a><\/em><\/p>\n<\/div>\n\n\n\n<div class=\"wp-block-group is-vertical is-layout-flex wp-container-4\">\n<div class=\"wp-block-stackable-heading stk-block-heading stk-block-heading--v2 stk-block stk-ce2e216\" id=\"boletim-institucional-2-ed-2023\" data-block-id=\"ce2e216\"><style>.stk-ce2e216{margin-bottom:0px !important}.stk-ce2e216 .stk-block-heading__text{color:#000000 !important}.stk-ce2e216 .stk-block-heading__top-line{height:4px !important;width:450px !important;background-color:#1071a1 !important;margin-bottom:0px !important}.stk-ce2e216 .stk-block-heading__bottom-line{height:4px !important;width:0px !important;background-color:#1071a1 !important;margin-top:7px !important}<\/style><div class=\"stk-block-heading__top-line\"><\/div><h2 class=\"stk-block-heading__text has-text-color has-black-color stk-block-heading--use-theme-margins\">Boletim Institucional &#8211; 2\u00aa Ed\/2023<\/h2><\/div>\n\n\n\n<p class=\"has-text-align-justify\">A segunda edi\u00e7\u00e3o do <strong>Boletim Institucional<\/strong> consolida dados relacionados \u00e0s atividades de controle interno referente <strong>aos meses de abril, maio e junho de 2023.<\/strong><\/p>\n\n\n\n<p><em><a href=\"https:\/\/drive.google.com\/file\/d\/1L2BDUB20D_s-64O5d0ehdvDK9s_Efg0C\/view?usp=sharing\">Acesse o documento<\/a><\/em><\/p>\n<\/div>\n\n\n\n<div class=\"wp-block-group is-vertical is-layout-flex wp-container-5\">\n<div class=\"wp-block-stackable-heading stk-block-heading stk-block-heading--v2 stk-block stk-a29d90d\" id=\"boletim-institucional-1-ed-2023\" data-block-id=\"a29d90d\"><style>.stk-a29d90d{margin-bottom:0px !important}.stk-a29d90d .stk-block-heading__text{color:#000000 !important}.stk-a29d90d .stk-block-heading__top-line{height:4px !important;width:450px !important;background-color:#1071a1 !important;margin-bottom:0px !important}.stk-a29d90d .stk-block-heading__bottom-line{height:4px !important;width:0px !important;background-color:#1071a1 !important;margin-top:7px !important}<\/style><div class=\"stk-block-heading__top-line\"><\/div><h2 class=\"stk-block-heading__text has-text-color has-black-color stk-block-heading--use-theme-margins\">Boletim Institucional &#8211; 1\u00aa Ed\/2023<\/h2><\/div>\n\n\n\n<p>A primeira edi\u00e7\u00e3o do <strong>Boletim Institucional<\/strong> consolida dados relacionados \u00e0s atividades de controle interno referente <strong>aos meses de janeiro, fevereiro e mar\u00e7o de 2023.<\/strong><\/p>\n\n\n\n<p><em><a href=\"https:\/\/drive.google.com\/file\/d\/1DLTBETji-7x6FPy00dhglHDH0E8zOhL9\/view?usp=sharing\">Acesse o documento<\/a><\/em><\/p>\n<\/div>\n","protected":false},"excerpt":{"rendered":"<p>Neste campo voc\u00ea encontrar\u00e1 os Boletins publicados pela CGE\/PI. Para facilitar a busca utilize o atalho Ctrl + F e digite a palavra-chave. Boletim Institucional &#8211; 3\u00aa Ed\/2023 A segunda [&hellip;]<\/p>\n","protected":false},"author":41,"featured_media":0,"parent":0,"menu_order":0,"comment_status":"closed","ping_status":"closed","template":"","meta":[],"featured_image_urls":{"full":"","thumbnail":"","medium":"","medium_large":"","large":"","sgg-420":"","sgg-540":"","sgg-780":"","1536x1536":"","2048x2048":"","homepage-slider":"","homepage-slider-small":"","page-top":"","page-small":"","loop-main":"","thumb-gallery-widget":""},"post_excerpt_stackable":"<p>Neste campo voc\u00ea encontrar\u00e1 os Boletins publicados pela CGE\/PI. Para facilitar a busca utilize o atalho Ctrl + F e digite a palavra-chave. Boletim Institucional &#8211; 3\u00aa Ed\/2023 A segunda edi\u00e7\u00e3o do Boletim Institucional consolida dados relacionados \u00e0s atividades de controle interno referente aos meses de julho, agosto e setembro de 2023. Acesse o documento Boletim Institucional &#8211; 2\u00aa Ed\/2023 A segunda edi\u00e7\u00e3o do Boletim Institucional consolida dados relacionados \u00e0s atividades de controle interno referente aos meses de abril, maio e junho de 2023. Acesse o documento Boletim Institucional &#8211; 1\u00aa Ed\/2023 A primeira edi\u00e7\u00e3o do Boletim Institucional consolida dados&hellip;<\/p>\n","category_list":"","author_info":{"name":"anavirginia","url":"https:\/\/portal.pi.gov.br\/cge\/author\/anavirginia\/"},"comments_num":"0 coment\u00e1rio","featured_image_urls_v2":{"full":"","thumbnail":"","medium":"","medium_large":"","large":"","sgg-420":"","sgg-540":"","sgg-780":"","1536x1536":"","2048x2048":"","homepage-slider":"","homepage-slider-small":"","page-top":"","page-small":"","loop-main":"","thumb-gallery-widget":""},"post_excerpt_stackable_v2":"<p>Neste campo voc\u00ea encontrar\u00e1 os Boletins publicados pela CGE\/PI. Para facilitar a busca utilize o atalho Ctrl + F e digite a palavra-chave. Boletim Institucional &#8211; 3\u00aa Ed\/2023 A segunda edi\u00e7\u00e3o do Boletim Institucional consolida dados relacionados \u00e0s atividades de controle interno referente aos meses de julho, agosto e setembro de 2023. Acesse o documento Boletim Institucional &#8211; 2\u00aa Ed\/2023 A segunda edi\u00e7\u00e3o do Boletim Institucional consolida dados relacionados \u00e0s atividades de controle interno referente aos meses de abril, maio e junho de 2023. Acesse o documento Boletim Institucional &#8211; 1\u00aa Ed\/2023 A primeira edi\u00e7\u00e3o do Boletim Institucional consolida dados&hellip;<\/p>\n","category_list_v2":"","author_info_v2":{"name":"anavirginia","url":"https:\/\/portal.pi.gov.br\/cge\/author\/anavirginia\/"},"comments_num_v2":"0 coment\u00e1rio","jetpack_sharing_enabled":true,"_links":{"self":[{"href":"https:\/\/portal.pi.gov.br\/cge\/wp-json\/wp\/v2\/pages\/4099"}],"collection":[{"href":"https:\/\/portal.pi.gov.br\/cge\/wp-json\/wp\/v2\/pages"}],"about":[{"href":"https:\/\/portal.pi.gov.br\/cge\/wp-json\/wp\/v2\/types\/page"}],"author":[{"embeddable":true,"href":"https:\/\/portal.pi.gov.br\/cge\/wp-json\/wp\/v2\/users\/41"}],"replies":[{"embeddable":true,"href":"https:\/\/portal.pi.gov.br\/cge\/wp-json\/wp\/v2\/comments?post=4099"}],"version-history":[{"count":13,"href":"https:\/\/portal.pi.gov.br\/cge\/wp-json\/wp\/v2\/pages\/4099\/revisions"}],"predecessor-version":[{"id":7217,"href":"https:\/\/portal.pi.gov.br\/cge\/wp-json\/wp\/v2\/pages\/4099\/revisions\/7217"}],"wp:attachment":[{"href":"https:\/\/portal.pi.gov.br\/cge\/wp-json\/wp\/v2\/media?parent=4099"}],"curies":[{"name":"wp","href":"https:\/\/api.w.org\/{rel}","templated":true}]}}