{"id":4268,"date":"2022-08-02T13:23:05","date_gmt":"2022-08-02T16:23:05","guid":{"rendered":"https:\/\/portal.pi.gov.br\/cge\/?page_id=4268"},"modified":"2022-10-25T10:33:57","modified_gmt":"2022-10-25T13:33:57","slug":"dtcf-web","status":"publish","type":"page","link":"https:\/\/portal.pi.gov.br\/cge\/dtcf-web\/","title":{"rendered":"DTCF Web"},"content":{"rendered":"\n<h2 class=\"wp-block-heading\">O que \u00e9?<\/h2>\n\n\n\n<p class=\"has-text-align-justify\"><strong>DCTFWeb<\/strong> \u00e9 a <strong>Declara\u00e7\u00e3o de D\u00e9bitos e Cr\u00e9ditos Tribut\u00e1rios Federais Previdenci\u00e1rios e de Outras Entidades e Fundos<\/strong>. Trata-se da <strong>obriga\u00e7\u00e3o tribut\u00e1ria<\/strong> <strong>acess\u00f3ria<\/strong> por meio da qual o contribuinte confessa <strong>d\u00e9bitos de contribui\u00e7\u00f5es previdenci\u00e1rias e de contribui\u00e7\u00f5es destinadas a terceiros.<\/strong><\/p>\n\n\n\n<p class=\"has-text-align-justify\">DCTFWeb \u00e9 tamb\u00e9m o nome dado ao sistema utilizado para editar a declara\u00e7\u00e3o, transmiti-la e gerar o documento de arrecada\u00e7\u00e3o.<\/p>\n\n\n\n<p class=\"has-text-align-justify\">A informa\u00e7\u00e3o prestada na DCTFWeb tem car\u00e1ter declarat\u00f3rio, constituindo confiss\u00e3o de d\u00edvida. \u00c9 instrumento h\u00e1bil e suficiente para a exig\u00eancia dos tributos. Em caso de n\u00e3o liquida\u00e7\u00e3o dos d\u00e9bitos declarados, os saldos poder\u00e3o ser encaminhados \u00e0 Procuradoria da Fazenda Nacional para inscri\u00e7\u00e3o em D\u00edvida Ativa da Uni\u00e3o e cobran\u00e7a judicial, nos termos da legisla\u00e7\u00e3o em vigor. <\/p>\n\n\n\n<p><\/p>\n\n\n\n<div class=\"wp-block-group is-vertical is-layout-flex wp-container-1\">\n<div class=\"wp-block-stackable-heading stk-block-heading stk-block stk-738a354\" id=\"strong-instrucao-normativa-rfb-n-2005-de-21-de-janeiro-de-2021-strong\" data-block-id=\"738a354\"><style>.stk-738a354 .stk-block-heading__text{color:#000000 !important}.stk-738a354 .stk-block-heading__top-line{height:4px !important;width:450px !important;background-color:#1071a1 !important;margin-bottom:0px !important}.stk-738a354 .stk-block-heading__bottom-line{height:4px !important;width:0px !important;background-color:#1071a1 !important;margin-top:7px !important}<\/style><div class=\"stk-block-heading__top-line\"><\/div><h2 class=\"stk-block-heading__text has-text-color has-black-color\"><strong>Instru\u00e7\u00e3o Normativa&nbsp;RFB&nbsp;N\u00ba&nbsp;2005, de 21 de janeiro de 2021<\/strong><\/h2><\/div>\n\n\n\n<p class=\"has-text-align-justify\">Altera a Lei Complementar n\u00ba 13, de 3 de janeiro de 1994, a Lei Complementar n\u00ba 28, de 9 de junho de 2003, e a Lei n\u00ba 4.051, de 21 de maio de 1986. Adendo: Art. 24 \u00a7 3\u00ba A Controladoria Geral do Estado somente se manifestar\u00e1 nos processos administrativos de licita\u00e7\u00e3o no caso de existirem d\u00favidas acerca da pesquisa de pre\u00e7os realizada pelo \u00f3rg\u00e3o condutor da licita\u00e7\u00e3o ou sobre a vantajosidade dos pre\u00e7os neles praticados. (AC).<\/p>\n\n\n\n<p><em><a href=\"http:\/\/normas.receita.fazenda.gov.br\/sijut2consulta\/link.action?visao=anotado&amp;idAto=115131\">Acesse o documento<\/a><\/em><\/p>\n<\/div>\n\n\n\n<div class=\"wp-block-group is-vertical is-layout-flex wp-container-3\">\n<div class=\"wp-block-group is-vertical is-layout-flex wp-container-2\">\n<div class=\"wp-block-stackable-heading stk-block-heading stk-block stk-89486c6\" id=\"strong-manual-de-orientacao-strong-strong-versao-1-5-out-2022-strong\" data-block-id=\"89486c6\"><style>.stk-89486c6 .stk-block-heading__text{color:#000000 !important}.stk-89486c6 .stk-block-heading__top-line{height:4px !important;width:450px !important;background-color:#1071a1 !important;margin-bottom:0px !important}.stk-89486c6 .stk-block-heading__bottom-line{height:4px !important;width:0px !important;background-color:#1071a1 !important;margin-top:7px !important}<\/style><div class=\"stk-block-heading__top-line\"><\/div><h2 class=\"stk-block-heading__text has-text-color has-black-color\"><strong>Manual de Orienta\u00e7\u00e3o<\/strong> &#8211; <strong>Vers\u00e3o 1.5 &#8211; Out\/2022<\/strong><\/h2><\/div>\n\n\n\n<p><em><a href=\"https:\/\/portal.pi.gov.br\/cge\/download\/272\/esocial\/5053\/manual-de-orientacao-da-dctfweb-2022_compressed.pdf\">Acesse o documento<\/a><\/em><\/p>\n<\/div>\n<\/div>\n\n\n\n<div class=\"wp-block-group is-vertical is-layout-flex wp-container-5\">\n<div class=\"wp-block-group is-vertical is-layout-flex wp-container-4\">\n<div class=\"wp-block-stackable-heading stk-block-heading stk-block stk-e7f034e\" id=\"strong-guia-rapido-strong\" data-block-id=\"e7f034e\"><style>.stk-e7f034e .stk-block-heading__text{color:#000000 !important}.stk-e7f034e .stk-block-heading__top-line{height:4px !important;width:450px !important;background-color:#1071a1 !important;margin-bottom:0px !important}.stk-e7f034e .stk-block-heading__bottom-line{height:4px !important;width:0px !important;background-color:#1071a1 !important;margin-top:7px !important}<\/style><div class=\"stk-block-heading__top-line\"><\/div><h2 class=\"stk-block-heading__text has-text-color has-black-color\"><strong>Guia r\u00e1pido<\/strong><\/h2><\/div>\n\n\n\n<p><em><a href=\"https:\/\/www.gov.br\/receitafederal\/pt-br\/centrais-de-conteudo\/publicacoes\/passo-a-passo\/guia-rapido-dctfweb.pdf\">Acesse o documento<\/a><\/em><\/p>\n<\/div>\n<\/div>\n\n\n\n<div class=\"wp-block-group is-vertical is-layout-flex wp-container-7\">\n<div class=\"wp-block-group is-vertical is-layout-flex wp-container-6\">\n<div class=\"wp-block-stackable-heading stk-block-heading stk-block stk-d4365b7\" id=\"strong-perguntas-frequentes-strong\" data-block-id=\"d4365b7\"><style>.stk-d4365b7{margin-bottom:1px !important}.stk-d4365b7 .stk-block-heading__text{color:#000000 !important}.stk-d4365b7 .stk-block-heading__top-line{height:4px !important;width:450px !important;background-color:#1071a1 !important;margin-bottom:0px !important}.stk-d4365b7 .stk-block-heading__bottom-line{height:4px !important;width:0px !important;background-color:#1071a1 !important;margin-top:7px !important}<\/style><div class=\"stk-block-heading__top-line\"><\/div><h2 class=\"stk-block-heading__text has-text-color has-black-color\"><strong>Perguntas frequentes<\/strong><\/h2><\/div>\n\n\n\n<p><em><a href=\"https:\/\/www.gov.br\/receitafederal\/pt-br\/centrais-de-conteudo\/publicacoes\/perguntas-e-respostas\/dctfweb\/perguntas-e-respostas-dctfweb.pdf\">Acesse o documento<\/a><\/em><\/p>\n<\/div>\n<\/div>\n","protected":false},"excerpt":{"rendered":"<p>O que \u00e9? DCTFWeb \u00e9 a Declara\u00e7\u00e3o de D\u00e9bitos e Cr\u00e9ditos Tribut\u00e1rios Federais Previdenci\u00e1rios e de Outras Entidades e Fundos. Trata-se da obriga\u00e7\u00e3o tribut\u00e1ria acess\u00f3ria por meio da qual o [&hellip;]<\/p>\n","protected":false},"author":41,"featured_media":0,"parent":0,"menu_order":0,"comment_status":"closed","ping_status":"closed","template":"","meta":[],"featured_image_urls":{"full":"","thumbnail":"","medium":"","medium_large":"","large":"","sgg-420":"","sgg-540":"","sgg-780":"","1536x1536":"","2048x2048":"","homepage-slider":"","homepage-slider-small":"","page-top":"","page-small":"","loop-main":"","thumb-gallery-widget":""},"post_excerpt_stackable":"<p>O que \u00e9? DCTFWeb \u00e9 a Declara\u00e7\u00e3o de D\u00e9bitos e Cr\u00e9ditos Tribut\u00e1rios Federais Previdenci\u00e1rios e de Outras Entidades e Fundos. Trata-se da obriga\u00e7\u00e3o tribut\u00e1ria acess\u00f3ria por meio da qual o contribuinte confessa d\u00e9bitos de contribui\u00e7\u00f5es previdenci\u00e1rias e de contribui\u00e7\u00f5es destinadas a terceiros. DCTFWeb \u00e9 tamb\u00e9m o nome dado ao sistema utilizado para editar a declara\u00e7\u00e3o, transmiti-la e gerar o documento de arrecada\u00e7\u00e3o. A informa\u00e7\u00e3o prestada na DCTFWeb tem car\u00e1ter declarat\u00f3rio, constituindo confiss\u00e3o de d\u00edvida. \u00c9 instrumento h\u00e1bil e suficiente para a exig\u00eancia dos tributos. Em caso de n\u00e3o liquida\u00e7\u00e3o dos d\u00e9bitos declarados, os saldos poder\u00e3o ser encaminhados \u00e0 Procuradoria da&hellip;<\/p>\n","category_list":"","author_info":{"name":"anavirginia","url":"https:\/\/portal.pi.gov.br\/cge\/author\/anavirginia\/"},"comments_num":"0 coment\u00e1rio","featured_image_urls_v2":{"full":"","thumbnail":"","medium":"","medium_large":"","large":"","sgg-420":"","sgg-540":"","sgg-780":"","1536x1536":"","2048x2048":"","homepage-slider":"","homepage-slider-small":"","page-top":"","page-small":"","loop-main":"","thumb-gallery-widget":""},"post_excerpt_stackable_v2":"<p>O que \u00e9? DCTFWeb \u00e9 a Declara\u00e7\u00e3o de D\u00e9bitos e Cr\u00e9ditos Tribut\u00e1rios Federais Previdenci\u00e1rios e de Outras Entidades e Fundos. Trata-se da obriga\u00e7\u00e3o tribut\u00e1ria acess\u00f3ria por meio da qual o contribuinte confessa d\u00e9bitos de contribui\u00e7\u00f5es previdenci\u00e1rias e de contribui\u00e7\u00f5es destinadas a terceiros. DCTFWeb \u00e9 tamb\u00e9m o nome dado ao sistema utilizado para editar a declara\u00e7\u00e3o, transmiti-la e gerar o documento de arrecada\u00e7\u00e3o. A informa\u00e7\u00e3o prestada na DCTFWeb tem car\u00e1ter declarat\u00f3rio, constituindo confiss\u00e3o de d\u00edvida. \u00c9 instrumento h\u00e1bil e suficiente para a exig\u00eancia dos tributos. Em caso de n\u00e3o liquida\u00e7\u00e3o dos d\u00e9bitos declarados, os saldos poder\u00e3o ser encaminhados \u00e0 Procuradoria da&hellip;<\/p>\n","category_list_v2":"","author_info_v2":{"name":"anavirginia","url":"https:\/\/portal.pi.gov.br\/cge\/author\/anavirginia\/"},"comments_num_v2":"0 coment\u00e1rio","jetpack_sharing_enabled":true,"_links":{"self":[{"href":"https:\/\/portal.pi.gov.br\/cge\/wp-json\/wp\/v2\/pages\/4268"}],"collection":[{"href":"https:\/\/portal.pi.gov.br\/cge\/wp-json\/wp\/v2\/pages"}],"about":[{"href":"https:\/\/portal.pi.gov.br\/cge\/wp-json\/wp\/v2\/types\/page"}],"author":[{"embeddable":true,"href":"https:\/\/portal.pi.gov.br\/cge\/wp-json\/wp\/v2\/users\/41"}],"replies":[{"embeddable":true,"href":"https:\/\/portal.pi.gov.br\/cge\/wp-json\/wp\/v2\/comments?post=4268"}],"version-history":[{"count":3,"href":"https:\/\/portal.pi.gov.br\/cge\/wp-json\/wp\/v2\/pages\/4268\/revisions"}],"predecessor-version":[{"id":5054,"href":"https:\/\/portal.pi.gov.br\/cge\/wp-json\/wp\/v2\/pages\/4268\/revisions\/5054"}],"wp:attachment":[{"href":"https:\/\/portal.pi.gov.br\/cge\/wp-json\/wp\/v2\/media?parent=4268"}],"curies":[{"name":"wp","href":"https:\/\/api.w.org\/{rel}","templated":true}]}}