{"id":4511,"date":"2022-08-11T10:36:37","date_gmt":"2022-08-11T13:36:37","guid":{"rendered":"https:\/\/portal.pi.gov.br\/cge\/?page_id=4511"},"modified":"2022-09-13T11:27:46","modified_gmt":"2022-09-13T14:27:46","slug":"corregedoria-modelos","status":"publish","type":"page","link":"https:\/\/portal.pi.gov.br\/cge\/corregedoria-modelos\/","title":{"rendered":"Modelos"},"content":{"rendered":"\n<div class=\"wp-block-stackable-image-box is-style-default stk-block-image-box stk-hover-parent stk-block stk-e021b13\" data-block-id=\"e021b13\"><style>.stk-e021b13{margin-bottom:0px !important}<\/style><div class=\"stk-block-content stk-inner-blocks has-text-align-center stk-row stk-block-image-box__content\">\n<div class=\"wp-block-stackable-image stk-block-image stk-block stk-483c4e7\" data-block-id=\"483c4e7\"><style>.stk-483c4e7 .stk-img-wrapper{height:100px !important}:where(.stk-hover-parent:hover,.stk-hover-parent.stk--is-hovered) .stk-483c4e7 .stk-img-wrapper{--stk-gradient-overlay:0.7 !important}:where(.stk-hover-parent:hover,.stk-hover-parent.stk--is-hovered) .stk-483c4e7 .stk-img-wrapper::after{background-color:#000000 !important}<\/style><figure class=\"stk-img-wrapper stk-image--shape-stretch\"><img decoding=\"async\" loading=\"lazy\" class=\"stk-img wp-image-4568\" src=\"https:\/\/portal.pi.gov.br\/cge\/wp-content\/uploads\/sites\/12\/2022\/08\/Copia-de-EFICIENCIA-7.png\" width=\"988\" height=\"100\" srcset=\"https:\/\/portal.pi.gov.br\/cge\/wp-content\/uploads\/sites\/12\/2022\/08\/Copia-de-EFICIENCIA-7.png 988w, https:\/\/portal.pi.gov.br\/cge\/wp-content\/uploads\/sites\/12\/2022\/08\/Copia-de-EFICIENCIA-7-300x30.png 300w, https:\/\/portal.pi.gov.br\/cge\/wp-content\/uploads\/sites\/12\/2022\/08\/Copia-de-EFICIENCIA-7-768x78.png 768w, https:\/\/portal.pi.gov.br\/cge\/wp-content\/uploads\/sites\/12\/2022\/08\/Copia-de-EFICIENCIA-7-420x43.png 420w, https:\/\/portal.pi.gov.br\/cge\/wp-content\/uploads\/sites\/12\/2022\/08\/Copia-de-EFICIENCIA-7-540x55.png 540w, https:\/\/portal.pi.gov.br\/cge\/wp-content\/uploads\/sites\/12\/2022\/08\/Copia-de-EFICIENCIA-7-780x79.png 780w, https:\/\/portal.pi.gov.br\/cge\/wp-content\/uploads\/sites\/12\/2022\/08\/Copia-de-EFICIENCIA-7-947x96.png 947w, https:\/\/portal.pi.gov.br\/cge\/wp-content\/uploads\/sites\/12\/2022\/08\/Copia-de-EFICIENCIA-7-624x63.png 624w\" sizes=\"(max-width: 988px) 100vw, 988px\" \/><\/figure><\/div>\n\n\n\n<div class=\"wp-block-stackable-column stk-block-column stk-block-column--v2 stk-column stk-block stk-d6f411a\" data-block-id=\"d6f411a\"><style>.stk-d6f411a{display:flex !important}.stk-d6f411a{align-items:center !important}<\/style><div class=\"stk-column-wrapper stk-block-column__content stk-container stk-d6f411a-container stk--no-background stk--no-padding\"><div class=\"stk-block-content stk-inner-blocks stk-d6f411a-inner-blocks\"><\/div><\/div><\/div>\n<\/div><\/div>\n\n\n\n<p><em>Para facilitar a busca utilize o atalho Ctrl + F e digite a palavra-chave.<\/em><\/p>\n\n\n\n<div class=\"wp-block-group is-vertical is-layout-flex wp-container-6\">\n<div class=\"wp-block-stackable-heading stk-block-heading stk-block stk-11358e0\" id=\"abandono-de-cargos\" data-block-id=\"11358e0\"><style>.stk-11358e0{margin-bottom:0px !important}.stk-11358e0 .stk-block-heading__text{color:#000000 !important}.stk-11358e0 .stk-block-heading__top-line{height:4px !important;width:450px !important;background-color:#1071a1 !important;margin-bottom:0px !important}.stk-11358e0 .stk-block-heading__bottom-line{height:4px !important;width:0px !important;background-color:#1071a1 !important;margin-top:7px !important}<\/style><div class=\"stk-block-heading__top-line\"><\/div><h2 class=\"stk-block-heading__text has-text-color has-black-color\">Abandono de cargos<\/h2><\/div>\n\n\n\n<p><em><a href=\"https:\/\/portal.pi.gov.br\/cge\/download\/276\/modelos\/3251\/modelo-abandono-de-cargo.docx\">Acesse o documento<\/a><\/em><\/p>\n\n\n\n<div class=\"wp-block-group is-vertical is-layout-flex wp-container-1\">\n<div class=\"wp-block-stackable-heading stk-block-heading stk-block stk-d9ddb9a\" id=\"acumulo-de-cargos\" data-block-id=\"d9ddb9a\"><style>.stk-d9ddb9a{margin-bottom:0px !important}.stk-d9ddb9a .stk-block-heading__text{color:#000000 !important}.stk-d9ddb9a .stk-block-heading__top-line{height:4px !important;width:450px !important;background-color:#1071a1 !important;margin-bottom:0px !important}.stk-d9ddb9a .stk-block-heading__bottom-line{height:4px !important;width:0px !important;background-color:#1071a1 !important;margin-top:7px !important}<\/style><div class=\"stk-block-heading__top-line\"><\/div><h2 class=\"stk-block-heading__text has-text-color has-black-color\">Ac\u00famulo de cargos<\/h2><\/div>\n\n\n\n<p><em><a href=\"https:\/\/portal.pi.gov.br\/cge\/download\/276\/modelos\/3253\/modelo-acumulo.docx\">Acesse o documento<\/a><\/em><\/p>\n<\/div>\n\n\n\n<div class=\"wp-block-group is-vertical is-layout-flex wp-container-5\">\n<div class=\"wp-block-stackable-heading stk-block-heading stk-block stk-5cf4bdd\" id=\"inassiduidade\" data-block-id=\"5cf4bdd\"><style>.stk-5cf4bdd{margin-bottom:0px !important}.stk-5cf4bdd .stk-block-heading__text{color:#000000 !important}.stk-5cf4bdd .stk-block-heading__top-line{height:4px !important;width:450px !important;background-color:#1071a1 !important;margin-bottom:0px !important}.stk-5cf4bdd .stk-block-heading__bottom-line{height:4px !important;width:0px !important;background-color:#1071a1 !important;margin-top:7px !important}<\/style><div class=\"stk-block-heading__top-line\"><\/div><h2 class=\"stk-block-heading__text has-text-color has-black-color\">Inassiduidade<\/h2><\/div>\n\n\n\n<p><em><a href=\"https:\/\/portal.pi.gov.br\/cge\/download\/276\/modelos\/3250\/modelo-inassiduidade.docx\">Acesse o documento<\/a><\/em><\/p>\n\n\n\n<div class=\"wp-block-group is-vertical is-layout-flex wp-container-2\">\n<div class=\"wp-block-stackable-heading stk-block-heading stk-block stk-73eb547\" id=\"processo-administrativo-disciplinar-ordinario\" data-block-id=\"73eb547\"><style>.stk-73eb547{margin-bottom:0px !important}.stk-73eb547 .stk-block-heading__text{color:#000000 !important}.stk-73eb547 .stk-block-heading__top-line{height:4px !important;width:450px !important;background-color:#1071a1 !important;margin-bottom:0px !important}.stk-73eb547 .stk-block-heading__bottom-line{height:4px !important;width:0px !important;background-color:#1071a1 !important;margin-top:7px !important}<\/style><div class=\"stk-block-heading__top-line\"><\/div><h2 class=\"stk-block-heading__text has-text-color has-black-color\">Processo Administrativo Disciplinar &#8211; Ordin\u00e1rio<\/h2><\/div>\n\n\n\n<p><em><a href=\"https:\/\/portal.pi.gov.br\/cge\/download\/276\/modelos\/3255\/modelo-processo-administrativo-disciplinar-ordinario.docx\">Acesse o documento<\/a><\/em><\/p>\n<\/div>\n\n\n\n<div class=\"wp-block-group is-vertical is-layout-flex wp-container-4\">\n<div class=\"wp-block-stackable-heading stk-block-heading stk-block stk-8da273b\" id=\"sindicancia-investigativa\" data-block-id=\"8da273b\"><style>.stk-8da273b{margin-bottom:0px !important}.stk-8da273b .stk-block-heading__text{color:#000000 !important}.stk-8da273b .stk-block-heading__top-line{height:4px !important;width:450px !important;background-color:#1071a1 !important;margin-bottom:0px !important}.stk-8da273b .stk-block-heading__bottom-line{height:4px !important;width:0px !important;background-color:#1071a1 !important;margin-top:7px !important}<\/style><div class=\"stk-block-heading__top-line\"><\/div><h2 class=\"stk-block-heading__text has-text-color has-black-color\">Sindic\u00e2ncia Investigativa<\/h2><\/div>\n\n\n\n<p><em><a href=\"https:\/\/portal.pi.gov.br\/cge\/download\/276\/modelos\/3252\/modelo-sindicancia-investigativa.docx\">Acesse o documento<\/a><\/em><\/p>\n\n\n\n<div class=\"wp-block-group is-vertical is-layout-flex wp-container-3\">\n<div class=\"wp-block-stackable-heading stk-block-heading stk-block stk-54623bf\" id=\"sindicancia-punitiva\" data-block-id=\"54623bf\"><style>.stk-54623bf{margin-bottom:0px !important}.stk-54623bf .stk-block-heading__text{color:#000000 !important}.stk-54623bf .stk-block-heading__top-line{height:4px !important;width:450px !important;background-color:#1071a1 !important;margin-bottom:0px !important}.stk-54623bf .stk-block-heading__bottom-line{height:4px !important;width:0px !important;background-color:#1071a1 !important;margin-top:7px !important}<\/style><div class=\"stk-block-heading__top-line\"><\/div><h2 class=\"stk-block-heading__text has-text-color has-black-color\">Sindic\u00e2ncia Punitiva<\/h2><\/div>\n\n\n\n<p><em><a href=\"https:\/\/portal.pi.gov.br\/cge\/download\/276\/modelos\/3254\/modelo-sindicancia-punitiva.docx\">Acesse o documento<\/a><\/em><\/p>\n<\/div>\n<\/div>\n<\/div>\n<\/div>\n","protected":false},"excerpt":{"rendered":"<p>Para facilitar a busca utilize o atalho Ctrl + F e digite a palavra-chave. Abandono de cargos Acesse o documento Ac\u00famulo de cargos Acesse o documento Inassiduidade Acesse o documento [&hellip;]<\/p>\n","protected":false},"author":44,"featured_media":0,"parent":0,"menu_order":0,"comment_status":"closed","ping_status":"closed","template":"","meta":[],"featured_image_urls":{"full":"","thumbnail":"","medium":"","medium_large":"","large":"","sgg-420":"","sgg-540":"","sgg-780":"","1536x1536":"","2048x2048":"","homepage-slider":"","homepage-slider-small":"","page-top":"","page-small":"","loop-main":"","thumb-gallery-widget":""},"post_excerpt_stackable":"<p>Para facilitar a busca utilize o atalho Ctrl + F e digite a palavra-chave. Abandono de cargos Acesse o documento Ac\u00famulo de cargos Acesse o documento Inassiduidade Acesse o documento Processo Administrativo Disciplinar &#8211; Ordin\u00e1rio Acesse o documento Sindic\u00e2ncia Investigativa Acesse o documento Sindic\u00e2ncia Punitiva Acesse o documento<\/p>\n","category_list":"","author_info":{"name":"andressa","url":"https:\/\/portal.pi.gov.br\/cge\/author\/andressa\/"},"comments_num":"0 coment\u00e1rio","featured_image_urls_v2":{"full":"","thumbnail":"","medium":"","medium_large":"","large":"","sgg-420":"","sgg-540":"","sgg-780":"","1536x1536":"","2048x2048":"","homepage-slider":"","homepage-slider-small":"","page-top":"","page-small":"","loop-main":"","thumb-gallery-widget":""},"post_excerpt_stackable_v2":"<p>Para facilitar a busca utilize o atalho Ctrl + F e digite a palavra-chave. Abandono de cargos Acesse o documento Ac\u00famulo de cargos Acesse o documento Inassiduidade Acesse o documento Processo Administrativo Disciplinar &#8211; Ordin\u00e1rio Acesse o documento Sindic\u00e2ncia Investigativa Acesse o documento Sindic\u00e2ncia Punitiva Acesse o documento<\/p>\n","category_list_v2":"","author_info_v2":{"name":"andressa","url":"https:\/\/portal.pi.gov.br\/cge\/author\/andressa\/"},"comments_num_v2":"0 coment\u00e1rio","jetpack_sharing_enabled":true,"_links":{"self":[{"href":"https:\/\/portal.pi.gov.br\/cge\/wp-json\/wp\/v2\/pages\/4511"}],"collection":[{"href":"https:\/\/portal.pi.gov.br\/cge\/wp-json\/wp\/v2\/pages"}],"about":[{"href":"https:\/\/portal.pi.gov.br\/cge\/wp-json\/wp\/v2\/types\/page"}],"author":[{"embeddable":true,"href":"https:\/\/portal.pi.gov.br\/cge\/wp-json\/wp\/v2\/users\/44"}],"replies":[{"embeddable":true,"href":"https:\/\/portal.pi.gov.br\/cge\/wp-json\/wp\/v2\/comments?post=4511"}],"version-history":[{"count":3,"href":"https:\/\/portal.pi.gov.br\/cge\/wp-json\/wp\/v2\/pages\/4511\/revisions"}],"predecessor-version":[{"id":4974,"href":"https:\/\/portal.pi.gov.br\/cge\/wp-json\/wp\/v2\/pages\/4511\/revisions\/4974"}],"wp:attachment":[{"href":"https:\/\/portal.pi.gov.br\/cge\/wp-json\/wp\/v2\/media?parent=4511"}],"curies":[{"name":"wp","href":"https:\/\/api.w.org\/{rel}","templated":true}]}}