{"id":4515,"date":"2022-08-11T11:04:09","date_gmt":"2022-08-11T14:04:09","guid":{"rendered":"https:\/\/portal.pi.gov.br\/cge\/?page_id=4515"},"modified":"2022-08-12T12:35:12","modified_gmt":"2022-08-12T15:35:12","slug":"corregedoria-videoconferencias","status":"publish","type":"page","link":"https:\/\/portal.pi.gov.br\/cge\/corregedoria-videoconferencias\/","title":{"rendered":"V\u00eddeoconfer\u00eancias"},"content":{"rendered":"\n<div class=\"wp-block-columns is-layout-flex wp-container-2\">\n<div class=\"wp-block-column is-layout-flow\">\n<div class=\"wp-block-stackable-image-box is-style-default stk-block-image-box stk-hover-parent stk-block stk-6b5b5c5\" data-block-id=\"6b5b5c5\"><div class=\"stk-block-content stk-inner-blocks has-text-align-center stk-row stk-block-image-box__content\">\n<div class=\"wp-block-stackable-image stk-block-image stk-block stk-80747cb\" data-block-id=\"80747cb\"><style>.stk-80747cb .stk-img-wrapper{height:100px !important}:where(.stk-hover-parent:hover,.stk-hover-parent.stk--is-hovered) .stk-80747cb .stk-img-wrapper{--stk-gradient-overlay:0.7 !important}:where(.stk-hover-parent:hover,.stk-hover-parent.stk--is-hovered) .stk-80747cb .stk-img-wrapper::after{background-color:#000000 !important}<\/style><figure class=\"stk-img-wrapper stk-image--shape-stretch\"><img decoding=\"async\" loading=\"lazy\" class=\"stk-img wp-image-4563\" src=\"https:\/\/portal.pi.gov.br\/cge\/wp-content\/uploads\/sites\/12\/2022\/08\/Copia-de-EFICIENCIA-5.png\" width=\"988\" height=\"100\" srcset=\"https:\/\/portal.pi.gov.br\/cge\/wp-content\/uploads\/sites\/12\/2022\/08\/Copia-de-EFICIENCIA-5.png 988w, https:\/\/portal.pi.gov.br\/cge\/wp-content\/uploads\/sites\/12\/2022\/08\/Copia-de-EFICIENCIA-5-300x30.png 300w, https:\/\/portal.pi.gov.br\/cge\/wp-content\/uploads\/sites\/12\/2022\/08\/Copia-de-EFICIENCIA-5-768x78.png 768w, https:\/\/portal.pi.gov.br\/cge\/wp-content\/uploads\/sites\/12\/2022\/08\/Copia-de-EFICIENCIA-5-420x43.png 420w, https:\/\/portal.pi.gov.br\/cge\/wp-content\/uploads\/sites\/12\/2022\/08\/Copia-de-EFICIENCIA-5-540x55.png 540w, https:\/\/portal.pi.gov.br\/cge\/wp-content\/uploads\/sites\/12\/2022\/08\/Copia-de-EFICIENCIA-5-780x79.png 780w, https:\/\/portal.pi.gov.br\/cge\/wp-content\/uploads\/sites\/12\/2022\/08\/Copia-de-EFICIENCIA-5-947x96.png 947w, https:\/\/portal.pi.gov.br\/cge\/wp-content\/uploads\/sites\/12\/2022\/08\/Copia-de-EFICIENCIA-5-624x63.png 624w\" sizes=\"(max-width: 988px) 100vw, 988px\" \/><\/figure><\/div>\n\n\n\n<div class=\"wp-block-stackable-column stk-block-column stk-column stk-block stk-3e3d149\" data-block-id=\"3e3d149\"><style>.stk-3e3d149{display:flex !important}.stk-3e3d149{align-items:center !important}<\/style><div class=\"stk-column-wrapper stk-block-column__content stk-container stk-3e3d149-container stk--no-background stk--no-padding\"><div class=\"stk-block-content stk-inner-blocks\"><\/div><\/div><\/div>\n<\/div><\/div>\n<\/div>\n<\/div>\n\n\n\n<p><em>Para facilitar a busca utilize o atalho Ctrl + F e digite a palavra-chave.<\/em><\/p>\n\n\n\n<div class=\"wp-block-group is-vertical is-layout-flex wp-container-7\">\n<div class=\"wp-block-stackable-heading stk-block-heading stk-block stk-0facfd5\" id=\"portaria-cge-n-28-2020\" data-block-id=\"0facfd5\"><style>.stk-0facfd5{margin-bottom:0px !important}.stk-0facfd5 .stk-block-heading__text{color:#000000 !important}.stk-0facfd5 .stk-block-heading__top-line{height:4px !important;width:450px !important;background-color:#1071a1 !important;margin-bottom:0px !important}.stk-0facfd5 .stk-block-heading__bottom-line{height:4px !important;width:0px !important;background-color:#1071a1 !important;margin-top:7px !important}<\/style><div class=\"stk-block-heading__top-line\"><\/div><h2 class=\"stk-block-heading__text has-text-color has-black-color\">Portaria CGE n.\u00ba 28\/2020 <\/h2><\/div>\n\n\n\n<div class=\"wp-block-stackable-text stk-block-text stk-block stk-e11526e\" data-block-id=\"e11526e\"><style>.stk-e11526e{margin-bottom:0px !important}<\/style><p class=\"stk-block-text__text\">Regulamenta a utiliza\u00e7\u00e3o de v\u00eddeoconfer\u00eancia e d\u00e1 outras provid\u00eancias.<\/p><\/div>\n\n\n\n<p><em><a href=\"https:\/\/portal.pi.gov.br\/cge\/download\/278\/videoconferencia\/3193\/portaria-cge-n-o-28-2020-regulamenta-a-utilizacao-de-videoconferencia-e-da-outras-providencias.pdf\">Acesse o documento<\/a><\/em><\/p>\n\n\n\n<div class=\"wp-block-group is-vertical is-layout-flex wp-container-6\">\n<div class=\"wp-block-stackable-heading stk-block-heading stk-block stk-c4bb205\" id=\"orientacoes-e-tutoriais-sobre-videoconferencia\" data-block-id=\"c4bb205\"><style>.stk-c4bb205{margin-bottom:0px !important}.stk-c4bb205 .stk-block-heading__text{color:#000000 !important}.stk-c4bb205 .stk-block-heading__top-line{height:4px !important;width:450px !important;background-color:#1071a1 !important;margin-bottom:0px !important}.stk-c4bb205 .stk-block-heading__bottom-line{height:4px !important;width:0px !important;background-color:#1071a1 !important;margin-top:7px !important}<\/style><div class=\"stk-block-heading__top-line\"><\/div><h2 class=\"stk-block-heading__text has-text-color has-black-color\">Orienta\u00e7\u00f5es e tutoriais sobre videoconfer\u00eancia<\/h2><\/div>\n\n\n\n<p><em><a href=\"https:\/\/portal.pi.gov.br\/cge\/download\/278\/videoconferencia\/3194\/orientacoes-e-tutoriais-sobre-vdeoconferencia.pdf\">Acesse o documento<\/a><\/em><\/p>\n\n\n\n<div class=\"wp-block-group is-vertical is-layout-flex wp-container-5\">\n<div class=\"wp-block-stackable-heading stk-block-heading stk-block stk-0171272\" id=\"manual-reproducao-de-gravacao-de-videoconferencia-cisco-webex-meeting\" data-block-id=\"0171272\"><style>.stk-0171272{margin-bottom:0px !important}.stk-0171272 .stk-block-heading__text{color:#000000 !important}.stk-0171272 .stk-block-heading__top-line{height:4px !important;width:450px !important;background-color:#1071a1 !important;margin-bottom:0px !important}.stk-0171272 .stk-block-heading__bottom-line{height:4px !important;width:0px !important;background-color:#1071a1 !important;margin-top:7px !important}<\/style><div class=\"stk-block-heading__top-line\"><\/div><h2 class=\"stk-block-heading__text has-text-color has-black-color\">Manual &#8211; reprodu\u00e7\u00e3o de grava\u00e7\u00e3o de v\u00eddeoconfer\u00eancia &#8211; cisco webex meeting<\/h2><\/div>\n\n\n\n<p><em><a href=\"https:\/\/portal.pi.gov.br\/cge\/download\/278\/videoconferencia\/3195\/manual-reproducao-de-gravacao-de-videoconferencia-cisco-webex-meeting.pdf\">Acesse o documento<\/a><\/em><\/p>\n\n\n\n<div class=\"wp-block-group is-vertical is-layout-flex wp-container-4\">\n<div class=\"wp-block-stackable-heading stk-block-heading stk-block stk-4af6113\" id=\"manual-acesso-via-smarthphone-ou-tablet-videoconferencia\" data-block-id=\"4af6113\"><style>.stk-4af6113{margin-bottom:0px !important}.stk-4af6113 .stk-block-heading__text{color:#000000 !important}.stk-4af6113 .stk-block-heading__top-line{height:4px !important;width:450px !important;background-color:#1071a1 !important;margin-bottom:0px !important}.stk-4af6113 .stk-block-heading__bottom-line{height:4px !important;width:0px !important;background-color:#1071a1 !important;margin-top:7px !important}<\/style><div class=\"stk-block-heading__top-line\"><\/div><h2 class=\"stk-block-heading__text has-text-color has-black-color\">Manual &#8211; acesso via smarthphone ou tablet &#8211; videoconfer\u00eancia<\/h2><\/div>\n\n\n\n<p><em><a href=\"https:\/\/portal.pi.gov.br\/cge\/download\/278\/videoconferencia\/3192\/manual-acesso-via-smarthphone-ou-tablet-videoconferencia.pdf\">Acesse o documento<\/a><\/em><\/p>\n\n\n\n<div class=\"wp-block-group is-vertical is-layout-flex wp-container-3\">\n<div class=\"wp-block-stackable-heading stk-block-heading stk-block stk-4a55f2b\" id=\"manual-acesso-via-computador-ou-notebook-videoconferencia\" data-block-id=\"4a55f2b\"><style>.stk-4a55f2b{margin-bottom:0px !important}.stk-4a55f2b .stk-block-heading__text{color:#000000 !important}.stk-4a55f2b .stk-block-heading__top-line{height:4px !important;width:450px !important;background-color:#1071a1 !important;margin-bottom:0px !important}.stk-4a55f2b .stk-block-heading__bottom-line{height:4px !important;width:0px !important;background-color:#1071a1 !important;margin-top:7px !important}<\/style><div class=\"stk-block-heading__top-line\"><\/div><h2 class=\"stk-block-heading__text has-text-color has-black-color\">Manual &#8211; acesso via computador ou notebook &#8211; videoconfer\u00eancia<\/h2><\/div>\n\n\n\n<p><em><a href=\"https:\/\/portal.pi.gov.br\/cge\/download\/278\/videoconferencia\/3196\/manual-acesso-via-computador-ou-notebook-videoconferencia.pdf\">Acesse o documento<\/a><\/em><\/p>\n<\/div>\n<\/div>\n<\/div>\n<\/div>\n<\/div>\n","protected":false},"excerpt":{"rendered":"<p>Para facilitar a busca utilize o atalho Ctrl + F e digite a palavra-chave. Portaria CGE n.\u00ba 28\/2020 Regulamenta a utiliza\u00e7\u00e3o de v\u00eddeoconfer\u00eancia e d\u00e1 outras provid\u00eancias. Acesse o documento [&hellip;]<\/p>\n","protected":false},"author":44,"featured_media":0,"parent":0,"menu_order":0,"comment_status":"closed","ping_status":"closed","template":"","meta":[],"featured_image_urls":{"full":"","thumbnail":"","medium":"","medium_large":"","large":"","sgg-420":"","sgg-540":"","sgg-780":"","1536x1536":"","2048x2048":"","homepage-slider":"","homepage-slider-small":"","page-top":"","page-small":"","loop-main":"","thumb-gallery-widget":""},"post_excerpt_stackable":"<p>Para facilitar a busca utilize o atalho Ctrl + F e digite a palavra-chave. Portaria CGE n.\u00ba 28\/2020 Regulamenta a utiliza\u00e7\u00e3o de v\u00eddeoconfer\u00eancia e d\u00e1 outras provid\u00eancias. Acesse o documento Orienta\u00e7\u00f5es e tutoriais sobre videoconfer\u00eancia Acesse o documento Manual &#8211; reprodu\u00e7\u00e3o de grava\u00e7\u00e3o de v\u00eddeoconfer\u00eancia &#8211; cisco webex meeting Acesse o documento Manual &#8211; acesso via smarthphone ou tablet &#8211; videoconfer\u00eancia Acesse o documento Manual &#8211; acesso via computador ou notebook &#8211; videoconfer\u00eancia Acesse o documento<\/p>\n","category_list":"","author_info":{"name":"andressa","url":"https:\/\/portal.pi.gov.br\/cge\/author\/andressa\/"},"comments_num":"0 coment\u00e1rio","featured_image_urls_v2":{"full":"","thumbnail":"","medium":"","medium_large":"","large":"","sgg-420":"","sgg-540":"","sgg-780":"","1536x1536":"","2048x2048":"","homepage-slider":"","homepage-slider-small":"","page-top":"","page-small":"","loop-main":"","thumb-gallery-widget":""},"post_excerpt_stackable_v2":"<p>Para facilitar a busca utilize o atalho Ctrl + F e digite a palavra-chave. Portaria CGE n.\u00ba 28\/2020 Regulamenta a utiliza\u00e7\u00e3o de v\u00eddeoconfer\u00eancia e d\u00e1 outras provid\u00eancias. Acesse o documento Orienta\u00e7\u00f5es e tutoriais sobre videoconfer\u00eancia Acesse o documento Manual &#8211; reprodu\u00e7\u00e3o de grava\u00e7\u00e3o de v\u00eddeoconfer\u00eancia &#8211; cisco webex meeting Acesse o documento Manual &#8211; acesso via smarthphone ou tablet &#8211; videoconfer\u00eancia Acesse o documento Manual &#8211; acesso via computador ou notebook &#8211; videoconfer\u00eancia Acesse o documento<\/p>\n","category_list_v2":"","author_info_v2":{"name":"andressa","url":"https:\/\/portal.pi.gov.br\/cge\/author\/andressa\/"},"comments_num_v2":"0 coment\u00e1rio","jetpack_sharing_enabled":true,"_links":{"self":[{"href":"https:\/\/portal.pi.gov.br\/cge\/wp-json\/wp\/v2\/pages\/4515"}],"collection":[{"href":"https:\/\/portal.pi.gov.br\/cge\/wp-json\/wp\/v2\/pages"}],"about":[{"href":"https:\/\/portal.pi.gov.br\/cge\/wp-json\/wp\/v2\/types\/page"}],"author":[{"embeddable":true,"href":"https:\/\/portal.pi.gov.br\/cge\/wp-json\/wp\/v2\/users\/44"}],"replies":[{"embeddable":true,"href":"https:\/\/portal.pi.gov.br\/cge\/wp-json\/wp\/v2\/comments?post=4515"}],"version-history":[{"count":2,"href":"https:\/\/portal.pi.gov.br\/cge\/wp-json\/wp\/v2\/pages\/4515\/revisions"}],"predecessor-version":[{"id":4564,"href":"https:\/\/portal.pi.gov.br\/cge\/wp-json\/wp\/v2\/pages\/4515\/revisions\/4564"}],"wp:attachment":[{"href":"https:\/\/portal.pi.gov.br\/cge\/wp-json\/wp\/v2\/media?parent=4515"}],"curies":[{"name":"wp","href":"https:\/\/api.w.org\/{rel}","templated":true}]}}